{"id":3833,"date":"2013-11-28T13:09:34","date_gmt":"2013-11-28T11:09:34","guid":{"rendered":"https:\/\/konferenztechnik.de\/?page_id=3833"},"modified":"2023-07-03T15:39:42","modified_gmt":"2023-07-03T13:39:42","slug":"barco-clickshare","status":"publish","type":"page","link":"https:\/\/konferenztechnik.de\/pl\/dystrybucja-technologii-konferencyjnych-i-multimedialnych\/barco-clickshare\/","title":{"rendered":"Systemy prezentacji Barco ClickShare"},"content":{"rendered":"<h1>Bezprzewodowa prezentacja, \u0142atwa wsp\u00f3\u0142praca.<\/h1>\n<p>ClickShare \u0142\u0105czy bezprzewodowo laptopy i tablety (iOS \/ Android) z technologi\u0105 wideo w sali konferencyjnej \u2013 za naci\u015bni\u0119ciem jednego przycisku!<\/p>\n<p>Kilku uczestnik\u00f3w mo\u017ce w\u0142\u0105czy\u0107 prezentacj\u0119 jednym klikni\u0119ciem i udost\u0119pnia\u0107 tre\u015bci \u0142atwiej ni\u017c kiedykolwiek wcze\u015bniej.<\/p>\n<p>Koniec z czarnymi ekranami, nieprawid\u0142owymi rozdzielczo\u015bciami i wy\u015bwietlaniem stron lub brakuj\u0105cymi kablami po\u0142\u0105czeniowymi!<br \/>\nProste prze\u0142\u0105czanie i udost\u0119pnianie tre\u015bci umo\u017cliwia zupe\u0142nie now\u0105 form\u0119 wsp\u00f3\u0142pracy.<\/p>\n<p>Zgodnie z mottem \"Bring Your Own Device\u201d, ClickShare dzia\u0142a ze wszystkimi popularnymi systemami komputerowymi, a tak\u017ce na tabletach i smartfonach \u2013 poprzez Plug &amp; Play.<\/p>\n<p><a href=\"https:\/\/konferenztechnik.de\/wp-content\/uploads\/2013\/11\/Barco-Logo.jpg\"><img decoding=\"async\" class=\"alignright size-full wp-image-3844\" src=\"https:\/\/konferenztechnik.de\/wp-content\/uploads\/2013\/11\/Barco-Logo.jpg\" alt=\"Logo Barco\" width=\"181\" height=\"178\" title=\"\"><\/a><\/p>\n<div class=\"boxcontainer-home\">\n<div class=\"box1\">\n<p><img decoding=\"async\" class=\"alignnone size-full wp-image-1418\" src=\"https:\/\/konferenztechnik.de\/wp-content\/uploads\/2017\/04\/Barco-ClickShare-Button.jpg\" alt=\"Barco-Clickshare Krok 1\" title=\"\"><\/p>\n<h2>Pod\u0142\u0105cz przycisk do portu USB<\/h2>\n<p>Dzi\u0119ki ClickShare mo\u017cna \u0142atwo przenie\u015b\u0107 zawarto\u015b\u0107 laptopa lub urz\u0105dzenia mobilnego na ekran prezentacji.<\/p>\n<\/div>\n<div class=\"box2\">\n<p><img decoding=\"async\" class=\"alignnone size-full wp-image-1418\" src=\"https:\/\/konferenztechnik.de\/wp-content\/uploads\/2017\/04\/Barco-ClickShare-Praesentationssystem.jpg\" alt=\"Barco-Clickshare Krok 2\" title=\"\"><\/p>\n<h2>Kliknij przycisk, aby wy\u015bwietli\u0107 ekran<\/h2>\n<p>Wystarczy jedno klikni\u0119cie, aby zmieni\u0107 spotkanie w do\u015bwiadczenie, kt\u00f3re \u0142\u0105czy pomys\u0142y, tre\u015bci i ludzi. Bez kabli, konfiguracji i czekania na uczestnik\u00f3w.<\/p>\n<\/div>\n<div class=\"box3\"><img decoding=\"async\" class=\"alignnone size-full wp-image-1418\" src=\"https:\/\/konferenztechnik.de\/wp-content\/uploads\/2017\/04\/Barco-ClickShare-drahtlosesPraesentieren.jpg\" alt=\"Barco-Clickshare Krok 3\" title=\"\"><\/p>\n<h2>Podziel si\u0119 swoj\u0105 prac\u0105 podczas konferencji<\/h2>\n<p>Wtyczka wsp\u00f3\u0142pracy \u2013 z ClickShare Twoje konferencje ju\u017c nigdy nie b\u0119d\u0105 takie same! Zach\u0119caj\u0105c do dzielenia si\u0119 tre\u015bciami, konferencje s\u0105 podnoszone na nowy poziom \u2013one, gdzie zach\u0119ca si\u0119 do \u015bwietnych pomys\u0142\u00f3w.<\/p>\n<\/div>\n<\/div>\n<h4>ClickShare CS-100<img decoding=\"async\" class=\"aligncenter size-full wp-image-3845\" src=\"https:\/\/konferenztechnik.de\/wp-content\/uploads\/2017\/04\/Barco-Clickshare-CS-100.jpg\" alt=\"CLickShare1\" title=\"\"><br \/>\nJednostka bazowa CS-100 zawiera standardowe funkcje bezpiecze\u0144stwa ClickShare, w tym szyfrowanie, zarz\u0105dzanie logowaniem, HTTPS i mo\u017cliwo\u015b\u0107 ukrycia SSID sieci bezprzewodowej jednostki bazowej.<\/h4>\n<ul>\n<li>Windows 7\/8\/8.1\/10 32 i 64 bit, Mac OSX 10.10\/10.11\/10.12 (Sierra), Android v5 i v6 (aplikacja ClickShare), iOS 8, 9 i 10 (aplikacja ClickShare)<\/li>\n<li>Wyj\u015bcia wideo: 1 x HDMI<\/li>\n<li>Liczba klatek na sekund\u0119: 30 fps<\/li>\n<li>Rozdzielczo\u015b\u0107 wyj\u015bciowa: 1 920 x 1 200<\/li>\n<li>Poziom ha\u0142asu: bez wentylatora<\/li>\n<li>Liczba jednoczesnych \u017ar\u00f3de\u0142: 1<\/li>\n<li>Liczba jednoczesnych po\u0142\u0105cze\u0144: 8<\/li>\n<\/ul>\n<p>Bezprzewodowy, autonomiczny system prezentacji dla ma\u0142ych sal konferencyjnych<\/p>\n<p>Jednostka bazowa CS-100 to samodzielny model z wyj\u015bciem HDMI. Mo\u017cna pod\u0142\u0105czy\u0107 do o\u015bmiu u\u017cytkownik\u00f3w, przy czym jeden u\u017cytkownik mo\u017ce udost\u0119pnia\u0107 swoje tre\u015bci w danym momencie.<\/p>\n<h4>ClickShare CSE-200<img decoding=\"async\" class=\"aligncenter size-full wp-image-3845\" src=\"https:\/\/konferenztechnik.de\/wp-content\/uploads\/2017\/04\/Barco-Clickshare-CSE-200.jpg\" alt=\"CLickShare1\" title=\"\"><br \/>\nJednostka bazowa CSE-200 jest przeznaczona dla wi\u0119kszych organizacji, kt\u00f3re wymagaj\u0105 zaawansowanych funkcji bezpiecze\u0144stwa, wi\u0119kszej liczby opcji \u0142\u0105czno\u015bci, takich jak AirPlay i Google Cast dla tre\u015bci bez HDCP, oraz scentralizowanego zarz\u0105dzania. Dzi\u0119ki jednostce bazowej CSE-200 nawet dwie osoby mog\u0105 ogl\u0105da\u0107 tre\u015bci obok siebie w tym samym czasie \u2013, co umo\u017cliwia bezpo\u015bredni\u0105 transmisj\u0119 do centralnego ekranu i usprawnia wsp\u00f3\u0142prac\u0119. Jako wk\u0142ad w przyjazno\u015b\u0107 dla u\u017cytkownika, funkcje bezpiecze\u0144stwa CSE-200 mo\u017cna ustawi\u0107 na jeden z trzech predefiniowanych poziom\u00f3w, w zale\u017cno\u015bci od wytycznych i wymaga\u0144 firmy. Wreszcie, integracja urz\u0105dzenia z sieci\u0105 firmow\u0105 jest znacznie \u0142atwiejsza dzi\u0119ki interfejsowi API.<\/h4>\n<ul>\n<li>Windows 7\/8\/8.1\/10 32 i 64 bit, Mac OSX 10.10\/10.11\/10.12 (Sierra), Android v5 i v6 (aplikacja ClickShare), iOS 8, 9 i 10 (aplikacja ClickShare)<\/li>\n<li>Wyj\u015bcia wideo: 1 x HDMI<\/li>\n<li>Liczba klatek na sekund\u0119: 30 fps<\/li>\n<li>Rozdzielczo\u015b\u0107 wyj\u015bciowa: 1 920 x 1 200<\/li>\n<li>Poziom ha\u0142asu: bez wentylatora<\/li>\n<li>Liczba jednoczesnych \u017ar\u00f3de\u0142: 2<\/li>\n<li>Liczba jednoczesnych po\u0142\u0105cze\u0144: 16<\/li>\n<\/ul>\n<p>Bezprzewodowy system prezentacji dla standardowych sal konferencyjnych<\/p>\n<p>Jednostka bazowa CSE-200 umo\u017cliwia korzystanie z funkcji ClickShare w ma\u0142ych i \u015brednich salach konferencyjnych. Ka\u017cdy, w tym go\u015bcie, mo\u017ce po\u0142\u0105czy\u0107 si\u0119 jednym klikni\u0119ciem i natychmiast udost\u0119pnia\u0107 tre\u015bci \u2013 bez konieczno\u015bci szkolenia. Uczestnicy po prostu pod\u0142\u0105czaj\u0105 urz\u0105dzenie USB \u2013 z przyciskiem ClickShare \u2013 do komputera PC lub Mac i naciskaj\u0105 przycisk, aby wy\u015bwietli\u0107 zawarto\u015b\u0107 z laptopa na du\u017cym ekranie w sali konferencyjnej. Dzi\u0119ki aplikacji ClickShare u\u017cytkownicy mog\u0105 r\u00f3wnie\u017c udost\u0119pnia\u0107 tre\u015bci ze swoich smartfon\u00f3w lub tablet\u00f3w.<\/p>\n<h4>ClickShare CSE-800<img decoding=\"async\" class=\"aligncenter size-full wp-image-3845\" src=\"https:\/\/konferenztechnik.de\/wp-content\/uploads\/2017\/04\/Barco-Clickshare-CSE-800.jpg\" alt=\"CLickShare1\" title=\"\"><br \/>\nDwa z\u0142\u0105cza sieciowe umo\u017cliwiaj\u0105 oddzielne i jednoczesne po\u0142\u0105czenia z wieloma sieciami (np. z sieci\u0105 go\u015bcia i sieci\u0105 firmow\u0105), zapewniaj\u0105c dodatkowe bezpiecze\u0144stwo i wygod\u0119 dla u\u017cytkownika. Dzi\u0119ki mo\u017cliwo\u015bci jednoczesnego udost\u0119pniania tre\u015bci przez maksymalnie osiem os\u00f3b, CSE-800 umo\u017cliwia bezpo\u015bredni\u0105 transmisj\u0119 na centralny ekran i usprawnia wsp\u00f3\u0142prac\u0119.<\/h4>\n<p>Funkcja moderacji zosta\u0142a opracowana specjalnie do u\u017cytku w wi\u0119kszych pomieszczeniach, w kt\u00f3rych kilka os\u00f3b chce nadawa\u0107 swoje tre\u015bci w tym samym czasie. Aby unikn\u0105\u0107 zbyt szybkiego prze\u0142\u0105czania si\u0119 mi\u0119dzy ekranami, moderator mo\u017ce r\u0119cznie wybra\u0107, kt\u00f3re tre\u015bci s\u0105 nadawane w danym czasie, aby u\u0142atwi\u0107 \u015bledzenie tre\u015bci i zapewni\u0107 doskona\u0142e wra\u017cenia wszystkim uczestnikom.<\/p>\n<p>Aby u\u0142atwi\u0107 obs\u0142ug\u0119, funkcje bezpiecze\u0144stwa CSE-800 mo\u017cna ustawi\u0107 na jednym z trzech predefiniowanych poziom\u00f3w, w zale\u017cno\u015bci od wytycznych i wymaga\u0144 firmy.<\/p>\n<ul>\n<li>Windows 7\/8\/8.1\/10 32 i 64 bit, Mac OSX 10.10\/10.11\/10.12 (Sierra), Android v5 i v6 (aplikacja ClickShare), iOS 8, 9 i 10 (aplikacja ClickShare)<\/li>\n<li>Wyj\u015bcia wideo: 2 x HDMI<\/li>\n<li>Wej\u015bcia wideo: 2 x HDMI<\/li>\n<li>Liczba klatek na sekund\u0119: 30 fps<\/li>\n<li>Rozdzielczo\u015b\u0107 wyj\u015bciowa: 4K DCI (4096 \u00d7 2160)<\/li>\n<li>Rozdzielczo\u015b\u0107 wej\u015bciowa: 4K DCI (4096 \u00d7 2160)<\/li>\n<li>Poziom ha\u0142asu: maks. 25 dBA<\/li>\n<li>Liczba jednoczesnych \u017ar\u00f3de\u0142: 8 (4 na ekran)<\/li>\n<li>Liczba jednoczesnych po\u0142\u0105cze\u0144: 64<\/li>\n<\/ul>\n<p>Bezprzewodowy system do prezentacji i wsp\u00f3\u0142pracy w salach posiedze\u0144 i salach konferencyjnych<\/p>\n<p>CSE-800 posiada dwa wej\u015bcia i wyj\u015bcia HDMI. Umo\u017cliwia to bezpo\u015brednie po\u0142\u0105czenie ze starszymi systemami i \u0142atw\u0105 integracj\u0119 z systemami konferencyjnymi. Ponadto z jednej jednostki bazowej mo\u017cna sterowa\u0107 dwoma wy\u015bwietlaczami UHD o jako\u015bci 4K.<\/p>\n<h4>Akcesoria<\/h4>\n<div class=\"boxcontainer-home\">\n<div class=\"box1\">\n<p><img decoding=\"async\" class=\"alignnone size-full wp-image-1418\" src=\"https:\/\/konferenztechnik.de\/wp-content\/uploads\/2017\/04\/ClickShare-tray.jpg\" alt=\"Przycisk i tacka w opakowaniu\" title=\"\"><\/p>\n<h2>Przycisk i tacka w opakowaniu<\/h2>\n<p>Wsp\u00f3\u0142praca nie dzia\u0142a w pojedynk\u0119. Potrzebne s\u0105 co najmniej dwie osoby, wi\u0119c zawsze warto mie\u0107 kilka przycisk\u00f3w ClickShare dost\u0119pnych w salach konferencyjnych.<\/p>\n<p>Bezprzewodowy przycisk ClickShare; tacka prze\u0142\u0105cznika ClickShare<\/p>\n<\/div>\n<div class=\"box2\">\n<p><img decoding=\"async\" class=\"alignnone size-full wp-image-1418\" src=\"https:\/\/konferenztechnik.de\/wp-content\/uploads\/2017\/04\/ClickShare-App.jpg\" alt=\"Aplikacja ClickShare\" title=\"\"><\/p>\n<h2>Aplikacja ClickShare<\/h2>\n<p>Aplikacja do udost\u0119pniania tre\u015bci iOS lub Android<\/p>\n<p>Aplikacja ClickShare umo\u017cliwia \u0142atwe i intuicyjne udost\u0119pnianie tre\u015bci poprzez klikni\u0119cie wirtualnego przycisku na dowolnym urz\u0105dzeniu z systemem iOS lub Android.<\/p>\n<\/div>\n<div class=\"box3\">\n<p><img decoding=\"async\" class=\"alignnone size-full wp-image-1418\" src=\"https:\/\/konferenztechnik.de\/wp-content\/uploads\/2017\/04\/ClickShare-Management-Suite.jpg\" alt=\"ClickShare Management Suite\" title=\"\"><\/p>\n<h2>ClickShare Management Suite<\/h2>\n<p>Scentralizowane zarz\u0105dzanie wszystkimi ClickShares w firmie<\/p>\n<ul>\n<li>Monitorowanie stanu<\/li>\n<li>Planowanie aktualizacji oprogramowania<\/li>\n<li>Administracja u\u017cytkownikami<\/li>\n<li>Uproszczenie integracji jednostek bazowych ClickShare z sieci\u0105 firmow\u0105<\/li>\n<li>Konfiguracja klonowania<\/li>\n<li>Zdalna instalacja obraz\u00f3w t\u0142a<\/li>\n<\/ul>\n<\/div>\n<\/div>\n<h4>Filmy o produktach<\/h4>\n<p><iframe src=\"https:\/\/www.youtube.com\/embed\/bm8HQle5WoU\" width=\"560\" height=\"315\" frameborder=\"0\" allowfullscreen=\"allowfullscreen\"><\/iframe><\/p>\n<p><iframe src=\"https:\/\/www.youtube.com\/embed\/3R-AbOkN_98\" width=\"560\" height=\"315\" frameborder=\"0\" allowfullscreen=\"allowfullscreen\"><\/iframe><\/p>\n<div class=\"boxcontainer\">\n<div class=\"box1-2\">\n<h1>Osoba do kontaktu<\/h1>\n<\/div>\n<div class=\"box1-2-order\">\n<h1>Dalsze linki<\/h1>\n<\/div>\n<div class=\"box1-4\">\n<div class=\"box-head\">Dystrybucja i sprzeda\u017c<\/div>\n<\/div>\n<div class=\"box2-4-2\" style=\"order: 1;\">\n<div class=\"weiterlinks\">\n<p><a title=\"Dystrybucja wed\u0142ug grup produkt\u00f3w\" href=\"https:\/\/konferenztechnik.de\/pl\/barco\/\">Przegl\u0105d Barco<\/a><br \/>\n<a title=\"Dystrybucja wed\u0142ug producenta\" href=\"\/pl\/producent\/\">Dystrybucja wed\u0142ug producenta<\/a><br \/>\n<a title=\"Dystrybucja wed\u0142ug grup produkt\u00f3w\" href=\"\/pl\/grupy-produktow\/\">Dystrybucja wed\u0142ug grup produkt\u00f3w<\/a><br \/>\n<a title=\"Produkty na zam\u00f3wienie, konserwacja i naprawy\" href=\"\/pl\/uslugi-2\/konserwacja-i-naprawa\/\">Produkty na zam\u00f3wienie, konserwacja i naprawy<\/a><br \/>\n<a title=\"10 dobrych powod\u00f3w dla PCS\" href=\"\/pl\/o-nas-2\/10-dobrych-powodow-dla-komputerow\/\">10 dobrych powod\u00f3w dla PCS<\/a><br \/>\n<a title=\"Referencje\" href=\"\/pl\/o-nas-2\/instalacja-listy-referencyjnej\/\">Referencje Instalacja i integracja<\/a><br \/>\n<a title=\"PCS: Wszystkie us\u0142ugi w skr\u00f3cie\" href=\"\/pl\/uslugi-2\/\">PCS: Wszystkie us\u0142ugi w skr\u00f3cie<\/a><\/p>\n<\/div>\n<\/div>\n<\/div>","protected":false},"excerpt":{"rendered":"<p>Bezprzewodowa prezentacja, \u0142atwa wsp\u00f3\u0142praca. ClickShare \u0142\u0105czy bezprzewodowo laptopy i tablety (iOS \/ Android) z technologi\u0105 wideo w sali konferencyjnej \u2013 za naci\u015bni\u0119ciem jednego przycisku! Wielu uczestnik\u00f3w mo\u017ce w\u0142\u0105czy\u0107 prezentacj\u0119 jednym klikni\u0119ciem i udost\u0119pnia\u0107 tre\u015bci \u0142atwiej ni\u017c kiedykolwiek wcze\u015bniej. Koniec z czarnymi ekranami, nieprawid\u0142owymi rozdzielczo\u015bciami i wy\u015bwietlaniem stron lub brakuj\u0105cymi kablami po\u0142\u0105czeniowymi! Proste prze\u0142\u0105czanie i [...]<\/p>","protected":false},"author":1,"featured_media":45482,"parent":3614,"menu_order":105,"comment_status":"closed","ping_status":"open","template":"","meta":{"_acf_changed":false,"footnotes":""},"class_list":["post-3833","page","type-page","status-publish","has-post-thumbnail","hentry"],"acf":[],"_links":{"self":[{"href":"https:\/\/konferenztechnik.de\/pl\/wp-json\/wp\/v2\/pages\/3833","targetHints":{"allow":["GET"]}}],"collection":[{"href":"https:\/\/konferenztechnik.de\/pl\/wp-json\/wp\/v2\/pages"}],"about":[{"href":"https:\/\/konferenztechnik.de\/pl\/wp-json\/wp\/v2\/types\/page"}],"author":[{"embeddable":true,"href":"https:\/\/konferenztechnik.de\/pl\/wp-json\/wp\/v2\/users\/1"}],"replies":[{"embeddable":true,"href":"https:\/\/konferenztechnik.de\/pl\/wp-json\/wp\/v2\/comments?post=3833"}],"version-history":[{"count":0,"href":"https:\/\/konferenztechnik.de\/pl\/wp-json\/wp\/v2\/pages\/3833\/revisions"}],"up":[{"embeddable":true,"href":"https:\/\/konferenztechnik.de\/pl\/wp-json\/wp\/v2\/pages\/3614"}],"wp:featuredmedia":[{"embeddable":true,"href":"https:\/\/konferenztechnik.de\/pl\/wp-json\/wp\/v2\/media\/45482"}],"wp:attachment":[{"href":"https:\/\/konferenztechnik.de\/pl\/wp-json\/wp\/v2\/media?parent=3833"}],"curies":[{"name":"wp","href":"https:\/\/api.w.org\/{rel}","templated":true}]}}