{"id":3858,"date":"2013-11-28T16:34:43","date_gmt":"2013-11-28T14:34:43","guid":{"rendered":"https:\/\/konferenztechnik.de\/?page_id=3858"},"modified":"2023-07-05T14:25:44","modified_gmt":"2023-07-05T12:25:44","slug":"uchwyty-do-wyswietlaczy-i-projektorow","status":"publish","type":"page","link":"https:\/\/konferenztechnik.de\/pl\/dystrybucja-technologii-konferencyjnych-i-multimedialnych\/uchwyty-do-wyswietlaczy-i-projektorow\/","title":{"rendered":"Uchwyty do wy\u015bwietlaczy i projektor\u00f3w"},"content":{"rendered":"<h1>Uchwyty do wy\u015bwietlaczy i projektor\u00f3w<\/h1>\n<p>Po zakupie projektora lub wy\u015bwietlacza prawdopodobnie zadasz sobie jedno z nast\u0119puj\u0105cych pyta\u0144<\/p>\n<ul>\n<li>Jak i gdzie zainstalowa\u0107 urz\u0105dzenie?<\/li>\n<li>Gdzie go przechowywa\u0107, gdy nie jest potrzebny?<\/li>\n<li>Jak mog\u0119 chroni\u0107 moje urz\u0105dzenie przed kradzie\u017c\u0105 lub uszkodzeniem?<\/li>\n<\/ul>\n<p>Oferujemy elastyczne i profesjonalne rozwi\u0105zania w zakresie instalacji system\u00f3w wideo: <a href=\"\/pl\/dystrybucja-technologii-konferencyjnych-i-multimedialnych\/technologia-wideo-2\/uchwyty-do-wyswietlaczy-i-projektorow-2\/uchwyty-sufitowe\/\">Wsporniki sufitowe<\/a>, <a href=\"\/pl\/dystrybucja-technologii-konferencyjnych-i-multimedialnych\/technologia-wideo-2\/uchwyty-do-wyswietlaczy-i-projektorow-2\/uchwyty-scienne\/\">Uchwyty \u015bcienne<\/a> lub <a href=\"\/pl\/dystrybucja-technologii-konferencyjnych-i-multimedialnych\/technologia-wideo-2\/uchwyty-do-wyswietlaczy-i-projektorow-2\/wsporniki-kratownicy\/\">Wsporniki kratownicy<\/a>, <a href=\"\/pl\/dystrybucja-technologii-konferencyjnych-i-multimedialnych\/technologia-wideo-2\/uchwyty-do-wyswietlaczy-i-projektorow-2\/stojak-podlogowy\/\">Stojak pod\u0142ogowy<\/a>, <a href=\"\/pl\/dystrybucja-technologii-konferencyjnych-i-multimedialnych\/technologia-wideo-2\/systemy-dzwigowe\/\">Windy<\/a>, <a href=\"\/pl\/dystrybucja-technologii-konferencyjnych-i-multimedialnych\/technologia-wideo-2\/obudowa\/\">Rozwi\u0105zania digital signage<\/a>sto\u0142y z ekranem dotykowym lub kompletne <a href=\"\/pl\/dystrybucja-technologii-konferencyjnych-i-multimedialnych\/technologia-wideo-2\/uchwyty-do-wyswietlaczy-i-projektorow-2\/meble-konferencyjne\/\">Meble konferencyjne<\/a> dla system\u00f3w wideokonferencyjnych.<\/p>\n<p>Znajdziemy odpowiedni system dla Twojego urz\u0105dzenia. Niezale\u017cnie od producenta, dla prawie wszystkich rozmiar\u00f3w i prawie ka\u017cdej wagi. Oferujemy wsporniki do sta\u0142ych instalacji, a tak\u017ce do wynajmu.<\/p>\n<p>Oczywi\u015bcie nasze systemy mog\u0105 by\u0107 r\u00f3wnie\u017c dostarczane i instalowane przez nasze zespo\u0142y serwisowe. Nasz <a href=\"\/pl\/instalacja-i-integracja-technologii-konferencyjnych-i-systemow-multimedialnych\/\">Dzia\u0142 instalacji<\/a> zajmuje si\u0119 planowaniem, instalacj\u0105 i obs\u0142ug\u0105 kompletnych sal konferencyjnych.<\/p>\n<p>Po prostu skontaktuj si\u0119 z nami, a ch\u0119tnie Ci doradzimy.<\/p>\n<p><a href=\"\/pl\/dystrybucja-technologii-konferencyjnych-i-multimedialnych\/technologia-wideo-2\/uchwyty-do-wyswietlaczy-i-projektorow-2\/\"><img fetchpriority=\"high\" decoding=\"async\" src=\"https:\/\/konferenztechnik.de\/wp-content\/uploads\/2013\/08\/videotechnik03.jpg\" alt=\"Uchwyty do wy\u015bwietlaczy i projektor\u00f3w\" width=\"288\" height=\"198\" class=\"alignnone size-full wp-image-1209\" title=\"\"><\/a><a href=\"\/pl\/dystrybucja-technologii-konferencyjnych-i-multimedialnych\/technologia-wideo-2\/uchwyty-do-wyswietlaczy-i-projektorow-2\/\"><br \/>\nWsporniki<\/a><\/p>\n<p><a href=\"\/pl\/dystrybucja-technologii-konferencyjnych-i-multimedialnych\/technologia-wideo-2\/systemy-dzwigowe\/\"><img decoding=\"async\" src=\"https:\/\/konferenztechnik.de\/wp-content\/uploads\/2013\/08\/videotechnik04.jpg\" alt=\"Podno\u015bniki do rzutnik\u00f3w i projektor\u00f3w\" width=\"288\" height=\"198\" class=\"alignleft size-full wp-image-1210\" title=\"\"><\/a><a href=\"\/pl\/dystrybucja-technologii-konferencyjnych-i-multimedialnych\/technologia-wideo-2\/systemy-dzwigowe\/\"><br \/>\nSystemy podnoszenia<\/a><\/p>\n<p><a href=\"\/pl\/dystrybucja-technologii-konferencyjnych-i-multimedialnych\/technologia-wideo-2\/obudowa-2\/\"><img decoding=\"async\" src=\"https:\/\/konferenztechnik.de\/wp-content\/uploads\/2013\/08\/videotechnik05.jpg\" alt=\"Obudowa do projektor\u00f3w\" width=\"288\" height=\"198\" class=\"alignnone size-full wp-image-1211\" title=\"\"><\/a><a href=\"\/pl\/dystrybucja-technologii-konferencyjnych-i-multimedialnych\/technologia-wideo-2\/obudowa-2\/\"><br \/>\nObudowy<\/a><\/p>\n<div class=\"boxcontainer\">\n<div class=\"box1-2\">\n<h1>Osoba do kontaktu<\/h1>\n<\/div>\n<div class=\"box1-2-order\">\n<h1>Dalsze linki<\/h1>\n<\/div>\n<div class=\"box1-4\">\n<div class=\"box-head\">Dystrybucja i sprzeda\u017c<\/div>\n<\/div>\n<div class=\"box2-4-2\" style=\"order:1;\">\n<div class=\"weiterlinks\">\n<ul>\n<a title=\"Dystrybucja wed\u0142ug grup produkt\u00f3w\" href=\"\/pl\/grupy-produktow\/\">Dystrybucja wed\u0142ug grup produkt\u00f3w<\/a><br \/>\n<a title=\"Dystrybucja wed\u0142ug producenta\" href=\"\/pl\/producent\/\">Dystrybucja wed\u0142ug producenta<\/a><br \/>\n<a title=\"Produkty na zam\u00f3wienie, konserwacja i naprawy\" href=\"\/pl\/uslugi-2\/konserwacja-i-naprawa\/\">Produkty na zam\u00f3wienie, konserwacja i naprawy<\/a><br \/>\n<a title=\"10 dobrych powod\u00f3w dla PCS\" href=\"\/pl\/o-nas-2\/10-dobrych-powodow-dla-komputerow\/\">10 dobrych powod\u00f3w dla PCS<\/a><br \/>\n<a title=\"Referencje\" href=\"\/pl\/o-nas-2\/instalacja-listy-referencyjnej\/\">Referencje Instalacja i integracja<\/a><br \/>\n<a title=\"PCS: Wszystkie us\u0142ugi w skr\u00f3cie\" href=\"\/pl\/uslugi-2\/\">PCS: Wszystkie us\u0142ugi w skr\u00f3cie<\/a><\/ul>\n<\/div>\n<\/div>\n<\/div>","protected":false},"excerpt":{"rendered":"<p>Display- und Projektorhalterungen Nach der Anschaffung eines Projektors oder Displays stellen Sie sich bestimmt eine der folgenden Fragen Wie und wo montiere ich das Ger\u00e4t? Wo verstaue ich es, wenn es nicht ben\u00f6tigt wird? Wie kann ich mein Ger\u00e4t vor Diebstahl oder Besch\u00e4digungen sch\u00fctzen? Wir bieten Ihnen flexible und professionelle L\u00f6sungen f\u00fcr die Montage Ihrer [&hellip;]<\/p>","protected":false},"author":1,"featured_media":45482,"parent":3614,"menu_order":104,"comment_status":"closed","ping_status":"open","template":"","meta":{"_acf_changed":false,"footnotes":""},"class_list":["post-3858","page","type-page","status-publish","has-post-thumbnail","hentry"],"acf":[],"_links":{"self":[{"href":"https:\/\/konferenztechnik.de\/pl\/wp-json\/wp\/v2\/pages\/3858","targetHints":{"allow":["GET"]}}],"collection":[{"href":"https:\/\/konferenztechnik.de\/pl\/wp-json\/wp\/v2\/pages"}],"about":[{"href":"https:\/\/konferenztechnik.de\/pl\/wp-json\/wp\/v2\/types\/page"}],"author":[{"embeddable":true,"href":"https:\/\/konferenztechnik.de\/pl\/wp-json\/wp\/v2\/users\/1"}],"replies":[{"embeddable":true,"href":"https:\/\/konferenztechnik.de\/pl\/wp-json\/wp\/v2\/comments?post=3858"}],"version-history":[{"count":0,"href":"https:\/\/konferenztechnik.de\/pl\/wp-json\/wp\/v2\/pages\/3858\/revisions"}],"up":[{"embeddable":true,"href":"https:\/\/konferenztechnik.de\/pl\/wp-json\/wp\/v2\/pages\/3614"}],"wp:featuredmedia":[{"embeddable":true,"href":"https:\/\/konferenztechnik.de\/pl\/wp-json\/wp\/v2\/media\/45482"}],"wp:attachment":[{"href":"https:\/\/konferenztechnik.de\/pl\/wp-json\/wp\/v2\/media?parent=3858"}],"curies":[{"name":"wp","href":"https:\/\/api.w.org\/{rel}","templated":true}]}}