{"id":4383,"date":"2014-04-10T15:16:30","date_gmt":"2014-04-10T13:16:30","guid":{"rendered":"https:\/\/konferenztechnik.de\/?page_id=4383"},"modified":"2023-07-05T14:57:01","modified_gmt":"2023-07-05T12:57:01","slug":"meble-konferencyjne","status":"publish","type":"page","link":"https:\/\/konferenztechnik.de\/pl\/dystrybucja-technologii-konferencyjnych-i-multimedialnych\/technologia-wideo-2\/uchwyty-do-wyswietlaczy-i-projektorow-2\/meble-konferencyjne\/","title":{"rendered":"Meble konferencyjne"},"content":{"rendered":"<h1>Meble konferencyjne<\/h1>\n<h2>Meble do wideokonferencji Smart Metals \u2013 dla pojedynczych wy\u015bwietlaczy<\/h2>\n<p><a href=\"https:\/\/konferenztechnik.de\/wp-content\/uploads\/2014\/04\/smart-metals_video-conferencefurniture_0622850_b-scaled-1.jpg\"><img fetchpriority=\"high\" decoding=\"async\" class=\"alignleft size-medium wp-image-4389\" src=\"https:\/\/konferenztechnik.de\/wp-content\/uploads\/2014\/04\/smart-metals_video-conferencefurniture_0622850_b-188x300.jpg\" alt=\"Meble do wideokonferencji Smart Metals 062.2850\" width=\"188\" height=\"300\" title=\"\"><\/a><\/p>\n<p>Ten elegancki i stylowy mebel do wideokonferencji zosta\u0142 opracowany z my\u015bl\u0105 o pojedynczych monitorach o przek\u0105tnej do 55 cali.<\/p>\n<p>Zintegrowana szafka oferuje miejsce na komputery, odtwarzacze multimedialne lub inny sprz\u0119t zewn\u0119trzny. Wyposa\u017cenie obejmuje r\u00f3wnie\u017c platform\u0119 kamery o regulowanej wysoko\u015bci.<\/p>\n<h2>Smart Metals \u2013 Meble do wideokonferencji z wy\u015bwietlaczami<\/h2>\n<ul>\n<li>Maksymalna d\u0142ugo\u015b\u0107: 1820 mm (\u015brodek obrazu)<\/li>\n<li>Waga: 70 kg<\/li>\n<li>Kolor: ciemnoszary i aluminium<\/li>\n<li>Maksymalne obci\u0105\u017cenie: 50 kg<\/li>\n<li>Konfiguracja ekranu: Pojedynczy wy\u015bwietlacz maks. 55 cali<\/li>\n<li>Pozycja ekranu: pozioma<\/li>\n<li>Zakres cali: maks. 55 cali<\/li>\n<li>Regulacja wysoko\u015bci: R\u0119czna<\/li>\n<li>Uchwyt \/ interfejs: W zestawie<\/li>\n<li>Kana\u0142 kablowy: \u00d8 25 mm<\/li>\n<li>Dalsze informacje: W tym platforma kamery<\/li>\n<\/ul>\n<p><a href=\"https:\/\/konferenztechnik.de\/wp-content\/uploads\/2014\/04\/0622850_SmartMetals_productleafletEN.pdf\" target=\"_blank\" rel=\"noopener\">Arkusz informacyjny produktu Smart Metals 062.2850 (angielski)<\/a><\/p>\n<h2>Smart Metals \u2013 Meble do wideokonferencji z dwoma wy\u015bwietlaczami<\/h2>\n<p><a href=\"https:\/\/konferenztechnik.de\/wp-content\/uploads\/2014\/04\/smart-metals_video-conferencefurniture_062285547-scaled-1.jpg\"><img decoding=\"async\" class=\"alignleft size-medium wp-image-4397\" src=\"https:\/\/konferenztechnik.de\/wp-content\/uploads\/2014\/04\/smart-metals_video-conferencefurniture_062285547-231x300.jpg\" alt=\"Meble do wideokonferencji Smart Metals 062.2855-47\" width=\"231\" height=\"300\" title=\"\"><\/a><\/p>\n<p>Meble do wideokonferencji zosta\u0142y opracowane dla wy\u015bwietlaczy Win o przek\u0105tnej do 47 cali.<\/p>\n<p>Zintegrowana szafka oferuje miejsce na komputery, odtwarzacze multimedialne lub inny sprz\u0119t zewn\u0119trzny. Wyposa\u017cenie obejmuje r\u00f3wnie\u017c platform\u0119 kamery o regulowanej wysoko\u015bci.<\/p>\n<h2>Smart Metals \u2013 Meble do wideokonferencji z dwoma wy\u015bwietlaczami<\/h2>\n<ul>\n<li>Maksymalna d\u0142ugo\u015b\u0107: 1820 mm (\u015brodek obrazu)<\/li>\n<li>Waga: 78,00 kg<\/li>\n<li>Kolor: ciemnoszary i aluminium<\/li>\n<li>Maksymalne obci\u0105\u017cenie: 100 kg<\/li>\n<li>Konfiguracja ekranu: dwa wy\u015bwietlacze o przek\u0105tnej od 42 do 47 cali<\/li>\n<li>Pozycja ekranu: pozioma<\/li>\n<li>Zakres cali: 42 \u2013 47 cali<\/li>\n<li>Regulacja wysoko\u015bci: R\u0119czna<\/li>\n<li>Uchwyt \/ interfejs: W zestawie<\/li>\n<li>Kana\u0142 kablowy: \u00d8 25 mm<\/li>\n<li>Wi\u0119cej informacji: Do\u0142\u0105czona platforma kamery<\/li>\n<\/ul>\n<p><a href=\"https:\/\/konferenztechnik.de\/wp-content\/uploads\/2014\/04\/062285547_SmartMetals_productleafletEN.pdf\">Karta informacyjna produktu Smart Metals 062.2855.47 (angielski)<\/a><\/p>\n<h2>Mobilny w\u00f3zek do wideokonferencji Smart Metals \u2013<\/h2>\n<p><a href=\"https:\/\/konferenztechnik.de\/wp-content\/uploads\/2014\/04\/smart-metals_video-conference-stand-trolley_int1010-scaled-1.jpg\"><img decoding=\"async\" class=\"alignleft size-medium wp-image-4408\" src=\"https:\/\/konferenztechnik.de\/wp-content\/uploads\/2014\/04\/smart-metals_video-conference-stand-trolley_int1010-167x300.jpg\" alt=\"W\u00f3zek do wideokonferencji Smart Metals INT.1015\" width=\"167\" height=\"300\" title=\"\"><\/a><\/p>\n<p>Stojak ten zosta\u0142 opracowany specjalnie do wideokonferencji. Jest wyposa\u017cony w k\u00f3\u0142ka, dzi\u0119ki czemu mo\u017ce by\u0107 u\u017cywany w r\u00f3\u017cnych pomieszczeniach \u2013 w zale\u017cno\u015bci od miejsca, w kt\u00f3rym ma si\u0119 odby\u0107 wideokonferencja.<\/p>\n<p>Wy\u015bwietlacze o przek\u0105tnej do 65 cali mog\u0105 by\u0107 u\u017cywane zar\u00f3wno w trybie pionowym, jak i poziomym. W zestawie znajduje si\u0119 r\u00f3wnie\u017c uchwyt do kamery.<\/p>\n<h2>Mobilny w\u00f3zek do wideokonferencji Smart Metals \u2013<\/h2>\n<ul>\n<li>Minimalna d\u0142ugo\u015b\u0107: 1250 mm<\/li>\n<li>Maksymalna d\u0142ugo\u015b\u0107: 1600 mm (\u015brodek obrazu)<\/li>\n<li>Waga: 42,00 kg<\/li>\n<li>Kolor: ciemnoszary i aluminium<\/li>\n<li>Maksymalne obci\u0105\u017cenie: 95 kg<\/li>\n<li>Pozycja ekranu: pozioma i pionowa<\/li>\n<li>Zakres cali: do 65 cali<\/li>\n<li>Regulacja wysoko\u015bci: R\u0119czna<\/li>\n<li>Wspornik \/ interfejs: dost\u0119pny osobno<\/li>\n<li>System monta\u017cu: 170 x 140 mm<\/li>\n<li>Kana\u0142 kablowy: 15, 35, 15 mm \u00d8<\/li>\n<\/ul>\n<p><a href=\"https:\/\/konferenztechnik.de\/wp-content\/uploads\/2014\/04\/INT1010_SmartMetals_productleafletEN.pdf\">Karta informacyjna produktu Smart Metals INT.1015 (angielski)<\/a><\/p>\n<h2>W\u00f3zek do tablicy interaktywnej Smart SB680<\/h2>\n<p><a href=\"https:\/\/konferenztechnik.de\/wp-content\/uploads\/2013\/09\/Audipack_WhiteboardCart.jpg\"><img loading=\"lazy\" decoding=\"async\" width=\"473\" height=\"751\" class=\"alignleft size-full wp-image-2759\" src=\"https:\/\/konferenztechnik.de\/wp-content\/uploads\/2013\/09\/Audipack_WhiteboardCart.jpg\" alt=\"W\u00f3zek do tablicy interaktywnej Smart SB680\" title=\"\" srcset=\"https:\/\/konferenztechnik.de\/wp-content\/uploads\/2013\/09\/Audipack_WhiteboardCart.jpg 473w, https:\/\/konferenztechnik.de\/wp-content\/uploads\/2013\/09\/Audipack_WhiteboardCart-189x300.jpg 189w\" sizes=\"(max-width: 473px) 100vw, 473px\" \/><\/a><\/p>\n<p>Rozwi\u0105zanie typu plug and play do prezentacji mobilnych. Po\u0142\u0105czenie mobilnego w\u00f3zka ze zintegrowanym ekranem i obrotowym ramieniem do monta\u017cu projektora. Du\u017co miejsca na sprz\u0119t. Dost\u0119pne s\u0105 r\u00f3wnie\u017c modele z ekranami dotykowymi.<\/p>\n<h2>W\u00f3zek do tablicy interaktywnej Smart SB680<\/h2>\n<ul>\n<li>Elastyczny rozmiar ekranu<\/li>\n<li>Dost\u0119pne r\u00f3\u017cne d\u0142ugo\u015bci ramion projektora<\/li>\n<li>K\u00f3\u0142ka z blokad\u0105<\/li>\n<\/ul>","protected":false},"excerpt":{"rendered":"<p>Meble konferencyjne Smart Metals \u2013 Meble wideokonferencyjne do pojedynczych monitor\u00f3w Te eleganckie i stylowe meble wideokonferencyjne zosta\u0142y zaprojektowane do pojedynczych monitor\u00f3w o przek\u0105tnej do 55 cali. Zintegrowana szafka oferuje miejsce na komputery, odtwarzacze multimedialne lub inny sprz\u0119t zewn\u0119trzny. Wyposa\u017cenie obejmuje r\u00f3wnie\u017c platform\u0119 kamery o regulowanej wysoko\u015bci. Smart Metals \u2013 Meble wideokonferencyjne do wy\u015bwietlaczy Maksymalna d\u0142ugo\u015b\u0107: 1820 [...]<\/p>","protected":false},"author":1,"featured_media":45482,"parent":1221,"menu_order":101,"comment_status":"closed","ping_status":"open","template":"","meta":{"_acf_changed":false,"footnotes":""},"class_list":["post-4383","page","type-page","status-publish","has-post-thumbnail","hentry"],"acf":[],"_links":{"self":[{"href":"https:\/\/konferenztechnik.de\/pl\/wp-json\/wp\/v2\/pages\/4383","targetHints":{"allow":["GET"]}}],"collection":[{"href":"https:\/\/konferenztechnik.de\/pl\/wp-json\/wp\/v2\/pages"}],"about":[{"href":"https:\/\/konferenztechnik.de\/pl\/wp-json\/wp\/v2\/types\/page"}],"author":[{"embeddable":true,"href":"https:\/\/konferenztechnik.de\/pl\/wp-json\/wp\/v2\/users\/1"}],"replies":[{"embeddable":true,"href":"https:\/\/konferenztechnik.de\/pl\/wp-json\/wp\/v2\/comments?post=4383"}],"version-history":[{"count":0,"href":"https:\/\/konferenztechnik.de\/pl\/wp-json\/wp\/v2\/pages\/4383\/revisions"}],"up":[{"embeddable":true,"href":"https:\/\/konferenztechnik.de\/pl\/wp-json\/wp\/v2\/pages\/1221"}],"wp:featuredmedia":[{"embeddable":true,"href":"https:\/\/konferenztechnik.de\/pl\/wp-json\/wp\/v2\/media\/45482"}],"wp:attachment":[{"href":"https:\/\/konferenztechnik.de\/pl\/wp-json\/wp\/v2\/media?parent=4383"}],"curies":[{"name":"wp","href":"https:\/\/api.w.org\/{rel}","templated":true}]}}