{"id":4933,"date":"2015-02-02T11:12:09","date_gmt":"2015-02-02T10:12:09","guid":{"rendered":"https:\/\/konferenztechnik.de\/?page_id=4933"},"modified":"2023-09-01T11:47:37","modified_gmt":"2023-09-01T09:47:37","slug":"bosch-ccs-1000-d","status":"publish","type":"page","link":"https:\/\/konferenztechnik.de\/pl\/bosch-ccs-1000-d\/","title":{"rendered":"Bosch CCS 1000 D"},"content":{"rendered":"<p>[column size=\"2-3\u2033 last=\"0\u2033]<\/p>\n<h1>Nowo\u015b\u0107: Cyfrowy system dyskusyjny Bosch CCS 1000 D<\/h1>\n<p>[\/column]<br \/>\n[column size=\"1-3\u2033 last=\"1\u2033]<br \/>\n<img decoding=\"async\" class=\"alignright size-full wp-image-3924\" src=\"https:\/\/konferenztechnik.de\/wp-content\/uploads\/2013\/11\/logo-pcs-selected-quality.png\" alt=\"Logo PCS wybrana jako\u015b\u0107\" width=\"143\" height=\"88\" title=\"\"><br \/>\n[\/column]<\/p>\n<p>[rev_slider Bosch-CCS-1000D]<br \/>\n[spacer size=\"30\u2033]<\/p>\n<p>Mamy przyjemno\u015b\u0107 zaprezentowa\u0107 nowy cyfrowy system konferencyjny CCS 1000 D firmy Bosch!<\/p>\n<p>Zupe\u0142nie nowy CCS 1000 D imponuje prostot\u0105 i \u0142atwo\u015bci\u0105 obs\u0142ugi, bez konieczno\u015bci rezygnacji z najnowszych innowacji technicznych.<\/p>\n<p>Dok\u0142adnie przetestowali\u015bmy i wykorzystali\u015bmy nowy system dyskusyjny w naszych oddzia\u0142ach. System, kt\u00f3ry zosta\u0142 zaprojektowany z my\u015bl\u0105 o ma\u0142ych i \u015brednich spotkaniach, wyr\u00f3\u017cnia si\u0119 wieloma dodatkowymi funkcjami i nadaje si\u0119 r\u00f3wnie\u017c do u\u017cytku w instalacjach stacjonarnych.<\/p>\n<p>&#x9B; <a href=\"\/pl\/wynik-testu-bosch-ccs-1000-d\/\">Oto wynik testu PCS Bosch CCS 1000 D \u2013 z lutego 2015 r.<\/a><br \/>\n[spacer size=\"30\u2033]<\/p>\n<h1>Najwa\u017cniejsze cechy Bosch CCS 1000 D<\/h1>\n<p>[spacer size=\"30\u2033]<\/p>\n<p>[column size=\"1-3\u2033 last=\"1\u2033]<img fetchpriority=\"high\" decoding=\"async\" width=\"665\" height=\"441\" class=\"alignnone size-full wp-image-5304\" src=\"https:\/\/konferenztechnik.de\/wp-content\/uploads\/2015\/02\/bosch-CCS-1000-D-usb-recording-CCSD-CURD1.jpg\" alt=\"Bosch CCS 1000 D USB Recording - CCSD-CURD\" title=\"\" srcset=\"https:\/\/konferenztechnik.de\/wp-content\/uploads\/2015\/02\/bosch-CCS-1000-D-usb-recording-CCSD-CURD1.jpg 665w, https:\/\/konferenztechnik.de\/wp-content\/uploads\/2015\/02\/bosch-CCS-1000-D-usb-recording-CCSD-CURD1-300x199.jpg 300w\" sizes=\"(max-width: 665px) 100vw, 665px\" \/>Nagrywanie bezpo\u015brednio na pami\u0119\u0107 USB. Nie jest wymagane \u017cadne dodatkowe oprogramowanie!<\/p>\n<p>[\/column]<br \/>\n[column size=\"1-3\u2033 last=\"1\u2033]<img decoding=\"async\" width=\"665\" height=\"441\" class=\"alignnone size-full wp-image-5308\" src=\"https:\/\/konferenztechnik.de\/wp-content\/uploads\/2015\/02\/Sprechstelle-CCSD-DS-CCS-1000-D1.jpg\" alt=\"Stacja interkomowa CCSD DS CCS 1000 D\" title=\"\" srcset=\"https:\/\/konferenztechnik.de\/wp-content\/uploads\/2015\/02\/Sprechstelle-CCSD-DS-CCS-1000-D1.jpg 665w, https:\/\/konferenztechnik.de\/wp-content\/uploads\/2015\/02\/Sprechstelle-CCSD-DS-CCS-1000-D1-300x199.jpg 300w\" sizes=\"(max-width: 665px) 100vw, 665px\" \/>Wysokiej jako\u015bci modu\u0142y mikrofonowe, wbudowana redukcja sprz\u0119\u017ce\u0144, dobra jako\u015b\u0107 d\u017awi\u0119ku i wysoki poziom g\u0142o\u015bno\u015bci<\/p>\n<p>[\/column]<br \/>\n[column size=\"1-3\u2033 last=\"1\u2033]<img loading=\"lazy\" decoding=\"async\" width=\"665\" height=\"441\" class=\"alignnone size-full wp-image-4961\" src=\"https:\/\/konferenztechnik.de\/wp-content\/uploads\/2015\/02\/bosch-CCS1000D-plug-and-play.jpg\" alt=\"bosch-CCS1000D-plug-and-play\" title=\"\" srcset=\"https:\/\/konferenztechnik.de\/wp-content\/uploads\/2015\/02\/bosch-CCS1000D-plug-and-play.jpg 665w, https:\/\/konferenztechnik.de\/wp-content\/uploads\/2015\/02\/bosch-CCS1000D-plug-and-play-300x199.jpg 300w\" sizes=\"(max-width: 665px) 100vw, 665px\" \/>Plug &amp; Play \u2013 kompaktowy, \u0142atwy w konfiguracji, \u0142atwy w obs\u0142udze<\/p>\n<p>[\/column]<br \/>\n[column size=\"1-3\u2033 last=\"1\u2033]<img loading=\"lazy\" decoding=\"async\" width=\"665\" height=\"441\" class=\"alignnone size-full wp-image-5314\" src=\"https:\/\/konferenztechnik.de\/wp-content\/uploads\/2015\/02\/Bosch-CCSD-im-Konferenzraum.jpg\" alt=\"Bosch-CCSD-w-sali-konferencyjnej\" title=\"\" srcset=\"https:\/\/konferenztechnik.de\/wp-content\/uploads\/2015\/02\/Bosch-CCSD-im-Konferenzraum.jpg 665w, https:\/\/konferenztechnik.de\/wp-content\/uploads\/2015\/02\/Bosch-CCSD-im-Konferenzraum-300x199.jpg 300w\" sizes=\"(max-width: 665px) 100vw, 665px\" \/>Mo\u017cliwo\u015b\u0107 prowadzenia wideokonferencji, automatyczne sterowanie kamerami do wideokonferencji, r\u00f3wnie\u017c HD, do 6 konferencyjnych kamer kopu\u0142kowych HD<\/p>\n<p>[\/column]<br \/>\n[column size=\"1-3\u2033 last=\"1\u2033]<img loading=\"lazy\" decoding=\"async\" width=\"665\" height=\"441\" class=\"alignnone size-full wp-image-5305\" src=\"https:\/\/konferenztechnik.de\/wp-content\/uploads\/2015\/02\/Bosch-CCSD-DS-CCS-Transportkoffer1.jpg\" alt=\"Skrzynia transportowa Bosch CCSD DS CCS\" title=\"\" srcset=\"https:\/\/konferenztechnik.de\/wp-content\/uploads\/2015\/02\/Bosch-CCSD-DS-CCS-Transportkoffer1.jpg 665w, https:\/\/konferenztechnik.de\/wp-content\/uploads\/2015\/02\/Bosch-CCSD-DS-CCS-Transportkoffer1-300x199.jpg 300w\" sizes=\"(max-width: 665px) 100vw, 665px\" \/>Stacje interkomowe s\u0105 dobrze chronione w wysokiej jako\u015bci walizce transportowej<\/p>\n<p>[\/column]<br \/>\n[column size=\"1-3\u2033 last=\"1\u2033]<\/p>\n<p><img loading=\"lazy\" decoding=\"async\" width=\"665\" height=\"441\" class=\"alignnone size-full wp-image-4965\" src=\"https:\/\/konferenztechnik.de\/wp-content\/uploads\/2015\/02\/bosch-CCS1000D-browser-steuerung-1.jpg\" alt=\"bosch-CCS1000D-browser-control\" title=\"\" srcset=\"https:\/\/konferenztechnik.de\/wp-content\/uploads\/2015\/02\/bosch-CCS1000D-browser-steuerung-1.jpg 665w, https:\/\/konferenztechnik.de\/wp-content\/uploads\/2015\/02\/bosch-CCS1000D-browser-steuerung-1-300x199.jpg 300w\" sizes=\"(max-width: 665px) 100vw, 665px\" \/>Prosty interfejs sieciowy do zaawansowanej konfiguracji i kontroli<\/p>\n<p>[\/column]<br \/>\n&#x9B; <a href=\"\/pl\/cechy-bosch-ccs-1000d\/\">Oto lista funkcji i szczeg\u00f3\u0142y techniczne Bosch CCS 1000 D<\/a><br \/>\n[spacer size=\"50\u2033]<\/p>\n<h1>Osoby kontaktowe<\/h1>\n<p>[spacer size=\"20\u2033]<br \/>\n[column size=\"1-2\u2033 last=\"0\u2033]<br \/>\n[tabs style=\"2\u2033]<br \/>\n[tab title=\"Berlin\"]<br \/>\n<img loading=\"lazy\" decoding=\"async\" width=\"800\" height=\"533\" class=\"alignleft size-full wp-image-2301\" src=\"https:\/\/konferenztechnik.de\/wp-content\/uploads\/2013\/09\/gunnar_hermenau_pcs-gmbh.jpg\" alt=\"gunnar_hermenau_pcs-gmbh\" title=\"\" srcset=\"https:\/\/konferenztechnik.de\/wp-content\/uploads\/2013\/09\/gunnar_hermenau_pcs-gmbh.jpg 800w, https:\/\/konferenztechnik.de\/wp-content\/uploads\/2013\/09\/gunnar_hermenau_pcs-gmbh-300x200.jpg 300w, https:\/\/konferenztechnik.de\/wp-content\/uploads\/2013\/09\/gunnar_hermenau_pcs-gmbh-768x512.jpg 768w\" sizes=\"(max-width: 800px) 100vw, 800px\" \/><br \/>\nGunnar Hermenau<br \/>\nKierownik oddzia\u0142u Berlin<br \/>\nTelefon +49 30 6959690 14<br \/>\ne-mail <a href=\"mailto:hermenau@konferenztechnik.de\">hermenau@konferenztechnik.de<\/a><br \/>\nKod QR <a title=\"Kod QR Gunnar Hermenau\" href=\"https:\/\/konferenztechnik.de\/wp-content\/uploads\/2013\/09\/gunnar_hermenau_qrcode.png\">Poka\u017c \u203a<\/a><br \/>\n[\/tab]<br \/>\n[\/tabs]<br \/>\n[\/column]<br \/>\n[column size=\"1-2\u2033 last=\"1\u2033]<br \/>\n[tabs style=\"2\u2033]<br \/>\n[tab title=\"D\u00fcsseldorf\"]<br \/>\n<a href=\"https:\/\/konferenztechnik.de\/wp-content\/uploads\/2013\/09\/dirk_neumann_pcs-gmbh.jpg\"><img loading=\"lazy\" decoding=\"async\" width=\"800\" height=\"533\" class=\"alignleft size-full wp-image-2297\" src=\"https:\/\/konferenztechnik.de\/wp-content\/uploads\/2013\/09\/dirk_neumann_pcs-gmbh.jpg\" alt=\"Dirk Neumann Dyrektor Zarz\u0105dzaj\u0105cy PCS GmbH\" title=\"\" srcset=\"https:\/\/konferenztechnik.de\/wp-content\/uploads\/2013\/09\/dirk_neumann_pcs-gmbh.jpg 800w, https:\/\/konferenztechnik.de\/wp-content\/uploads\/2013\/09\/dirk_neumann_pcs-gmbh-300x200.jpg 300w, https:\/\/konferenztechnik.de\/wp-content\/uploads\/2013\/09\/dirk_neumann_pcs-gmbh-768x512.jpg 768w\" sizes=\"(max-width: 800px) 100vw, 800px\" \/><\/a><br \/>\nDirk Neumann<br \/>\nDyrektor zarz\u0105dzaj\u0105cy<br \/>\nTelefon +49 211 737798 0<br \/>\ne-mail <a href=\"mailto:vertrieb@konferenztechnik.de\">vertrieb@konferenztechnik.de<\/a><br \/>\nKod QR <a title=\"Kod QR Dirk Neumann\" href=\"https:\/\/konferenztechnik.de\/wp-content\/uploads\/2013\/09\/dirk_neumann_qrcode.png\">Poka\u017c \u203a<\/a>[\/tab]<br \/>\n[\/tabs]<br \/>\n[\/column]<br \/>\n[spacer size=\"10\u2033]<br \/>\n\u0141\u0105cza do systemu konferencyjnego Bosch CCS 1000 D<br \/>\n&#x9B; <a style=\"line-height: 1.8em;\" title=\"\" href=\"\/pl\/szt-wybrana-oferta-specjalna-bosch-ccs-1000d\/\">Oferta wst\u0119pna PCS\/Bosch Bosch CCS 1000 D<\/a><br \/>\n&#x9B; <a style=\"line-height: 1.8em;\" title=\"\" href=\"\/pl\/wynik-testu-bosch-ccs-1000-d\/\">Wynik testu PCS Bosch CCS 1000 D<\/a><br \/>\n&#x9B; <a style=\"line-height: 1.8em;\" title=\"\" href=\"\/pl\/cechy-bosch-ccs-1000d\/\">Spektrum wydajno\u015bci \/ funkcje Bosch CCS 1000 D<\/a><\/p>\n<p>[spacer size=\"10\u2033]<\/p>\n<div class=\"weiterlinks\">\n<h1>Dalsze linki:<\/h1>\n<ul>\n<li>\u203a <a title=\"Dystrybucja\" href=\"\/pl\/dystrybucja-technologii-konferencyjnych-i-multimedialnych\/\">Dystrybucja technologii konferencyjnych i medialnych<\/a><\/li>\n<li>\u203a <a title=\"Instalacja\" href=\"\/pl\/instalacja-i-integracja-technologii-konferencyjnych-i-systemow-multimedialnych\/\">Instalacja i integracja technologii konferencyjnych i system\u00f3w multimedialnych<\/a><\/li>\n<li>\u203a <a title=\"Obs\u0142uga wydarze\u0144 wieloj\u0119zycznych\" href=\"\/pl\/uslugi-2\/wsparcie-dla-wydarzen-wielojezycznych\/\">Obs\u0142uga wydarze\u0144 wieloj\u0119zycznych<\/a><\/li>\n<\/ul>\n<\/div>","protected":false},"excerpt":{"rendered":"<p>[column size=\"2-3\u2033 last=\"0\u2033] Nowo\u015b\u0107: Cyfrowy system konferencyjny Bosch CCS 1000 D [\/column] [column size=\"1-3\u2033 last=\"1\u2033] [\/column] [rev_slider Bosch-CCS-1000D] [spacer size=\"30\u2033] Mamy przyjemno\u015b\u0107 zaprezentowa\u0107 nowy cyfrowy system konferencyjny CCS 1000 D firmy Bosch! Zupe\u0142nie nowy CCS 1000 D zachwyca nas swoj\u0105 prostot\u0105 i \u0142atwo\u015bci\u0105 obs\u0142ugi, bez konieczno\u015bci rezygnacji z najnowszych innowacji technicznych [...]<\/p>","protected":false},"author":1,"featured_media":45482,"parent":0,"menu_order":35,"comment_status":"closed","ping_status":"open","template":"","meta":{"_acf_changed":false,"footnotes":""},"class_list":["post-4933","page","type-page","status-publish","has-post-thumbnail","hentry"],"acf":[],"_links":{"self":[{"href":"https:\/\/konferenztechnik.de\/pl\/wp-json\/wp\/v2\/pages\/4933","targetHints":{"allow":["GET"]}}],"collection":[{"href":"https:\/\/konferenztechnik.de\/pl\/wp-json\/wp\/v2\/pages"}],"about":[{"href":"https:\/\/konferenztechnik.de\/pl\/wp-json\/wp\/v2\/types\/page"}],"author":[{"embeddable":true,"href":"https:\/\/konferenztechnik.de\/pl\/wp-json\/wp\/v2\/users\/1"}],"replies":[{"embeddable":true,"href":"https:\/\/konferenztechnik.de\/pl\/wp-json\/wp\/v2\/comments?post=4933"}],"version-history":[{"count":0,"href":"https:\/\/konferenztechnik.de\/pl\/wp-json\/wp\/v2\/pages\/4933\/revisions"}],"wp:featuredmedia":[{"embeddable":true,"href":"https:\/\/konferenztechnik.de\/pl\/wp-json\/wp\/v2\/media\/45482"}],"wp:attachment":[{"href":"https:\/\/konferenztechnik.de\/pl\/wp-json\/wp\/v2\/media?parent=4933"}],"curies":[{"name":"wp","href":"https:\/\/api.w.org\/{rel}","templated":true}]}}