{"id":5120,"date":"2015-02-02T20:06:57","date_gmt":"2015-02-02T19:06:57","guid":{"rendered":"https:\/\/konferenztechnik.de\/?page_id=5120"},"modified":"2023-09-01T11:47:03","modified_gmt":"2023-09-01T09:47:03","slug":"wynik-testu-bosch-ccs-1000-d","status":"publish","type":"page","link":"https:\/\/konferenztechnik.de\/pl\/wynik-testu-bosch-ccs-1000-d\/","title":{"rendered":"Wynik testu Bosch CCS 1000 D"},"content":{"rendered":"<h1>Wynik testu Bosch CCS 1000 D<\/h1>\n<p>Bosch reklamuje sw\u00f3j nowy system dyskusyjny has\u0142em \"kompaktowy i wszechstronny\" i nie obiecuje zbyt wiele. System jest idealny dla pocz\u0105tkuj\u0105cych, poniewa\u017c jest intuicyjny i \u0142atwy w obs\u0142udze. Profesjonali\u015bci nie musz\u0105 oby\u0107 si\u0119 bez udogodnie\u0144 i dodatkowych funkcji.<\/p>\n<p>System zosta\u0142 zaprojektowany z my\u015bl\u0105 o ma\u0142ych i \u015brednich spotkaniach. Podstawowe pakiety nie obejmuj\u0105 d\u0142ugich tras kablowych; linie zasilaj\u0105ce lub kable do \u0142\u0105czenia korytarzy nale\u017cy zaplanowa\u0107 i zam\u00f3wi\u0107 osobno.<\/p>\n<p>&nbsp;<\/p>\n<p>Jednostki mikrofonowe<\/p>\n<p>Mikrofonog\u0142o\u015bniki s\u0105 wysokiej jako\u015bci, wytrzyma\u0142e, stabilne i jednocze\u015bnie lekkie. Materia\u0142y wykonane s\u0105 z tworzywa sztucznego, kt\u00f3re jest odporne na uderzenia i zarysowania oraz \u0142atwe do czyszczenia. Modu\u0142y mikrofonowe oferuj\u0105 wiele pod wzgl\u0119dem technologicznym. W szczeg\u00f3lno\u015bci, wysokiej jako\u015bci mikrofon \u2013 t\u0142umi\u0105cy sprz\u0119\u017cenie zwrotne i g\u0142o\u015bnik mog\u0105 by\u0107 u\u017cywane jednocze\u015bnie bez sprz\u0119gania lub gwizd\u00f3w.<\/p>\n<p>Ka\u017cda jednostka mikrofonowa oferuje dwie funkcje \"Possible to speak\u201d display (mo\u017cliwo\u015b\u0107 m\u00f3wienia) i \"Request to speak\u201d display (automatyczna lista oczekuj\u0105cych), kt\u00f3re s\u0105 u\u017cywane g\u0142\u00f3wnie przez zespo\u0142y o ugruntowanej pozycji w firmowych salach konferencyjnych.<\/p>\n<p><a href=\"https:\/\/konferenztechnik.de\/wp-content\/uploads\/2015\/02\/Bosch-CCS-1000-D-detail.jpg\"><img fetchpriority=\"high\" decoding=\"async\" class=\"alignnone size-full wp-image-5355\" src=\"https:\/\/konferenztechnik.de\/wp-content\/uploads\/2015\/02\/Bosch-CCS-1000-D-detail.jpg\" alt=\"Bosch-CCS-1000-D-detail Wynik testu 01\" width=\"940\" height=\"411\" title=\"\" srcset=\"https:\/\/konferenztechnik.de\/wp-content\/uploads\/2015\/02\/Bosch-CCS-1000-D-detail.jpg 940w, https:\/\/konferenztechnik.de\/wp-content\/uploads\/2015\/02\/Bosch-CCS-1000-D-detail-300x131.jpg 300w, https:\/\/konferenztechnik.de\/wp-content\/uploads\/2015\/02\/Bosch-CCS-1000-D-detail-768x336.jpg 768w\" sizes=\"(max-width: 940px) 100vw, 940px\" \/><\/a><br \/>\nOpis produktu:<br \/>\nKr\u00f3tki mikrofon delegata CCSD-DS<br \/>\nD\u0142ugi mikrofon delegata CCSD-DL<\/p>\n<p>&nbsp;<\/p>\n<p>Jednostka bazowa<\/p>\n<p>Jednostka steruj\u0105ca CU (Control Unit) dostarczana jest w plastikowej obudowie; Bosch zrezygnowa\u0142 z wersji metalowej, a tak\u017ce szyn monta\u017cowych 19\u2033 i profesjonalnych wtyk\u00f3w XLR. Wygl\u0105d, wtyczki i obs\u0142uga bardziej przypominaj\u0105 odtwarzacze DVD ni\u017c systemy UHF. Z pewno\u015bci\u0105 w\u0142a\u015bciwa decyzja dla wielu firmowych sal konferencyjnych. CU nie musi by\u0107 instalowany w w\u00f3zku multimedialnym, ale mo\u017ce by\u0107 \u0142atwo umieszczony w i na meblach gabinetowych. Je\u015bli chcesz korzysta\u0107 z CU w sektorze wynajmu, mo\u017cemy r\u00f3wnie\u017c dostarczy\u0107 CU w zestawie instalacyjnym 19\u2033 i z gniazdem krosowym XLR. Jednoczesne kana\u0142y zwrotne nie s\u0105 dost\u0119pne w przypadku wydarze\u0144 mi\u0119dzynarodowych i spotka\u0144 wieloj\u0119zycznych.<\/p>\n<p><a href=\"https:\/\/konferenztechnik.de\/wp-content\/uploads\/2015\/02\/Bosch-CCS-1000-D-CU-detail.jpg\"><img decoding=\"async\" class=\"alignnone size-full wp-image-5356\" src=\"https:\/\/konferenztechnik.de\/wp-content\/uploads\/2015\/02\/Bosch-CCS-1000-D-CU-detail.jpg\" alt=\"Bosch-CCS-1000-D-CU - test szczeg\u00f3\u0142owy 02\" width=\"940\" height=\"411\" title=\"\" srcset=\"https:\/\/konferenztechnik.de\/wp-content\/uploads\/2015\/02\/Bosch-CCS-1000-D-CU-detail.jpg 940w, https:\/\/konferenztechnik.de\/wp-content\/uploads\/2015\/02\/Bosch-CCS-1000-D-CU-detail-300x131.jpg 300w, https:\/\/konferenztechnik.de\/wp-content\/uploads\/2015\/02\/Bosch-CCS-1000-D-CU-detail-768x336.jpg 768w\" sizes=\"(max-width: 940px) 100vw, 940px\" \/><\/a><br \/>\nOpis produktu:<br \/>\nJednostka steruj\u0105ca CCSD-CURD z funkcj\u0105 nagrywania d\u017awi\u0119ku i t\u0142umienia sprz\u0119\u017ce\u0144 zwrotnych<\/p>\n<p>&nbsp;<\/p>\n<p>Dzia\u0142anie<\/p>\n<p>Obs\u0142uga odbywa si\u0119 za pomoc\u0105 przycisk\u00f3w membranowych w przybli\u017conej gradacji. Kana\u0142 audio (2x), mikrofon, pulpity mikrofonowe (2-dro\u017cne) mog\u0105 by\u0107 \"miksowane\" za pomoc\u0105 CU. W sektorze profesjonalnym technik b\u0119dzie sterowa\u0142 poszczeg\u00f3lnymi wyj\u015bciami za pomoc\u0105 oddzielnej konsoli miksuj\u0105cej audio. Jednak w wielu salach konferencyjnych Bosch CU mo\u017ce z pewno\u015bci\u0105 zast\u0105pi\u0107 dodatkow\u0105 konsol\u0119 miksersk\u0105.<\/p>\n<p>Nagrywanie d\u017awi\u0119ku<\/p>\n<p>Wszyscy si\u0119 co do tego zgadzamy. To \u015bwietne rozwi\u0105zanie. W\u0142\u00f3\u017c pami\u0119\u0107 USB, naci\u015bnij przycisk nagrywania i zabierz nagranie ze sob\u0105. Nagrywanie cyfrowe w pami\u0119ci wewn\u0119trznej: do 8 godzin, nagrywanie cyfrowe z pami\u0119ci USB 128 GB: do 4000 godzin w dobrej jako\u015bci w formacie mp3.<\/p>\n<p>Powr\u00f3t<\/p>\n<p><a href=\"https:\/\/konferenztechnik.de\/wp-content\/uploads\/2015\/02\/CCURD-Bosch-CCS-1000-D.jpg\"><img decoding=\"async\" class=\"alignnone size-full wp-image-5370\" src=\"https:\/\/konferenztechnik.de\/wp-content\/uploads\/2015\/02\/CCURD-Bosch-CCS-1000-D.jpg\" alt=\"CCURD-Bosch-CCS-1000-D Wynik testu 03\" width=\"940\" height=\"222\" title=\"\" srcset=\"https:\/\/konferenztechnik.de\/wp-content\/uploads\/2015\/02\/CCURD-Bosch-CCS-1000-D.jpg 940w, https:\/\/konferenztechnik.de\/wp-content\/uploads\/2015\/02\/CCURD-Bosch-CCS-1000-D-300x71.jpg 300w, https:\/\/konferenztechnik.de\/wp-content\/uploads\/2015\/02\/CCURD-Bosch-CCS-1000-D-768x181.jpg 768w\" sizes=\"(max-width: 940px) 100vw, 940px\" \/><\/a><\/p>\n<p>1. USB (Mini)<\/p>\n<p>2. wyj\u015bcie audio, cztery dodatkowe kana\u0142y (nagrania indywidualne i aplikacja sali s\u0105dowej)<\/p>\n<p>3. wyj\u015bcie audio (2 x suma)<\/p>\n<p>4. wej\u015bcie audio (2 x suma)<\/p>\n<p>5. wej\u015bcie mikrofonowe (XLR)<\/p>\n<p>6. stacje wywo\u0142awcze (2 obwody, wtyczka DIN)<\/p>\n<p>7. po\u0142\u0105czenie LAN (po\u0142\u0105czenie z sieci\u0105 WLAN, sterowanie i programowanie za pomoc\u0105 komputera PC, laptopa, opcjonalnie do sterowania bezprzewodowego)<\/p>\n<p>8. zasilanie (zewn\u0119trzny zasilacz)<\/p>\n<p>&nbsp;<\/p>\n<p>Obs\u0142uga przez Internet za pomoc\u0105 iPada i innych urz\u0105dze\u0144.<\/p>\n<p>Bosch reklamuje system z prost\u0105 obs\u0142ug\u0105 internetow\u0105. W rzeczywisto\u015bci jest to oczywiste i intuicyjne dla ka\u017cdego, kto potrafi obs\u0142ugiwa\u0107 tablet. Wyzwalacz mikrofonu i elementy steruj\u0105ce s\u0105 \u0142atwe w obs\u0142udze dla ka\u017cdego organizatora konferencji. Technicy i eksperci technologiczni mog\u0105 r\u00f3wnie\u017c sterowa\u0107 kamerami HD. W dzisiejszych czasach producentom trudno jest unikn\u0105\u0107 obs\u0142ugi za pomoc\u0105 tabletu. W systemie Bosch podoba nam si\u0119 to, \u017ce korzystaj\u0105 z niego bezpo\u015brednio nie tylko technicy, ale tak\u017ce przewodnicz\u0105cy i wszyscy u\u017cytkownicy, kt\u00f3rzy nie maj\u0105 dost\u0119pu do technika. Dzi\u0119ki temu systemowi jest to \u0142atwiejsze ni\u017c kiedykolwiek. Co nam si\u0119 r\u00f3wnie\u017c podoba: projekt jest prosty, wszystkie elementy s\u0105 du\u017ce. Bosch zrezygnowa\u0142 ze zbyt wielu grafik i ikon, co u\u0142atwia korzystanie z systemu.<\/p>\n<p>&nbsp;<\/p>\n<p>Obszary zastosowania<\/p>\n<p>Na du\u017cych imprezach, gdzie jeste\u015bmy otoczeni profesjonaln\u0105 technologi\u0105 medialn\u0105, nowy system Bosch nie b\u0119dzie naszym pierwszym wyborem. Wsz\u0119dzie indziej trzeba b\u0119dzie si\u0119 nad nim zastanowi\u0107. Prawdopodobnie b\u0119dzie bezkonkurencyjny dla pocz\u0105tkuj\u0105cych i wszystkich tych, kt\u00f3rzy po raz pierwszy zastanawiaj\u0105 si\u0119 nad zakupem systemu konferencyjnego. Idealnie nadaje si\u0119 do wyposa\u017cenia firmowych sal konferencyjnych. Bosch CCS 1000 D mo\u017ce zast\u0105pi\u0107 dodatkowe technologie i technikalia ka\u017cdemu, kto potrafi obs\u0142ugiwa\u0107 odtwarzacze DVD i tablety. Nagrywanie d\u017awi\u0119ku, sterowanie kamer\u0105 i nowe inteligentne funkcje w zestawie. System jest interesuj\u0105cy do wynajmu ze wzgl\u0119du na jego skalowalno\u015b\u0107 i bardzo dobrze zaprojektowane walizki transportowe.<\/p>\n<p>&nbsp;<\/p>\n<p>Wnioski<\/p>\n<p>\u017byczymy firmie Bosch wszystkiego najlepszego z tym nowym systemem. Bosch CCS 1000 D zapewnia to, co obiecuje producent, a tak\u017ce wyr\u00f3\u017cnia si\u0119 w wielu obszarach. Bosch wykorzystuje nowoczesne technologie (prosta zintegrowana funkcja nagrywania, inteligentne sterowanie mikrofonem, skuteczne t\u0142umienie sprz\u0119\u017ce\u0144 zwrotnych) w podstawowych cenach. Domowy wygl\u0105d i zewn\u0119trzny zasilacz jednostki steruj\u0105cej sprawiaj\u0105, \u017ce trudniej jest go u\u017cywa\u0107 w du\u017cych wypo\u017cyczalniach, ale tym bardziej nadaje si\u0119 do spotka\u0144 firmowych i sal spo\u0142eczno\u015bciowych. Bosch oferuje teraz system, kt\u00f3ry potrafi niemal wszystko.<br \/>\n<!--\n[spacer size=\"20\"]\n\n\n<h1>Ihre Ansprechpartner<\/h1>\n\n\n[spacer size=\"20\"]\n[column size=\"1-2\" last=\"0\"]\n[tabs style=\"2\"]\n[tab title=\"Berlin\"]\n<img loading=\"lazy\" decoding=\"async\" width=\"800\" height=\"533\" class=\"alignleft size-full wp-image-2301\" src=\"https:\/\/konferenztechnik.de\/wp-content\/uploads\/2013\/09\/gunnar_hermenau_pcs-gmbh.jpg\" alt=\"gunnar_hermenau_pcs-gmbh\" title=\"\" srcset=\"https:\/\/konferenztechnik.de\/wp-content\/uploads\/2013\/09\/gunnar_hermenau_pcs-gmbh.jpg 800w, https:\/\/konferenztechnik.de\/wp-content\/uploads\/2013\/09\/gunnar_hermenau_pcs-gmbh-300x200.jpg 300w, https:\/\/konferenztechnik.de\/wp-content\/uploads\/2013\/09\/gunnar_hermenau_pcs-gmbh-768x512.jpg 768w\" sizes=\"(max-width: 800px) 100vw, 800px\" \/>\nGunnar Hermenau\nNiederlassungsleiter Berlin\nTel. +49 30 6959690 14\nE-Mail <a href=\"mailto:hermenau@konferenztechnik.de\">hermenau@konferenztechnik.de<\/a>\nQR-Code <a title=\"QR-Code Gunnar Hermenau\" href=\"https:\/\/konferenztechnik.de\/wp-content\/uploads\/2013\/09\/gunnar_hermenau_qrcode.png\">\u203a anzeigen<\/a>\n[\/tab]\n[\/tabs]\n[\/column]\n[column size=\"1-2\" last=\"1\"]\n[tabs style=\"2\"]\n[tab title=\"Heilbronn\"]\n<img loading=\"lazy\" decoding=\"async\" width=\"800\" height=\"533\" class=\"alignleft size-full wp-image-2289\" src=\"https:\/\/konferenztechnik.de\/wp-content\/uploads\/2013\/09\/carsten_adam_pcs-gmbh.jpg\" alt=\"carsten_adam_pcs-gmbh\" title=\"\" srcset=\"https:\/\/konferenztechnik.de\/wp-content\/uploads\/2013\/09\/carsten_adam_pcs-gmbh.jpg 800w, https:\/\/konferenztechnik.de\/wp-content\/uploads\/2013\/09\/carsten_adam_pcs-gmbh-300x200.jpg 300w, https:\/\/konferenztechnik.de\/wp-content\/uploads\/2013\/09\/carsten_adam_pcs-gmbh-768x512.jpg 768w\" sizes=\"(max-width: 800px) 100vw, 800px\" \/>\nCarsten Adam\nNiederlassungsleiter Heilbronn und M\u00fcnchen\nTel. +49 7131 278010 11\nE-Mail <a href=\"mailto:adam@konferenztechnik.de\">adam@konferenztechnik.de<\/a>\nQR-Code <a title=\"QR-Code Carsten Adam\" href=\"https:\/\/konferenztechnik.de\/wp-content\/uploads\/2013\/09\/carsten_adam_qrcode.png\">\u203a anzeigen<\/a>\n[\/tab]\n[\/tabs]\n[\/column]\n\n[column size=\"1-2\" last=\"1\"]\n[tabs style=\"2\"]\n[tab title=\"D\u00fcsseldorf\"]\n<a href=\"https:\/\/konferenztechnik.de\/wp-content\/uploads\/2013\/09\/dirk_neumann_pcs-gmbh.jpg\"><img loading=\"lazy\" decoding=\"async\" width=\"800\" height=\"533\" class=\"alignleft size-full wp-image-2297\" src=\"https:\/\/konferenztechnik.de\/wp-content\/uploads\/2013\/09\/dirk_neumann_pcs-gmbh.jpg\" alt=\"Dirk Neumann Gesch\u00e4ftsf\u00fchrer PCS GmbH\" title=\"\" srcset=\"https:\/\/konferenztechnik.de\/wp-content\/uploads\/2013\/09\/dirk_neumann_pcs-gmbh.jpg 800w, https:\/\/konferenztechnik.de\/wp-content\/uploads\/2013\/09\/dirk_neumann_pcs-gmbh-300x200.jpg 300w, https:\/\/konferenztechnik.de\/wp-content\/uploads\/2013\/09\/dirk_neumann_pcs-gmbh-768x512.jpg 768w\" sizes=\"(max-width: 800px) 100vw, 800px\" \/><\/a>\nDirk Neumann\nGesch\u00e4ftsf\u00fchrer\nTel. +49 211 737798 0\nE-Mail <a href=\"mailto:vertrieb@konferenztechnik.de\">vertrieb@konferenztechnik.de<\/a>\nQR-Code <a title=\"QR-Code Dirk Neumann\" href=\"https:\/\/konferenztechnik.de\/wp-content\/uploads\/2013\/09\/dirk_neumann_qrcode.png\">\u203a anzeigen<\/a>[\/tab]\n[\/tabs]\n[\/column]\n--><br \/>\n[spacer size=\"20\u2033]<\/p>\n<p><a style=\"line-height: 1.8em;\" title=\"\" href=\"https:\/\/www.boschsecurity.com\/de\/\" target=\"_blank\" rel=\"noopener\">Strona producenta Bosch Security Systems<\/a><br \/>\n[spacer size=\"10\u2033]<br \/>\n<a style=\"line-height: 1.8em;\" title=\"\" href=\"\/pl\/bosch-ccs-1000-d\/\">Nowe wprowadzenie Bosch CCS 1000 D<\/a><br \/>\n<a style=\"line-height: 1.8em;\" title=\"\" href=\"\/pl\/cechy-bosch-ccs-1000d\/\">Spektrum wydajno\u015bci \/ funkcje Bosch CCS 1000 D<\/a><br \/>\n[spacer size=\"30\u2033]<\/p>\n<div class=\"weiterlinks\">\n<h1>Dalsze linki<\/h1>\n<ul>\n<li>\u203a <a title=\"Dystrybucja\" href=\"\/pl\/dystrybucja-technologii-konferencyjnych-i-multimedialnych\/\">Dystrybucja technologii konferencyjnych i medialnych<\/a><\/li>\n<li>\u203a <a title=\"Instalacja\" href=\"\/pl\/instalacja-i-integracja-technologii-konferencyjnych-i-systemow-multimedialnych\/\">Instalacja i integracja technologii konferencyjnych i system\u00f3w multimedialnych<\/a><\/li>\n<li>\u203a <a title=\"Obs\u0142uga wydarze\u0144 wieloj\u0119zycznych\" href=\"\/pl\/uslugi-2\/wsparcie-dla-wydarzen-wielojezycznych\/\">Obs\u0142uga wydarze\u0144 wieloj\u0119zycznych<\/a><\/li>\n<\/ul>\n<\/div>","protected":false},"excerpt":{"rendered":"<p>Wynik testu Bosch CCS 1000 D Bosch reklamuje sw\u00f3j nowy system dyskusyjny has\u0142em \"kompaktowy i wszechstronny\" i nie obiecuje zbyt wiele. System jest idealny dla pocz\u0105tkuj\u0105cych, poniewa\u017c jest intuicyjny i \u0142atwy w obs\u0142udze. Profesjonali\u015bci nie musz\u0105 oby\u0107 si\u0119 bez udogodnie\u0144 i dodatkowych funkcji. System jest przeznaczony do ma\u0142ych i \u015brednich spotka\u0144. W [...]<\/p>","protected":false},"author":1,"featured_media":45482,"parent":0,"menu_order":32,"comment_status":"closed","ping_status":"open","template":"","meta":{"_acf_changed":false,"footnotes":""},"class_list":["post-5120","page","type-page","status-publish","has-post-thumbnail","hentry"],"acf":[],"_links":{"self":[{"href":"https:\/\/konferenztechnik.de\/pl\/wp-json\/wp\/v2\/pages\/5120","targetHints":{"allow":["GET"]}}],"collection":[{"href":"https:\/\/konferenztechnik.de\/pl\/wp-json\/wp\/v2\/pages"}],"about":[{"href":"https:\/\/konferenztechnik.de\/pl\/wp-json\/wp\/v2\/types\/page"}],"author":[{"embeddable":true,"href":"https:\/\/konferenztechnik.de\/pl\/wp-json\/wp\/v2\/users\/1"}],"replies":[{"embeddable":true,"href":"https:\/\/konferenztechnik.de\/pl\/wp-json\/wp\/v2\/comments?post=5120"}],"version-history":[{"count":0,"href":"https:\/\/konferenztechnik.de\/pl\/wp-json\/wp\/v2\/pages\/5120\/revisions"}],"wp:featuredmedia":[{"embeddable":true,"href":"https:\/\/konferenztechnik.de\/pl\/wp-json\/wp\/v2\/media\/45482"}],"wp:attachment":[{"href":"https:\/\/konferenztechnik.de\/pl\/wp-json\/wp\/v2\/media?parent=5120"}],"curies":[{"name":"wp","href":"https:\/\/api.w.org\/{rel}","templated":true}]}}