{"id":5406,"date":"2015-02-09T13:31:50","date_gmt":"2015-02-09T12:31:50","guid":{"rendered":"https:\/\/konferenztechnik.de\/?page_id=5406"},"modified":"2023-09-01T11:46:48","modified_gmt":"2023-09-01T09:46:48","slug":"cechy-bosch-ccs-1000-d","status":"publish","type":"page","link":"https:\/\/konferenztechnik.de\/pl\/cechy-bosch-ccs-1000-d\/","title":{"rendered":"Cechy Bosch CCS 1000 D"},"content":{"rendered":"<p>[column size=\"2-3\u2033 last=\"0\u2033]<\/p>\n<h1>Cechy: Cyfrowy system dyskusyjny Bosch CCS 1000 D<\/h1>\n<p>[\/column]<br \/>\n[column size=\"1-3\u2033 last=\"1\u2033]<br \/>\n<img decoding=\"async\" class=\"alignright size-full wp-image-3924\" src=\"https:\/\/konferenztechnik.de\/wp-content\/uploads\/2013\/11\/logo-pcs-selected-quality.png\" alt=\"Logo PCS wybrana jako\u015b\u0107\" width=\"143\" height=\"88\" title=\"\"><br \/>\n[\/column]<\/p>\n<p><a href=\"https:\/\/konferenztechnik.de\/wp-content\/uploads\/2015\/02\/Bosch-CCS-1000-D-features.jpg\"><img fetchpriority=\"high\" decoding=\"async\" class=\"alignnone size-full wp-image-5365\" src=\"https:\/\/konferenztechnik.de\/wp-content\/uploads\/2015\/02\/Bosch-CCS-1000-D-features.jpg\" alt=\"Bosch-CCS-1000-D-features\" width=\"940\" height=\"411\" title=\"\" srcset=\"https:\/\/konferenztechnik.de\/wp-content\/uploads\/2015\/02\/Bosch-CCS-1000-D-features.jpg 940w, https:\/\/konferenztechnik.de\/wp-content\/uploads\/2015\/02\/Bosch-CCS-1000-D-features-300x131.jpg 300w, https:\/\/konferenztechnik.de\/wp-content\/uploads\/2015\/02\/Bosch-CCS-1000-D-features-768x336.jpg 768w\" sizes=\"(max-width: 940px) 100vw, 940px\" \/><\/a><\/p>\n<p>Zupe\u0142nie nowy CCS 1000 D imponuje prostot\u0105 i \u0142atwo\u015bci\u0105 obs\u0142ugi, bez konieczno\u015bci rezygnacji z najnowszych innowacji technicznych. Przegl\u0105d funkcji systemu mo\u017cna znale\u017a\u0107 tutaj.<\/p>\n<h2>Cechy Bosch CCS 1000 D<\/h2>\n<p>[spacer size=\"20\u2033]<\/p>\n<div class=\"kasten\">\n<div class=\"kastenlinks\"><span class=\"zahl\">1.<\/span><\/div>\n<div class=\"kastenrechts\">\n<h1>Kompaktowy, \u0142atwy w konfiguracji, \u0142atwy w obs\u0142udze<\/h1>\n<p>\u2013 Plug and play<br \/>\n\u2013 Nie jest wymagane szkolenie<br \/>\n\u2013 Nieskomplikowana, prosta instalacja<br \/>\n\u2013 Nie jest wymagana rozbudowana konfiguracja<\/p>\n<\/div>\n<p>[clear]<\/p>\n<\/div>\n<p>[spacer size=\"20\u2033]<\/p>\n<div class=\"kasten\">\n<div class=\"kastenlinks\"><span class=\"zahl\">2.<\/span><\/div>\n<div class=\"kastenrechts\">\n<h1>Dobry d\u017awi\u0119k i wy\u017csza g\u0142o\u015bno\u015b\u0107 bez sprz\u0119\u017cenia zwrotnego<\/h1>\n<p>\u2013 G\u0142o\u015bnik i mikrofon aktywne w tym samym czasie<br \/>\n\u2013 Wbudowany cyfrowy t\u0142umik sprz\u0119\u017cenia zwrotnego (DAFS)<br \/>\n\u2013 Doskona\u0142a zrozumia\u0142o\u015b\u0107 mowy dla wszystkich uczestnik\u00f3w<\/p>\n<\/div>\n<p>[clear]<\/p>\n<\/div>\n<p>[spacer size=\"20\u2033]<\/p>\n<div class=\"kasten\">\n<div class=\"kastenlinks\"><span class=\"zahl\">3.<\/span><\/div>\n<div class=\"kastenrechts\">\n<h1>Wygodne nagrywanie<\/h1>\n<p>\u2013 Nagrywanie cyfrowe w pami\u0119ci wewn\u0119trznej: do 8 godzin<br \/>\n\u2013 Cyfrowe nagrywanie za pomoc\u0105 pami\u0119ci USB 128 GB: do 4000 godzin<\/p>\n<\/div>\n<p>[clear]<\/p>\n<\/div>\n<p>[spacer size=\"20\u2033]<\/p>\n<div class=\"kasten\">\n<div class=\"kastenlinks\"><span class=\"zahl\">4.<\/span><\/div>\n<div class=\"kastenrechts\">\n<h1>Prosty interfejs sieciowy do zaawansowanej konfiguracji i kontroli<\/h1>\n<p>\u2013 Rozszerzone opcje ustawie\u0144 dla technik\u00f3w<br \/>\n\u2013 Intuicyjne sterowanie mikrofonem dla przewodnicz\u0105cego<br \/>\n\u2013 Kontrola i rejestrowanie dyskusji<\/p>\n<\/div>\n<p>[clear]<\/p>\n<\/div>\n<p>[spacer size=\"20\u2033]<\/p>\n<div class=\"kasten\">\n<div class=\"kastenlinks\"><span class=\"zahl\">5.<\/span><\/div>\n<div class=\"kastenrechts\">\n<h1>Naturalne wsparcie dla automatycznego sterowania kamer\u0105<\/h1>\n<p>Obs\u0142uga do 6 konferencyjnych kamer kopu\u0142kowych HD w standardzie \u2013<br \/>\nKonfiguracja przez przegl\u0105dark\u0119 internetow\u0105, bez dodatkowego oprogramowania<br \/>\n\u2013 Krystalicznie czysta prezentacja aktywnego g\u0142o\u015bnika<\/p>\n<\/div>\n<p>[clear]<\/p>\n<\/div>\n<p><span style=\"font-size: 2.0em;\"><br \/>\n+<br \/>\n<\/span><\/p>\n<div class=\"kasten\">\n<div class=\"kastenlinks\"><span class=\"zahl\">6.<\/span><\/div>\n<div class=\"kastenrechts\">\n<p>\u2013 Unikalny wy\u015bwietlacz \"Mo\u017cliwo\u015b\u0107 m\u00f3wienia\u201d (mo\u017cliwo\u015b\u0107 m\u00f3wienia)<br \/>\n\u2013 \"Pro\u015bba o rozmow\u0119\u201d Wy\u015bwietlanie (automatyczna lista oczekuj\u0105cych)<br \/>\n\u2013 Tryb oszcz\u0119dzania energii<br \/>\n\u2013 Odporno\u015b\u0107 na \u015bmieci z telefon\u00f3w kom\u00f3rkowych i smartfon\u00f3w (odporno\u015b\u0107 GSM)<\/p>\n<\/div>\n<p>[clear]<\/p>\n<\/div>\n<p>[spacer size=\"40\u2033]<\/p>\n<p>\u0141\u0105cza do systemu konferencyjnego Bosch CCS 1000 D<\/p>\n<p>&#x9B; <a style=\"line-height: 1.5em;\" title=\"\" href=\"\/pl\/wynik-testu-bosch-ccs-1000-d\/\">Wynik testu PCS Bosch CCS 1000 D<\/a><br \/>\n&#x9B; <a style=\"line-height: 1.8em;\" title=\"\" href=\"\/pl\/bosch-ccs-1000-d\/\">Nowe wprowadzenie Bosch CCS 1000 D<\/a><\/p>\n<p>[spacer size=\"40\u2033]<\/p>\n<div class=\"weiterlinks\">\n<h1>Dalsze linki:<\/h1>\n<ul>\n<li>\u203a <a title=\"Dystrybucja\" href=\"\/pl\/dystrybucja-technologii-konferencyjnych-i-multimedialnych\/\">Dystrybucja technologii konferencyjnych i medialnych<\/a><\/li>\n<li>\u203a <a title=\"Instalacja\" href=\"\/pl\/instalacja-i-integracja-technologii-konferencyjnych-i-systemow-multimedialnych\/\">Instalacja i integracja technologii konferencyjnych i system\u00f3w multimedialnych<\/a><\/li>\n<li>\u203a <a title=\"Obs\u0142uga wydarze\u0144 wieloj\u0119zycznych\" href=\"\/pl\/uslugi-2\/wsparcie-dla-wydarzen-wielojezycznych\/\">Obs\u0142uga wydarze\u0144 wieloj\u0119zycznych<\/a><\/li>\n<\/ul>\n<\/div>","protected":false},"excerpt":{"rendered":"<p>[column size=\"2-3\u2033 last=\"0\u2033] Cechy: Cyfrowy system dyskusyjny Bosch CCS 1000 D [\/column] [column size=\"1-3\u2033 last=\"1\u2033] [\/column] Zupe\u0142nie nowy CCS 1000 D zachwyca prostot\u0105 i \u0142atwo\u015bci\u0105 obs\u0142ugi, bez konieczno\u015bci rezygnacji z najnowszych innowacji technicznych. Przegl\u0105d funkcji systemu mo\u017cna znale\u017a\u0107 tutaj. Cechy Bosch CCS 1000 D [spacer size=\"20\u2033] 1. [...]<\/p>","protected":false},"author":1,"featured_media":45482,"parent":0,"menu_order":31,"comment_status":"closed","ping_status":"open","template":"","meta":{"_acf_changed":false,"footnotes":""},"class_list":["post-5406","page","type-page","status-publish","has-post-thumbnail","hentry"],"acf":[],"_links":{"self":[{"href":"https:\/\/konferenztechnik.de\/pl\/wp-json\/wp\/v2\/pages\/5406","targetHints":{"allow":["GET"]}}],"collection":[{"href":"https:\/\/konferenztechnik.de\/pl\/wp-json\/wp\/v2\/pages"}],"about":[{"href":"https:\/\/konferenztechnik.de\/pl\/wp-json\/wp\/v2\/types\/page"}],"author":[{"embeddable":true,"href":"https:\/\/konferenztechnik.de\/pl\/wp-json\/wp\/v2\/users\/1"}],"replies":[{"embeddable":true,"href":"https:\/\/konferenztechnik.de\/pl\/wp-json\/wp\/v2\/comments?post=5406"}],"version-history":[{"count":0,"href":"https:\/\/konferenztechnik.de\/pl\/wp-json\/wp\/v2\/pages\/5406\/revisions"}],"wp:featuredmedia":[{"embeddable":true,"href":"https:\/\/konferenztechnik.de\/pl\/wp-json\/wp\/v2\/media\/45482"}],"wp:attachment":[{"href":"https:\/\/konferenztechnik.de\/pl\/wp-json\/wp\/v2\/media?parent=5406"}],"curies":[{"name":"wp","href":"https:\/\/api.w.org\/{rel}","templated":true}]}}