{"id":5827,"date":"2015-10-12T11:52:48","date_gmt":"2015-10-12T10:52:48","guid":{"rendered":"https:\/\/konferenztechnik.de\/?page_id=5827"},"modified":"2024-12-04T13:34:56","modified_gmt":"2024-12-04T12:34:56","slug":"kariera","status":"publish","type":"page","link":"https:\/\/konferenztechnik.de\/pl\/kariera\/","title":{"rendered":"Praca"},"content":{"rendered":"<p>[spacer size=\"20\u2033]<br \/>\n[column size=\"3-4\u2033 last=\"0\u2033]<\/p>\n<h1>Oferty pracy, wakaty i sta\u017ce w PCS GmbH<\/h1>\n<p>PCS GmbH jest organizacj\u0105 szkoleniow\u0105. Szkolimy specjalist\u00f3w ds. technologii eventowych, specjalist\u00f3w ds. logistyki magazynowej i asystent\u00f3w ds. zarz\u0105dzania eventami. Jeste\u015b zainteresowany? Wszystkie oferty pracy mo\u017cna znale\u017a\u0107 tutaj.<\/p>\n<p>Zawsze poszukujemy r\u00f3wnie\u017c wykwalifikowanych pracownik\u00f3w. Je\u015bli obecnie nie ma dla Ciebie odpowiedniego wakatu, mo\u017cesz r\u00f3wnie\u017c przes\u0142a\u0107 nam niezam\u00f3wion\u0105 aplikacj\u0119.<\/p>\n<p>Aplikacje dla Monachium i D\u00fcsseldorfu prosimy przesy\u0142a\u0107 do Thorstena Gei\u00dflera:<br \/>\n<a href=\"mailto:geissler@konferenztechnik.de\">geissler@konferenztechnik.de<\/a><\/p>\n<p>Prosimy o przesy\u0142anie zg\u0142osze\u0144 do Berlina do Gunnara Hermenau:<br \/>\n<a href=\"mailto:hermenau@konferenztechnik.de\">hermenau@konferenztechnik.de<\/a><\/p>\n<p>Je\u015bli masz jakiekolwiek pytania dotycz\u0105ce naszych ofert pracy i praktyk, skontaktuj si\u0119 z nami<\/p>\n<p>[\/column]<\/p>\n<p>[column size=\"1-4\u2033 last=\"1\u2033]<\/p>\n<p>[\/column]<\/p>\n<h2><b>Aktualne oferty pracy<\/b><\/h2>\n<p>[spacer size=\"20\u2033]<br \/>\n[column size=\"1-3\u2033 last=\"1\u2033]<br \/>\n<a href=\"https:\/\/konferenztechnik.de\/jobs\/fachkraft-fuer-veranstaltungstechnik-d-w-m-gesucht\/\"><\/a><\/p>\n<p><a href=\"https:\/\/konferenztechnik.de\/jobs\/fachkraft-fuer-veranstaltungstechnik-d-w-m-gesucht\/\"><\/p>\n<h3><b>Specjalista ds. technologii eventowych (d\/w\/m),<br \/>\nIn\u017cynierowie wydarze\u0144, technicy medi\u00f3w AV<br \/>\nD\u00fcsseldorf<\/b><\/h3>\n<p><\/a><a href=\"https:\/\/konferenztechnik.de\/jobs\/fachkraft-fuer-veranstaltungstechnik-d-w-m-gesucht\/\"><\/a><\/p>\n<p>Obecnie poszukujemy technik\u00f3w z r\u00f3\u017cnych dziedzin technologii eventowej, kt\u00f3rzy wespr\u0105 nas w technicznej realizacji konferencji i wydarze\u0144 w naszej lokalizacji w D\u00fcsseldorfie.<\/p>\n<p>[button link=\"https:\/\/www.konferenztechnik.de\/jobs\/fachkraft-fuer-veranstaltungstechnik-d-w-m-gesucht\/\" target=\"self\" color=\"#a62055\u2033 text=\"light\"]Informacje i z\u0142\u00f3\u017c wniosek[\/button]<br \/>\n[\/column]<\/p>\n<p>[column size=\"1-3\u2033 last=\"1\u2033]<br \/>\n<a href=\"https:\/\/konferenztechnik.de\/pl\/event-technology-specialist-d-f-m-poszukiwany-w-berlinie\/\"><\/a><\/p>\n<p><a href=\"https:\/\/konferenztechnik.de\/pl\/event-technology-specialist-d-f-m-poszukiwany-w-berlinie\/\"><\/p>\n<h3><b>Specjalista ds. technologii eventowych (d\/w\/m),<br \/>\nIn\u017cynierowie wydarze\u0144, technicy medi\u00f3w AV<br \/>\nBerlin<\/b><\/h3>\n<p><\/a><a href=\"https:\/\/konferenztechnik.de\/pl\/event-technology-specialist-d-f-m-poszukiwany-w-berlinie\/\"><\/a><\/p>\n<p>Obecnie poszukujemy technik\u00f3w z r\u00f3\u017cnych dziedzin technologii eventowej, kt\u00f3rzy wespr\u0105 nas w technicznej realizacji konferencji i wydarze\u0144 w naszej lokalizacji w Berlinie.<\/p>\n<p>[button link=\"https:\/\/www.konferenztechnik.de\/fachkraft-fuer-veranstaltungstechnik-d-w-m-in-berlin-gesucht\/\" target=\"self\" color=\"#a62055\u2033 text=\"light\"]Informacje i z\u0142\u00f3\u017c wniosek[\/button]<br \/>\n[\/column]<\/p>\n<p>[column size=\"1-3\u2033 last=\"1\u2033]<br \/>\n<a href=\"https:\/\/konferenztechnik.de\/pl\/event-technology-specialist-d-f-m-poszukiwany-w-monachium\/\"><\/a><\/p>\n<p><a href=\"https:\/\/konferenztechnik.de\/pl\/event-technology-specialist-d-f-m-poszukiwany-w-monachium\/\"><\/p>\n<h3><b>Specjalista ds. technologii eventowych (d\/w\/m),<br \/>\nIn\u017cynierowie wydarze\u0144, technicy medi\u00f3w AV<br \/>\nMonachium<\/b><\/h3>\n<p><\/a><a href=\"https:\/\/konferenztechnik.de\/pl\/event-technology-specialist-d-f-m-poszukiwany-w-monachium\/\"><\/a><\/p>\n<p>Obecnie poszukujemy technik\u00f3w z r\u00f3\u017cnych dziedzin technologii eventowej, kt\u00f3rzy wespr\u0105 nas w technicznej realizacji konferencji i wydarze\u0144 w naszej lokalizacji w Monachium.<\/p>\n<p>[button link=\"https:\/\/www.konferenztechnik.de\/fachkraft-fuer-veranstaltungstechnik-d-w-m-in-muenchen-gesucht\/\" target=\"self\" color=\"#a62055\u2033 text=\"light\"]Informacje i z\u0142\u00f3\u017c wniosek[\/button]<br \/>\n[\/column]<\/p>\n<p>[spacer size=\"50\u2033]<\/p>\n<p>[column size=\"1-3\u2033 last=\"1\u2033]<br \/>\n<a href=\"https:\/\/konferenztechnik.de\/jobs\/buero-servicekraft-m-w-d-gesucht\/\"><\/a><\/p>\n<p><a href=\"https:\/\/konferenztechnik.de\/jobs\/buero-servicekraft-m-w-d-gesucht\/\"><\/p>\n<h3><b>Poszukiwany pracownik obs\u0142ugi biura (m\/k\/d)<br \/>\nBerlin<\/b><\/h3>\n<p><\/a><a href=\"https:\/\/konferenztechnik.de\/jobs\/buero-servicekraft-m-w-d-gesucht\/\"><\/a><\/p>\n<p>Obecnie poszukujemy Office Service Assistant (d\/f\/m) do naszego biura w Berlinie, aby zorganizowa\u0107 nasze biuro i studia t\u0142umacze\u0144 przed i po spotkaniach i konferencjach.<\/p>\n<p>[button link=\"https:\/\/www.konferenztechnik.de\/jobs\/buero-servicekraft-m-w-d-gesucht\/\" target=\"self\" color=\"#a62055\u2033 text=\"light\"]Informacje i z\u0142\u00f3\u017c wniosek[\/button]<br \/>\n[\/column]<\/p>\n<p>[column size=\"1-3\u2033 last=\"1\u2033]<br \/>\n<a href=\"https:\/\/konferenztechnik.de\/jobs\/technische-hilfskraft-m-w-d-fuer-kommissionierung-und-transport-gesucht\/\"><\/a><\/p>\n<p><a href=\"https:\/\/konferenztechnik.de\/jobs\/technische-hilfskraft-m-w-d-fuer-kommissionierung-und-transport-gesucht\/\"><\/p>\n<h3><b>Poszukiwany asystent techniczny (m\/k\/d) do kompletacji zam\u00f3wie\u0144 i transportu<br \/>\nBerlin<\/b><\/h3>\n<p><\/a><a href=\"https:\/\/konferenztechnik.de\/jobs\/technische-hilfskraft-m-w-d-fuer-kommissionierung-und-transport-gesucht\/\"><\/a><\/p>\n<p>Poszukujemy asystenta technicznego (m\/k\/d), kt\u00f3ry wesprze nas w kompletowaniu zam\u00f3wie\u0144 w naszym magazynie, przejazdach transportowych oraz monta\u017cu i demonta\u017cu sprz\u0119tu technicznego.<\/p>\n<p>[button link=\"https:\/\/www.konferenztechnik.de\/jobs\/technische-hilfskraft-m-w-d-fuer-kommissionierung-und-transport-gesucht\/\" target=\"self\" color=\"#a62055\u2033 text=\"light\"]Informacje i z\u0142\u00f3\u017c wniosek[\/button]<br \/>\n[\/column]<\/p>\n<p>[column size=\"1-3\u2033 last=\"1\u2033]<br \/>\n<a href=\"https:\/\/konferenztechnik.de\/jobs\/technikerin-m-w-d-fuer-den-bereich-kommissionierung-und-transport-gesucht\/\"><\/a><\/p>\n<p><a href=\"https:\/\/konferenztechnik.de\/jobs\/technikerin-m-w-d-fuer-den-bereich-kommissionierung-und-transport-gesucht\/\"><\/p>\n<h3><b>Technik (m\/k\/d) poszukiwany do obszaru kompletacji zam\u00f3wie\u0144 i transportu<br \/>\nBerlin<\/b><\/h3>\n<p><\/a><a href=\"https:\/\/konferenztechnik.de\/jobs\/technikerin-m-w-d-fuer-den-bereich-kommissionierung-und-transport-gesucht\/\"><\/a><\/p>\n<p>Poszukujemy technika, kt\u00f3ry wesprze nas w kompletowaniu zam\u00f3wie\u0144 w naszym magazynie, przejazdach transportowych oraz monta\u017cu i demonta\u017cu sprz\u0119tu technicznego.<\/p>\n<p>[button link=\"https:\/\/www.konferenztechnik.de\/jobs\/technikerin-m-w-d-fuer-den-bereich-kommissionierung-und-transport-gesucht\/\" target=\"self\" color=\"#a62055\u2033 text=\"light\"]Informacje i z\u0142\u00f3\u017c wniosek[\/button]<br \/>\n[\/column]<\/p>\n<p>[spacer size=\"30\u2033]<\/p>\n<hr>\n<p>[spacer size=\"30\u2033]<\/p>\n<h2><b>Praktyki zawodowe na rok 2023 \u2013 w PCS konferenztechnik.de<\/b><\/h2>\n<p>Poszukujemy sta\u017cyst\u00f3w na rok szkoleniowy 2023 i czekamy na zg\u0142oszenia!<\/p>\n<p>[spacer size=\"20\u2033]<\/p>\n<p>[column size=\"1-3\u2033 last=\"1\u2033]<br \/>\n<a href=\"https:\/\/konferenztechnik.de\/pl\/szkolenie-na-specjaliste-ds-technologii-eventowych-m-f-d-w-duesseldorfie-2\/\"><\/a><\/p>\n<p><a href=\"https:\/\/konferenztechnik.de\/pl\/szkolenie-na-specjaliste-ds-technologii-eventowych-m-f-d-w-duesseldorfie-2\/\"><\/p>\n<h3><b>Praktyka jako specjalista ds. technologii eventowych (d\/w\/m)<br \/>\nD\u00fcsseldorf<\/b><\/h3>\n<p><\/a><a href=\"https:\/\/konferenztechnik.de\/pl\/szkolenie-na-specjaliste-ds-technologii-eventowych-m-f-d-w-duesseldorfie-2\/\"><\/a><\/p>\n<p>Szkolenie na specjalist\u0119 ds. technologii eventowych w naszym oddziale w D\u00fcsseldorfie.<\/p>\n<p>[button link=\"https:\/\/www.konferenztechnik.de\/ausbildung-zur-fachkraft-fuer-veranstaltungstechnik-m-w-d-in-duesseldorf\/\" target=\"self\" color=\"#a62055\u2033 text=\"light\"]Informacje i z\u0142\u00f3\u017c wniosek[\/button]<br \/>\n[\/column]<\/p>\n<p>[column size=\"1-3\u2033 last=\"1\u2033]<br \/>\n<a href=\"https:\/\/konferenztechnik.de\/pl\/szkolenie-na-specjaliste-ds-technologii-eventowych-m-f-d-w-berlinie-2023\/\"><\/a><\/p>\n<p><a href=\"https:\/\/konferenztechnik.de\/pl\/szkolenie-na-specjaliste-ds-technologii-eventowych-m-f-d-w-berlinie-2023\/\"><\/p>\n<h3><b>Praktyka jako specjalista ds. technologii eventowych (d\/w\/m)<br \/>\nBerlin<\/b><\/h3>\n<p><\/a><a href=\"https:\/\/konferenztechnik.de\/pl\/szkolenie-na-specjaliste-ds-technologii-eventowych-m-f-d-w-berlinie-2023\/\"><\/a><\/p>\n<p>Szkolenie na specjalist\u0119 ds. technologii eventowych w naszym oddziale w Berlinie.<\/p>\n<p>[button link=\"https:\/\/www.konferenztechnik.de\/ausbildung-zur-fachkraft-fuer-veranstaltungstechnik-m-w-d-in-berlin-2023\/\" target=\"self\" color=\"#a62055\u2033 text=\"light\"]Informacje i z\u0142\u00f3\u017c wniosek[\/button]<br \/>\n[\/column]<\/p>\n<p>[column size=\"1-3\u2033 last=\"1\u2033]<br \/>\n<a href=\"https:\/\/konferenztechnik.de\/jobs\/ausbildungsplatz-fachkraft-lagerlogistik-berlin-2023\/\"><\/a><\/p>\n<p><a href=\"https:\/\/konferenztechnik.de\/jobs\/ausbildungsplatz-fachkraft-lagerlogistik-berlin-2023\/\"><\/p>\n<h3><b>Praktyki jako specjalista ds. logistyki magazynowej (d\/w\/m)<br \/>\nBerlin<\/b><\/h3>\n<p><\/a><a href=\"https:\/\/konferenztechnik.de\/jobs\/ausbildungsplatz-fachkraft-lagerlogistik-berlin-2023\/\"><\/a><\/p>\n<p>Szkolenie na specjalist\u0119 ds. logistyki magazynowej w naszym oddziale w Berlinie.<\/p>\n<p>[button link=\"https:\/\/www.konferenztechnik.de\/jobs\/ausbildungsplatz-fachkraft-lagerlogistik-berlin-2023\/\" target=\"self\" color=\"#a62055\u2033 text=\"light\"]Informacje i z\u0142\u00f3\u017c wniosek[\/button]<br \/>\n[\/column]<\/p>\n<p>[spacer size=\"30\u2033]<\/p>\n<hr>\n<p>[spacer size=\"30\u2033]<\/p>\n<h2>Informacje na temat praktyk zawodowych w PCS<\/h2>\n<p>[column size=\"1-3\u2033 last=\"1\u2033]<\/p>\n<h3><strong>Asystent ds. zarz\u0105dzania wydarzeniami<\/strong><\/h3>\n<p>Specjali\u015bci ds. logistyki magazynowej zajmuj\u0105 si\u0119 planowaniem i organizacj\u0105 logistyki. Ich zadania obejmuj\u0105 przyjmowanie, kompletacj\u0119, za\u0142adunek, sk\u0142adowanie, transport i pakowanie towar\u00f3w. Inne elementy szkolenia obejmuj\u0105 zarz\u0105dzanie i kontrol\u0119 handlow\u0105, ochron\u0119 \u015brodowiska lub organizacj\u0119 pracy, informacj\u0119 i komunikacj\u0119. Praktyki trwaj\u0105 trzy lata i odbywaj\u0105 si\u0119 zar\u00f3wno w naszych firmach, jak i w odpowiednich szko\u0142ach zawodowych.<\/p>\n<h4>Wi\u0119cej informacji:<\/h4>\n<p>\u203a <a href=\"https:\/\/www.ihk-berlin.de\/ausbildung\/ausbildungsberufe-von-a-bis-z\/veranstaltungskaufmann-2262380\" target=\"_blank\" rel=\"noopener noreferrer\">IHK Berlin<\/a><br \/>\n\u203a <a href=\"https:\/\/berufenet.arbeitsagentur.de\/berufenet\/faces\/index;BERUFENETJSESSIONID=H4dPyKJvbXrnWotpa2-unjyMlToiDlBPBg0q0Sm5LB_Pd5I_B9D5!358792421?path=null\/suchergebnisse\/kurzbeschreibung&amp;dkz=14448&amp;such=veranstaltungskauffrau\" target=\"_blank\" rel=\"noopener noreferrer\">Federalna agencja zatrudnienia<\/a><\/p>\n<p>[\/column]<\/p>\n<p>[column size=\"1-3\u2033 last=\"1\u2033]<\/p>\n<h3><strong>Specjalista ds. logistyki magazynowej<\/strong><\/h3>\n<p>Specjali\u015bci ds. logistyki magazynowej zajmuj\u0105 si\u0119 planowaniem i organizacj\u0105 logistyki. Ich zadania obejmuj\u0105 przyjmowanie, kompletacj\u0119, za\u0142adunek, sk\u0142adowanie, transport i pakowanie towar\u00f3w. Inne elementy szkolenia obejmuj\u0105 zarz\u0105dzanie i kontrol\u0119 handlow\u0105, ochron\u0119 \u015brodowiska lub organizacj\u0119 pracy, informacj\u0119 i komunikacj\u0119. Praktyki trwaj\u0105 trzy lata i odbywaj\u0105 si\u0119 zar\u00f3wno w naszych firmach, jak i w odpowiednich szko\u0142ach zawodowych.<\/p>\n<h4>Wi\u0119cej informacji:<\/h4>\n<p>\u203a <a href=\"https:\/\/www.ihk-berlin.de\/aus_und_weiterbildung\/Ausbildung\/Ausbildungsberufe_von_A_bis_Z\/Fachkraft_fuer_Veranstaltungstechnik\/2262432\" target=\"_blank\" rel=\"noopener noreferrer\">IHK Berlin<\/a><br \/>\n\u203a <a href=\"https:\/\/berufenet.arbeitsagentur.de\/berufe\/start?dest=profession&amp;prof-id=8525_8523&amp;status=B\" target=\"_blank\" rel=\"noopener noreferrer\">Federalna agencja zatrudnienia<\/a><br \/>\n\u203a <a href=\"https:\/\/de.wikipedia.org\/wiki\/Fachkraft_f%C3%BCr_Lagerlogistik\" target=\"_blank\" rel=\"noopener noreferrer\">Wikipedia<\/a><\/p>\n<p>[\/column]<\/p>\n<p>[column size=\"1-3\u2033 last=\"1\u2033]<\/p>\n<h3><strong>Specjalista ds. technologii eventowych<\/strong><\/h3>\n<p>Jako specjalista ds. techniki eventowej b\u0119dziesz odpowiedzialny za monta\u017c, demonta\u017c i obs\u0142ug\u0119 konstrukcji scenicznych i scenograficznych, a tak\u017ce system\u00f3w o\u015bwietleniowych, projekcyjnych i d\u017awi\u0119kowych. Praktyki trwaj\u0105 trzy lata i odbywaj\u0105 si\u0119 zar\u00f3wno w naszej firmie, jak i w odpowiednich szko\u0142ach zawodowych.<\/p>\n<h4>Wi\u0119cej informacji:<\/h4>\n<p>\u203a <a href=\"https:\/\/www.ihk-berlin.de\/aus_und_weiterbildung\/Ausbildung\/Ausbildungsberufe_von_A_bis_Z\/Fachkraft_fuer_Veranstaltungstechnik\/2262432\" target=\"_blank\" rel=\"noopener noreferrer\">IHK Berlin<\/a><br \/>\n\u203a <a href=\"https:\/\/berufenet.arbeitsagentur.de\/berufe\/start?dest=profession&amp;prof-id=27448_27449&amp;status=B\" target=\"_blank\" rel=\"noopener noreferrer\">Federalna agencja zatrudnienia<\/a><br \/>\n\u203a <a href=\"https:\/\/de.wikipedia.org\/wiki\/Fachkraft_f%C3%BCr_Lagerlogistik\" target=\"_blank\" rel=\"noopener noreferrer\">Wikipedia<\/a><\/p>\n<p>[\/column]<\/p>\n<p>[spacer size=\"30\u2033]<\/p>\n<hr>\n<p>[spacer size=\"30\u2033]<\/p>\n<h2>Jeste\u015bmy cz\u0142onkiem lub cz\u0142onkiem wspieraj\u0105cym nast\u0119puj\u0105cych stowarzysze\u0144:<\/h2>\n<p>[column size=\"1-3\u2033 last=\"1\u2033]<a href=\"https:\/\/www.100pro.org\/\" target=\"_blank\" rel=\"noopener noreferrer\"><br \/>\n<img decoding=\"async\" src=\"https:\/\/konferenztechnik.de\/wp-content\/uploads\/2015\/10\/logo-100proOrg.jpg\" alt=\"Logo 100 Pro Org\" width=\"150\" height=\"149\" class=\"alignleft size-full wp-image-6492\" title=\"\"><\/a><br \/>\n[\/column]<\/p>\n<p>[column size=\"1-3\u2033 last=\"1\u2033]<br \/>\n<a href=\"https:\/\/www.vplt.org\/\" target=\"_blank\" rel=\"noopener noreferrer\"><br \/>\n<img decoding=\"async\" src=\"https:\/\/konferenztechnik.de\/wp-content\/uploads\/2015\/10\/vplt-logo.jpg\" alt=\"Logo VPLT\" width=\"216\" height=\"69\" class=\"alignleft size-full wp-image-6493\" title=\"\"><\/a><br \/>\n[\/column]<\/p>\n<p>[column size=\"1-3\u2033 last=\"1\u2033]<a href=\"https:\/\/isdv.net\/\" target=\"_blank\" rel=\"noopener noreferrer\"><br \/>\n<img decoding=\"async\" src=\"https:\/\/konferenztechnik.de\/wp-content\/uploads\/2015\/10\/isdv-logo.png\" alt=\"Logo ISDV\" width=\"240\" height=\"140\" class=\"alignleft size-full wp-image-6494\" title=\"\"><\/a><br \/>\n[\/column]<\/p>","protected":false},"excerpt":{"rendered":"<p>[spacer size=&#8220;20&#8243;] [column size=&#8220;3-4&#8243; last=&#8220;0&#8243;] Jobs, Stellenangebote und Ausbildungspl\u00e4tze bei der PCS GmbH Die PCS GmbH ist Ausbildungsbetrieb. Wir bilden zur Fachkraft f\u00fcr Veranstaltungstechnik, Fachkraft f\u00fcr Lagerlogistik und zur Veranstaltungskauffrau \/ zum Veranstaltungskaufmann aus. Sind Sie interessiert? Hier finden Sie alle freien Stellen. Au\u00dferdem sind wir immer wieder auf der Suche nach qualifizierten Mitarbeitern. Falls [&hellip;]<\/p>","protected":false},"author":1,"featured_media":45482,"parent":0,"menu_order":50,"comment_status":"closed","ping_status":"closed","template":"","meta":{"_acf_changed":false,"footnotes":""},"class_list":["post-5827","page","type-page","status-publish","has-post-thumbnail","hentry"],"acf":[],"_links":{"self":[{"href":"https:\/\/konferenztechnik.de\/pl\/wp-json\/wp\/v2\/pages\/5827","targetHints":{"allow":["GET"]}}],"collection":[{"href":"https:\/\/konferenztechnik.de\/pl\/wp-json\/wp\/v2\/pages"}],"about":[{"href":"https:\/\/konferenztechnik.de\/pl\/wp-json\/wp\/v2\/types\/page"}],"author":[{"embeddable":true,"href":"https:\/\/konferenztechnik.de\/pl\/wp-json\/wp\/v2\/users\/1"}],"replies":[{"embeddable":true,"href":"https:\/\/konferenztechnik.de\/pl\/wp-json\/wp\/v2\/comments?post=5827"}],"version-history":[{"count":0,"href":"https:\/\/konferenztechnik.de\/pl\/wp-json\/wp\/v2\/pages\/5827\/revisions"}],"wp:featuredmedia":[{"embeddable":true,"href":"https:\/\/konferenztechnik.de\/pl\/wp-json\/wp\/v2\/media\/45482"}],"wp:attachment":[{"href":"https:\/\/konferenztechnik.de\/pl\/wp-json\/wp\/v2\/media?parent=5827"}],"curies":[{"name":"wp","href":"https:\/\/api.w.org\/{rel}","templated":true}]}}