{"id":6443,"date":"2016-04-07T15:41:05","date_gmt":"2016-04-07T14:41:05","guid":{"rendered":"https:\/\/konferenztechnik.de\/?page_id=6443"},"modified":"2023-09-01T12:08:03","modified_gmt":"2023-09-01T10:08:03","slug":"letni-kabel","status":"publish","type":"page","link":"https:\/\/konferenztechnik.de\/pl\/producent\/letni-kabel\/","title":{"rendered":"Summer Cable"},"content":{"rendered":"<p>[column size=\"1-2\u2033 last=\"0\u2033]<\/p>\n<h1>Summer Cable<\/h1>\n<p>[\/column]<br \/>\n[column size=\"1-2\u2033 last=\"1\u2033]<img decoding=\"async\" width=\"407\" height=\"74\" src=\"https:\/\/konferenztechnik.de\/wp-content\/uploads\/2016\/04\/logo-sommercable.jpg\" alt=\"Logo Sommercable\" class=\"alignright size-full wp-image-6445\" title=\"\" srcset=\"https:\/\/konferenztechnik.de\/wp-content\/uploads\/2016\/04\/logo-sommercable.jpg 407w, https:\/\/konferenztechnik.de\/wp-content\/uploads\/2016\/04\/logo-sommercable-300x55.jpg 300w\" sizes=\"(max-width: 407px) 100vw, 407px\" \/>[\/column]<\/p>\n<p>Sommer Cable specjalizuje si\u0119 w profesjonalnej technologii kablowej i po\u0142\u0105czeniowej, w szczeg\u00f3lno\u015bci w technologii audio, wideo, nadawczej, studyjnej i medialnej.<\/p>\n<p><img fetchpriority=\"high\" decoding=\"async\" width=\"933\" height=\"425\" src=\"https:\/\/konferenztechnik.de\/wp-content\/uploads\/2016\/04\/sommercable-pcs.jpg\" alt=\"Sommercable w PCS\" class=\"alignleft size-full wp-image-6450\" title=\"\" srcset=\"https:\/\/konferenztechnik.de\/wp-content\/uploads\/2016\/04\/sommercable-pcs.jpg 933w, https:\/\/konferenztechnik.de\/wp-content\/uploads\/2016\/04\/sommercable-pcs-300x137.jpg 300w, https:\/\/konferenztechnik.de\/wp-content\/uploads\/2016\/04\/sommercable-pcs-768x350.jpg 768w\" sizes=\"(max-width: 933px) 100vw, 933px\" \/><\/p>\n<p>Sommercable oferuje nie tylko idealne kable do ka\u017cdego zastosowania, ale tak\u017ce doskona\u0142\u0105 obs\u0142ug\u0119, szybkie terminy dostaw i rozwi\u0105zania dla indywidualnych zapyta\u0144. Od Sommercable pozyskujemy r\u00f3wnie\u017c komponenty aktywne, panele po\u0142\u0105czeniowe, adaptery i wiele rozwi\u0105za\u0144 problem\u00f3w dla instalacji sta\u0142ych.<\/p>\n<p>[column size=\"1-3\u2033 last=\"1\u2033]<\/p>\n<h2>Kable<\/h2>\n<p>D\u017awi\u0119k na metry<br \/>\nInstrument na metry<br \/>\nG\u0142o\u015bnik na metry<br \/>\nWideo na metry<br \/>\n\u015awiat\u0142ow\u00f3d\/LAN\/CAT na metry<br \/>\nZasilanie\/sterowanie za pomoc\u0105 licznika<br \/>\nHybryda\/kombinacja na metry<br \/>\nKabel audio\/g\u0142o\u015bnikowy<br \/>\nKabel BNC\/wideo<br \/>\nKabel komputerowy\/medialny<br \/>\nHiFi &amp; Home<br \/>\nKabel instrumentu<br \/>\nKabel obci\u0105\u017cenia\/zasilania<br \/>\nWielokana\u0142owo\u015b\u0107\/wielordzeniowo\u015b\u0107<br \/>\nKabel mikrofonowy<br \/>\nKabel krosowy\/adapter<br \/>\nStudio Looms<br \/>\nInne<br \/>\n[\/column]<\/p>\n<p>[column size=\"1-3\u2033 last=\"1\u2033]<\/p>\n<h2>Z\u0142\u0105cze wtykowe<\/h2>\n<p>Adapter<br \/>\nBNC\/coax<br \/>\nCinch (RCA)<br \/>\nHiFi<br \/>\nJack\/Jack<br \/>\nObci\u0105\u017cenie\/Zasilanie<br \/>\nWielokana\u0142owy\/wielostykowy<br \/>\nRJ45\/CAT\/FIBER<br \/>\nG\u0142o\u015bnik<br \/>\nXLR<br \/>\nInne<br \/>\nAkcesoria<br \/>\n[\/column]<\/p>\n<p>[column size=\"1-3\u2033 last=\"1\u2033]<\/p>\n<h2>Systemy dystrybucji<\/h2>\n<p>Panele po\u0142\u0105czeniowe 19\u2033<br \/>\nInstalacja sta\u0142a<br \/>\nObci\u0105\u017cenie\/Zasilanie<br \/>\nMultimedia\/\u015bwiat\u0142ow\u00f3d\/hybryda<br \/>\nG\u0142o\u015bnik<br \/>\nSkrzynie sceniczne<br \/>\nStagereels<br \/>\nWielordzeniowo\u015b\u0107 sceniczna<br \/>\nSystem obud\u00f3w SYSBOXX<br \/>\nSkrzynka \u015bcienna SYSBOARD<br \/>\nZbiornik sto\u0142owy SYSDESK<br \/>\nRama zbiornika pod\u0142ogowego SYSFLOOR<br \/>\nSystem instalacyjny SYSPANEL 1U<br \/>\nSystem modu\u0142\u00f3w \u015bciennych SYSWALL<br \/>\nAkcesoria<br \/>\n[\/column]<\/p>\n<p>[button link=\"https:\/\/konferenztechnik.de\/hersteller\/\" target=\"self\" icon=\"moon-arrow-left-9\u2033 color=\"#a62055\u2033 text=\"light\"]Wstecz[\/button]<\/p>","protected":false},"excerpt":{"rendered":"<p>[column size=&#8220;1-2&#8243; last=&#8220;0&#8243;] Sommer Cable [\/column] [column size=&#8220;1-2&#8243; last=&#8220;1&#8243;][\/column] Sommercable ist der Spezialist f\u00fcr professionelle Kabel- und Anschlusstechnik, insbesondere in Sachen Audio, Video, Broadcast, Studio- und Medientechnik. Sommercable bietet nicht nur f\u00fcr jeden Anwendungsfall das perfekte Kabel, sondern auch perfekten Service, schnelle Lieferzeiten und L\u00f6sungen f\u00fcr individuelle Anfragen. Wir beziehen bei Sommercable au\u00dferdem aktive Komponenten, [&hellip;]<\/p>","protected":false},"author":1,"featured_media":45482,"parent":6152,"menu_order":41,"comment_status":"closed","ping_status":"closed","template":"","meta":{"_acf_changed":false,"footnotes":""},"class_list":["post-6443","page","type-page","status-publish","has-post-thumbnail","hentry"],"acf":[],"_links":{"self":[{"href":"https:\/\/konferenztechnik.de\/pl\/wp-json\/wp\/v2\/pages\/6443","targetHints":{"allow":["GET"]}}],"collection":[{"href":"https:\/\/konferenztechnik.de\/pl\/wp-json\/wp\/v2\/pages"}],"about":[{"href":"https:\/\/konferenztechnik.de\/pl\/wp-json\/wp\/v2\/types\/page"}],"author":[{"embeddable":true,"href":"https:\/\/konferenztechnik.de\/pl\/wp-json\/wp\/v2\/users\/1"}],"replies":[{"embeddable":true,"href":"https:\/\/konferenztechnik.de\/pl\/wp-json\/wp\/v2\/comments?post=6443"}],"version-history":[{"count":0,"href":"https:\/\/konferenztechnik.de\/pl\/wp-json\/wp\/v2\/pages\/6443\/revisions"}],"up":[{"embeddable":true,"href":"https:\/\/konferenztechnik.de\/pl\/wp-json\/wp\/v2\/pages\/6152"}],"wp:featuredmedia":[{"embeddable":true,"href":"https:\/\/konferenztechnik.de\/pl\/wp-json\/wp\/v2\/media\/45482"}],"wp:attachment":[{"href":"https:\/\/konferenztechnik.de\/pl\/wp-json\/wp\/v2\/media?parent=6443"}],"curies":[{"name":"wp","href":"https:\/\/api.w.org\/{rel}","templated":true}]}}