{"id":6818,"date":"2016-08-02T16:20:57","date_gmt":"2016-08-02T14:20:57","guid":{"rendered":"https:\/\/konferenztechnik.de\/?page_id=6818"},"modified":"2023-07-05T15:03:35","modified_gmt":"2023-07-05T13:03:35","slug":"mobileconnect","status":"publish","type":"page","link":"https:\/\/konferenztechnik.de\/pl\/mobileconnect\/","title":{"rendered":"MobileConnect"},"content":{"rendered":"<h1>Sennheiser MobileConnect i CinemaConnect<\/h1>\n<p>Sennheiser MobileConnect to innowacyjny system umo\u017cliwiaj\u0105cy s\u0142uchanie bez barier w teatrach, operach i musicalach. MobileConnect przesy\u0142a d\u017awi\u0119k na \u017cywo przez sie\u0107 WLAN bezpo\u015brednio do smartfona u\u017cytkownika. Sygna\u0142 audio jest idealnie dostosowany do potrzeb s\u0142uchowych u\u017cytkownika, a nast\u0119pnie przesy\u0142any przez s\u0142uchawki lub bezpo\u015brednio do aparatu s\u0142uchowego \u2013 Wspomaganie s\u0142yszenia sta\u0142o si\u0119 proste!<\/p>\n<h2>Szybka i \u0142atwa instalacja, bez dodatkowych koszt\u00f3w sta\u0142ych.<\/h2>\n<p><img fetchpriority=\"high\" decoding=\"async\" class=\"alignleft size-full wp-image-9964\" src=\"https:\/\/konferenztechnik.de\/wp-content\/uploads\/2016\/08\/sennheiser-mobileconnect-szenario.jpg\" alt=\"Sennheiser MobileConnect w u\u017cyciu\" width=\"558\" height=\"428\" title=\"\" srcset=\"https:\/\/konferenztechnik.de\/wp-content\/uploads\/2016\/08\/sennheiser-mobileconnect-szenario.jpg 558w, https:\/\/konferenztechnik.de\/wp-content\/uploads\/2016\/08\/sennheiser-mobileconnect-szenario-300x230.jpg 300w\" sizes=\"(max-width: 558px) 100vw, 558px\" \/><\/p>\n<p>\u0141atwo integruje si\u0119 z ka\u017cd\u0105 istniej\u0105c\u0105 infrastruktur\u0105 i mo\u017cna go zainstalowa\u0107 w ci\u0105gu jednego dnia. Wystarczy pod\u0142\u0105czy\u0107 istniej\u0105cy system audio do ConnectStation i pod\u0142\u0105czy\u0107 punkt dost\u0119powy WLAN sieci MobileConnect \u2013 jest gotowy. PCS GmbH oferuje kompleksow\u0105 obs\u0142ug\u0119 zam\u00f3wie\u0144, od planowania systemu po instalacj\u0119 i integracj\u0119 z istniej\u0105cym \u015brodowiskiem.<\/p>\n<p>Po zainstalowaniu MobileConnect nie wi\u0105\u017ce si\u0119 z \u017cadnymi kosztami utrzymania ani eksploatacji. Z osobistym telefonem kom\u00f3rkowym jako urz\u0105dzeniem ko\u0144cowym \u2013 s\u0142owo kluczowe \"Bring Your Own Device\" \u2013 nie ma potrzeby obs\u0142ugi baterii, wydawania urz\u0105dze\u0144 lub higieny zestawu s\u0142uchawkowego.<\/p>\n<h2>Asystent dla w\u0142asnych potrzeb s\u0142uchowych<\/h2>\n<p>Opracowany we wsp\u00f3\u0142pracy z Fraunhofer Institute for Digital Media Technology IDMT, osobisty asystent s\u0142uchu umo\u017cliwia szczeg\u00f3lnie intuicyjne dostosowanie d\u017awi\u0119ku do osobistych wymaga\u0144. Nie tylko g\u0142o\u015bno\u015b\u0107 odbieranego sygna\u0142u audio, ale tak\u017ce zrozumia\u0142o\u015b\u0107 mowy i charakterystyk\u0119 d\u017awi\u0119ku mo\u017cna \u0142atwo regulowa\u0107 za pomoc\u0105 dotyku.<\/p>\n<p>\u203a <a href=\"https:\/\/www.innovationsforum.fraunhofer.de\/2016\/02\/fraunhofer-und-sennheiser-apps-fuer-massgeschneidertes-klangerlebnis\/\" target=\"_blank\" rel=\"noopener noreferrer\">Wi\u0119cej informacji na temat algorytmu Instytutu Fraunhofera<\/a><\/p>\n<p><img decoding=\"async\" class=\"alignleft size-full wp-image-9967\" src=\"https:\/\/konferenztechnik.de\/wp-content\/uploads\/2016\/08\/sennheiser-mobileconnect-personal-hearing-idmt.jpg\" alt=\"sennheiser-mobileconnect-personal-hearing-idmt\" width=\"558\" height=\"428\" title=\"\" srcset=\"https:\/\/konferenztechnik.de\/wp-content\/uploads\/2016\/08\/sennheiser-mobileconnect-personal-hearing-idmt.jpg 558w, https:\/\/konferenztechnik.de\/wp-content\/uploads\/2016\/08\/sennheiser-mobileconnect-personal-hearing-idmt-300x230.jpg 300w\" sizes=\"(max-width: 558px) 100vw, 558px\" \/><\/p>\n<h2>Maksymalne w\u0142\u0105czenie<\/h2>\n<p>MobileConnect otwiera dost\u0119p do nowych grup odwiedzaj\u0105cych i oferuje ka\u017cdemu mo\u017cliwo\u015b\u0107 uczestniczenia w \u017cyciu kulturalnym. Opr\u00f3cz wspomagania s\u0142yszenia, system nadaje si\u0119 r\u00f3wnie\u017c do audiodeskrypcji lub t\u0142umaczenia symultanicznego \u2013, dzi\u0119ki czemu dociera do wi\u0119kszej liczby grup docelowych ni\u017c systemy ograniczone tylko do wspomagania s\u0142yszenia.<\/p>\n<p><img decoding=\"async\" class=\"alignleft size-full wp-image-9968\" src=\"https:\/\/konferenztechnik.de\/wp-content\/uploads\/2016\/08\/sennheiser-mobileconnect-barrierefrei.jpg\" alt=\"sennheiser-mobileconnect-barrier-free\" width=\"558\" height=\"428\" title=\"\" srcset=\"https:\/\/konferenztechnik.de\/wp-content\/uploads\/2016\/08\/sennheiser-mobileconnect-barrierefrei.jpg 558w, https:\/\/konferenztechnik.de\/wp-content\/uploads\/2016\/08\/sennheiser-mobileconnect-barrierefrei-300x230.jpg 300w\" sizes=\"(max-width: 558px) 100vw, 558px\" \/><\/p>\n<h2>Dalsze funkcje systemu MobileConnect<\/h2>\n<p>Strumieniowe przesy\u0142anie d\u017awi\u0119ku o niskim op\u00f3\u017anieniu<br \/>\nTransmisja wspomagania s\u0142yszenia, audiodeskrypcji i t\u0142umaczenia symultanicznego<br \/>\nOsobisty asystent s\u0142uchu<br \/>\nBring Your Own Device (BYOD): brak koszt\u00f3w zwi\u0105zanych z udost\u0119pnianiem i konserwacj\u0105 urz\u0105dze\u0144 oraz szkoleniami pracownik\u00f3w.<\/p>\n<p><img loading=\"lazy\" decoding=\"async\" width=\"558\" height=\"428\" class=\"alignleft size-full wp-image-9965\" src=\"https:\/\/konferenztechnik.de\/wp-content\/uploads\/2016\/08\/sennheiser-mobileconnect-kopfhoerer.jpg\" alt=\"s\u0142uchawki sennheiser-mobileconnect\" title=\"\" srcset=\"https:\/\/konferenztechnik.de\/wp-content\/uploads\/2016\/08\/sennheiser-mobileconnect-kopfhoerer.jpg 558w, https:\/\/konferenztechnik.de\/wp-content\/uploads\/2016\/08\/sennheiser-mobileconnect-kopfhoerer-300x230.jpg 300w\" sizes=\"(max-width: 558px) 100vw, 558px\" \/><\/p>\n<p>Skontaktuj si\u0119 z nami, je\u015bli masz jakiekolwiek pytania dotycz\u0105ce MobileConnect. Ch\u0119tnie doradzimy i pomo\u017cemy zaplanowa\u0107 i zainstalowa\u0107 system.<\/p>\n<div class=\"boxcontainer\">\n<div class=\"box1-2\">\n<h1>Osoba do kontaktu<\/h1>\n<\/div>\n<div class=\"box1-2-order\">\n<h1>Dalsze linki<\/h1>\n<\/div>\n<div class=\"box1-4\">\n<div class=\"box-head\">Dystrybucja i sprzeda\u017c<\/div>\n<\/div>\n<div class=\"box2-4-2\" style=\"order: 1;\">\n<div class=\"weiterlinks\"><a title=\"Dystrybucja wed\u0142ug grup produkt\u00f3w\" href=\"\/pl\/grupy-produktow\/\">Dystrybucja wed\u0142ug grup produkt\u00f3w<\/a><br \/>\n<a title=\"Dystrybucja wed\u0142ug producenta\" href=\"\/pl\/producent\/\">Dystrybucja wed\u0142ug producenta<\/a><br \/>\n<a title=\"Produkty na zam\u00f3wienie, konserwacja i naprawy\" href=\"\/pl\/uslugi-2\/konserwacja-i-naprawa\/\">Produkty na zam\u00f3wienie, konserwacja i naprawy<\/a><br \/>\n<a title=\"10 dobrych powod\u00f3w dla PCS\" href=\"\/pl\/o-nas-2\/10-dobrych-powodow-dla-komputerow\/\">10 dobrych powod\u00f3w dla PCS<\/a><br \/>\n<a title=\"Referencje\" href=\"\/pl\/o-nas-2\/instalacja-listy-referencyjnej\/\">Referencje Instalacja i integracja<\/a><br \/>\n<a title=\"PCS: Wszystkie us\u0142ugi w skr\u00f3cie\" href=\"\/pl\/uslugi-2\/\">PCS: Wszystkie us\u0142ugi w skr\u00f3cie<\/a><\/p>\n<\/div>\n<\/div>\n<\/div>","protected":false},"excerpt":{"rendered":"<p>Sennheiser MobileConnect und CinemaConnect Sennheiser MobileConnect ist das innovative System f\u00fcr barrierefreies H\u00f6ren in Theater, Oper und Musical. MobileConnect streamt Audio live via WLAN direkt auf das pers\u00f6nliche Smartphone. Hier wird das Audiosignal perfekt an die eigenen H\u00f6rbed\u00fcrfnisse angepasst und dann \u00fcber Kopfh\u00f6rer oder direkt auf das H\u00f6rger\u00e4t ausgegeben &#8211; H\u00f6runterst\u00fctzung einfach gemacht! Einfache und [&hellip;]<\/p>","protected":false},"author":1,"featured_media":45482,"parent":0,"menu_order":75,"comment_status":"closed","ping_status":"closed","template":"","meta":{"_acf_changed":false,"footnotes":""},"class_list":["post-6818","page","type-page","status-publish","has-post-thumbnail","hentry"],"acf":[],"_links":{"self":[{"href":"https:\/\/konferenztechnik.de\/pl\/wp-json\/wp\/v2\/pages\/6818","targetHints":{"allow":["GET"]}}],"collection":[{"href":"https:\/\/konferenztechnik.de\/pl\/wp-json\/wp\/v2\/pages"}],"about":[{"href":"https:\/\/konferenztechnik.de\/pl\/wp-json\/wp\/v2\/types\/page"}],"author":[{"embeddable":true,"href":"https:\/\/konferenztechnik.de\/pl\/wp-json\/wp\/v2\/users\/1"}],"replies":[{"embeddable":true,"href":"https:\/\/konferenztechnik.de\/pl\/wp-json\/wp\/v2\/comments?post=6818"}],"version-history":[{"count":0,"href":"https:\/\/konferenztechnik.de\/pl\/wp-json\/wp\/v2\/pages\/6818\/revisions"}],"wp:featuredmedia":[{"embeddable":true,"href":"https:\/\/konferenztechnik.de\/pl\/wp-json\/wp\/v2\/media\/45482"}],"wp:attachment":[{"href":"https:\/\/konferenztechnik.de\/pl\/wp-json\/wp\/v2\/media?parent=6818"}],"curies":[{"name":"wp","href":"https:\/\/api.w.org\/{rel}","templated":true}]}}