{"id":6873,"date":"2016-05-25T12:49:55","date_gmt":"2016-05-25T10:49:55","guid":{"rendered":"https:\/\/konferenztechnik.de\/?page_id=6873"},"modified":"2016-05-25T12:49:55","modified_gmt":"2016-05-25T10:49:55","slug":"grupy-produktow","status":"publish","type":"page","link":"https:\/\/konferenztechnik.de\/pl\/grupy-produktow\/","title":{"rendered":"Grupy produkt\u00f3w"},"content":{"rendered":"<h1>Grupy produkt\u00f3w<\/h1>\n<p>[column size=\"1-3\u2033 last=\"1\u2033]<\/p>\n<p><a href=\"\/pl\/dystrybucja-technologii-konferencyjnych-i-multimedialnych\/vanerum-i3\/\"><img fetchpriority=\"high\" decoding=\"async\" width=\"288\" height=\"198\" class=\"alignleft size-full wp-image-3748\" src=\"https:\/\/konferenztechnik.de\/wp-content\/uploads\/2013\/11\/01-i3.jpg\" alt=\"Tablica interaktywna Vanerum i3\" title=\"\"><\/a><br \/>\n<a href=\"\/pl\/dystrybucja-technologii-konferencyjnych-i-multimedialnych\/vanerum-i3\/\">Inteligentna nauka, prezentacja, wsp\u00f3\u0142praca<\/a><br \/>\nTablice interaktywne, wy\u015bwietlacze interaktywne i projektory<\/p>\n<p>[\/column]<\/p>\n<p>[column size=\"1-3\u2033 last=\"1\u2033]<\/p>\n<p><a href=\"\/pl\/dystrybucja-technologii-konferencyjnych-i-multimedialnych\/barco-clickshare\/\"><img decoding=\"async\" width=\"288\" height=\"198\" class=\"alignnone size-full wp-image-3851\" src=\"https:\/\/konferenztechnik.de\/wp-content\/uploads\/2013\/11\/barco_clickshare_bei-pcs.jpg\" alt=\"barco_clickshare_by-pcs\" title=\"\"><\/a><br \/>\n<a href=\"\/pl\/dystrybucja-technologii-konferencyjnych-i-multimedialnych\/barco-clickshare\/\">Prezentacja bezprzewodowa: Barco ClickShare<\/a><br \/>\nJedno klikni\u0119cie i jeste\u015b na ekranie. Barco ClickShare zajmuje si\u0119 ca\u0142\u0105 technologi\u0105.<\/p>\n<p>[\/column]<\/p>\n<p>[column size=\"1-3\u2033 last=\"1\u2033]<\/p>\n<p><a href=\"\/pl\/dystrybucja-technologii-konferencyjnych-i-multimedialnych\/sterowanie-mediami\/\"><img decoding=\"async\" width=\"288\" height=\"198\" class=\"alignleft size-full wp-image-3750\" src=\"https:\/\/konferenztechnik.de\/wp-content\/uploads\/2013\/11\/03-mediensteuerungen.jpg\" alt=\"Sterowanie multimediami w PCS - Crestron, AMX, RTI\" title=\"\"><\/a><br \/>\n<a href=\"\/pl\/dystrybucja-technologii-konferencyjnych-i-multimedialnych\/sterowanie-mediami\/\">Sterowanie multimediami<\/a><br \/>\nSterowanie pomieszczeniem i budynkiem: sterowanie wideo, audio, o\u015bwietleniem i technologi\u0105 budynku<\/p>\n<p>[\/column]<\/p>\n<p>[column size=\"1-3\u2033 last=\"1\u2033]<\/p>\n<p><a href=\"\/pl\/dystrybucja-technologii-konferencyjnych-i-multimedialnych\/udogodnienia-do-dyskusji\/\"><img loading=\"lazy\" decoding=\"async\" class=\"alignnone size-full wp-image-1287\" src=\"https:\/\/konferenztechnik.de\/wp-content\/uploads\/2013\/06\/quinta.jpg\" alt=\"kwinta\" width=\"288\" height=\"198\" title=\"\"><\/a><br \/>\n<a href=\"\/pl\/dystrybucja-technologii-konferencyjnych-i-multimedialnych\/udogodnienia-do-dyskusji\/\">Udogodnienia do dyskusji<\/a><br \/>\nKup profesjonalne systemy: przewodowe lub bezprzewodowe \u2013 o wyj\u0105tkowej jako\u015bci d\u017awi\u0119ku<\/p>\n<p>[\/column]<\/p>\n<p>[column size=\"1-3\u2033 last=\"1\u2033]<\/p>\n<p><a href=\"\/pl\/dystrybucja-technologii-konferencyjnych-i-multimedialnych\/systemy-prowadzace\/\"><img loading=\"lazy\" decoding=\"async\" class=\"alignnone size-full wp-image-3357\" src=\"https:\/\/konferenztechnik.de\/wp-content\/uploads\/2013\/06\/sennheiser.jpg\" alt=\"sennheiser\" width=\"288\" height=\"198\" title=\"\"><\/a><br \/>\n<a href=\"\/pl\/dystrybucja-technologii-konferencyjnych-i-multimedialnych\/systemy-prowadzace\/\">Systemy prowadz\u0105ce<\/a><br \/>\nSolidna konstrukcja, doskona\u0142a jako\u015b\u0107 d\u017awi\u0119ku, nowe akumulatory litowo-jonowe o d\u0142ugim czasie dzia\u0142ania<\/p>\n<p>[\/column]<\/p>\n<p>[column size=\"1-3\u2033 last=\"1\u2033]<\/p>\n<p><a href=\"\/pl\/dystrybucja-technologii-konferencyjnych-i-multimedialnych\/systemy-tlumaczen-ustnych\/\"><img loading=\"lazy\" decoding=\"async\" class=\"alignnone size-full wp-image-1287\" src=\"https:\/\/konferenztechnik.de\/wp-content\/uploads\/2013\/06\/dolmetscherkabine.jpg\" alt=\"kabina t\u0142umacza\" width=\"288\" height=\"198\" title=\"\"><\/a><br \/>\n<a href=\"\/pl\/dystrybucja-technologii-konferencyjnych-i-multimedialnych\/systemy-tlumaczen-ustnych\/\">Systemy t\u0142umacze\u0144 ustnych<\/a><br \/>\nKabiny dla m\u00f3wc\u00f3w i t\u0142umaczy, pulpity dla t\u0142umaczy, technologia t\u0142umaczenia na podczerwie\u0144, technologia t\u0142umaczenia radiowego<\/p>\n<p>[\/column]<\/p>\n<p>[column size=\"1-3\u2033 last=\"1\u2033]<\/p>\n<p><a href=\"\/pl\/dystrybucja-technologii-konferencyjnych-i-multimedialnych\/uchwyty-do-wyswietlaczy-i-projektorow\/\"><img loading=\"lazy\" decoding=\"async\" class=\"alignleft size-full wp-image-3751\" src=\"https:\/\/konferenztechnik.de\/wp-content\/uploads\/2013\/11\/07-projektorenhalterungen.jpg\" alt=\"Uchwyty do projektor\u00f3w i rzutnik\u00f3w\" width=\"288\" height=\"198\" title=\"\"><\/a><br \/>\n<a href=\"\/pl\/dystrybucja-technologii-konferencyjnych-i-multimedialnych\/uchwyty-do-wyswietlaczy-i-projektorow\/\"> Uchwyty do wy\u015bwietlaczy i projektor\u00f3w<\/a><br \/>\nUchwyty sufitowe, stojaki na ekrany, systemy instalacyjne do projektor\u00f3w i ekran\u00f3w, \"latanie\" (olinowanie) projektor\u00f3w, izolacja akustyczna i d\u017awi\u0119koszczelne obudowy<\/p>\n<p>[\/column]<\/p>\n<p>[column size=\"1-3\u2033 last=\"1\u2033]<\/p>\n<p><a href=\"\/pl\/dystrybucja-technologii-konferencyjnych-i-multimedialnych\/technologia-audio-i-wideo\/\"><img loading=\"lazy\" decoding=\"async\" class=\"alignleft size-full wp-image-3752\" src=\"https:\/\/konferenztechnik.de\/wp-content\/uploads\/2013\/11\/08-funklautsprecher.jpg\" alt=\"G\u0142o\u015bnik bezprzewodowy Sennheiser LSP 500 PRO\" width=\"288\" height=\"198\" title=\"\"><\/a><br \/>\n<a href=\"\/pl\/dystrybucja-technologii-konferencyjnych-i-multimedialnych\/technologia-audio-i-wideo\/\">Technologia audio, technologia wideo<\/a><br \/>\nSystemy nag\u0142o\u015bnieniowe, mikrofony, konsole mikserskie, projektory wideo, wy\u015bwietlacze, ekrany, wizualizery, ekrany projekcyjne, digital signage<\/p>\n<p>[\/column]<\/p>\n<p>[column size=\"1-3\u2033 last=\"1\u2033]<br \/>\n<a href=\"\/pl\/dystrybucja-technologii-konferencyjnych-i-multimedialnych\/viprinet\/\"><img loading=\"lazy\" decoding=\"async\" class=\"alignleft size-full wp-image-3753\" src=\"https:\/\/konferenztechnik.de\/wp-content\/uploads\/2013\/11\/09-viprinetb.jpg\" alt=\"Viprinet Multichannel VPN Router 300\" width=\"288\" height=\"198\" title=\"\"><\/a><br \/>\n<a href=\"\/pl\/dystrybucja-technologii-konferencyjnych-i-multimedialnych\/viprinet\/\">Systemy wideokonferencyjne, zdalne t\u0142umaczenia wideo<\/a><br \/>\nNowo\u015b\u0107: Viprinet Multichannel VPN Router 300: szerokopasmowe i bezpieczne po\u0142\u0105czenie z Internetem i\/lub korporacyjn\u0105 sieci\u0105 VPN.<br \/>\n[\/column]<\/p>","protected":false},"excerpt":{"rendered":"<p>Produktgruppen [column size=&#8220;1-3&#8243; last=&#8220;0&#8243;] Intelligentes Lernen, Pr\u00e4sentieren, Zusammenarbeiten Interaktive Whiteboards, interaktive Displays und Projektoren [\/column] [column size=&#8220;1-3&#8243; last=&#8220;0&#8243;] Kabelloses Pr\u00e4sentieren: Barco ClickShare Ein Klick und Sie sind auf dem Screen. Barco ClickShare k\u00fcmmert sich um die ganze Technik. [\/column] [column size=&#8220;1-3&#8243; last=&#8220;1&#8243;] Mediensteuerungen Raum- und Geb\u00e4udesteuerung: Regeln Sie Video-, Audio-, Licht- und Haustechnik [\/column] [column [&hellip;]<\/p>","protected":false},"author":1,"featured_media":45482,"parent":0,"menu_order":90,"comment_status":"closed","ping_status":"closed","template":"","meta":{"_acf_changed":false,"footnotes":""},"class_list":["post-6873","page","type-page","status-publish","has-post-thumbnail","hentry"],"acf":[],"_links":{"self":[{"href":"https:\/\/konferenztechnik.de\/pl\/wp-json\/wp\/v2\/pages\/6873","targetHints":{"allow":["GET"]}}],"collection":[{"href":"https:\/\/konferenztechnik.de\/pl\/wp-json\/wp\/v2\/pages"}],"about":[{"href":"https:\/\/konferenztechnik.de\/pl\/wp-json\/wp\/v2\/types\/page"}],"author":[{"embeddable":true,"href":"https:\/\/konferenztechnik.de\/pl\/wp-json\/wp\/v2\/users\/1"}],"replies":[{"embeddable":true,"href":"https:\/\/konferenztechnik.de\/pl\/wp-json\/wp\/v2\/comments?post=6873"}],"version-history":[{"count":0,"href":"https:\/\/konferenztechnik.de\/pl\/wp-json\/wp\/v2\/pages\/6873\/revisions"}],"wp:featuredmedia":[{"embeddable":true,"href":"https:\/\/konferenztechnik.de\/pl\/wp-json\/wp\/v2\/media\/45482"}],"wp:attachment":[{"href":"https:\/\/konferenztechnik.de\/pl\/wp-json\/wp\/v2\/media?parent=6873"}],"curies":[{"name":"wp","href":"https:\/\/api.w.org\/{rel}","templated":true}]}}