{"id":786,"date":"2013-08-12T10:23:29","date_gmt":"2013-08-12T08:23:29","guid":{"rendered":"https:\/\/pcs-miete.de\/?page_id=786"},"modified":"2023-08-28T15:51:12","modified_gmt":"2023-08-28T13:51:12","slug":"10-dobrych-powodow-dla-komputerow","status":"publish","type":"page","link":"https:\/\/konferenztechnik.de\/pl\/o-nas-2\/10-dobrych-powodow-dla-komputerow\/","title":{"rendered":"10 dobrych powod\u00f3w dla PCS"},"content":{"rendered":"<h1>10 dobrych powod\u00f3w dla PCS<\/h1>\n<p>[spacer size=\"10\u2033]<\/p>\n<div class=\"container-zehn\">\n<div class=\"kasten-zehn\">\n<div class=\"kastenlinks\">\n        <span class=\"zahl\">1.<\/span><\/div>\n<div class=\"kastenrechts\">\n<h1>PCS jest dostawc\u0105 wysokiej jako\u015bci technologii konferencyjnych<\/h1>\n<p>PCS jest ekspertem w dziedzinie system\u00f3w t\u0142umacze\u0144 ustnych, system\u00f3w dyskusyjnych, system\u00f3w prowadzenia, system\u00f3w g\u0142osowania i technologii konferencyjnych od 1995 roku. Oferujemy niezawodne planowanie, profesjonalne rozwi\u0105zania i skrupulatn\u0105 realizacj\u0119 zam\u00f3wie\u0144. Serwis jest zawsze naszym najwy\u017cszym priorytetem.<\/p>\n<p>Z ponad 1500 mi\u0119dzynarodowymi konferencjami i sta\u0142ymi instalacjami organizowanymi ka\u017cdego roku, PCS jest jednym z najwi\u0119kszych dostawc\u00f3w us\u0142ug w bran\u017cy na ca\u0142ym \u015bwiecie.<\/p>\n<\/div>\n<p>[clear]<\/p>\n<\/div>\n<p>[spacer size=\"20\u2033]<\/p>\n<div class=\"kasten-zehn\">\n<div class=\"kastenlinks\">\n        <span class=\"zahl\">2.<\/span><\/div>\n<div class=\"kastenrechts\">\n<h1>PCS oferuje pe\u0142n\u0105 obs\u0142ug\u0119 we wszystkich obszarach technologii konferencyjnej<\/h1>\n<ol>\n<li>Wynajem technologii konferencyjnej<\/li>\n<li>Instalacja i integracja technologii konferencyjnych i system\u00f3w multimedialnych<\/li>\n<li>Dystrybucja medi\u00f3w konferencyjnych i AV<\/li>\n<li>Obs\u0142uga wydarze\u0144<\/li>\n<li>Produkty na zam\u00f3wienie, konserwacja i naprawy<\/li>\n<li>Szkolenia i us\u0142ugi dla t\u0142umaczy ustnych<\/li>\n<\/ol>\n<\/div>\n<p>[clear]<\/p>\n<\/div>\n<p>[spacer size=\"20\u2033]<\/p>\n<div class=\"kasten-zehn\">\n<div class=\"kastenlinks\">\n        <span class=\"zahl\">3.<\/span><\/div>\n<div class=\"kastenrechts\">\n<h1>PCS polega na wykwalifikowanych specjalistach<\/h1>\n<p>Zatrudniamy wy\u0142\u0105cznie wysoko wykwalifikowany personel. Nasz zesp\u00f3\u0142 sk\u0142ada si\u0119 z ekspert\u00f3w w bran\u017cy audio i wideo: in\u017cynier\u00f3w, technik\u00f3w eventowych, elektryk\u00f3w, programist\u00f3w i technik\u00f3w eventowych.<\/p>\n<p>Jeste\u015bmy firm\u0105 szkoleniow\u0105 i stale szkolimy nasz zesp\u00f3\u0142 \u2013, od specjalist\u00f3w ds. technologii eventowych po administrator\u00f3w biznesowych i mistrz\u00f3w rzemios\u0142a. Szkolimy pracownik\u00f3w zewn\u0119trznych, technik\u00f3w i t\u0142umaczy w czterech lokalizacjach w Niemczech. Dzi\u0119ki temu jeste\u015bmy r\u00f3wnie\u017c liderem w bran\u017cy, je\u015bli chodzi o kwalifikacje pracownik\u00f3w.<\/p>\n<\/div>\n<p>[clear]<\/p>\n<\/div>\n<p>[spacer size=\"20\u2033]<\/p>\n<div class=\"kasten-zehn\">\n<div class=\"kastenlinks\">\n            <span class=\"zahl\">4.<\/span><\/div>\n<div class=\"kastenrechts\">\n<h1>PCS dzia\u0142a w spos\u00f3b zr\u00f3wnowa\u017cony<\/h1>\n<p>Oczekuje si\u0119, \u017ce wszystkie nasze urz\u0105dzenia b\u0119d\u0105 niezwykle niezawodne i trwa\u0142e, a tak\u017ce ekonomiczne pod wzgl\u0119dem wagi, materia\u0142\u00f3w i zu\u017cycia energii. Przysz\u0142o\u015b\u0107 naszej technologii multimedialnej jest ekologiczna i inteligentna. W instalacjach stacjonarnych mo\u017cliwo\u015bci wysokiej jako\u015bci, energooszcz\u0119dnych rozwi\u0105za\u0144 wykorzystuj\u0105cych nowoczesne jednostki steruj\u0105ce s\u0105 ogromne.<\/p>\n<p>Skupiamy si\u0119 r\u00f3wnie\u017c na zr\u00f3wnowa\u017conych rozwi\u0105zaniach dla naszych w\u0142asnych siedzib biznesowych. Nasza flota pojazd\u00f3w zosta\u0142a zaprojektowana z my\u015bl\u0105 o ograniczeniu emisji CO2, a nasza sie\u0107 oddzia\u0142\u00f3w ogranicza odleg\u0142o\u015bci do niezb\u0119dnego minimum.<\/p>\n<\/div>\n<p>[clear]<\/p>\n<\/div>\n<p>[spacer size=\"20\u2033]<\/p>\n<div class=\"kasten-zehn\">\n<div class=\"kastenlinks\">\n        <span class=\"zahl\">5.<\/span><\/div>\n<div class=\"kastenrechts\">\n<h1>PCS dystrybuuje niezale\u017cne od producenta<\/h1>\n<p>Uda\u0142o nam si\u0119 pozyska\u0107 odpowiednich producent\u00f3w technologii konferencyjnych i dystrybuowa\u0107 gam\u0119 produkt\u00f3w, kt\u00f3ra jest unikalna w Europie. Nasz repertuar jest wzbogacony o niestandardowe produkty i indywidualne rozwi\u0105zania \"Made by PCS\". Jeste\u015bmy dystrybutorami Sennheiser, Bosch, Beyerdynamic, Televic, Audipack, Panasonic, Shure, Crestron, AMX i wielu innych.<\/p>\n<\/div>\n<p>[clear]<\/p>\n<\/div>\n<p>[spacer size=\"20\u2033]<\/p>\n<div class=\"kasten-zehn\">\n<div class=\"kastenlinks\">\n        <span class=\"zahl\">6.<\/span><\/div>\n<div class=\"kastenrechts\">\n<h1>PCS jest szybki i elastyczny<\/h1>\n<p>PCS stale rozwija swoj\u0105 sie\u0107 oddzia\u0142\u00f3w w Niemczech. Obecnie mo\u017cna nas znale\u017a\u0107 w Berlinie, Monachium i D\u00fcsseldorfie. Zatrudniaj\u0105c ponad 30 sta\u0142ych pracownik\u00f3w w obszarach harmonogramowania, planowania, realizacji projekt\u00f3w i us\u0142ug terenowych, szybko reagujemy na zapytania i pro\u015bby klient\u00f3w. Nasza szeroka gama technologii pozwala nam realizowa\u0107 kilka wymagaj\u0105cych produkcji r\u00f3wnolegle i profesjonalnie reagowa\u0107 na nieprzewidziane okoliczno\u015bci.<\/p>\n<\/div>\n<p>[clear]<\/p>\n<\/div>\n<p>[spacer size=\"20\u2033]<\/p>\n<div class=\"kasten-zehn\">\n<div class=\"kastenlinks\">\n<span class=\"zahl\">7.<\/span><\/div>\n<div class=\"kastenrechts\">\n<h1>PCS dzia\u0142a na ca\u0142ym \u015bwiecie<\/h1>\n<p>Obs\u0142ugujemy klient\u00f3w w Madrycie, Amsterdamie, Szanghaju, Tokio, Moskwie i na ca\u0142ym \u015bwiecie. Mi\u0119dzynarodowy biznes konferencyjny to wyzwanie, kt\u00f3re z przyjemno\u015bci\u0105 podejmujemy z pasj\u0105.<\/p>\n<\/div>\n<p>[clear]<\/p>\n<\/div>\n<p>[spacer size=\"20\u2033]<\/p>\n<div class=\"kasten-zehn\">\n<div class=\"kastenlinks\">\n<span class=\"zahl\">8.<\/span><\/div>\n<div class=\"kastenrechts\">\n<h1>PCS oferuje bezb\u0142\u0119dnie przetestowane bezpiecze\u0144stwo operacyjne<\/h1>\n<p>Ka\u017cde wdro\u017cenie PCS jest niezawodne. Jeste\u015bmy przyzwyczajeni do spe\u0142niania najwy\u017cszych standard\u00f3w w ka\u017cdej lokalizacji przez ca\u0142y czas i zapewniania, \u017ce wszystko przebiega p\u0142ynnie. Ka\u017cdy, kto oferuje ni\u017csz\u0105 cen\u0119 ni\u017c my, b\u0119dzie mia\u0142 trudno\u015bci z przestrzeganiem wymaganych i odpowiednich przepis\u00f3w oraz wytycznych dotycz\u0105cych bezpiecze\u0144stwa. Obejmuj\u0105 one niezb\u0119dne okresowe kontrole sprz\u0119tu elektrycznego zgodnie z DGUV 3 i VDE 0701\/0702, spe\u0142nienie DGUV 17, BGI 810 i DIN 15750.<\/p>\n<\/div>\n<p>[clear]<\/p>\n<\/div>\n<p>[spacer size=\"20\u2033]<\/p>\n<div class=\"kasten-zehn\">\n<div class=\"kastenlinks\">\n<span class=\"zahl\">9.<\/span><\/div>\n<div class=\"kastenrechts\">\n<h1>PCS zobowi\u0105zuje si\u0119 do<\/h1>\n<p>PCS dba o interesy t\u0142umaczy ustnych, operator\u00f3w obiekt\u00f3w konferencyjnych, technik\u00f3w i lokalnych organizator\u00f3w. \u015aci\u015ble wsp\u00f3\u0142pracujemy ze stowarzyszeniami t\u0142umaczy ustnych i jeste\u015bmy aktywni w Association for Media and Event Technology. D\u0105\u017cymy do doskona\u0142ej komunikacji wykraczaj\u0105cej poza granice naszej pracy \u2013, a je\u015bli nie rozumiesz naszego \u017cargonu konferencyjnego, tutaj znajdziesz pomoc: <a href=\"\/pl\/leksykon\/\" title=\"www.konferenztechnik.de\/lexikon\">www.konferenztechnik.de\/lexikon<\/a><\/p>\n<\/div>\n<p>[clear]<\/p>\n<\/div>\n<p>[spacer size=\"20\u2033]<\/p>\n<div class=\"kasten-zehn\">\n<div class=\"kastenlinks\">\n<span class=\"zahl\">10.<\/span><\/div>\n<div class=\"kastenrechts\">\n<h1>PCS jest innowacyjny<\/h1>\n<p>Jeste\u015bmy \u015bwiadomi, \u017ce mo\u017cemy spe\u0142ni\u0107 wymagania przysz\u0142o\u015bci tylko dzi\u0119ki wysokiemu poziomowi wiedzy technicznej. PCS by\u0142a pierwsz\u0105 niemieck\u0105 firm\u0105, kt\u00f3ra zastosowa\u0142a bezprzewodow\u0105 technologi\u0119 symultaniczn\u0105, wraz z Beyerdynamic opracowa\u0142a nowe systemy t\u0142umacze\u0144 ustnych, kt\u00f3re s\u0105 precyzyjnie dostosowane do potrzeb t\u0142umaczy ustnych, a tak\u017ce jest \u015bci\u015ble zaanga\u017cowana w badania i rozw\u00f3j z producentami takimi jak Bosch, Shure i Sennheiser.<\/p>\n<p>Jako\u015b\u0107 i mo\u017cliwo\u015bci zastosowania technologii konferencyjnych stale i szybko rosn\u0105. PCS przyczynia si\u0119 do tego rozwoju w Niemczech, a tak\u017ce poprzez wsp\u00f3\u0142prac\u0119 na ca\u0142ym \u015bwiecie.<\/p>\n<\/div>\n<p>[clear]<\/p>\n<\/div>\n<p>[spacer size=\"20\u2033]<\/p>\n<div class=\"kasten-zehn\">\n<div class=\"kastenlinks\">\n<span class=\"zahl\">+<\/span><\/div>\n<div class=\"kastenrechts\">\n<h1>Zadowolenie klienta<\/h1>\n<p>Nasza maksyma zadowolenia klienta jest dla nas tak oczywista, \u017ce nie jest regularnie wymieniana w naszej pierwszej dziesi\u0105tce: zawsze staramy si\u0119 zaspokoi\u0107 potrzeby naszych klient\u00f3w w najlepszy mo\u017cliwy spos\u00f3b. Uczciwe i oparte na wsp\u00f3\u0142pracy relacje z naszymi klientami, dostawcami i pracownikami s\u0105 gwarancj\u0105 udanego projektu i strategiczn\u0105 podstaw\u0105 naszego d\u0142ugoterminowego sukcesu.<\/p>\n<\/div>\n<p>[clear]<\/p>\n<\/div>\n<p>[spacer size=\"20\u2033]<\/p>\n<\/div>","protected":false},"excerpt":{"rendered":"<p>10 powod\u00f3w, dla kt\u00f3rych warto wybra\u0107 PCS 1. PCS jest dostawc\u0105 wysokiej jako\u015bci technologii konferencyjnych Od 1995 roku PCS jest ekspertem w dziedzinie system\u00f3w t\u0142umacze\u0144 ustnych, system\u00f3w dyskusyjnych, system\u00f3w naprowadzania, system\u00f3w g\u0142osowania i technologii konferencyjnych. Oferujemy niezawodne planowanie, profesjonalne rozwi\u0105zania i skrupulatn\u0105 realizacj\u0119 zam\u00f3wie\u0144. Serwis jest dla nas zawsze najwy\u017cszym priorytetem. Z ponad 1500 mi\u0119dzynarodowymi konferencjami i sta\u0142ymi instalacjami organizowanymi ka\u017cdego roku, PCS jest jednym z [...]<\/p>","protected":false},"author":1,"featured_media":45482,"parent":12,"menu_order":235,"comment_status":"closed","ping_status":"open","template":"","meta":{"_acf_changed":false,"footnotes":""},"class_list":["post-786","page","type-page","status-publish","has-post-thumbnail","hentry"],"acf":[],"_links":{"self":[{"href":"https:\/\/konferenztechnik.de\/pl\/wp-json\/wp\/v2\/pages\/786","targetHints":{"allow":["GET"]}}],"collection":[{"href":"https:\/\/konferenztechnik.de\/pl\/wp-json\/wp\/v2\/pages"}],"about":[{"href":"https:\/\/konferenztechnik.de\/pl\/wp-json\/wp\/v2\/types\/page"}],"author":[{"embeddable":true,"href":"https:\/\/konferenztechnik.de\/pl\/wp-json\/wp\/v2\/users\/1"}],"replies":[{"embeddable":true,"href":"https:\/\/konferenztechnik.de\/pl\/wp-json\/wp\/v2\/comments?post=786"}],"version-history":[{"count":0,"href":"https:\/\/konferenztechnik.de\/pl\/wp-json\/wp\/v2\/pages\/786\/revisions"}],"up":[{"embeddable":true,"href":"https:\/\/konferenztechnik.de\/pl\/wp-json\/wp\/v2\/pages\/12"}],"wp:featuredmedia":[{"embeddable":true,"href":"https:\/\/konferenztechnik.de\/pl\/wp-json\/wp\/v2\/media\/45482"}],"wp:attachment":[{"href":"https:\/\/konferenztechnik.de\/pl\/wp-json\/wp\/v2\/media?parent=786"}],"curies":[{"name":"wp","href":"https:\/\/api.w.org\/{rel}","templated":true}]}}