{"id":8918,"date":"2017-02-08T13:29:02","date_gmt":"2017-02-08T12:29:02","guid":{"rendered":"https:\/\/www.konferenztechnik.de\/?page_id=8918\/"},"modified":"2023-07-04T15:31:12","modified_gmt":"2023-07-04T13:31:12","slug":"audipack-silent-9300mkii","status":"publish","type":"page","link":"https:\/\/konferenztechnik.de\/pl\/audipack-silent-9300mkii\/","title":{"rendered":"Audipack Silent 9300MKII"},"content":{"rendered":"<div data-elementor-type=\"wp-page\" data-elementor-id=\"8918\" class=\"elementor elementor-8918\" data-elementor-post-type=\"page\">\n\t\t\t\t<div data-particle_enable=\"false\" data-particle-mobile-disabled=\"false\" class=\"elementor-element elementor-element-68f9f91 e-flex e-con-boxed e-con e-parent\" data-id=\"68f9f91\" data-element_type=\"container\">\n\t\t\t\t\t<div class=\"e-con-inner\">\n\t\t<div data-particle_enable=\"false\" data-particle-mobile-disabled=\"false\" class=\"elementor-element elementor-element-604bc16 e-flex e-con-boxed e-con e-parent\" data-id=\"604bc16\" data-element_type=\"container\">\n\t\t\t\t\t<div class=\"e-con-inner\">\n\t\t\t\t<div class=\"elementor-element elementor-element-966ff93 elementor-widget elementor-widget-heading\" data-id=\"966ff93\" data-element_type=\"widget\" data-settings=\"{&quot;_animation&quot;:&quot;none&quot;}\" data-widget_type=\"heading.default\">\n\t\t\t\t<div class=\"elementor-widget-container\">\n\t\t\t\t\t<h1 class=\"elementor-heading-title elementor-size-default\">Kabiny do t\u0142umacze\u0144 ustnych Audipack Silent 9300 MK II do kupienia, wynaj\u0119cia lub leasingu<\/h1>\t\t\t\t<\/div>\n\t\t\t\t<\/div>\n\t\t\t\t\t<\/div>\n\t\t\t\t<\/div>\n\t\t<div data-particle_enable=\"false\" data-particle-mobile-disabled=\"false\" class=\"elementor-element elementor-element-bb09329 e-grid e-con-boxed e-con e-parent\" data-id=\"bb09329\" data-element_type=\"container\">\n\t\t\t\t\t<div class=\"e-con-inner\">\n\t\t\t\t<div class=\"elementor-element elementor-element-abfa810 elementor-widget elementor-widget-image\" data-id=\"abfa810\" data-element_type=\"widget\" data-widget_type=\"image.default\">\n\t\t\t\t<div class=\"elementor-widget-container\">\n\t\t\t\t\t\t\t\t\t\t\t\t\t\t\t<img fetchpriority=\"high\" decoding=\"async\" width=\"800\" height=\"600\" src=\"https:\/\/konferenztechnik.de\/wp-content\/uploads\/2013\/09\/9300-Interpreter-booth.jpg\" class=\"attachment-large size-large wp-image-3475\" alt=\"Kabina t\u0142umaczeniowa Audipack Silent 9300\" srcset=\"https:\/\/konferenztechnik.de\/wp-content\/uploads\/2013\/09\/9300-Interpreter-booth.jpg 800w, https:\/\/konferenztechnik.de\/wp-content\/uploads\/2013\/09\/9300-Interpreter-booth-300x225.jpg 300w, https:\/\/konferenztechnik.de\/wp-content\/uploads\/2013\/09\/9300-Interpreter-booth-768x576.jpg 768w\" sizes=\"(max-width: 800px) 100vw, 800px\" title=\"\">\t\t\t\t\t\t\t\t\t\t\t\t\t\t\t<\/div>\n\t\t\t\t<\/div>\n\t\t\t\t<div class=\"elementor-element elementor-element-8b0af73 content-align-cta-default elementor-widget elementor-widget-eael-cta-box\" data-id=\"8b0af73\" data-element_type=\"widget\" data-widget_type=\"eael-cta-box.default\">\n\t\t\t\t<div class=\"elementor-widget-container\">\n\t\t\t\t\t\t\t<div class=\"eael-call-to-action cta-basic bg-lite cta-preset-1\">\n        <h2 class=\"title eael-cta-heading\">Audipack Silent 9300 MK II<\/h2><p>Model 9300 MK II nie jest ju\u017c produkowany<\/p><p>Jego nast\u0119pc\u0105 jest Silent 9600<\/p><p>Model 9600 jest zgodny z najnowszymi standardami<\/p><a href=\"https:\/\/konferenztechnik.de\/pl\/audipack-silent-9600-kup-wynajem-leasing\/\" class=\"cta-button cta-preset-1\">Zobacz Silent 9600<\/a>\t<\/div>\n\t\t\t\t\t\t\t\t<\/div>\n\t\t\t\t<\/div>\n\t\t\t\t\t<\/div>\n\t\t\t\t<\/div>\n\t\t<div data-particle_enable=\"false\" data-particle-mobile-disabled=\"false\" class=\"elementor-element elementor-element-0684704 e-flex e-con-boxed e-con e-parent\" data-id=\"0684704\" data-element_type=\"container\">\n\t\t\t\t\t<div class=\"e-con-inner\">\n\t\t\t\t<div class=\"elementor-element elementor-element-83733a1 elementor-widget__width-inherit elementor-widget elementor-widget-text-editor\" data-id=\"83733a1\" data-element_type=\"widget\" data-widget_type=\"text-editor.default\">\n\t\t\t\t<div class=\"elementor-widget-container\">\n\t\t\t\t\t\t\t\t\t<p>Kabina do t\u0142umacze\u0144 ustnych Audipack Silent 9300 MK II zosta\u0142a wycofana z produkcji w 2018 roku. Powodem tego jest ulepszona norma ISO, kt\u00f3ra zosta\u0142a opublikowana pod koniec 2016 roku. Z tego powodu istniej\u0105ce serie modeli, takie jak Silent Series 9300 MK II, zosta\u0142y zmienione i ulepszone. Nast\u0119pc\u0105 modelu Audipack Silent 9300 MK II, kt\u00f3ry w ostatnich latach sta\u0142 si\u0119 punktem odniesienia w technologii konferencyjnej, jest nowy Audipack Silent 9600.<\/p>\t\t\t\t\t\t\t\t<\/div>\n\t\t\t\t<\/div>\n\t\t\t\t<div class=\"elementor-element elementor-element-ee1ea0d elementor-widget elementor-widget-heading\" data-id=\"ee1ea0d\" data-element_type=\"widget\" data-settings=\"{&quot;_animation&quot;:&quot;none&quot;}\" data-widget_type=\"heading.default\">\n\t\t\t\t<div class=\"elementor-widget-container\">\n\t\t\t\t\t<h2 class=\"elementor-heading-title elementor-size-default\">Nowy model: kabina do t\u0142umacze\u0144 ustnych Audipack Silent 9600<\/h2>\t\t\t\t<\/div>\n\t\t\t\t<\/div>\n\t\t\t\t<div class=\"elementor-element elementor-element-5255fa7 elementor-widget__width-inherit elementor-widget elementor-widget-text-editor\" data-id=\"5255fa7\" data-element_type=\"widget\" data-widget_type=\"text-editor.default\">\n\t\t\t\t<div class=\"elementor-widget-container\">\n\t\t\t\t\t\t\t\t\t<p>W por\u00f3wnaniu do modelu Silent 9300 MK II, Silent 9600 posiada mi\u0119dzy innymi lepsz\u0105 izolacj\u0119 akustyczn\u0105, powi\u0119kszone okno podgl\u0105du i o\u015bwietlenie sufitowe LED. Opcjonalnie mo\u017cliwe jest r\u00f3wnie\u017c monitorowanie jako\u015bci powietrza. Nowy Audipack Silent 9600 jest certyfikowany zgodnie z najnowsz\u0105 norm\u0105 ISO dla mobilnych kabin t\u0142umaczeniowych (ISO 4043:2016). Kabiny t\u0142umaczeniowe Audipack Silent 9600 s\u0105 obecnie dost\u0119pne do natychmiastowej dostawy z magazynu PCS.<\/p>\t\t\t\t\t\t\t\t<\/div>\n\t\t\t\t<\/div>\n\t\t\t\t<div class=\"elementor-element elementor-element-7327639 elementor-widget__width-auto elementor-widget elementor-widget-button\" data-id=\"7327639\" data-element_type=\"widget\" data-widget_type=\"button.default\">\n\t\t\t\t<div class=\"elementor-widget-container\">\n\t\t\t\t\t\t\t\t\t<div class=\"elementor-button-wrapper\">\n\t\t\t\t\t<a class=\"elementor-button elementor-button-link elementor-size-sm\" href=\"https:\/\/konferenztechnik.de\/pl\/audipack-silent-9600-kup-wynajem-leasing\/\">\n\t\t\t\t\t\t<span class=\"elementor-button-content-wrapper\">\n\t\t\t\t\t\t\t\t\t<span class=\"elementor-button-text\">Bezpo\u015brednio do Silent 9600<\/span>\n\t\t\t\t\t<\/span>\n\t\t\t\t\t<\/a>\n\t\t\t\t<\/div>\n\t\t\t\t\t\t\t\t<\/div>\n\t\t\t\t<\/div>\n\t\t\t\t\t<\/div>\n\t\t\t\t<\/div>\n\t\t\t\t<div class=\"elementor-element elementor-element-811c454 elementor-widget elementor-widget-shortcode\" data-id=\"811c454\" data-element_type=\"widget\" data-widget_type=\"shortcode.default\">\n\t\t\t\t<div class=\"elementor-widget-container\">\n\t\t\t\t\t\t\t<div class=\"elementor-shortcode\"><\/div>\n\t\t\t\t\t\t<\/div>\n\t\t\t\t<\/div>\n\t\t\t\t\t<\/div>\n\t\t\t\t<\/div>\n\t\t<div data-particle_enable=\"false\" data-particle-mobile-disabled=\"false\" class=\"elementor-element elementor-element-a15df91 e-flex e-con-boxed e-con e-parent\" data-id=\"a15df91\" data-element_type=\"container\">\n\t\t\t\t\t<div class=\"e-con-inner\">\n\t\t\t\t<div class=\"elementor-element elementor-element-056b8e1 elementor-widget elementor-widget-shortcode\" data-id=\"056b8e1\" data-element_type=\"widget\" data-widget_type=\"shortcode.default\">\n\t\t\t\t<div class=\"elementor-widget-container\">\n\t\t\t\t\t\t\t<div class=\"elementor-shortcode\"><\/div>\n\t\t\t\t\t\t<\/div>\n\t\t\t\t<\/div>\n\t\t\t\t\t<\/div>\n\t\t\t\t<\/div>\n\t\t\t\t<\/div>","protected":false},"excerpt":{"rendered":"<p>Audipack Silent 9300 MK II Dolmetscherkabinen kaufen, mieten oder leasen Audipack Silent 9300 MK II Die 9300 MK II wird nicht mehr hergestellt Nachfolgerin ist die Silent 9600 Die 9600 entspricht neusten Normen Silent 9600 ansehen Die Dolmetschkabine Audipack Silent 9300 MK II wird seit 2018 nicht mehr hergestellt. Der Grund daf\u00fcr ist eine verbesserte [&hellip;]<\/p>","protected":false},"author":1,"featured_media":45482,"parent":0,"menu_order":0,"comment_status":"closed","ping_status":"closed","template":"","meta":{"_acf_changed":false,"footnotes":""},"class_list":["post-8918","page","type-page","status-publish","has-post-thumbnail","hentry"],"acf":[],"_links":{"self":[{"href":"https:\/\/konferenztechnik.de\/pl\/wp-json\/wp\/v2\/pages\/8918","targetHints":{"allow":["GET"]}}],"collection":[{"href":"https:\/\/konferenztechnik.de\/pl\/wp-json\/wp\/v2\/pages"}],"about":[{"href":"https:\/\/konferenztechnik.de\/pl\/wp-json\/wp\/v2\/types\/page"}],"author":[{"embeddable":true,"href":"https:\/\/konferenztechnik.de\/pl\/wp-json\/wp\/v2\/users\/1"}],"replies":[{"embeddable":true,"href":"https:\/\/konferenztechnik.de\/pl\/wp-json\/wp\/v2\/comments?post=8918"}],"version-history":[{"count":0,"href":"https:\/\/konferenztechnik.de\/pl\/wp-json\/wp\/v2\/pages\/8918\/revisions"}],"wp:featuredmedia":[{"embeddable":true,"href":"https:\/\/konferenztechnik.de\/pl\/wp-json\/wp\/v2\/media\/45482"}],"wp:attachment":[{"href":"https:\/\/konferenztechnik.de\/pl\/wp-json\/wp\/v2\/media?parent=8918"}],"curies":[{"name":"wp","href":"https:\/\/api.w.org\/{rel}","templated":true}]}}