{"id":9032,"date":"2017-02-14T15:14:06","date_gmt":"2017-02-14T14:14:06","guid":{"rendered":"https:\/\/www.konferenztechnik.de\/?page_id=9032\/"},"modified":"2017-02-14T15:14:06","modified_gmt":"2017-02-14T14:14:06","slug":"sprzet-eventowy-sprzet-konferencyjny-wypozyczalnia-kup","status":"publish","type":"page","link":"https:\/\/konferenztechnik.de\/pl\/sprzet-eventowy-sprzet-konferencyjny-wypozyczalnia-kup\/","title":{"rendered":"Wynajem \/ zakup technologii eventowej i konferencyjnej w Berlinie i Monachium"},"content":{"rendered":"<h1>Wynajem i zakup technologii eventowych i konferencyjnych w Berlinie i Monachium<\/h1>\n<div class=\"call-action-slider-img\">\n<img fetchpriority=\"high\" decoding=\"async\" width=\"1200\" height=\"610\" src=\"https:\/\/konferenztechnik.de\/wp-content\/uploads\/2016\/10\/dolmetscherkabinen-mieten.jpg\" alt=\"Wynajem technologii konferencyjnej od PCS GmbH\" class=\"alignleft size-full wp-image-8570\" title=\"\" srcset=\"https:\/\/konferenztechnik.de\/wp-content\/uploads\/2016\/10\/dolmetscherkabinen-mieten.jpg 1200w, https:\/\/konferenztechnik.de\/wp-content\/uploads\/2016\/10\/dolmetscherkabinen-mieten-300x153.jpg 300w, https:\/\/konferenztechnik.de\/wp-content\/uploads\/2016\/10\/dolmetscherkabinen-mieten-1024x521.jpg 1024w, https:\/\/konferenztechnik.de\/wp-content\/uploads\/2016\/10\/dolmetscherkabinen-mieten-768x390.jpg 768w\" sizes=\"(max-width: 1200px) 100vw, 1200px\" \/><br \/>\n<button class=\"btn popmake-9771\">Pro\u015bba o wycen\u0119,<br \/>w ci\u0105gu jednej godziny<br \/>z tob\u0105! &#x9B;<\/button>\n<\/div>\n<p>Od 1995 roku innowacyjna firma PCS Konferenztechnik z czterema lokalizacjami w Berlinie, Monachium, D\u00fcsseldorfie i Heilbronn oferuje najwy\u017cszej jako\u015bci technologi\u0119 konferencyjn\u0105 i eventow\u0105.<\/p>\n<p>Firma jest Twoim partnerem, je\u015bli chcesz wynaj\u0105\u0107 lub kupi\u0107 technologi\u0119 konferencyjn\u0105 lub zleci\u0107 jej profesjonaln\u0105 instalacj\u0119. Wsparcie obejmuje kompletny system konferencyjny, technologi\u0119 eventow\u0105 i technologi\u0119 medialn\u0105 AV. Klientom wynajmuj\u0105cym sprz\u0119t konferencyjny oferujemy pe\u0142n\u0105 obs\u0142ug\u0119 we wszystkich obszarach sprz\u0119tu konferencyjnego i technologii eventowej. Cztery lokalizacje w Berlinie, Monachium, D\u00fcsseldorfie i Heilbronn oferuj\u0105 szerok\u0105 gam\u0119 producent\u00f3w i system\u00f3w. Oczywi\u015bcie instalacja i integracja systemu konferencyjnego lub technologii eventowej jest r\u00f3wnie\u017c brana pod uwag\u0119 w zale\u017cno\u015bci od warunk\u00f3w strukturalnych.<\/p>\n<p>Nasi technicy ch\u0119tnie pracuj\u0105 w Berlinie, Monachium, D\u00fcsseldorfie, Heilbronn i na ca\u0142ym \u015bwiecie. PCS GmbH ch\u0119tnie podejmie si\u0119 sprzeda\u017cy technologii i nadzoru nad wydarzeniami, szczeg\u00f3lnie w Berlinie, Monachium i na ca\u0142ym \u015bwiecie. Oczywi\u015bcie konserwacja, naprawy i niestandardowe produkty s\u0105 r\u00f3wnie\u017c cz\u0119\u015bci\u0105 us\u0142ug firmy.<\/p>\n<h2>Wynajem technologii konferencyjnej, wynajem technologii eventowej<\/h2>\n<p>Mo\u017cliwe jest wynaj\u0119cie technologii konferencyjnej, a tak\u017ce technologii medialnej, technologii eventowej i technologii t\u0142umacze\u0144 ustnych. Nasi technicy mog\u0105 zapewni\u0107 niezb\u0119dne wsparcie w zakresie wynajmu sprz\u0119tu konferencyjnego. Gama produkt\u00f3w zaczyna si\u0119 od prostego mikrofonu, a ko\u0144czy na sprz\u0119cie do t\u0142umacze\u0144 symultanicznych w 32 j\u0119zykach. PCS GmbH zapewni fachowe doradztwo w oparciu o po\u017c\u0105dane wydarzenie, aby zapewni\u0107 jego sukces. Mo\u017cna wynaj\u0105\u0107 systemy dyskusyjne, systemy t\u0142umacze\u0144 ustnych, systemy przewodnik\u00f3w, systemy TED, technologi\u0119 audio i wideo, a tak\u017ce strumieniowanie audio, wideo i danych. Szczeg\u00f3\u0142owe informacje na temat technologii mo\u017cna uzyska\u0107 w Berlinie, Monachium, D\u00fcsseldorfie i Heilbronn.<\/p>\n<h2><strong>Dystrybucja wysokiej jako\u015bci technologii konferencyjnych i multimedialnych AV przez PCS GmbH<\/strong><\/h2>\n<p>Opr\u00f3cz wynajmu sprz\u0119tu konferencyjnego, PCS GmbH oferuje r\u00f3wnie\u017c systemy konferencyjne i multimedialne znanych profesjonalnych producent\u00f3w. Niezale\u017cnie od tego, czy projekt jest ma\u0142y czy du\u017cy, z przyjemno\u015bci\u0105 dostarczymy odpowiedni\u0105 technologi\u0119 i zainstalujemy j\u0105 na \u017cyczenie. Jest to mo\u017cliwe w naszych lokalizacjach w Berlinie, Monachium, D\u00fcsseldorfie lub Heilbronn, a tak\u017ce na ca\u0142ym \u015bwiecie. Ch\u0119tnie dostarczymy r\u00f3wnie\u017c cz\u0119\u015bci zamienne i akcesoria do starszych urz\u0105dze\u0144.<\/p>\n<h2>Niestandardowe produkty, konserwacja i naprawy systemu konferencyjnego, technologii eventowej i powi\u0105zanego sprz\u0119tu.<\/h2>\n<p>Dobrze wyposa\u017cony warsztat i przeszkoleni specjali\u015bci s\u0105 r\u00f3wnie\u017c dost\u0119pni po zakupie technologii konferencyjnej. PCS Professional Conference Systems GmbH z przyjemno\u015bci\u0105 opracuje i wyprodukuje niestandardowe rozwi\u0105zania do instalacji i dystrybucji zgodnie z wymaganiami klienta. Oczywi\u015bcie nasi technicy zapewniaj\u0105 pe\u0142n\u0105 obs\u0142ug\u0119 wynajmowanego sprz\u0119tu i rozwi\u0105za\u0144. Jeste\u015bmy do Pa\u0144stwa dyspozycji bezpo\u015brednio w naszych czterech lokalizacjach w Berlinie, Monachium, D\u00fcsseldorfie i Heilbronn.<\/p>\n<h2>Wynajem technologii konferencyjnej oraz instalacja system\u00f3w multimedialnych i technologii eventowej<\/h2>\n<p>Spektrum obszar\u00f3w dzia\u0142alno\u015bci PCS GmbH jest szerokie. Sale konferencyjne wszelkiego rodzaju, siedziby firm, salony wystawowe, sale konferencyjne, wystawy, muzea, sale wyk\u0142adowe, sceny, teatry, szko\u0142y, hotele i studia do wideokonferencji s\u0105 wyposa\u017cone w wysokiej jako\u015bci technologi\u0119, tak\u0105 jak system konferencyjny PCS Professional Conference Systems GmbH. Realizowane s\u0105 zar\u00f3wno inteligentne i energooszcz\u0119dne systemy konferencyjne, jak i indywidualne instalacje. PCS GmbH jest zazwyczaj zaanga\u017cowana ju\u017c w fazie planowania systemu konferencyjnego dla projekt\u00f3w budowlanych. Us\u0142ugi budowlane i magistrale systemowe s\u0105 pod\u0142\u0105czone do systemu konferencyjnego.<\/p>\n<h2>Wsparcie dla wydarze\u0144 jako dostawca us\u0142ug technicznych na ca\u0142ym \u015bwiecie<\/h2>\n<p>Firma PCS Professional Conference Systems GmbH rozpocz\u0119\u0142a \u015bwiadczenie us\u0142ug t\u0142umacze\u0144 symultanicznych w 1995 roku. Od tego czasu zorganizowano ponad 20 000 takich wydarze\u0144 w Berlinie, Monachium, D\u00fcsseldorfie, Heilbronn i na ca\u0142ym \u015bwiecie. Najwy\u017cszej klasy sprz\u0119t konferencyjny do wynaj\u0119cia i renomowani t\u0142umacze ustni gwarantuj\u0105 optymalne korzy\u015bci dla klienta.<\/p>\n<h2>Doskonale wdro\u017cone szkolenia i us\u0142ugi dla t\u0142umaczy ustnych<\/h2>\n<p>Profesjonalne kursy szkoleniowe wszelkiego rodzaju, zar\u00f3wno dla technik\u00f3w, t\u0142umaczy, m\u00f3wc\u00f3w i mened\u017cer\u00f3w, jak i personelu teatralnego, restauracyjnego i hotelowego, gwarantuj\u0105 czynnik sukcesu dla przysz\u0142ych wyst\u0119p\u00f3w. Dzia\u0142 szkole\u0144 PCS GmbH z przyjemno\u015bci\u0105 zapewni kompleksowe doradztwo i wsparcie. Gwarantujemy przyjemn\u0105 i profesjonaln\u0105 kultur\u0119 szkoleniow\u0105.<\/p>","protected":false},"excerpt":{"rendered":"<p>Veranstaltungstechnik und Konferenztechnik mieten und kaufen in Berlin und M\u00fcnchen Angebot anfordern,in einer Stundebei Ihnen! &#x9B; Konferenztechnik und Veranstaltungstechnik in h\u00f6chster Qualit\u00e4t bietet Ihnen seit 1995 das innovative Unternehmen PCS Konferenztechnik mit seinen vier Standorten Berlin, M\u00fcnchen, D\u00fcsseldorf und Heilbronn. Das Unternehmen ist Ihr Partner, wenn Sie Konferenztechnik mieten, kaufen oder fachgerecht installieren lassen m\u00f6chten. [&hellip;]<\/p>","protected":false},"author":1,"featured_media":45482,"parent":0,"menu_order":0,"comment_status":"closed","ping_status":"closed","template":"page-right-sidebar.php","meta":{"_acf_changed":false,"footnotes":""},"class_list":["post-9032","page","type-page","status-publish","has-post-thumbnail","hentry"],"acf":[],"_links":{"self":[{"href":"https:\/\/konferenztechnik.de\/pl\/wp-json\/wp\/v2\/pages\/9032","targetHints":{"allow":["GET"]}}],"collection":[{"href":"https:\/\/konferenztechnik.de\/pl\/wp-json\/wp\/v2\/pages"}],"about":[{"href":"https:\/\/konferenztechnik.de\/pl\/wp-json\/wp\/v2\/types\/page"}],"author":[{"embeddable":true,"href":"https:\/\/konferenztechnik.de\/pl\/wp-json\/wp\/v2\/users\/1"}],"replies":[{"embeddable":true,"href":"https:\/\/konferenztechnik.de\/pl\/wp-json\/wp\/v2\/comments?post=9032"}],"version-history":[{"count":0,"href":"https:\/\/konferenztechnik.de\/pl\/wp-json\/wp\/v2\/pages\/9032\/revisions"}],"wp:featuredmedia":[{"embeddable":true,"href":"https:\/\/konferenztechnik.de\/pl\/wp-json\/wp\/v2\/media\/45482"}],"wp:attachment":[{"href":"https:\/\/konferenztechnik.de\/pl\/wp-json\/wp\/v2\/media?parent=9032"}],"curies":[{"name":"wp","href":"https:\/\/api.w.org\/{rel}","templated":true}]}}