{"id":10455,"date":"2017-06-17T15:04:22","date_gmt":"2017-06-17T14:04:22","guid":{"rendered":"https:\/\/www.konferenztechnik.de\/?page_id=10455\/"},"modified":"2023-09-01T13:10:20","modified_gmt":"2023-09-01T11:10:20","slug":"sistemas-de-guias-de-aluguer-em-innsbruck","status":"publish","type":"page","link":"https:\/\/konferenztechnik.de\/pt\/sistemas-de-guias-de-aluguer-em-innsbruck\/","title":{"rendered":"Sistemas de orienta\u00e7\u00e3o para aluguer em Innsbruck"},"content":{"rendered":"<h1>Aluguer de sistemas de guias tur\u00edsticos em Innsbruck: Aluguer de sistemas de guias tur\u00edsticos, sistemas de sussurros e Pefas em Tirol<\/h1>\n<div class=\"call-action-slider-img\" style=\"padding-top:6px;\">\n<img decoding=\"async\" src=\"https:\/\/konferenztechnik.de\/wp-content\/uploads\/2017\/06\/veranstaltungstechnik-innsbruck.jpg\" alt=\"Aluguer de equipamento de interpreta\u00e7\u00e3o em Innsbruck\" class=\"alignleft size-full wp-image-9527\" title=\"\"><br \/>\n<button class=\"btn popmake-10003\">Pedir um or\u00e7amento,<br \/>\nnuma hora<br \/>\nconsigo! &#x9B;<\/button><\/div>\n<p>[spacer size=\"20\u2033]<\/p>\n<div id=\"newscontainer\">\n<div class=\"newskasten\"><a href=\"https:\/\/konferenztechnik.de\/pt\/aluguer-de-equipamento-para-conferencias\/sistemas-de-orientacao\/\">Guia tur\u00edstico da Sennheiser<br \/>\n<img decoding=\"async\" src=\"https:\/\/konferenztechnik.de\/wp-content\/uploads\/2017\/03\/fuehrungsanlagen-mieten.jpg\" alt=\"Alugar sistemas de orienta\u00e7\u00e3o em Innsbruck da PCS GmbH\" class=\"alignnone size-full wp-image-9536\" title=\"\"><\/a><br \/>\n[limpar]<br \/>\n[list icon=\"moon-checkmark\" colour=\"#a62055\u2033]Recetor do queixo[\/list]<br \/>\n[list icon=\"moon-checkmark\" colour=\"#a62055\u2033]At\u00e9 seis canais em simult\u00e2neo[\/list]<br \/>\n[list icon=\"moon-checkmark\" colour=\"#a62055\u2033]Estojos de carregamento pr\u00e1ticos[\/list]<\/p>\n<p><a class=\"weiter\" href=\"https:\/\/konferenztechnik.de\/pt\/aluguer-de-equipamento-para-conferencias\/sistemas-de-orientacao\/\">\u203a Mais<\/a><\/div>\n<div class=\"newskasten\"><a href=\"https:\/\/konferenztechnik.de\/pt\/aluguer-de-equipamento-para-conferencias\/sistemas-de-orientacao\/\">Beyerdynamic Synexis<br \/>\n<img decoding=\"async\" src=\"https:\/\/konferenztechnik.de\/wp-content\/uploads\/2017\/05\/dolmetschertechnik-mieten-1.jpg\" alt=\"Guia de aluguer de sistemas Innsbruck Beyerdynamic Synexis\" class=\"alignleft size-full wp-image-9707\" title=\"\"><\/a><br \/>\n[limpar]<br \/>\n[list icon=\"moon-checkmark\" colour=\"#a62055\u2033]V\u00e1rios cen\u00e1rios de aplica\u00e7\u00e3o[\/list]<br \/>\n[list icon=\"moon-checkmark\" colour=\"#a62055\u2033]At\u00e9 oito canais em paralelo[\/list]<br \/>\n[list icon=\"moon-checkmark\" colour=\"#a62055\u2033]Auscultadores ou auscultadores monoauriculares[\/list]<\/p>\n<p><a class=\"weiter\" href=\"https:\/\/konferenztechnik.de\/pt\/aluguer-de-equipamento-para-conferencias\/sistemas-de-orientacao\/\">\u203a Mais<\/a><\/div>\n<div class=\"newskasten\"><a href=\"https:\/\/konferenztechnik.de\/pt\/aluguer-de-equipamento-para-conferencias\/sistemas-de-interpretacao\/\">Cabinas de interpreta\u00e7\u00e3o<br \/>\n<img decoding=\"async\" src=\"https:\/\/konferenztechnik.de\/wp-content\/uploads\/2017\/03\/dolmetscherkabinen-mieten.jpg\" alt=\"cabinas de interpreta\u00e7\u00e3o para aluguer em innsbruck\" class=\"alignnone size-full wp-image-9535\" title=\"\"><\/a><br \/>\n[limpar]<br \/>\n[list icon=\"moon-checkmark\" colour=\"#a62055\u2033]Para grandes confer\u00eancias[\/list]<br \/>\n[list icon=\"moon-checkmark\" colour=\"#a62055\u2033]Muitas l\u00ednguas em simult\u00e2neo[\/list]<br \/>\n[list icon=\"moon-checkmark\" colour=\"#a62055\u2033]Certifica\u00e7\u00e3o ISO[\/list]<\/p>\n<p><a class=\"weiter\" href=\"https:\/\/konferenztechnik.de\/pt\/aluguer-de-equipamento-para-conferencias\/sistemas-de-interpretacao\/\">\u203a Mais<\/a><\/div>\n<\/div>\n<p>Convenientemente localizada no cora\u00e7\u00e3o dos Alpes e sede de v\u00e1rias universidades, a capital tirolesa de Innsbruck \u00e9, desde h\u00e1 muito, um local popular para feiras, congressos e eventos (tur\u00edsticos). Os locais centrais incluem o centro de congressos Congress Innsbruck\u201d, no sop\u00e9 da cordilheira Nordkette, o Centro de Exposi\u00e7\u00f5es de Innsbruck, que tamb\u00e9m fica perto do centro da cidade, o Congresspark Igls, o Olympiaworld Innsbruck e o est\u00e1dio de saltos de esqui Bergisel.<\/p>\n<h2>Sistemas de gest\u00e3o para hot\u00e9is, congressos e eventos do Tirol<\/h2>\n<p>Os sistemas de guia tur\u00edstico podem ser alugados r\u00e1pida e facilmente \u00e0 PCS para eventos, congressos e confer\u00eancias, bem como para visitas \u00e0 cidade e a f\u00e1bricas e museus. A partir das suas sucursais em Munique e Heilbronn, o fornecedor de tecnologia de confer\u00eancias PCS fornece a Innsbruck e ao Tirol sistemas de guias tur\u00edsticos, caixas sussurrantes, Pefas, sistemas de guias tur\u00edsticos de f\u00e1brica e sistemas de guias tur\u00edsticos pessoais (PFA). O aluguer de sistemas de guias tur\u00edsticos e sistemas semelhantes apresenta in\u00fameras vantagens em rela\u00e7\u00e3o \u00e0 sua aquisi\u00e7\u00e3o, nomeadamente para os hot\u00e9is de confer\u00eancias do Tirol, int\u00e9rpretes sussurrados e organizadores de congressos e eventos: Alugar sistemas de guias em vez de os comprar significa dispor de sistemas 100% testados, adaptados com precis\u00e3o aos requisitos do evento em quest\u00e3o e sempre higienicamente limpos. Na maior parte dos casos, a PCS processa os pedidos de informa\u00e7\u00e3o por correio eletr\u00f3nico no espa\u00e7o de uma hora, existindo tamb\u00e9m uma linha de apoio 24 horas com aconselhamento t\u00e9cnico detalhado. Higienicamente limpos e sempre equipados com auriculares reembalados, a PCS fornece sistemas de guia tur\u00edstico e Pefas diretamente a centros de confer\u00eancias, hot\u00e9is de congressos, locais de eventos e int\u00e9rpretes de confer\u00eancias no Tirol.<\/p>\n<h2>Fabricante de marcas \u00e0 disposi\u00e7\u00e3o<\/h2>\n<p>No que diz respeito ao equipamento, a PCS apoia-se principalmente nas marcas dos fabricantes Beyerdynamic e Sennheiser. Entre outros, os seguintes sistemas est\u00e3o dispon\u00edveis para Innsbruck:<\/p>\n<p>Dispositivos Beyerdynamic:<\/p>\n<ul>\n<li>Recetor de r\u00e1dio Synexis RP8<\/li>\n<li>Transmissor bodypack Synexis TP8 com microfone de encaixe<\/li>\n<li>Microfone de m\u00e3o Synexis TH8<\/li>\n<li>Transmissor estacion\u00e1rio TS8<\/li>\n<\/ul>\n<p>[spacer size=\"20\u2033]<\/p>\n<p>Dispositivos Sennheiser:<\/p>\n<ul>\n<li>Auscultadores para guias tur\u00edsticos HDE-2020<\/li>\n<li>Microfone de m\u00e3o para guia tur\u00edstico SKM-2020<\/li>\n<li>Transmissor de bolso para guia tur\u00edstico SK-2020-D<\/li>\n<li>Estojo de carregamento EZL 2020-20L<\/li>\n<\/ul>\n<p>[spacer size=\"20\u2033]<br \/>\nOs sistemas Pefas, sistemas de guias tur\u00edsticos pessoais e sistemas de guias tur\u00edsticos funcionam de forma muito semelhante: uma pessoa est\u00e1 sempre ligada a um grupo de ouvintes atrav\u00e9s de microfones e transmissores, bem como de unidades receptoras e auscultadores. Para al\u00e9m das aplica\u00e7\u00f5es acima mencionadas, estes dispositivos s\u00e3o tamb\u00e9m utilizados para confer\u00eancias interpretadas e audi\u00eancias em tribunal. Em liga\u00e7\u00e3o com o tema da acessibilidade, os sistemas de orienta\u00e7\u00e3o est\u00e3o tamb\u00e9m a ser cada vez mais utilizados em Innsbruck e arredores na \u00e1rea da assist\u00eancia auditiva a pessoas com defici\u00eancias auditivas.<\/p>\n<p>[spacer size=\"40\u2033]<br \/>\n[cwa id='fuehrungsanlagenpdfdownloads']<br \/>\n[spacer size=\"20\u2033]<\/p>\n<div class=\"sidebar-line\">\n<span><\/span><\/div>\n<p>[spacer size=\"20\u2033]<\/p>\n<div class=\"leistungen-menu\">\n[column size=\"1-2\u2033 last=\"0\u2033]<\/p>\n<h3>Aluguer de sistemas de guias<\/h3>\n<p>[menu theme_location='dolmetschertechnik-mieten-stuttgart']<br \/>\n[\/coluna]<\/p>\n<p>[column size=\"1-2\u2033 last=\"0\u2033]<\/p>\n<h3>Comprar sistema de guia<\/h3>\n<p>[menu theme_location='dolmetschertechnik-mieten-stuttgart-2\u2032]<br \/>\n[\/coluna]<\/p>\n<p>[column size=\"1-2\u2033 last=\"0\u2033]<\/p>\n<h3>Instala\u00e7\u00e3o e integra\u00e7\u00e3o<\/h3>\n<p>[menu theme_location='dolmetschertechnik-mieten-stuttgart-4\u2032]<br \/>\n[\/coluna]<\/p>\n<p>[column size=\"1-4\u2033 last=\"1\u2033]<\/p>\n<h3 >Tecnologia de confer\u00eancia PCS<\/h3>\n<p>[menu theme_location='dolmetschertechnik-mieten-stuttgart-3\u2032]<br \/>\n[\/coluna]<\/p>\n<\/div>","protected":false},"excerpt":{"rendered":"<p>F\u00fchrungsanlagen mieten Innsbruck: Tourguide-Systeme, Fl\u00fcsteranlagen und Pefas in Tirol ausleihen Angebot anfordern, in einer Stunde bei Ihnen! &#x9B; [spacer size=&#8220;20&#8243;] Sennheiser Tourguide [clear] [list icon=&#8220;moon-checkmark&#8220; color=&#8220;#a62055&#8243;]Kinnb\u00fcgelempf\u00e4nger[\/list] [list icon=&#8220;moon-checkmark&#8220; color=&#8220;#a62055&#8243;]Bis zu sechs Kan\u00e4le simultan[\/list] [list icon=&#8220;moon-checkmark&#8220; color=&#8220;#a62055&#8243;]Handliche Ladekoffer[\/list] \u203a Mehr Beyerdynamic Synexis [clear] [list icon=&#8220;moon-checkmark&#8220; color=&#8220;#a62055&#8243;]Verschiedene Anwendungsszenarien[\/list] [list icon=&#8220;moon-checkmark&#8220; color=&#8220;#a62055&#8243;]Bis zu acht Kan\u00e4le parallel[\/list] [list icon=&#8220;moon-checkmark&#8220; [&hellip;]<\/p>","protected":false},"author":1,"featured_media":45482,"parent":0,"menu_order":0,"comment_status":"closed","ping_status":"closed","template":"","meta":{"_acf_changed":false,"footnotes":""},"class_list":["post-10455","page","type-page","status-publish","has-post-thumbnail","hentry"],"acf":[],"_links":{"self":[{"href":"https:\/\/konferenztechnik.de\/pt\/wp-json\/wp\/v2\/pages\/10455","targetHints":{"allow":["GET"]}}],"collection":[{"href":"https:\/\/konferenztechnik.de\/pt\/wp-json\/wp\/v2\/pages"}],"about":[{"href":"https:\/\/konferenztechnik.de\/pt\/wp-json\/wp\/v2\/types\/page"}],"author":[{"embeddable":true,"href":"https:\/\/konferenztechnik.de\/pt\/wp-json\/wp\/v2\/users\/1"}],"replies":[{"embeddable":true,"href":"https:\/\/konferenztechnik.de\/pt\/wp-json\/wp\/v2\/comments?post=10455"}],"version-history":[{"count":0,"href":"https:\/\/konferenztechnik.de\/pt\/wp-json\/wp\/v2\/pages\/10455\/revisions"}],"wp:featuredmedia":[{"embeddable":true,"href":"https:\/\/konferenztechnik.de\/pt\/wp-json\/wp\/v2\/media\/45482"}],"wp:attachment":[{"href":"https:\/\/konferenztechnik.de\/pt\/wp-json\/wp\/v2\/media?parent=10455"}],"curies":[{"name":"wp","href":"https:\/\/api.w.org\/{rel}","templated":true}]}}