{"id":10769,"date":"2017-08-02T16:45:54","date_gmt":"2017-08-02T14:45:54","guid":{"rendered":"https:\/\/www.konferenztechnik.de\/?page_id=10769\/"},"modified":"2023-09-01T13:11:18","modified_gmt":"2023-09-01T11:11:18","slug":"aluguer-de-sistemas-de-orientacao-pessoal","status":"publish","type":"page","link":"https:\/\/konferenztechnik.de\/pt\/aluguer-de-sistemas-de-orientacao-pessoal\/","title":{"rendered":"Contratar um sistema de guia tur\u00edstico"},"content":{"rendered":"<h1>Alugar um sistema de guia tur\u00edstico: Aluguer de sistemas de guias tur\u00edsticos, sistemas de guias, PFAs de forma r\u00e1pida e flex\u00edvel<\/h1>\n<p>[spacer size=\"20\u2033]<\/p>\n<div class=\"call-action-slider-img\">\n<img fetchpriority=\"high\" decoding=\"async\" width=\"1200\" height=\"448\" src=\"https:\/\/konferenztechnik.de\/wp-content\/uploads\/2017\/08\/fuehrungsanlage-sennheiser-tourguide.jpg\" alt=\"Contratar um sistema de guia tur\u00edstico\" class=\"alignnone size-full wp-image-10776\" title=\"\" srcset=\"https:\/\/konferenztechnik.de\/wp-content\/uploads\/2017\/08\/fuehrungsanlage-sennheiser-tourguide.jpg 1200w, https:\/\/konferenztechnik.de\/wp-content\/uploads\/2017\/08\/fuehrungsanlage-sennheiser-tourguide-300x112.jpg 300w, https:\/\/konferenztechnik.de\/wp-content\/uploads\/2017\/08\/fuehrungsanlage-sennheiser-tourguide-1024x382.jpg 1024w, https:\/\/konferenztechnik.de\/wp-content\/uploads\/2017\/08\/fuehrungsanlage-sennheiser-tourguide-768x287.jpg 768w\" sizes=\"(max-width: 1200px) 100vw, 1200px\" \/><br \/>\n<button class=\"btn popmake-9405\">Pedir um or\u00e7amento,<br \/>\nnuma hora<br \/>\nconsigo! &#x9B;<\/button><\/div>\n<p>O aluguer de sistemas de guias tur\u00edsticos \u00e9 completamente descomplicado: Na PCS, pode alugar sistemas de guia tur\u00edstico, sistemas de guia tur\u00edstico, sistemas de sussurro ou PFAs de forma r\u00e1pida e f\u00e1cil. Os sistemas de guia tur\u00edstico s\u00e3o adequados para visitas a f\u00e1bricas, visitas a cidades \u2013 e visitas guiadas de todos os tipos. Tamb\u00e9m podem ser utilizados para interpreta\u00e7\u00e3o sussurrada, ou seja, quando \u00e9 necess\u00e1rio multilinguismo.<\/p>\n<p>[spacer size=\"20\u2033]<\/p>\n<div id=\"newscontainer\">\n<div class=\"newskasten\"><a href=\"https:\/\/konferenztechnik.de\/pt\/aluguer-de-equipamento-para-conferencias\/sistemas-de-orientacao\/\">Guia tur\u00edstico da Sennheiser<br \/>\n<img decoding=\"async\" src=\"https:\/\/konferenztechnik.de\/wp-content\/uploads\/2017\/03\/fuehrungsanlagen-mieten.jpg\" alt=\"guia-unidades-de-arrendamento-berlim\" class=\"alignnone size-full wp-image-9536\" title=\"\"><\/a><br \/>\n[limpar]<br \/>\n[list icon=\"moon-checkmark\" colour=\"#a62055\u2033]Recetor do queixo[\/list]<br \/>\n[list icon=\"moon-checkmark\" colour=\"#a62055\u2033]At\u00e9 seis canais\/grupos em simult\u00e2neo[\/list]<br \/>\n[list icon=\"moon-checkmark\" colour=\"#a62055\u2033]Estojos de carregamento pr\u00e1ticos[\/list]<br \/>\n<a class=\"weiter\" href=\"https:\/\/konferenztechnik.de\/pt\/aluguer-de-equipamento-para-conferencias\/sistemas-de-orientacao\/\">\u203a Mais<\/a><\/div>\n<div class=\"newskasten\"><a href=\"https:\/\/konferenztechnik.de\/pt\/aluguer-de-equipamento-para-conferencias\/sistemas-de-orientacao\/\">Beyerdynamic Synexis<br \/>\n<img decoding=\"async\" width=\"530\" height=\"393\" src=\"https:\/\/konferenztechnik.de\/wp-content\/uploads\/2017\/03\/fuehrungsanlagen-mieten-berlin-synexis-1.jpg\" alt=\"Aluguer de sistemas de guiamento Berlim Beyerdynamic Synexis\" class=\"alignleft size-full wp-image-9707\" title=\"\" srcset=\"https:\/\/konferenztechnik.de\/wp-content\/uploads\/2017\/03\/fuehrungsanlagen-mieten-berlin-synexis-1.jpg 530w, https:\/\/konferenztechnik.de\/wp-content\/uploads\/2017\/03\/fuehrungsanlagen-mieten-berlin-synexis-1-300x222.jpg 300w\" sizes=\"(max-width: 530px) 100vw, 530px\" \/><\/a><br \/>\n[limpar]<br \/>\n[list icon=\"moon-checkmark\" colour=\"#a62055\u2033]V\u00e1rios cen\u00e1rios de aplica\u00e7\u00e3o[\/list]<br \/>\n[list icon=\"moon-checkmark\" colour=\"#a62055\u2033]At\u00e9 oito canais\/grupos em paralelo[\/list]<br \/>\n[list icon=\"moon-checkmark\" colour=\"#a62055\u2033]Auscultadores ou auscultadores monoauriculares[\/list]<br \/>\n<a class=\"weiter\" href=\"https:\/\/konferenztechnik.de\/pt\/aluguer-de-equipamento-para-conferencias\/sistemas-de-orientacao\/\">\u203a Mais<\/a><\/div>\n<div class=\"newskasten\"><a href=\"https:\/\/konferenztechnik.de\/pt\/aluguer-de-equipamento-para-conferencias\/sistemas-de-interpretacao\/\">Cabinas de interpreta\u00e7\u00e3o<br \/>\n<img decoding=\"async\" src=\"https:\/\/konferenztechnik.de\/wp-content\/uploads\/2017\/03\/dolmetscherkabinen-mieten.jpg\" alt=\"aluguer de cabinas de interpreta\u00e7\u00e3o\" class=\"alignnone size-full wp-image-9535\" title=\"\"><\/a><br \/>\n[limpar]<br \/>\n[list icon=\"moon-checkmark\" colour=\"#a62055\u2033]Para int\u00e9rpretes simult\u00e2neos[\/list]<br \/>\n[list icon=\"moon-checkmark\" colour=\"#a62055\u2033]conformidade com a norma: certifica\u00e7\u00e3o ISO[\/list]<br \/>\n[list icon=\"moon-checkmark\" colour=\"#a62055\u2033]Insonorizado[\/list]<br \/>\n<a class=\"weiter\" href=\"https:\/\/konferenztechnik.de\/pt\/aluguer-de-equipamento-para-conferencias\/sistemas-de-interpretacao\/\">\u203a Mais<\/a><\/div>\n<\/div>\n<h2>M\u00f3vel e flex\u00edvel<\/h2>\n<p>Os nossos sistemas de orienta\u00e7\u00e3o de pe\u00f5es s\u00e3o m\u00f3veis e flex\u00edveis na sua utiliza\u00e7\u00e3o. Na PCS, n\u00e3o existe uma quantidade m\u00ednima de encomenda; os clientes recebem exatamente o n\u00famero de unidades de que necessitam. Teremos todo o prazer em o aconselhar.<br \/>\nOs PFAs s\u00e3o constitu\u00eddos basicamente por um microfone transmissor e receptores. Os contributos de um orador podem assim ser transmitidos de forma optimizada a um grupo com v\u00e1rios participantes, \u00e9 f\u00e1cil de entender \u2013 mesmo com ru\u00eddo da rua ou ru\u00eddos de produ\u00e7\u00e3o elevados. Podem ser utilizados v\u00e1rios microfones e, por conseguinte, v\u00e1rios grupos em paralelo. Pode ser utilizado tanto para grupos muito pequenos como para grupos grandes.<\/p>\n<h2>Sempre bem conservado e pronto para utiliza\u00e7\u00e3o imediata<\/h2>\n<p>Os nossos sistemas de orienta\u00e7\u00e3o de passageiros est\u00e3o sempre \"prontos a funcionar\", ou seja, prontos a serem utilizados de imediato. Antes de os sistemas sa\u00edrem do nosso armaz\u00e9m, \u00e9 efectuado um teste de funcionamento exaustivo. Todas as baterias est\u00e3o frescas e totalmente carregadas. Naturalmente, os aparelhos s\u00e3o limpos de forma higi\u00e9nica antes da utiliza\u00e7\u00e3o. Assim, pode come\u00e7ar de imediato e concentrar-se totalmente no seu evento.<\/p>\n<h2>Servi\u00e7o e apoio<\/h2>\n<p>N\u00f3s tratamos de toda a log\u00edstica de transporte. Basta dizer-nos quando e onde quer que o sistema seja entregue. N\u00f3s enviamos-lhe o sistema pontualmente por transportadora e voltamos a recolh\u00ea-lo no local pretendido. Naturalmente, em todo o pa\u00eds.<br \/>\nSe necessitar de ajuda para utilizar o sistema, os nossos t\u00e9cnicos formados ter\u00e3o todo o prazer em prestar apoio telef\u00f3nico \u2013. Naturalmente, oferecemos uma linha direta 24 horas por dia.<\/p>\n<p>[spacer size=\"20\u2033]<br \/>\n[callout add_button=\"no\" button_text=\"Learn More\" button_url=\"#\" button_color=\"#a62055\u2033]<\/p>\n<h2>Os nossos contactos locais:<\/h2>\n<div class=\"tagcloud\">\n<a href=\"https:\/\/konferenztechnik.de\/pt\/sistemas-de-guia-de-aluguer-augsburg\/\">Augsburgo <\/a><a href=\"https:\/\/konferenztechnik.de\/pt\/sistemas-de-guias-de-aluguer-em-berlim\/\">Berlim <\/a><a href=\"https:\/\/konferenztechnik.de\/pt\/sistemas-de-guias-para-aluguer-em-bielefeld\/\">Bielefeld <\/a><a href=\"https:\/\/konferenztechnik.de\/pt\/sistemas-de-guia-de-aluguer-em-bona\/\">Bona <\/a><a href=\"https:\/\/konferenztechnik.de\/pt\/sistemas-de-guia-de-aluguer-brandenburg\/\">Brandenburgo <\/a><a href=\"https:\/\/konferenztechnik.de\/pt\/sistemas-de-guia-de-aluguer-em-dortmund\/\">Dortmund <\/a><a href=\"https:\/\/konferenztechnik.de\/pt\/sistemas-de-guias-para-aluguer-duisburg\/\">Duisburg <\/a><a href=\"https:\/\/konferenztechnik.de\/pt\/sistemas-de-guia-de-aluguer-duesseldorf\/\">D\u00fcsseldorf <\/a><a href=\"https:\/\/konferenztechnik.de\/pt\/sistemas-de-guia-de-aluguer-em-essen\/\">Alimenta\u00e7\u00e3o <\/a><a href=\"https:\/\/konferenztechnik.de\/pt\/sistemas-de-guias-de-aluguer-frankfurt-am-main\/\">Frankfurt a. M. <\/a><a href=\"https:\/\/konferenztechnik.de\/pt\/sistemas-de-guia-de-aluguer-freising\/\">Freising <\/a><a href=\"https:\/\/konferenztechnik.de\/pt\/sistemas-de-guia-de-aluguer-friedrichshafen\/\">Friedrichshafen <\/a><a href=\"https:\/\/konferenztechnik.de\/pt\/sistemas-de-guias-de-aluguer-em-fuerstenfeldbruck\/\">Ponte de F\u00fcrstenfeld <\/a><a href=\"https:\/\/konferenztechnik.de\/pt\/sistemas-de-guias-para-aluguer-garching\/\">Garching <\/a><a href=\"https:\/\/konferenztechnik.de\/pt\/sistemas-de-guias-de-aluguer-garmisch-partenkirchen\/\">Garmisch-Partenkirchen <\/a><a href=\"https:\/\/konferenztechnik.de\/pt\/sistemas-de-guia-para-aluguer-em-hamburgo\/\">Hamburgo <\/a><a href=\"https:\/\/konferenztechnik.de\/pt\/sistemas-de-guias-para-aluguer-em-heidelberg\/\">Heidelberg <\/a><a href=\"https:\/\/konferenztechnik.de\/pt\/sistemas-de-guias-para-aluguer-em-heilbronn\/\">Heilbronn <\/a><a href=\"https:\/\/konferenztechnik.de\/pt\/sistemas-de-guias-de-aluguer-em-innsbruck\/\">Innsbruck <\/a><a href=\"https:\/\/konferenztechnik.de\/pt\/sistemas-de-guia-para-aluguer-em-karlsruhe\/\">Karlsruhe <\/a><a href=\"https:\/\/konferenztechnik.de\/pt\/sistemas-de-guia-de-aluguer-em-kassel\/\">Kassel <\/a><a href=\"https:\/\/konferenztechnik.de\/pt\/sistemas-de-guia-de-aluguer-kempten\/\">Kempten <\/a><a href=\"https:\/\/konferenztechnik.de\/pt\/sistemas-de-guia-de-aluguer-em-colonia\/\">Col\u00f3nia <\/a><a href=\"https:\/\/konferenztechnik.de\/pt\/sistemas-de-guias-para-aluguer-landsberg\/\">Landsberg <\/a><a href=\"https:\/\/konferenztechnik.de\/pt\/sistemas-de-guia-de-aluguer-em-leipzig\/\">Leipzig <\/a><a href=\"https:\/\/konferenztechnik.de\/pt\/sistemas-de-guia-de-aluguer-lindau\/\">Lindau <\/a><a href=\"https:\/\/konferenztechnik.de\/pt\/sistemas-de-guia-de-aluguer-mannheim\/\">Mannheim <\/a><a href=\"https:\/\/konferenztechnik.de\/pt\/sistemas-de-guia-de-aluguer-em-munique\/\">Munique <\/a><a href=\"https:\/\/konferenztechnik.de\/pt\/sistemas-de-guia-de-aluguer-em-muenster\/\">Minster <\/a><a href=\"https:\/\/konferenztechnik.de\/pt\/sistemas-de-guia-de-aluguer-em-nuremberga\/\">Nuremberga <\/a><a href=\"https:\/\/konferenztechnik.de\/pt\/aluguer-de-sistemas-de-guias-passau\/\">Passau <\/a><a href=\"https:\/\/konferenztechnik.de\/pt\/sistemas-de-guia-para-aluguer-potsdam\/\">Potsdam <\/a><a href=\"https:\/\/konferenztechnik.de\/pt\/sistemas-de-guias-de-aluguer-em-regensburg\/\">Regensburg <\/a><a href=\"https:\/\/konferenztechnik.de\/pt\/sistemas-de-guias-para-aluguer-em-rosenheim\/\">Rosenheim <\/a><a href=\"https:\/\/konferenztechnik.de\/pt\/sistemas-de-guia-de-aluguer-rostock\/\">Rostock <\/a><a href=\"https:\/\/konferenztechnik.de\/pt\/sistemas-de-guias-de-aluguer-em-estugarda\/\">Estugarda <\/a><a href=\"https:\/\/konferenztechnik.de\/pt\/sistemas-de-guia-para-aluguer-ulm\/\">Ulm <\/a><a href=\"https:\/\/konferenztechnik.de\/pt\/sistemas-de-guia-para-aluguer-em-wolfsburg\/\">Wolfsburgo <\/a><a href=\"https:\/\/konferenztechnik.de\/pt\/sistemas-de-guias-de-aluguer-em-wuerzburg\/\">W\u00fcrzburg <\/a><\/div>\n<p>[\/callout].<br \/>\n[spacer size=\"20\u2033]<\/p>\n<div class=\"sidebar-line\">\n<span><\/span><\/div>\n<p>[spacer size=\"20\u2033]<\/p>\n<div class=\"leistungen-menu\">\n[column size=\"1-2\u2033 last=\"0\u2033]<\/p>\n<h3>Aluguer de sistemas de guias<\/h3>\n<p>[menu theme_location='dolmetschertechnik-mieten-stuttgart']<br \/>\n[\/coluna]<\/p>\n<p>[column size=\"1-2\u2033 last=\"0\u2033]<\/p>\n<h3>Comprar sistema de guia<\/h3>\n<p>[menu theme_location='dolmetschertechnik-mieten-stuttgart-2\u2032]<br \/>\n[\/coluna]<\/p>\n<p>[column size=\"1-2\u2033 last=\"0\u2033]<\/p>\n<h3>Instala\u00e7\u00e3o e integra\u00e7\u00e3o<\/h3>\n<p>[menu theme_location='dolmetschertechnik-mieten-stuttgart-3\u2032]<br \/>\n[\/coluna]<\/p>\n<p>[column size=\"1-4\u2033 last=\"1\u2033]<\/p>\n<h3 >Tecnologia de confer\u00eancia PCS<\/h3>\n<p>[menu theme_location='dolmetschertechnik-mieten-stuttgart-4\u2032]<br \/>\n[\/coluna]<\/p>\n<\/div>","protected":false},"excerpt":{"rendered":"<p>Personenf\u00fchrungsanlage mieten: Tourguide-Systeme, F\u00fchrungsanlagen, PFAs schnell und flexibel leihen [spacer size=&#8220;20&#8243;] Angebot anfordern, in einer Stunde bei Ihnen! &#x9B; Personenf\u00fchrungsanlagen mieten funktioniert v\u00f6llig unkompliziert: Bei PCS k\u00f6nnen Sie Tourguide-Systeme, F\u00fchrungsanlagen, Fl\u00fcsteranlagen oder PFAs einfach und schnell mieten. Die Personenf\u00fchrungsanlagen sind geeignet f\u00fcr Werksf\u00fchrungen, Stadtf\u00fchrungen &#8211; also F\u00fchrungen aller Art. Auch der Einsatz beim Fl\u00fcsterdolmetschen ist [&hellip;]<\/p>","protected":false},"author":1,"featured_media":45482,"parent":0,"menu_order":0,"comment_status":"closed","ping_status":"closed","template":"","meta":{"_acf_changed":false,"footnotes":""},"class_list":["post-10769","page","type-page","status-publish","has-post-thumbnail","hentry"],"acf":[],"_links":{"self":[{"href":"https:\/\/konferenztechnik.de\/pt\/wp-json\/wp\/v2\/pages\/10769","targetHints":{"allow":["GET"]}}],"collection":[{"href":"https:\/\/konferenztechnik.de\/pt\/wp-json\/wp\/v2\/pages"}],"about":[{"href":"https:\/\/konferenztechnik.de\/pt\/wp-json\/wp\/v2\/types\/page"}],"author":[{"embeddable":true,"href":"https:\/\/konferenztechnik.de\/pt\/wp-json\/wp\/v2\/users\/1"}],"replies":[{"embeddable":true,"href":"https:\/\/konferenztechnik.de\/pt\/wp-json\/wp\/v2\/comments?post=10769"}],"version-history":[{"count":0,"href":"https:\/\/konferenztechnik.de\/pt\/wp-json\/wp\/v2\/pages\/10769\/revisions"}],"wp:featuredmedia":[{"embeddable":true,"href":"https:\/\/konferenztechnik.de\/pt\/wp-json\/wp\/v2\/media\/45482"}],"wp:attachment":[{"href":"https:\/\/konferenztechnik.de\/pt\/wp-json\/wp\/v2\/media?parent=10769"}],"curies":[{"name":"wp","href":"https:\/\/api.w.org\/{rel}","templated":true}]}}