{"id":1141,"date":"2013-08-22T11:55:13","date_gmt":"2013-08-22T09:55:13","guid":{"rendered":"https:\/\/pcs-miete.de\/?page_id=1141"},"modified":"2023-07-05T15:04:23","modified_gmt":"2023-07-05T13:04:23","slug":"projectores","status":"publish","type":"page","link":"https:\/\/konferenztechnik.de\/pt\/distribuicao-de-tecnologia-de-conferencia-e-de-meios-de-comunicacao-av\/tecnologia-de-video\/projectores\/","title":{"rendered":"Projectores"},"content":{"rendered":"<h1>Projectores<\/h1>\n<p>Uma pequena sele\u00e7\u00e3o de projectores profissionais, silenciosos e extremamente potentes. Se estiver interessado em projectores, basta entrar em contacto connosco e encontraremos o modelo certo para as suas necessidades.<\/p>\n<h2>Projetor LCD Panasonic PT-EW630U<\/h2>\n<p><a href=\"https:\/\/konferenztechnik.de\/wp-content\/uploads\/2013\/08\/Panasonic_LCD-Projektor-PT-EW630U.jpg\"><img fetchpriority=\"high\" decoding=\"async\" width=\"900\" height=\"698\" class=\"alignnone size-full wp-image-4817\" src=\"https:\/\/konferenztechnik.de\/wp-content\/uploads\/2013\/08\/Panasonic_LCD-Projektor-PT-EW630U.jpg\" alt=\"Projetor LCD Panasonic PT-EW630U\" title=\"\" srcset=\"https:\/\/konferenztechnik.de\/wp-content\/uploads\/2013\/08\/Panasonic_LCD-Projektor-PT-EW630U.jpg 900w, https:\/\/konferenztechnik.de\/wp-content\/uploads\/2013\/08\/Panasonic_LCD-Projektor-PT-EW630U-300x233.jpg 300w, https:\/\/konferenztechnik.de\/wp-content\/uploads\/2013\/08\/Panasonic_LCD-Projektor-PT-EW630U-768x596.jpg 768w\" sizes=\"(max-width: 900px) 100vw, 900px\" \/><\/a><\/p>\n<p>Projetor LCD Panasonic PT-EW630U<\/p>\n<p>O projetor LCD PT- EW630U da Panasonic oferece uma resolu\u00e7\u00e3o WXGA (1.280 x 800), uma luminosidade de 5.500 l\u00famenes e uma rela\u00e7\u00e3o de contraste de 5.000 : 1.<br \/>\n\u00c9 vers\u00e1til, por exemplo, em salas de aula, audit\u00f3rios ou escrit\u00f3rios, e oferece um funcionamento sem manuten\u00e7\u00e3o at\u00e9 10.000 horas.<\/p>\n<h2>Projetor LCD Panasonic PT-EW630U<\/h2>\n<p>Especifica\u00e7\u00f5es<\/p>\n<ul>\n<li>Tamanho do painel (diagonal): 19,0 mm (0,75 \") na diagonal<\/li>\n<li>R\u00e1cio de aspeto: 16.10<\/li>\n<li>M\u00e9todo de visualiza\u00e7\u00e3o: Painel LCD transparente (x 3, R \/ G \/ B)<\/li>\n<li>Resolu\u00e7\u00e3o: WXGA (1.280 x 800 p\u00edxeis)<\/li>\n<li>Tamanho do ecr\u00e3: 1,02 a 10,16 m<\/li>\n<li>L\u00e2mpada: 330 W UHM x 1<\/li>\n<li>Ciclo de substitui\u00e7\u00e3o da l\u00e2mpada: 3.000 horas1 (pot\u00eancia da l\u00e2mpada: normal) \u2013 4.000 horas1 (pot\u00eancia da l\u00e2mpada ECO)<\/li>\n<li>Luminosidade: 5.500 l\u00famenes 2<\/li>\n<li>Rela\u00e7\u00e3o de contraste: 5000: 12 (Totalmente ligado \/ Totalmente desligado, pot\u00eancia da l\u00e2mpada: AUTO)<\/li>\n<li>Unidade de controlo (compat\u00edvel com RS-232C)<\/li>\n<li>REMOTE IN: M3 x 1 para controlo remoto por cabo<\/li>\n<li>Fonte de alimenta\u00e7\u00e3o: 100-240 V AC, 50\/60 Hz<\/li>\n<li>Consumo de energia: 490 W (492 VA) (0,4 W com o MODO STANDBY em ECO4 11 W com o MODO STANDBY em REDE<\/li>\n<li>Dimens\u00f5es (LxAxP): 489,5 mm x 164 mm5 x 434 mm (19-9 \/ 32 x 6-15 \/ 325 x 17-3 \/ 32 polegadas) (com a objetiva fornecida)<\/li>\n<li>Obturador mec\u00e2nico: Sim<\/li>\n<li>Filtro: x 1, ciclo de substitui\u00e7\u00e3o recomendado: 12.000 horas<\/li>\n<li>Gama de corre\u00e7\u00e3o do trapezoide: Vertical: \u00b1 40 \u00b0 7, horizontal: \u00b1 30 \u00b0 8<\/li>\n<li>Desvio do eixo \u00f3tico: Vertical: \u00b1 60% (alimentado), horizontal: \u00b1 10% (alimentado) 9<\/li>\n<li>Peso: aprox. 10,3 kg (\u00a322,7) (com a objetiva fornecida) 10<\/li>\n<li>Altifalante incorporado: 10 W (mono) de pot\u00eancia de sa\u00edda<\/li>\n<li>N\u00edvel de ru\u00eddo: 37 dB (POT\u00caNCIA DA L\u00c2MPADA: NORMAL), 31 dB (POT\u00caNCIA DA L\u00c2MPADA: ECO 1 \/ ECO 2)<\/li>\n<li>Acess\u00f3rios fornecidos: cabo de alimenta\u00e7\u00e3o, suporte do cabo de alimenta\u00e7\u00e3o, unidade de controlo remoto sem fios \/ com fios, pilhas (tipo R03 \/ LR03AAA x 2), cabo para computador, software<\/li>\n<\/ul>\n<h2>Barco PHXG-91B<\/h2>\n<p><a href=\"https:\/\/konferenztechnik.de\/wp-content\/uploads\/2013\/08\/barco-PHWU-81b.jpg\"><img decoding=\"async\" width=\"900\" height=\"674\" class=\"alignleft size-full wp-image-4267\" src=\"https:\/\/konferenztechnik.de\/wp-content\/uploads\/2013\/08\/barco-PHWU-81b.jpg\" alt=\"Projetor Barco PHXG-91B\" title=\"\" srcset=\"https:\/\/konferenztechnik.de\/wp-content\/uploads\/2013\/08\/barco-PHWU-81b.jpg 900w, https:\/\/konferenztechnik.de\/wp-content\/uploads\/2013\/08\/barco-PHWU-81b-300x225.jpg 300w, https:\/\/konferenztechnik.de\/wp-content\/uploads\/2013\/08\/barco-PHWU-81b-768x575.jpg 768w\" sizes=\"(max-width: 900px) 100vw, 900px\" \/><\/a><\/p>\n<p>Barco \u2013 8.500 l\u00famenes, XGA, projetor DLP de chip \u00fanico<\/p>\n<p>Este projetor de 8.500 l\u00famenes com resolu\u00e7\u00e3o XGA \u00e9 perfeito para projec\u00e7\u00f5es profissionais em ecr\u00e3 grande na sua elegante sala de reuni\u00f5es ou sala de dire\u00e7\u00e3o.<\/p>\n<h2>Barco PHXG-91B<\/h2>\n<ul>\n<li>Design elegante que se integra perfeitamente no seu interior<\/li>\n<li>Imagens de alta qualidade com um n\u00edvel de detalhe inigual\u00e1vel e contraste m\u00e1ximo<\/li>\n<li>Sem bot\u00f5es e sem cabos para um funcionamento f\u00e1cil e menos confus\u00e3o de cabos<\/li>\n<li>Tecnologia DLP fi\u00e1vel<\/li>\n<li>Facilmente expans\u00edvel \"add-ons de conetividade futura\"<\/li>\n<li>Custos reduzidos gra\u00e7as \u00e0 tecnologia DLP e \u00e0 \u00f3tica selada<\/li>\n<li>O modo de imagem predefinido permite uma gest\u00e3o flex\u00edvel da cor<\/li>\n<li>Menu de opera\u00e7\u00e3o intuitivo com as fun\u00e7\u00f5es mais utilizadas<\/li>\n<li>Controlo remoto de f\u00e1cil utiliza\u00e7\u00e3o. S\u00f3 precisa de um bot\u00e3o!<\/li>\n<\/ul>\n<h2>ClickShare no interior<\/h2>\n<p>Este projetor suporta m\u00f3dulos de liga\u00e7\u00e3o opcionais. Isto significa que pode ser facilmente atualizado com fun\u00e7\u00f5es adicionais e preparado para o futuro. Com base no sistema de apresenta\u00e7\u00e3o sem fios Click Share da Barco, a op\u00e7\u00e3o 'Click Inside' pode ser integrada no projetor e permite-lhe enviar e partilhar conte\u00fado sem fios do ecr\u00e3 do seu port\u00e1til para o projetor com um clique e sem cabos \u2013 para uma verdadeira colabora\u00e7\u00e3o.<\/p>\n<h2>Projetor DLP a laser Panasonic PT-RW330E LE<\/h2>\n<p><a href=\"https:\/\/konferenztechnik.de\/wp-content\/uploads\/2013\/08\/projektor-panasonic_PT-RW330E.jpg\"><img decoding=\"async\" width=\"468\" height=\"312\" class=\"alignleft size-full wp-image-4268\" src=\"https:\/\/konferenztechnik.de\/wp-content\/uploads\/2013\/08\/projektor-panasonic_PT-RW330E.jpg\" alt=\"Projetor DLP laser LED Panasonic PT-RW330E\" title=\"\" srcset=\"https:\/\/konferenztechnik.de\/wp-content\/uploads\/2013\/08\/projektor-panasonic_PT-RW330E.jpg 468w, https:\/\/konferenztechnik.de\/wp-content\/uploads\/2013\/08\/projektor-panasonic_PT-RW330E-300x200.jpg 300w\" sizes=\"(max-width: 468px) 100vw, 468px\" \/><\/a><\/p>\n<p>O projetor DLP LED\/Laser PT-RW330 faz parte da s\u00e9rie de projectores SOLID SHINE da Panasonic. Oferece uma elevada fiabilidade e uma luminosidade duradoura que n\u00e3o era poss\u00edvel obter anteriormente com projectores \"convencionais\".<\/p>\n<h2>Projetor DLP a laser Panasonic PT-RW330E LE<\/h2>\n<ul>\n<li>Brilho de 3.500 lm com resolu\u00e7\u00e3o WXGA<\/li>\n<li>Rela\u00e7\u00e3o de contraste de 10.000:1<\/li>\n<li>At\u00e9 20.000 horas de funcionamento sem manuten\u00e7\u00e3o<\/li>\n<li>O design LED\/laser garante que nem a l\u00e2mpada nem o filtro precisam de ser substitu\u00eddos<\/li>\n<li>Qualidade de imagem duradoura e reprodu\u00e7\u00e3o de cores excecional<\/li>\n<li>Gra\u00e7as \u00e0 compatibilidade DIGITAL LINK, os sinais de v\u00eddeo, \u00e1udio e controlo podem ser transmitidos at\u00e9 100 metros atrav\u00e9s de um \u00fanico cabo LAN.<\/li>\n<\/ul>\n<h2>Sem manuten\u00e7\u00e3o<\/h2>\n<p>A nova combina\u00e7\u00e3o LED\/laser como fonte de luz em projectores garante cerca de 20.000 horas de funcionamento sem ter de substituir uma l\u00e2mpada ou um filtro. Isto reduz drasticamente os custos e o esfor\u00e7o de manuten\u00e7\u00e3o.<\/p>\n<h2>Elevada fiabilidade<\/h2>\n<p>Com o sistema de arrefecimento especialmente desenvolvido para a nova fonte de luz e o design da caixa protegida contra o p\u00f3, o sistema foi concebido especialmente para a m\u00e1xima fiabilidade operacional. Permite uma utiliza\u00e7\u00e3o fi\u00e1vel do projetor, mesmo durante um longo per\u00edodo de tempo.<\/p>\n<h2>Instala\u00e7\u00e3o flex\u00edvel<\/h2>\n<p>As fun\u00e7\u00f5es do sistema, tais como uma objetiva de zoom duplo, um grande intervalo de desloca\u00e7\u00e3o da objetiva e op\u00e7\u00f5es de montagem de 360\u00b0, proporcionam uma grande flexibilidade durante a instala\u00e7\u00e3o. A compatibilidade com DIGITAL LINK permite a transmiss\u00e3o de sinais digitais com um \u00fanico cabo LAN \u2013, mesmo a longas dist\u00e2ncias.<\/p>\n<h2>O que \u00e9 DIGITAL LINK?<\/h2>\n<p>O DIGITAL LINK permite a transmiss\u00e3o simult\u00e2nea de sinais de v\u00eddeo, \u00e1udio e controlo at\u00e9 100 metros atrav\u00e9s de um \u00fanico cabo de rede CAT5e\/6. Isto simplifica a cablagem ou a futura expans\u00e3o do sistema e ajuda a poupar custos.<\/p>\n<h2>Projetor interativo de alcance ultra-curto Sony VPL-SW536C<\/h2>\n<p><a href=\"https:\/\/konferenztechnik.de\/wp-content\/uploads\/2013\/08\/kurzdistanz-projektor-sony-VPL-SW536C.jpeg\"><img loading=\"lazy\" decoding=\"async\" width=\"558\" height=\"336\" class=\"alignleft size-full wp-image-4269\" src=\"https:\/\/konferenztechnik.de\/wp-content\/uploads\/2013\/08\/kurzdistanz-projektor-sony-VPL-SW536C.jpeg\" alt=\"Projetor interativo de alcance ultra-curto Sony VPL-SW536C\" title=\"\" srcset=\"https:\/\/konferenztechnik.de\/wp-content\/uploads\/2013\/08\/kurzdistanz-projektor-sony-VPL-SW536C.jpeg 558w, https:\/\/konferenztechnik.de\/wp-content\/uploads\/2013\/08\/kurzdistanz-projektor-sony-VPL-SW536C-300x181.jpeg 300w\" sizes=\"(max-width: 558px) 100vw, 558px\" \/><\/a><\/p>\n<h2>Projetor interativo de alcance ultra-curto Sony VPL-SW536C<\/h2>\n<p>Este projetor econ\u00f3mico e interativo de alcance ultra-curto com fun\u00e7\u00e3o Wi-Fi cria as condi\u00e7\u00f5es b\u00e1sicas para apresenta\u00e7\u00f5es brilhantes e eficazes na sala de aula ou na \u00e1rea da educa\u00e7\u00e3o. Foi concebido para montagem na parede em salas de pequena a m\u00e9dia dimens\u00e3o e projecta imagens n\u00edtidas e claramente vis\u00edveis no ecr\u00e3, na parede ou no quadro branco. Uma vez que o projetor est\u00e1 posicionado muito pr\u00f3ximo do ecr\u00e3, n\u00e3o encandeia os alunos\/estudantes nem os professores\/coleccionadores.<\/p>\n<h2>Projetor interativo de alcance ultra-curto Sony VPL-SW536C<\/h2>\n<ul>\n<li>Com o software interativo para duas canetas (inclu\u00eddo), o professor e o aluno podem desenhar e escrever simultaneamente com reconhecimento de escrita. Ao criar tabelas e diagramas, tem \u00e0 sua disposi\u00e7\u00e3o ferramentas gr\u00e1ficas 2D e 2D vers\u00e1teis, bem como fun\u00e7\u00f5es de f\u00f3rmula e c\u00e1lculo. Pode alterar objectos e criar capturas de ecr\u00e3 para os documentos dos alunos.<\/li>\n<li>Imagens extremamente n\u00edtidas e brilhantes com uma sa\u00edda de luz colorida m\u00e1xima de 3100 l\u00famenes. A elevada sa\u00edda de luz do projetor garante que as apresenta\u00e7\u00f5es s\u00e3o claramente vis\u00edveis em qualquer sala de aula ou sala de reuni\u00f5es. Com tr\u00eas n\u00edveis de luminosidade, a proje\u00e7\u00e3o pode ser adaptada a qualquer situa\u00e7\u00e3o de ilumina\u00e7\u00e3o \u2013, desde a luz do dia at\u00e9 \u00e0 penumbra.<\/li>\n<li><em>Resolu\u00e7\u00e3o WXGA para apresenta\u00e7\u00f5es detalhadas<\/em>. A resolu\u00e7\u00e3o WXGA (1280 x 800) mostra todos os detalhes e \u00e9, por isso, perfeita para apresenta\u00e7\u00f5es realizadas diretamente a partir de um computador port\u00e1til ou PC.<\/li>\n<li><em>Tecnologia 3LCD BrightEra<\/em>. O eficiente sistema de painel 3LCD do projetor \u00e9 complementado pela avan\u00e7ada tecnologia BrightEra\u2122 da Sony. A diferen\u00e7a \u00e9 imediatamente reconhec\u00edvel: imagens impressionantemente brilhantes, de alta resolu\u00e7\u00e3o e elevada fiabilidade do painel.<\/li>\n<li><em>Seis modos de imagem para cada aplica\u00e7\u00e3o<\/em>. Gra\u00e7as aos seis modos de imagem Dynamic, Standard, Game, Blackboard, Cinema e Presentation \u2013, a qualidade da imagem pode ser optimizada para qualquer material de origem. Os modos de imagem podem ser combinados com tr\u00eas modos de brilho (Alto, M\u00e9dio, Baixo) para adaptar a proje\u00e7\u00e3o a quase todas as condi\u00e7\u00f5es de apresenta\u00e7\u00e3o.<\/li>\n<li><em>Fun\u00e7\u00e3o Wi-Fi para facilitar a troca de dados<\/em>. O m\u00f3dulo opcional IFU-WLM3 USB WLAN permite a liga\u00e7\u00e3o a outros dispositivos na sala de aula, como PCs, smartphones e tablets.<\/li>\n<li><em>Presente a partir de qualquer PC atrav\u00e9s da rede<\/em>. As apresenta\u00e7\u00f5es podem ser facilmente projectadas sem fios (com o m\u00f3dulo Wi-Fi opcional) ou atrav\u00e9s de um cabo LAN a partir de qualquer PC ligado \u00e0 rede. As fun\u00e7\u00f5es e o estado do projetor tamb\u00e9m podem ser acedidos e geridos a partir de qualquer PC de professor na rede.<\/li>\n<li>Visualizar imagens diretamente atrav\u00e9s de USB. As fotografias, imagens e gr\u00e1ficos tamb\u00e9m podem ser apresentados sem um PC atrav\u00e9s da porta USB.<\/li>\n<li>Com menos manuten\u00e7\u00e3o, o que tamb\u00e9m tem um efeito positivo nos custos de funcionamento, pode agora ensinar durante mais tempo sem interrup\u00e7\u00f5es. Os ciclos de limpeza do filtro s\u00e3o sincronizados com a substitui\u00e7\u00e3o da l\u00e2mpada, reduzindo ainda mais os requisitos de manuten\u00e7\u00e3o.<\/li>\n<li><em>Poupan\u00e7a de energia com o toque de um bot\u00e3o<\/em>. O bot\u00e3o MODO ECO no projetor ou no controlo remoto d\u00e1-lhe acesso a uma s\u00e9rie de defini\u00e7\u00f5es de poupan\u00e7a de energia.<\/li>\n<li>Escurecimento autom\u00e1tico. Se n\u00e3o for introduzido qualquer sinal ou se tiver decorrido um determinado per\u00edodo de tempo predefinido, a luminosidade do projetor pode ser reduzida automaticamente. Isto poupa energia e reduz a fatura da eletricidade.<\/li>\n<li><em>Ajuste autom\u00e1tico da luminosidade<\/em>. A pot\u00eancia de sa\u00edda do laser ajusta-se automaticamente ao conte\u00fado da imagem. Desta forma, o dispositivo poupa energia em cenas com pouca luz.<\/li>\n<li><em>Supress\u00e3o de imagem para poupan\u00e7a de energia<\/em>. A imagem pode ser desligada imediatamente com o toque de um bot\u00e3o no controlo remoto do projetor. Isto reduz o consumo de energia em 75 %. Depois de premir novamente o bot\u00e3o, o projetor volta a ligar imediatamente a imagem para que a apresenta\u00e7\u00e3o possa continuar.<\/li>\n<li><em>Dete\u00e7\u00e3o autom\u00e1tica de entrada r\u00e1pida e f\u00e1cil<\/em>. O projetor reconhece automaticamente a liga\u00e7\u00e3o correta, o que simplifica e acelera a configura\u00e7\u00e3o.<\/li>\n<li><em>Instala\u00e7\u00e3o simples<\/em>. O zoom \u00f3tico personaliz\u00e1vel e a desloca\u00e7\u00e3o da lente permitem que o dispositivo seja instalado r\u00e1pida e facilmente em qualquer sala de aula. As liga\u00e7\u00f5es vers\u00e1teis facilitam a liga\u00e7\u00e3o a PCs, leitores de DVD, microfones e outros dispositivos AV.<\/li>\n<li><em>Precau\u00e7\u00f5es de seguran\u00e7a integradas<\/em>. O projetor est\u00e1 protegido contra roubo com um c\u00f3digo PIN e uma barra de seguran\u00e7a robusta.<\/li>\n<\/ul>\n<h2>\u00d3tica para projectores<\/h2>\n<p><a href=\"https:\/\/konferenztechnik.de\/wp-content\/uploads\/2013\/08\/sony_objektiv_vpll1008_gross.jpg\"><img loading=\"lazy\" decoding=\"async\" class=\"size-full wp-image-1180\" src=\"https:\/\/konferenztechnik.de\/wp-content\/uploads\/2013\/08\/sony_objektiv_vpll1008_gross.jpg\" alt=\"Lente Sony VPLL1008\" width=\"687\" height=\"627\" title=\"\" srcset=\"https:\/\/konferenztechnik.de\/wp-content\/uploads\/2013\/08\/sony_objektiv_vpll1008_gross.jpg 687w, https:\/\/konferenztechnik.de\/wp-content\/uploads\/2013\/08\/sony_objektiv_vpll1008_gross-300x274.jpg 300w\" sizes=\"(max-width: 687px) 100vw, 687px\" \/><\/a> Lente Sony VPLL1008<\/p>\n<h2>\u00d3tica para projectores<\/h2>\n<p>Com diferentes \u00f3pticas, os projectores profissionais podem ser adaptados a quase todas as dist\u00e2ncias e tamanhos de ecr\u00e3. Inclu\u00edmos todos os par\u00e2metros importantes no nosso planeamento e fornecemos-lhe recomenda\u00e7\u00f5es para a utiliza\u00e7\u00e3o correta dos seus projectores, incluindo as \u00f3pticas adequadas e os acess\u00f3rios necess\u00e1rios.<\/p>","protected":false},"excerpt":{"rendered":"<p>Projektoren Eine kleine Auswahl an professionellen, leisen und \u00e4u\u00dferst leistungstarken Projektoren. Wenn Sie sich f\u00fcr Beamer interessieren, melden Sie sich einfach bei uns, wir finden das passende Modell, genau auf Ihre Bed\u00fcrfnisse abgestimmt. Panasonic LCD-Projektor PT-EW630U Panasonic LCD-Projektor PT-EW630U Der PT- EW630U LCD-Projektor von Panasonic bietet eine WXGA-Aufl\u00f6sung (1.280 x 800), 5.500 Lumen Helligkeit und [&hellip;]<\/p>","protected":false},"author":1,"featured_media":45482,"parent":1138,"menu_order":230,"comment_status":"closed","ping_status":"open","template":"","meta":{"_acf_changed":false,"footnotes":""},"class_list":["post-1141","page","type-page","status-publish","has-post-thumbnail","hentry"],"acf":[],"_links":{"self":[{"href":"https:\/\/konferenztechnik.de\/pt\/wp-json\/wp\/v2\/pages\/1141","targetHints":{"allow":["GET"]}}],"collection":[{"href":"https:\/\/konferenztechnik.de\/pt\/wp-json\/wp\/v2\/pages"}],"about":[{"href":"https:\/\/konferenztechnik.de\/pt\/wp-json\/wp\/v2\/types\/page"}],"author":[{"embeddable":true,"href":"https:\/\/konferenztechnik.de\/pt\/wp-json\/wp\/v2\/users\/1"}],"replies":[{"embeddable":true,"href":"https:\/\/konferenztechnik.de\/pt\/wp-json\/wp\/v2\/comments?post=1141"}],"version-history":[{"count":0,"href":"https:\/\/konferenztechnik.de\/pt\/wp-json\/wp\/v2\/pages\/1141\/revisions"}],"up":[{"embeddable":true,"href":"https:\/\/konferenztechnik.de\/pt\/wp-json\/wp\/v2\/pages\/1138"}],"wp:featuredmedia":[{"embeddable":true,"href":"https:\/\/konferenztechnik.de\/pt\/wp-json\/wp\/v2\/media\/45482"}],"wp:attachment":[{"href":"https:\/\/konferenztechnik.de\/pt\/wp-json\/wp\/v2\/media?parent=1141"}],"curies":[{"name":"wp","href":"https:\/\/api.w.org\/{rel}","templated":true}]}}