{"id":11679,"date":"2017-10-12T16:35:11","date_gmt":"2017-10-12T14:35:11","guid":{"rendered":"https:\/\/www.konferenztechnik.de\/?page_id=11679"},"modified":"2023-09-01T13:50:03","modified_gmt":"2023-09-01T11:50:03","slug":"aluguer-de-equipamento-para-conferencias-em-innsbruck","status":"publish","type":"page","link":"https:\/\/konferenztechnik.de\/pt\/aluguer-de-equipamento-para-conferencias-em-innsbruck\/","title":{"rendered":"Aluguer de tecnologia para confer\u00eancias em Innsbruck"},"content":{"rendered":"<h1>Aluguer de equipamento para confer\u00eancias em Innsbruck, aluguer de equipamento \u00e1udio, v\u00eddeo e simult\u00e2neo no Tirol<\/h1>\n<div class=\"call-action-slider-img\" style=\"padding-top:2px;\">\n<img decoding=\"async\" src=\"https:\/\/konferenztechnik.de\/wp-content\/uploads\/2017\/06\/veranstaltungstechnik-innsbruck.jpg\" alt=\"Aluguer de tecnologia para confer\u00eancias em Innsbruck\" class=\"alignleft size-full wp-image-9527\" title=\"\"><br \/>\n<button class=\"btn popmake-10003\">Pedir um or\u00e7amento,<br \/>\nnuma hora<br \/>\nconsigo! &#x9B;<\/button><\/div>\n<p>A PCS fornece aos organizadores de congressos, hot\u00e9is de confer\u00eancias, organizadores de eventos, int\u00e9rpretes organizadores e empresas de turismo de Innsbruck e do Tirol uma vasta gama de equipamentos e sistemas nos dom\u00ednios da tecnologia de confer\u00eancias, meios audiovisuais e tecnologia simult\u00e2nea. A PCS aluga os seguintes sistemas na capital tirolesa e arredores:<br \/>\n[spacer size=\"20\u2033]<br \/>\n[list icon=\"moon-checkmark\" colour=\"#a62055\u2033]Tecnologia \u00e1udio \/ sistemas de altifalantes \u2013 Altifalantes, amplificadores e tecnologia de microfones[\/list]<br \/>\n[list icon=\"moon-checkmark\" colour=\"#a62055\u2033]Tecnologia v\u00eddeo \u2013 projectores, ecr\u00e3s, sistemas de vota\u00e7\u00e3o TED e ecr\u00e3s[\/list]<br \/>\n[list icon=\"moon-checkmark\" colour=\"#a62055\u2033]Tecnologia simult\u00e2nea \u2013 Sistemas de interpreta\u00e7\u00e3o, cabinas de interpreta\u00e7\u00e3o e acess\u00f3rios t\u00e9cnicos[\/list]<br \/>\n[list icon=\"moon-checkmark\" colour=\"#a62055\u2033]tecnologia cl\u00e1ssica de confer\u00eancia, como cadeias de microfones (ou sistemas de discuss\u00e3o, microfones de mesa, unidades de microfone ou unidades de microfone para delegados)[\/list]<br \/>\n[list icon=\"moon-checkmark\" colour=\"#a62055\u2033]Sistemas de guia pessoal (PFA) \u2013 tamb\u00e9m conhecidos por Pefa, sistemas de guia tur\u00edstico, tecnologia whisper, caixas whisper ou sistemas de guia[\/list]<br \/>\n[spacer size=\"20\u2033]<br \/>\nO campo de aplica\u00e7\u00e3o destes sistemas \u00e9 vasto \u2013 e vai desde congressos multilingues e confer\u00eancias acad\u00e9micas a reuni\u00f5es de empresas, eventos culturais e audi\u00eancias judiciais com a presen\u00e7a de int\u00e9rpretes simult\u00e2neos. Para al\u00e9m dos numerosos hot\u00e9is de confer\u00eancias, os locais t\u00edpicos para eventos em Innsbruck incluem as instala\u00e7\u00f5es do Congress Innsbruck ou o Congresspark Igls.<\/p>\n<p>[spacer size=\"20\u2033]<\/p>\n<p><img decoding=\"async\" src=\"https:\/\/konferenztechnik.de\/wp-content\/uploads\/2016\/10\/events-fullservice.jpg\" alt=\"Aluguer de equipamento para confer\u00eancias em Innsbruck da PCS GmbH\" class=\"alignleft size-full wp-image-8570\" title=\"\"><\/p>\n<h2>Porqu\u00ea contratar tecnologia de confer\u00eancia em Innsbruck?<\/h2>\n<p>Quando se trata do aluguer de sistemas de confer\u00eancia, de meios de comunica\u00e7\u00e3o AV ou de tecnologia simult\u00e2nea em Innsbruck, a PCS confia principalmente em fabricantes de marcas como a Sennheiser, a Bosch, a Yamaha, a Kling &amp; Freitag e a Audipack. Os organizadores tiroleses que recorrem a sistemas de aluguer para os seus eventos disp\u00f5em, assim, de sistemas perfeitamente adaptados \u00e0 finalidade de cada evento. Uma vez que a PCS oferece uma grande variedade de sistemas para uma vasta gama de requisitos, \u00e9 importante procurar aconselhamento adequado ao fazer a sua escolha. Para al\u00e9m do aconselhamento profissional, a PCS oferece um apoio abrangente no planeamento t\u00e9cnico de eventos.<\/p>\n<p>Para al\u00e9m dos seus servi\u00e7os de consultoria abrangentes, a PCS tamb\u00e9m oferece in\u00fameros servi\u00e7os de tecnologia de confer\u00eancias para clientes em Innsbruck. A pedido, os sistemas podem ser entregues diretamente no local do evento e a\u00ed montados de forma profissional. Se necess\u00e1rio, o pessoal treinado da PCS encarregar-se-\u00e1 dos assuntos t\u00e9cnicos durante o evento. E, claro, a PCS tamb\u00e9m se encarrega da desmontagem r\u00e1pida e da remo\u00e7\u00e3o atempada do equipamento.<\/p>\n<p>[spacer size=\"20\u2033]<\/p>\n<div id=\"newscontainer\">\n<div class=\"newskasten\"><a href=\"https:\/\/konferenztechnik.de\/pt\/aluguer-de-cabinas-de-interpretacao\/\">Cabinas de interpreta\u00e7\u00e3o<br \/>\n<img decoding=\"async\" src=\"https:\/\/konferenztechnik.de\/wp-content\/uploads\/2017\/03\/dolmetscherkabinen-mieten.jpg\" alt=\"aluguer de cabinas de interpreta\u00e7\u00e3o\" class=\"alignnone size-full wp-image-9535\" title=\"\"><\/a><br \/>\n[limpar]<br \/>\n[list icon=\"moon-checkmark\" colour=\"#a62055\u2033]Certifica\u00e7\u00e3o ISO[\/list]<br \/>\n[list icon=\"moon-checkmark\" colour=\"#a62055\u2033]Flexivelmente expans\u00edvel[\/list]<br \/>\n[list icon=\"moon-checkmark\" colour=\"#a62055\u2033]Sistemas de interpreta\u00e7\u00e3o[\/list]<br \/>\n[spacer size=\"20\u2033]<br \/>\n[button link=\"#popmake-9771\u2033 target=\"self\" colour=\"#a62055\u2033 text=\"light\"]Pedir um or\u00e7amento[\/button]<br \/>\n[limpar]<br \/>\n<a class=\"weiter\" href=\"https:\/\/konferenztechnik.de\/pt\/aluguer-de-cabinas-de-interpretacao\/\"><span class=\"text-kleiner\">&#x9B; Mais informa\u00e7\u00f5es<\/span><\/a><\/div>\n<div class=\"newskasten\"><a href=\"https:\/\/konferenztechnik.de\/pt\/aluguer-de-equipamento-para-conferencias\/instalacoes-de-debate-3\/\">Instala\u00e7\u00f5es para debate<br \/>\n<img decoding=\"async\" src=\"https:\/\/konferenztechnik.de\/wp-content\/uploads\/2017\/03\/diskussionsanlagen-mieten.jpg\" alt=\"aluguer de equipamento de debate\" class=\"alignnone size-full wp-image-9534\" title=\"\"><\/a><br \/>\n[limpar]<br \/>\n[list icon=\"moon-checkmark\" colour=\"#a62055\u2033]Intercomunicadores de secret\u00e1ria[\/list]<br \/>\n[list icon=\"moon-checkmark\" colour=\"#a62055\u2033]Vota\u00e7\u00e3o[\/list]<br \/>\n[list icon=\"moon-checkmark\" colour=\"#a62055\u2033]Sem fios ou com fios[\/list]<br \/>\n[spacer size=\"20\u2033]<br \/>\n[button link=\"#popmake-9771\u2033 target=\"self\" colour=\"#a62055\u2033 text=\"light\"]Pedir um or\u00e7amento[\/button]<br \/>\n[limpar]<br \/>\n<a href=\"https:\/\/konferenztechnik.de\/pt\/aluguer-de-equipamento-para-conferencias\/instalacoes-de-debate-3\/\"><span class=\"text-kleiner\">&#x9B; Mais informa\u00e7\u00f5es<\/span><\/a><\/div>\n<div class=\"newskasten\"><a href=\"https:\/\/konferenztechnik.de\/pt\/aluguer-de-equipamento-para-conferencias\/sistemas-de-orientacao\/\">Sistemas de guia<br \/>\n<img decoding=\"async\" src=\"https:\/\/konferenztechnik.de\/wp-content\/uploads\/2017\/03\/fuehrungsanlagen-mieten.jpg\" alt=\"aluguer de sistemas de guia\" class=\"alignnone size-full wp-image-9536\" title=\"\"><\/a><br \/>\n[limpar]<br \/>\n[list icon=\"moon-checkmark\" colour=\"#a62055\u2033]Guia tur\u00edstico, Synexis[\/list]<br \/>\n[list icon=\"moon-checkmark\" colour=\"#a62055\u2033]Sistemas sussurrantes[\/list]<br \/>\n[list icon=\"moon-checkmark\" colour=\"#a62055\u2033]Sistemas de gest\u00e3o[\/list]<br \/>\n[spacer size=\"20\u2033]<br \/>\n[button link=\"#popmake-9771\u2033 target=\"self\" colour=\"#a62055\u2033 text=\"light\"]Pedir um or\u00e7amento[\/button]<br \/>\n[limpar]<br \/>\n<a class=\"weiter\" href=\"https:\/\/konferenztechnik.de\/pt\/aluguer-de-equipamento-para-conferencias\/sistemas-de-orientacao\/\"><span class=\"text-kleiner\">&#x9B; Mais informa\u00e7\u00f5es<\/span><\/a><\/div>\n<div class=\"newskasten\"><a href=\"https:\/\/konferenztechnik.de\/pt\/sennheiser-teamconnect-sem-fios\/\">Instala\u00e7\u00f5es para confer\u00eancias<br \/>\n<img decoding=\"async\" src=\"https:\/\/konferenztechnik.de\/wp-content\/uploads\/2017\/03\/konferenzanlagen-mieten.jpg\" alt=\"aluguer de equipamento para confer\u00eancias\" class=\"alignnone size-full wp-image-9537\" title=\"\"><\/a><br \/>\n[limpar]<br \/>\n[list icon=\"moon-checkmark\" colour=\"#a62055\u2033]Tecnologia de interpreta\u00e7\u00e3o[\/list]<br \/>\n[list icon=\"moon-checkmark\" colour=\"#a62055\u2033]Videoconfer\u00eancia[\/list]<br \/>\n[list icon=\"moon-checkmark\" color=\"#a62055\u2033]Personaliz\u00e1vel[\/list]<br \/>\n[spacer size=\"20\u2033]<br \/>\n[button link=\"#popmake-9771\u2033 target=\"self\" colour=\"#a62055\u2033 text=\"light\"]Pedir um or\u00e7amento[\/button]<br \/>\n[limpar]<br \/>\n<a class=\"weiter\" href=\"https:\/\/konferenztechnik.de\/pt\/sennheiser-teamconnect-sem-fios\/\"><span class=\"text-kleiner\">&#x9B; Mais informa\u00e7\u00f5es<\/span><\/a><\/div>\n<div class=\"newskasten\"><a href=\"https:\/\/konferenztechnik.de\/pt\/aluguer-de-equipamento-para-conferencias\/sistemas-de-afinacao-sistemas-ted\/\">Sistemas de afina\u00e7\u00e3o<br \/>\n<img fetchpriority=\"high\" decoding=\"async\" width=\"410\" height=\"304\" src=\"https:\/\/konferenztechnik.de\/wp-content\/uploads\/2017\/03\/abstimmsysteme-mieten-1.jpg\" alt=\"sistemas de afina\u00e7\u00e3o - aluguer\" class=\"alignnone size-full wp-image-9558\" title=\"\" srcset=\"https:\/\/konferenztechnik.de\/wp-content\/uploads\/2017\/03\/abstimmsysteme-mieten-1.jpg 410w, https:\/\/konferenztechnik.de\/wp-content\/uploads\/2017\/03\/abstimmsysteme-mieten-1-300x222.jpg 300w\" sizes=\"(max-width: 410px) 100vw, 410px\" \/><\/a><br \/>\n[limpar]<br \/>\n[list icon=\"moon-checkmark\" colour=\"#a62055\u2033]Unidades de vota\u00e7\u00e3o[\/list]<br \/>\n[list icon=\"moon-checkmark\" colour=\"#a62055\u2033]Software de vota\u00e7\u00e3o[\/list]<br \/>\n[list icon=\"moon-checkmark\" colour=\"#a62055\u2033]Vota\u00e7\u00e3o[\/list]<br \/>\n[spacer size=\"20\u2033]<br \/>\n[button link=\"#popmake-9771\u2033 target=\"self\" colour=\"#a62055\u2033 text=\"light\"]Pedir um or\u00e7amento[\/button]<br \/>\n[limpar]<br \/>\n<a class=\"weiter\" href=\"https:\/\/konferenztechnik.de\/pt\/aluguer-de-equipamento-para-conferencias\/sistemas-de-afinacao-sistemas-ted\/\"><span class=\"text-kleiner\">&#x9B; Mais informa\u00e7\u00f5es<\/span><\/a><\/div>\n<div class=\"newskasten\"><a href=\"https:\/\/konferenztechnik.de\/pt\/aluguer-de-equipamento-para-conferencias\/tecnologia-av-microfones-sistemas-de-som-projectores\/\">Tecnologia \u00e1udio e v\u00eddeo<br \/>\n<img decoding=\"async\" src=\"https:\/\/konferenztechnik.de\/wp-content\/uploads\/2017\/03\/av-technik-mieten.jpg\" alt=\"av-technik-rentals\" class=\"alignnone size-full wp-image-9533\" title=\"\"><\/a><br \/>\n[limpar]<br \/>\n[list icon=\"moon-checkmark\" colour=\"#a62055\u2033]Projectores[\/list]<br \/>\n[list icon=\"moon-checkmark\" colour=\"#a62055\u2033]Ecr\u00e3s, displays[\/list]<br \/>\n[list icon=\"moon-checkmark\" colour=\"#a62055\u2033]P\u00falpitos[\/list]<br \/>\n[spacer size=\"20\u2033]<br \/>\n[button link=\"#popmake-9771\u2033 target=\"self\" colour=\"#a62055\u2033 text=\"light\"]Pedir um or\u00e7amento[\/button]<br \/>\n[limpar]<br \/>\n<a class=\"weiter\" href=\"https:\/\/konferenztechnik.de\/pt\/aluguer-de-equipamento-para-conferencias\/tecnologia-av-microfones-sistemas-de-som-projectores\/\"><span class=\"text-kleiner\">&#x9B; Mais informa\u00e7\u00f5es<\/span><\/a><\/div>\n<\/div>\n<h2>Altera\u00e7\u00e3o das necessidades dos clientes e tend\u00eancias actuais dos sistemas sem fios<\/h2>\n<p>Do ponto de vista t\u00e9cnico, a PCS esfor\u00e7a-se sempre por responder \u00e0 evolu\u00e7\u00e3o das necessidades dos clientes e \u00e0s tend\u00eancias t\u00e9cnicas no que diz respeito aos sistemas de aluguer. No Tirol, por exemplo, existe atualmente um aumento not\u00e1vel da procura de sistemas sem fios, especialmente no que diz respeito a unidades de microfone. Os t\u00e9cnicos da PCS podem, normalmente, esclarecer com relativa rapidez se os sistemas sem fios, flex\u00edveis e de r\u00e1pida implementa\u00e7\u00e3o, s\u00e3o adequados para um determinado local de evento ou se ser\u00e1 melhor optar por solu\u00e7\u00f5es com fios.<\/p>\n<p>Para pedidos de informa\u00e7\u00e3o provenientes de Innsbruck e do Tirol, tanto a sucursal da PCS em Munique como a sucursal em Heilbronn est\u00e3o dispon\u00edveis em qualquer altura. Os pedidos de informa\u00e7\u00e3o por correio eletr\u00f3nico s\u00e3o normalmente respondidos no prazo de uma hora. Al\u00e9m disso, as empresas tirolesas de todas as dimens\u00f5es tamb\u00e9m podem telefonar diretamente para as pessoas de contacto nas respectivas sucursais.<\/p>\n<p>[spacer size=\"20\u2033]<\/p>\n<div class=\"call-action-slider-img\">\n<img decoding=\"async\" src=\"https:\/\/konferenztechnik.de\/wp-content\/uploads\/2016\/10\/events-berlin.jpg\" alt=\"Aluguer de tecnologia para confer\u00eancias da PCS GmbH\" class=\"alignleft size-full wp-image-8570\" title=\"\"><br \/>\n<button class=\"btn popmake-9671\">Pedir um or\u00e7amento,<br \/>\nnuma hora<br \/>\nconsigo! &#x9B;<\/button><\/div>\n<p>[spacer size=\"10\u2033]<\/p>\n<div class=\"sidebar-line\">\n<span><\/span><\/div>\n<p>[spacer size=\"20\u2033]<\/p>\n<div class=\"leistungen-menu\">\n[column size=\"1-2\u2033 last=\"0\u2033]<\/p>\n<h3>Aluguer de tecnologia para confer\u00eancias<\/h3>\n<p>[menu theme_location='dolmetschertechnik-mieten-stuttgart']<br \/>\n[\/coluna]<\/p>\n<p>[column size=\"1-2\u2033 last=\"0\u2033]<\/p>\n<h3>Comprar tecnologia para confer\u00eancias<\/h3>\n<p>[menu theme_location='dolmetschertechnik-mieten-stuttgart-2\u2032]<br \/>\n[\/coluna]<\/p>\n<p>[column size=\"1-2\u2033 last=\"0\u2033]<\/p>\n<h3>Instala\u00e7\u00e3o e integra\u00e7\u00e3o<\/h3>\n<p>[menu theme_location='dolmetschertechnik-mieten-stuttgart-4\u2032]<br \/>\n[\/coluna]<\/p>\n<p>[column size=\"1-4\u2033 last=\"1\u2033]<\/p>\n<h3 >Tecnologia de confer\u00eancia PCS<\/h3>\n<p>[menu theme_location='dolmetschertechnik-mieten-stuttgart-3\u2032]<br \/>\n[\/coluna]<\/p>\n<\/div>","protected":false},"excerpt":{"rendered":"<p>Konferenztechnik mieten Innsbruck, Verleih von Audio-, Video- und Simultantechnik in Tirol Angebot anfordern, in einer Stunde bei Ihnen! &#x9B; PCS versorgt Innsbrucker und Tiroler Kongress-Veranstalter, Konferenzhotels, Event-Organisatoren, organisierende Dolmetscher und Tourismusbetriebe mit verschiedensten Anlagen und Systemen aus den Bereichen Konferenz-, AV-Medien- und Simultantechnik. Unter anderem vermietet PCS in der Tiroler Landeshauptstadt und ihrem Umland folgende [&hellip;]<\/p>","protected":false},"author":1,"featured_media":45482,"parent":0,"menu_order":0,"comment_status":"closed","ping_status":"closed","template":"","meta":{"_acf_changed":false,"footnotes":""},"class_list":["post-11679","page","type-page","status-publish","has-post-thumbnail","hentry"],"acf":[],"_links":{"self":[{"href":"https:\/\/konferenztechnik.de\/pt\/wp-json\/wp\/v2\/pages\/11679","targetHints":{"allow":["GET"]}}],"collection":[{"href":"https:\/\/konferenztechnik.de\/pt\/wp-json\/wp\/v2\/pages"}],"about":[{"href":"https:\/\/konferenztechnik.de\/pt\/wp-json\/wp\/v2\/types\/page"}],"author":[{"embeddable":true,"href":"https:\/\/konferenztechnik.de\/pt\/wp-json\/wp\/v2\/users\/1"}],"replies":[{"embeddable":true,"href":"https:\/\/konferenztechnik.de\/pt\/wp-json\/wp\/v2\/comments?post=11679"}],"version-history":[{"count":0,"href":"https:\/\/konferenztechnik.de\/pt\/wp-json\/wp\/v2\/pages\/11679\/revisions"}],"wp:featuredmedia":[{"embeddable":true,"href":"https:\/\/konferenztechnik.de\/pt\/wp-json\/wp\/v2\/media\/45482"}],"wp:attachment":[{"href":"https:\/\/konferenztechnik.de\/pt\/wp-json\/wp\/v2\/media?parent=11679"}],"curies":[{"name":"wp","href":"https:\/\/api.w.org\/{rel}","templated":true}]}}