{"id":12,"date":"2013-06-25T11:07:51","date_gmt":"2013-06-25T09:07:51","guid":{"rendered":"https:\/\/pcs-miete.de\/?page_id=12"},"modified":"2023-09-01T13:04:29","modified_gmt":"2023-09-01T11:04:29","slug":"sobre-nos","status":"publish","type":"page","link":"https:\/\/konferenztechnik.de\/pt\/sobre-nos\/","title":{"rendered":"Sobre n\u00f3s"},"content":{"rendered":"<h1>Sobre n\u00f3s<\/h1>\n<p>[rev_slider overuns].<br \/>\n[spacer size=\"20\u2033]<\/p>\n<p>[column size=\"1-2\u2033 last=\"0\u2033]<\/p>\n<p>A PCS organiza confer\u00eancias e reuni\u00f5es em todo o mundo desde 1995. Somos o seu contacto para o aluguer, compra e assist\u00eancia de equipamento de interpreta\u00e7\u00e3o e tecnologia de confer\u00eancias.<\/p>\n<p>Trabalhamos com os int\u00e9rpretes mais conceituados e asseguramos tradu\u00e7\u00f5es fi\u00e1veis e de elevada qualidade, mesmo em situa\u00e7\u00f5es dif\u00edceis.<\/p>\n<p>Dedic\u00e1mo-nos de alma e cora\u00e7\u00e3o ao ambiente especial dos congressos e, desde ent\u00e3o, apoiamos os nossos clientes com todo o empenho e com os nossos muitos anos de experi\u00eancia. Em 2006, a PCS expandiu as suas actividades comerciais para incluir instala\u00e7\u00f5es fixas e a venda de tecnologia de interpreta\u00e7\u00e3o, sistemas de discuss\u00e3o, tecnologia de confer\u00eancia e de meios de comunica\u00e7\u00e3o.<\/p>\n<p>[\/coluna]<\/p>\n<p>[column size=\"1-2\u2033 last=\"1\u2033]<\/p>\n<p>A nossa equipa \u00e9 composta principalmente por especialistas permanentes dos v\u00e1rios ramos da ind\u00fastria \u00e1udio\/v\u00eddeo: engenheiros, mestres t\u00e9cnicos de eventos, mestres electricistas, programadores e t\u00e9cnicos de eventos. Oferecemos-lhe um planeamento fi\u00e1vel, solu\u00e7\u00f5es profissionais e um cumprimento meticuloso das encomendas. Com o nosso vasto equipamento de oficina e pessoal de manuten\u00e7\u00e3o com forma\u00e7\u00e3o adequada, damos-lhe apoio a longo prazo.<\/p>\n<p>Esfor\u00e7amo-nos sempre por satisfazer as necessidades dos nossos clientes da melhor forma poss\u00edvel. As rela\u00e7\u00f5es justas e de coopera\u00e7\u00e3o com os nossos clientes, fornecedores e colaboradores s\u00e3o a garantia do sucesso do seu projeto e a base estrat\u00e9gica do nosso sucesso a longo prazo.<\/p>\n<p>[\/coluna]<\/p>\n<p><img decoding=\"async\" src=\"https:\/\/konferenztechnik.de\/wp-content\/uploads\/2018\/01\/poster-pcs.png\" alt=\"pcs-poster\" class=\"alignnone size-full wp-image-8180\" title=\"\"><\/p>\n<div class=\"weiterlinks\">\n<h2>Outras liga\u00e7\u00f5es<\/h2>\n<ul>\n[list icon=\"moon-arrow-right-2\u2033 colour=\"#a62055\u2033] <a title=\"10 boas raz\u00f5es para o PCS\" href=\"\/pt\/sobre-nos\/10-boas-razoes-para-os-pcs\/\">10 boas raz\u00f5es para o PCS<\/a>[\/lista]<br \/>\n[list icon=\"moon-arrow-right-2\u2033 colour=\"#a62055\u2033] <a title=\"Aluguer\" href=\"\/pt\/aluguer-de-equipamento-para-conferencias\/\">Aluguer de tecnologia para confer\u00eancias<\/a>[\/lista]<br \/>\n[list icon=\"moon-arrow-right-2\u2033 colour=\"#a62055\u2033] <a title=\"Instala\u00e7\u00e3o\" href=\"\/pt\/instalacao-e-integracao-de-tecnologia-de-conferencia-e-sistemas-multimedia\/\">Instala\u00e7\u00e3o e integra\u00e7\u00e3o de tecnologia de confer\u00eancia e sistemas multim\u00e9dia<\/a>[\/lista]<br \/>\n[list icon=\"moon-arrow-right-2\u2033 colour=\"#a62055\u2033] <a title=\"Vendas de tecnologia para confer\u00eancias\" href=\"\/pt\/tecnologia-de-conferencia-de-vendas\/\">Distribui\u00e7\u00e3o da tecnologia da confer\u00eancia<\/a>[\/lista]<br \/>\n[list icon=\"moon-arrow-right-2\u2033 colour=\"#a62055\u2033] <a title=\"Eventos de apoio\" href=\"\/pt\/apoio-a-eventos-multilingues\/\">Apoio a eventos<\/a>[\/lista]<br \/>\n[list icon=\"moon-arrow-right-2\u2033 colour=\"#a62055\u2033] <a title=\"Produtos personalizados, manuten\u00e7\u00e3o e repara\u00e7\u00e3o\" href=\"\/pt\/servicos-2\/manutencao-e-reparacao\/\">Produtos personalizados, manuten\u00e7\u00e3o e repara\u00e7\u00e3o<\/a>[\/lista]<br \/>\n[list icon=\"moon-arrow-right-2\u2033 colour=\"#a62055\u2033] <a title=\"Forma\u00e7\u00e3o e servi\u00e7os para int\u00e9rpretes\" href=\"\/pt\/cursos-de-formacao-e-servicos-para-interpretes\/\">Forma\u00e7\u00e3o e servi\u00e7os para int\u00e9rpretes<\/a>[\/lista]<\/ul>\n<\/div>","protected":false},"excerpt":{"rendered":"<p>Wir \u00fcber uns [rev_slider ueberuns] [spacer size=&#8220;20&#8243;] [column size=&#8220;1-2&#8243; last=&#8220;0&#8243;] PCS betreut seit 1995 Konferenzen und Tagungen in aller Welt. Wir sind Ansprechpartner f\u00fcr die Miete, den Kauf und die Betreuung von Dolmetscheranlagen und Konferenztechnik. Wir arbeiten mit den renommiertesten Dolmetscherinnen und Dolmetschern zusammen und sorgen auch in anspruchsvollen Situationen f\u00fcr eine sichere und hochwertige [&hellip;]<\/p>","protected":false},"author":1,"featured_media":45482,"parent":0,"menu_order":256,"comment_status":"closed","ping_status":"open","template":"","meta":{"_acf_changed":false,"footnotes":""},"class_list":["post-12","page","type-page","status-publish","has-post-thumbnail","hentry"],"acf":[],"_links":{"self":[{"href":"https:\/\/konferenztechnik.de\/pt\/wp-json\/wp\/v2\/pages\/12","targetHints":{"allow":["GET"]}}],"collection":[{"href":"https:\/\/konferenztechnik.de\/pt\/wp-json\/wp\/v2\/pages"}],"about":[{"href":"https:\/\/konferenztechnik.de\/pt\/wp-json\/wp\/v2\/types\/page"}],"author":[{"embeddable":true,"href":"https:\/\/konferenztechnik.de\/pt\/wp-json\/wp\/v2\/users\/1"}],"replies":[{"embeddable":true,"href":"https:\/\/konferenztechnik.de\/pt\/wp-json\/wp\/v2\/comments?post=12"}],"version-history":[{"count":0,"href":"https:\/\/konferenztechnik.de\/pt\/wp-json\/wp\/v2\/pages\/12\/revisions"}],"wp:featuredmedia":[{"embeddable":true,"href":"https:\/\/konferenztechnik.de\/pt\/wp-json\/wp\/v2\/media\/45482"}],"wp:attachment":[{"href":"https:\/\/konferenztechnik.de\/pt\/wp-json\/wp\/v2\/media?parent=12"}],"curies":[{"name":"wp","href":"https:\/\/api.w.org\/{rel}","templated":true}]}}