{"id":12182,"date":"2018-01-12T12:12:34","date_gmt":"2018-01-12T11:12:34","guid":{"rendered":"https:\/\/www.konferenztechnik.de\/?page_id=12182"},"modified":"2023-09-01T13:11:32","modified_gmt":"2023-09-01T11:11:32","slug":"comprar-sistema-de-orientacao-pessoal","status":"publish","type":"page","link":"https:\/\/konferenztechnik.de\/pt\/comprar-sistema-de-orientacao-pessoal\/","title":{"rendered":"Comprar um sistema de guia tur\u00edstico"},"content":{"rendered":"<h1>Comprar um sistema de guia tur\u00edstico: Sistemas e acess\u00f3rios de guias tur\u00edsticos profissionais<\/h1>\n<div class=\"call-action-slider-img\">\n<img fetchpriority=\"high\" decoding=\"async\" width=\"850\" height=\"319\" src=\"https:\/\/konferenztechnik.de\/wp-content\/uploads\/2018\/01\/personenfuehrungsanlage-kaufen-bei-pcs.jpg\" alt=\"Comprar sistemas de orienta\u00e7\u00e3o de pessoas da PCS Konferenztechnik\" class=\"alignnone size-full wp-image-12201\" title=\"\" srcset=\"https:\/\/konferenztechnik.de\/wp-content\/uploads\/2018\/01\/personenfuehrungsanlage-kaufen-bei-pcs.jpg 850w, https:\/\/konferenztechnik.de\/wp-content\/uploads\/2018\/01\/personenfuehrungsanlage-kaufen-bei-pcs-300x113.jpg 300w, https:\/\/konferenztechnik.de\/wp-content\/uploads\/2018\/01\/personenfuehrungsanlage-kaufen-bei-pcs-768x288.jpg 768w\" sizes=\"(max-width: 850px) 100vw, 850px\" \/><br \/>\n<button class=\"bbtn popmake-12226\">Pedir um or\u00e7amento &#x9B;<\/button><\/div>\n<p><a href=\"#sennheiser\">Guia tur\u00edstico da Sennheiser<\/a>, <a href=\"#beyerdynamic\">Beyerdynamic UNITE<\/a>, <a href=\"#audioropa\">Audioropa Xepton<\/a> ou <a href=\"#mipro\">Mipro MTG<\/a>Compre sistemas de guias pr\u00e1ticos do mais alto n\u00edvel t\u00e9cnico na PCS. Como revendedor oficial especializado de v\u00e1rios fabricantes conhecidos, oferecemos-lhe aconselhamento especializado e processamento de encomendas nas melhores condi\u00e7\u00f5es. Se pretender comprar um sistema de guia tur\u00edstico ou se estiver interessado num sistema de guia tur\u00edstico, basta entrar em contacto connosco. Teremos todo o gosto em enviar-lhe uma proposta sem compromisso \u2013 e, claro, a n\u00edvel nacional!<\/p>\n<p>[spacer size=\"10\u2033]<\/p>\n<p><img decoding=\"async\" src=\"https:\/\/konferenztechnik.de\/wp-content\/uploads\/2019\/09\/Sennheiser-logo.png\" alt=\"Log\u00f3tipo da Sennheiser\" width=\"231\" height=\"39\" class=\"alignleft size-full wp-image-15046\" id=\"sennheiser\" title=\"\"><\/p>\n<hr style=\"background-color:#999999; margin-bottom:30px;\">\n<h2>Sennheiser Tourguide 2020 D<\/h2>\n<p><a href=\"https:\/\/konferenztechnik.de\/pt\/comprar-sennheiser-tourguide\/\"><br \/>\n<img decoding=\"async\" width=\"850\" height=\"388\" src=\"https:\/\/konferenztechnik.de\/wp-content\/uploads\/2018\/01\/sennheiser-tourguide-kaufen-set.jpg\" alt=\"Comprar Conjunto Tourguide da Sennheiser\" class=\"alignnone size-full wp-image-12216\" title=\"\" srcset=\"https:\/\/konferenztechnik.de\/wp-content\/uploads\/2018\/01\/sennheiser-tourguide-kaufen-set.jpg 850w, https:\/\/konferenztechnik.de\/wp-content\/uploads\/2018\/01\/sennheiser-tourguide-kaufen-set-300x137.jpg 300w, https:\/\/konferenztechnik.de\/wp-content\/uploads\/2018\/01\/sennheiser-tourguide-kaufen-set-768x351.jpg 768w\" sizes=\"(max-width: 850px) 100vw, 850px\" \/><\/a><\/p>\n<p>O sistema de guia tur\u00edstico digital Sennheiser 2020-D combina a facilidade de utiliza\u00e7\u00e3o com fun\u00e7\u00f5es profissionais: O sistema de guia tur\u00edstico da Sennheiser pode ser facilmente utilizado para visitas guiadas, confer\u00eancias ou para apoio auditivo. Os receptores de queixo HDE-2020 combinam auscultadores e recetor num \u00fanico dispositivo. A vantagem \u00e9 que n\u00e3o existem cabos para os auscultadores, o que facilita a entrega\/retorno dos receptores-guia. Este recetor de barra de queixo \u00e9, portanto, tamb\u00e9m uma boa escolha quando os capacetes s\u00e3o obrigat\u00f3rios durante uma excurs\u00e3o. Ali\u00e1s, os receptores ligam-se automaticamente quando s\u00e3o colocados no \u2013 e desligam-se novamente se n\u00e3o forem utilizados durante um longo per\u00edodo de tempo.<\/p>\n<div>\n<div style=\"float:left; text-align:left; font-size:0.8em; width:70%;\">\nO Tourguide 2020 D da Sennheiser \u00e9 um sistema de guia cl\u00e1ssico e o seu design especial torna-o um atrativo para os estetas em museus e galerias.<\/div>\n<div style=\"float:left; text-align:right; width:30%;\">\n<p>[button link=\"#popmake-12226\u2033 target=\"self\" colour=\"#a62055\u2033 class=\"bbtn\" text=\"light\"]Pedir um or\u00e7amento[\/button][clear]<br \/>\n<a class=\"weiter\" href=\"https:\/\/konferenztechnik.de\/pt\/comprar-sennheiser-tourguide\/\"><span class=\"text-kleiner\">&#x9B; Mais informa\u00e7\u00f5es<\/span><\/a><\/p>\n<\/div>\n<\/div>\n<p>[limpar]<\/p>\n<hr style=\"background-color:#999999; margin-bottom:30px;\">\n<h2>Sennheiser Tourguide 1039<\/h2>\n<p><img loading=\"lazy\" decoding=\"async\" width=\"850\" height=\"388\" src=\"https:\/\/konferenztechnik.de\/wp-content\/uploads\/2019\/09\/sennheiser-tourguide-1039-kaufen-bei-pcs.jpg\" alt=\"Comprar Sennheiser Tourguide 1039 na PCS\" class=\"alignleft size-full wp-image-15021\" title=\"\" srcset=\"https:\/\/konferenztechnik.de\/wp-content\/uploads\/2019\/09\/sennheiser-tourguide-1039-kaufen-bei-pcs.jpg 850w, https:\/\/konferenztechnik.de\/wp-content\/uploads\/2019\/09\/sennheiser-tourguide-1039-kaufen-bei-pcs-300x137.jpg 300w, https:\/\/konferenztechnik.de\/wp-content\/uploads\/2019\/09\/sennheiser-tourguide-1039-kaufen-bei-pcs-768x351.jpg 768w\" sizes=\"(max-width: 850px) 100vw, 850px\" \/><\/p>\n<p>O Tourguide System 1039 da Sennheiser funciona na gama de frequ\u00eancias UHF dispon\u00edvel a n\u00edvel mundial. As predefini\u00e7\u00f5es de frequ\u00eancia ajudam a configurar facilmente o sistema. Com a capacidade de transmitir at\u00e9 32 canais em simult\u00e2neo, o Tourguide 1039 tamb\u00e9m \u00e9 adequado para grandes eventos com int\u00e9rpretes simult\u00e2neos. Os receptores EK 1039 s\u00e3o extremamente robustos e transmitem com a melhor qualidade de \u00e1udio. Uma ficha jack padr\u00e3o de 3,5 mm pode ser utilizada para ligar tanto os auscultadores como os la\u00e7os de indu\u00e7\u00e3o, que s\u00e3o utilizados para assist\u00eancia auditiva.<\/p>\n<div>\n<div style=\"float:left; text-align:left; font-size:0.8em; width:70%;\">\nA fiabilidade da transmiss\u00e3o, a constru\u00e7\u00e3o robusta e a gest\u00e3o simples da frequ\u00eancia caracterizam o Tourguide 1039 da Sennheiser.<\/div>\n<div style=\"float:left; text-align:right; width:30%;\">\n<p>[button link=\"#popmake-12226\u2033 target=\"self\" colour=\"#a62055\u2033 class=\"bbtn\" text=\"light\"]Pedir um or\u00e7amento[\/button][clear]<\/p>\n<\/div>\n<\/div>\n<p>[limpar]<\/p>\n<p>[spacer size=\"35\u2033]<br \/>\n<img loading=\"lazy\" decoding=\"async\" src=\"https:\/\/konferenztechnik.de\/wp-content\/uploads\/2019\/09\/beyerdynamic-logo-1-300x78.png\" alt=\"\" width=\"300\" height=\"78\" class=\"alignleft size-medium wp-image-15031\" id=\"beyerdynamic\" title=\"\" srcset=\"https:\/\/konferenztechnik.de\/wp-content\/uploads\/2019\/09\/beyerdynamic-logo-1-300x78.png 300w, https:\/\/konferenztechnik.de\/wp-content\/uploads\/2019\/09\/beyerdynamic-logo-1-768x198.png 768w, https:\/\/konferenztechnik.de\/wp-content\/uploads\/2019\/09\/beyerdynamic-logo-1.png 774w\" sizes=\"(max-width: 300px) 100vw, 300px\" \/><\/p>\n<hr style=\"background-color:#999999; margin-bottom:30px;\">\n<h2>Beyerdynamic UNITE<\/h2>\n<p><a href=\"https:\/\/konferenztechnik.de\/pt\/sistema-de-orientacao-digital-beyerdynamic-unite\/\"><br \/>\n<img loading=\"lazy\" decoding=\"async\" width=\"850\" height=\"388\" src=\"https:\/\/konferenztechnik.de\/wp-content\/uploads\/2019\/09\/Beyerdynamic-UNITE-kaufen-bei-PCS.jpg\" alt=\"Comprar Beyerdynamic UNITE na PCS\" class=\"alignleft size-full wp-image-15018\" title=\"\" srcset=\"https:\/\/konferenztechnik.de\/wp-content\/uploads\/2019\/09\/Beyerdynamic-UNITE-kaufen-bei-PCS.jpg 850w, https:\/\/konferenztechnik.de\/wp-content\/uploads\/2019\/09\/Beyerdynamic-UNITE-kaufen-bei-PCS-300x137.jpg 300w, https:\/\/konferenztechnik.de\/wp-content\/uploads\/2019\/09\/Beyerdynamic-UNITE-kaufen-bei-PCS-768x351.jpg 768w\" sizes=\"(max-width: 850px) 100vw, 850px\" \/><\/a><\/p>\n<p>O sistema de confer\u00eancia sem fios Beyerdynamic UNITE \u00e9 extremamente flex\u00edvel e pode ser utilizado como sistema de gest\u00e3o pessoal, sistema de confer\u00eancia ou para eventos de PA silencioso. O UNITE utiliza a norma DECT para a transmiss\u00e3o. O DECT pode ser utilizado sem autoriza\u00e7\u00e3o e sem taxas. O sistema procura automaticamente frequ\u00eancias de r\u00e1dio livres e define sempre o melhor canal de transmiss\u00e3o. O UNITE pode transmitir e receber at\u00e9 32 canais em simult\u00e2neo. Tr\u00eas altifalantes podem tamb\u00e9m falar em simult\u00e2neo. O sistema oferece ainda um canal de retorno para as perguntas dos telespectadores.<\/p>\n<div>\n<div style=\"float:left; text-align:left; font-size:0.8em; width:70%;\">\nTransmiss\u00e3o bidirecional Beyerdynamic UNITE, at\u00e9 32 grupos em simult\u00e2neo, a melhor qualidade de \u00e1udio e transmiss\u00e3o na moderna norma de r\u00e1dio DECT.<\/div>\n<div style=\"float:left; text-align:right; width:30%;\">\n<p>[button link=\"#popmake-12226\u2033 target=\"self\" colour=\"#a62055\u2033 class=\"bbtn\" text=\"light\"]Pedir um or\u00e7amento[\/button][clear]<br \/>\n<a class=\"weiter\" href=\"https:\/\/konferenztechnik.de\/pt\/sistema-de-orientacao-digital-beyerdynamic-unite\/\"><span class=\"text-kleiner\">&#x9B; Mais informa\u00e7\u00f5es<\/span><\/a><\/p>\n<\/div>\n<\/div>\n<p>[limpar]<\/p>\n<hr style=\"background-color:#999999; margin-bottom:30px;\">\n<h2>Beyerdynamic Synexis (modelo descontinuado)<\/h2>\n<p><a href=\"https:\/\/konferenztechnik.de\/pt\/comprar-beyerdynamic-synexis\/\"><br \/>\n<img loading=\"lazy\" decoding=\"async\" width=\"850\" height=\"388\" src=\"https:\/\/konferenztechnik.de\/wp-content\/uploads\/2018\/01\/beyerdynamic-synexis-kaufen-set.jpg\" alt=\"Comprar Beyerdynamic Synexis Set\" class=\"alignnone size-full wp-image-12217\" title=\"\" srcset=\"https:\/\/konferenztechnik.de\/wp-content\/uploads\/2018\/01\/beyerdynamic-synexis-kaufen-set.jpg 850w, https:\/\/konferenztechnik.de\/wp-content\/uploads\/2018\/01\/beyerdynamic-synexis-kaufen-set-300x137.jpg 300w, https:\/\/konferenztechnik.de\/wp-content\/uploads\/2018\/01\/beyerdynamic-synexis-kaufen-set-768x351.jpg 768w\" sizes=\"(max-width: 850px) 100vw, 850px\" \/><\/a><\/p>\n<p>O Beyerdynamic Synexis \u00e9 ideal para visitas guiadas e confer\u00eancias, pode ser utilizado para aplica\u00e7\u00f5es de interpreta\u00e7\u00e3o multilingue e \u00e9 tamb\u00e9m popular para amplifica\u00e7\u00e3o auditiva. O recetor pode ser fixado \u00e0 roupa com o clipe de cinto amov\u00edvel ou usado \u00e0 volta do pesco\u00e7o com um cord\u00e3o. O recetor \u00e9 alimentado por duas pilhas recarreg\u00e1veis NiMH ou, em alternativa, por pilhas AA de 1,5 V. Os contactos de carregamento integrados permitem que as pilhas recarreg\u00e1veis permane\u00e7am no recetor durante o carregamento. O sistema Synexis \u00e9 um modelo descontinuado, mas o stock restante e as pe\u00e7as sobressalentes ainda est\u00e3o dispon\u00edveis.<\/p>\n<p>[callout add_button=\"no\" button_url=\"\" button_color=\"#a62055\u2033]<\/p>\n<p>A Beyerdynamic descontinuou o sistema Synexis e retirou-o da sua gama. O stock remanescente pode ser obtido atrav\u00e9s de n\u00f3s enquanto durarem os stocks. O sucessor do Synexis \u00e9 o sistema UNITE. Se tiver alguma d\u00favida, contacte-nos.<\/p>\n<p>No entanto, os servi\u00e7os de garantia e as ordens de servi\u00e7o que ainda est\u00e3o em curso permanecem v\u00e1lidos durante o per\u00edodo especificado.<\/p>\n<p>[\/callout].<\/p>\n<div>\n<div style=\"float:left; text-align:left; font-size:0.8em; width:70%;\">\nO sistema Beyerdynamic Synexis \u00e9 um \u2013 polivalente de qualidade superior sem comprometer a classe B. O sistema \u00e9 muito simples e intuitivo de utilizar.<\/div>\n<div style=\"float:left; text-align:right; width:30%;\">\n<p>[button link=\"#popmake-12226\u2033 target=\"self\" colour=\"#a62055\u2033 class=\"bbtn\" text=\"light\"]Pedir um or\u00e7amento[\/button][clear]<br \/>\n<a class=\"weiter\" href=\"https:\/\/konferenztechnik.de\/pt\/comprar-beyerdynamic-synexis\/\"><span class=\"text-kleiner\">&#x9B; Mais informa\u00e7\u00f5es<\/span><\/a><\/p>\n<\/div>\n<\/div>\n<p>[limpar]<br \/>\n[spacer size=\"35\u2033]<\/p>\n<p><img loading=\"lazy\" decoding=\"async\" src=\"https:\/\/konferenztechnik.de\/wp-content\/uploads\/2019\/09\/Audioropa-logo.png\" alt=\"\" width=\"197\" height=\"50\" class=\"alignleft size-full wp-image-15033\" id=\"audioropa\" title=\"\"><\/p>\n<hr style=\"background-color:#999999; margin-bottom:30px;\">\n<h2>Audioropa Xepton<\/h2>\n<p><img loading=\"lazy\" decoding=\"async\" width=\"850\" height=\"338\" src=\"https:\/\/konferenztechnik.de\/wp-content\/uploads\/2019\/08\/Audioropa-Xepton-Tourguidesystem-1.jpg\" alt=\"Sistema de guia tur\u00edstico Audioropa Xepton\" class=\"alignleft size-full wp-image-15012\" title=\"\" srcset=\"https:\/\/konferenztechnik.de\/wp-content\/uploads\/2019\/08\/Audioropa-Xepton-Tourguidesystem-1.jpg 850w, https:\/\/konferenztechnik.de\/wp-content\/uploads\/2019\/08\/Audioropa-Xepton-Tourguidesystem-1-300x119.jpg 300w, https:\/\/konferenztechnik.de\/wp-content\/uploads\/2019\/08\/Audioropa-Xepton-Tourguidesystem-1-768x305.jpg 768w\" sizes=\"(max-width: 850px) 100vw, 850px\" \/><\/p>\n<p>Com o Xepton, a Audioropa lan\u00e7ou um sistema de guia tur\u00edstico e de comunica\u00e7\u00e3o via r\u00e1dio que combina na perfei\u00e7\u00e3o flexibilidade e economia. O Xepton tem um design robusto e \u00e9, portanto, ideal para uso di\u00e1rio \"na estrada\" durante visitas a cidades e f\u00e1bricas, em museus ou em confer\u00eancias. O Xepton pode ser opcionalmente equipado com teleloops para transmitir sinais \u00e1udio por indu\u00e7\u00e3o para deficientes auditivos e utilizadores de implantes cocleares. Dependendo do modelo, o Xepton tamb\u00e9m oferece um canal de feedback para que as perguntas do p\u00fablico possam ser facilmente respondidas em qualquer altura.<\/p>\n<div>\n<div style=\"float:left; text-align:left; font-size:0.8em; width:70%;\">\nO Xepton da Audioropa \u00e9 robusto, flex\u00edvel e oferece canais de retorno para as perguntas do p\u00fablico.<\/div>\n<div style=\"float:left; text-align:right; width:30%;\">\n<p>[button link=\"#popmake-12226\u2033 target=\"self\" colour=\"#a62055\u2033 class=\"bbtn\" text=\"light\"]Pedir um or\u00e7amento[\/button][clear]<\/p>\n<\/div>\n<\/div>\n<p>[limpar]<br \/>\n[spacer size=\"35\u2033]<\/p>\n<p><img loading=\"lazy\" decoding=\"async\" src=\"https:\/\/konferenztechnik.de\/wp-content\/uploads\/2019\/09\/mipro-logo-1.png\" alt=\"\" width=\"180\" height=\"70\" class=\"alignleft size-full wp-image-15037\" id=\"mipro\" title=\"\"><\/p>\n<hr style=\"background-color:#999999; margin-bottom:30px;\">\n<h2>Mipro MTG 100<\/h2>\n<p><a href =\"https:\/\/konferenztechnik.de\/pt\/comprar-mipro-guide-system\/\"><br \/>\n<img loading=\"lazy\" decoding=\"async\" width=\"850\" height=\"388\" src=\"https:\/\/konferenztechnik.de\/wp-content\/uploads\/2018\/01\/mipro-mtg-kaufen-set.jpg\" alt=\"Comprar Conjunto Mipro MTG\" class=\"alignnone size-full wp-image-12218\" title=\"\" srcset=\"https:\/\/konferenztechnik.de\/wp-content\/uploads\/2018\/01\/mipro-mtg-kaufen-set.jpg 850w, https:\/\/konferenztechnik.de\/wp-content\/uploads\/2018\/01\/mipro-mtg-kaufen-set-300x137.jpg 300w, https:\/\/konferenztechnik.de\/wp-content\/uploads\/2018\/01\/mipro-mtg-kaufen-set-768x351.jpg 768w\" sizes=\"(max-width: 850px) 100vw, 850px\" \/><\/a><\/p>\n<p>A Mipro pode ainda ser uma dica privilegiada para muitos. \u00c9 o maior fabricante de microfones profissionais sem fios em Taiwan. O sistema de orienta\u00e7\u00e3o oferece uma qualidade de som muito boa e uma transmiss\u00e3o fi\u00e1vel e est\u00e1vel. Est\u00e3o dispon\u00edveis 16 canais. S\u00e3o poss\u00edveis at\u00e9 4 transmiss\u00f5es separadas por evento. As baterias de pol\u00edmero de l\u00edtio integradas oferecem at\u00e9 14 horas de tempo de funcionamento.<\/p>\n<div>\n<div style=\"float:left; text-align:left; font-size:0.8em; width:70%;\">\nAlta qualidade, est\u00e1vel, compacto. O sistema mais pequeno e mais leve do mercado.<\/div>\n<div style=\"float:left; text-align:right; width:30%;\">\n<p>[button link=\"#popmake-12226\u2033 target=\"self\" colour=\"#a62055\u2033 class=\"bbtn\" text=\"light\"]Pedir um or\u00e7amento[\/button][clear]<br \/>\n<a class=\"weiter\" href=\"https:\/\/konferenztechnik.de\/pt\/comprar-mipro-guide-system\/\"><span class=\"text-kleiner\">&#x9B; Mais informa\u00e7\u00f5es<\/span><\/a><\/p>\n<\/div>\n<\/div>\n<p>[limpar]<\/p>\n<hr style=\"background-color:#999999; margin-bottom:30px;\">\n<h2>Acess\u00f3rios para sistemas de orienta\u00e7\u00e3o de passageiros<\/h2>\n<p>Oferecemos tamb\u00e9m uma vasta gama de acess\u00f3rios para os sistemas aqui apresentados. Estes incluem<\/p>\n<p>[list icon=\"moon-checkmark\" colour=\"#a62055\u2033]Estojo de carregamento\/estojo de transporte[\/list]<br \/>\n[list icon=\"moon-checkmark\" colour=\"#a62055\u2033]Suporte para microfone[\/list]<br \/>\n[list icon=\"moon-checkmark\" colour=\"#a62055\u2033]Fundas de indu\u00e7\u00e3o[\/list]<br \/>\n[list icon=\"moon-checkmark\" colour=\"#a62055\u2033]Pe\u00e7as sobresselentes, pilhas[\/list]<br \/>\n[list icon=\"moon-checkmark\" colour=\"#a62055\u2033]Produtos feitos \u00e0 medida[\/list]<br \/>\n[spacer size=\"20\u2033]<\/p>\n<p><img loading=\"lazy\" decoding=\"async\" width=\"850\" height=\"850\" src=\"https:\/\/konferenztechnik.de\/wp-content\/uploads\/2019\/09\/personenfuehrungsanlagen-zubehoer.jpg\" alt=\"Acess\u00f3rios para sistemas de orienta\u00e7\u00e3o de pe\u00f5es na PCS\" class=\"alignleft size-full wp-image-15049\" title=\"\" srcset=\"https:\/\/konferenztechnik.de\/wp-content\/uploads\/2019\/09\/personenfuehrungsanlagen-zubehoer.jpg 850w, https:\/\/konferenztechnik.de\/wp-content\/uploads\/2019\/09\/personenfuehrungsanlagen-zubehoer-300x300.jpg 300w, https:\/\/konferenztechnik.de\/wp-content\/uploads\/2019\/09\/personenfuehrungsanlagen-zubehoer-150x150.jpg 150w, https:\/\/konferenztechnik.de\/wp-content\/uploads\/2019\/09\/personenfuehrungsanlagen-zubehoer-768x768.jpg 768w\" sizes=\"(max-width: 850px) 100vw, 850px\" \/><\/p>\n<p>[spacer size=\"20\u2033]<\/p>\n<div>\n<div style=\"float:left; text-align:left; font-size:0.8em; width:70%;\">\nEstojos de carregamento, an\u00e9is de indu\u00e7\u00e3o, auscultadores monoauriculares, pilhas sobresselentes ou capas de microfone. Podemos fornecer-lhe todos os acess\u00f3rios de que necessita para o seu sistema de guia tur\u00edstico.<\/div>\n<div style=\"float:left; text-align:right; width:30%;\">\n<p>[button link=\"#popmake-12226\u2033 target=\"self\" colour=\"#a62055\u2033 class=\"bbtn\" text=\"light\"]Pedir um or\u00e7amento[\/button][clear]<\/p>\n<\/div>\n<\/div>\n<p>[limpar]<\/p>\n<hr style=\"background-color:#999999; margin-bottom:30px;\">\n<p>[spacer size=\"35\u2033]<\/p>\n<div class=\"callouthoch\">\n[callout add_button=\"no\" button_text=\"Learn More\" button_url=\"#\" button_color=\"#a62055\u2033]<br \/>\nDistribui\u00e7\u00e3o PCS<br \/>\n[v_icon colour=\"#a62055\u2033 size=\"20px\" target=\"_blank\" name=\"moon-phone-2\u2033] +49 211 737798 20<br \/>\n[\/callout].<\/div>\n<div class=\"callouthoch\">\n[callout add_button=\"no\" button_text=\"Learn More\" button_url=\"#\" button_color=\"#a62055\u2033]<br \/>\ncorreio eletr\u00f3nico<br \/>\n[v_icon colour=\"#a62055\u2033 size=\"20px\" target=\"_blank\" name=\"moon-envelop-2\u2033] <a href=\"mailto:vertrieb@konferenztechnik.de\" onclick=\"ga('send', 'event', 'Email-Klick', 'F\u00fchrungsanlagen kaufen Vertrieb');\"> vertrieb@konferenztechnik.de<\/a><br \/>\n[\/callout].<\/div>\n<p>[spacer size=\"10\u2033]<\/p>\n<div class=\"weiterlinks\" style=\"background-color:#ffffff;\">\n<h1>Outras liga\u00e7\u00f5es<\/h1>\n<ul>\n      [list icon=\"moon-arrow-right-2\u2033 colour=\"#a62055\u2033]<a title=\"Suporte para eventos multilingues\" href=\"\/pt\/apoio-a-eventos-multilingues\/\">Suporte para eventos multilingues<\/a>[\/lista]<br \/>\n[list icon=\"moon-arrow-right-2\u2033 colour=\"#a62055\u2033]<a title=\"Refer\u00eancias\" href=\"\/pt\/sobre-nos\/evento-de-lista-de-referencia\/\">Aluguer de refer\u00eancias, Eventos<\/a>[\/lista]<br \/>\n[list icon=\"moon-arrow-right-2\u2033 colour=\"#a62055\u2033]<a title=\"Forma\u00e7\u00e3o e servi\u00e7os para int\u00e9rpretes\" href=\"\/pt\/cursos-de-formacao-e-servicos-para-interpretes\/\">Forma\u00e7\u00e3o e servi\u00e7os para int\u00e9rpretes<\/a>[\/lista]<br \/>\n[list icon=\"moon-arrow-right-2\u2033 colour=\"#a62055\u2033]<a title=\"10 boas raz\u00f5es para o PCS\" href=\"\/pt\/sobre-nos\/10-boas-razoes-para-os-pcs\/\">10 boas raz\u00f5es para o PCS<\/a>[\/lista]<br \/>\n[list icon=\"moon-arrow-right-2\u2033 colour=\"#a62055\u2033]<a title=\"PCS: Todos os servi\u00e7os em resumo\" href=\"\/pt\/servicos-2\/\">PCS: Todos os servi\u00e7os em resumo<\/a>[\/lista]<\/ul>\n<\/div>\n<p>[spacer size=\"20\u2033]<\/p>","protected":false},"excerpt":{"rendered":"<p>Personenf\u00fchrungsanlage kaufen: Professionelle Tourguide-Systeme und Zubeh\u00f6r Angebot anfordern &#x9B; Sennheiser Tourguide, Beyerdynamic UNITE, Audioropa Xepton oder Mipro MTG: Kaufen Sie bei PCS handliche F\u00fchrungsanlagen auf h\u00f6chstem technischem Niveau. Als offizieller Fachh\u00e4ndler f\u00fcr unterschiedliche namhafte Hersteller bieten wir Ihnen kompetente Beratung und Auftragsabwicklung zu besten Konditionen. Wenn Sie eine Personenf\u00fchrungsanlage kaufen m\u00f6chten oder sich f\u00fcr ein [&hellip;]<\/p>","protected":false},"author":1,"featured_media":45482,"parent":0,"menu_order":0,"comment_status":"closed","ping_status":"closed","template":"","meta":{"_acf_changed":false,"footnotes":""},"class_list":["post-12182","page","type-page","status-publish","has-post-thumbnail","hentry"],"acf":[],"_links":{"self":[{"href":"https:\/\/konferenztechnik.de\/pt\/wp-json\/wp\/v2\/pages\/12182","targetHints":{"allow":["GET"]}}],"collection":[{"href":"https:\/\/konferenztechnik.de\/pt\/wp-json\/wp\/v2\/pages"}],"about":[{"href":"https:\/\/konferenztechnik.de\/pt\/wp-json\/wp\/v2\/types\/page"}],"author":[{"embeddable":true,"href":"https:\/\/konferenztechnik.de\/pt\/wp-json\/wp\/v2\/users\/1"}],"replies":[{"embeddable":true,"href":"https:\/\/konferenztechnik.de\/pt\/wp-json\/wp\/v2\/comments?post=12182"}],"version-history":[{"count":0,"href":"https:\/\/konferenztechnik.de\/pt\/wp-json\/wp\/v2\/pages\/12182\/revisions"}],"wp:featuredmedia":[{"embeddable":true,"href":"https:\/\/konferenztechnik.de\/pt\/wp-json\/wp\/v2\/media\/45482"}],"wp:attachment":[{"href":"https:\/\/konferenztechnik.de\/pt\/wp-json\/wp\/v2\/media?parent=12182"}],"curies":[{"name":"wp","href":"https:\/\/api.w.org\/{rel}","templated":true}]}}