{"id":1221,"date":"2013-08-23T10:31:53","date_gmt":"2013-08-23T08:31:53","guid":{"rendered":"https:\/\/pcs-miete.de\/?page_id=1221"},"modified":"2023-07-05T14:30:41","modified_gmt":"2023-07-05T12:30:41","slug":"suportes-para-ecras-e-projectores","status":"publish","type":"page","link":"https:\/\/konferenztechnik.de\/pt\/distribuicao-de-tecnologia-de-conferencia-e-de-meios-de-comunicacao-av\/tecnologia-de-video\/suportes-para-ecras-e-projectores\/","title":{"rendered":"Suportes para ecr\u00e3s e projectores"},"content":{"rendered":"<h1>Suportes para ecr\u00e3s e projectores<\/h1>\n<p>Na nossa gama, encontrar\u00e1 suportes para uma grande variedade de aplica\u00e7\u00f5es: Quer se trate de um tablet (por exemplo, iPad), de um projetor de ecr\u00e3 ou de uma parede de v\u00eddeo, colocados no ch\u00e3o, pendurados no teto ou fixados \u00e0 parede.<\/p>\n<p>Deixe-se convencer pela nossa sele\u00e7\u00e3o de suportes e contacte-nos se precisar de ajuda na sua escolha. Oferecemos tamb\u00e9m solu\u00e7\u00f5es especiais e produtos personalizados. Fale com a nossa equipa de assist\u00eancia. Aguardamos a sua chamada.<\/p>\n<h4>Suportes de parede<\/h4>\n<p><a href=\"\/pt\/distribuicao-de-tecnologia-de-conferencia-e-de-meios-de-comunicacao-av\/tecnologia-de-video\/suportes-para-ecras-e-projectores\/suportes-de-parede\/\"><img fetchpriority=\"high\" decoding=\"async\" width=\"288\" height=\"198\" class=\"alignleft size-full wp-image-1356\" src=\"https:\/\/konferenztechnik.de\/wp-content\/uploads\/2013\/08\/01-wandhalterungen-fuer-projektoren.jpg\" alt=\"Suportes de parede para projectores\" title=\"\"><\/a><\/p>\n<p>Suportes para ecr\u00e3s, projectores, tablets, c\u00e2maras ou paredes de v\u00eddeo<\/p>\n<p><a class=\"weiter\" href=\"\/pt\/distribuicao-de-tecnologia-de-conferencia-e-de-meios-de-comunicacao-av\/tecnologia-de-video\/suportes-para-ecras-e-projectores\/suportes-de-parede\/\">\u203a Mais<\/a><\/p>\n<h4>Suporte de ch\u00e3o<\/h4>\n<p><a href=\"\/pt\/distribuicao-de-tecnologia-de-conferencia-e-de-meios-de-comunicacao-av\/tecnologia-de-video\/suportes-para-ecras-e-projectores\/suporte-de-chao\/\"><img decoding=\"async\" width=\"288\" height=\"198\" class=\"alignleft size-full wp-image-1359\" src=\"https:\/\/konferenztechnik.de\/wp-content\/uploads\/2013\/08\/04-bodenstaender-fuer-projektoren.jpg\" alt=\"Suporte de ch\u00e3o para projectores\" title=\"\"><\/a><\/p>\n<p>Suportes de ch\u00e3o para projectores e ecr\u00e3s, suportes de ch\u00e3o baixos para monitores de pr\u00e9-visualiza\u00e7\u00e3o, suportes de ch\u00e3o completamente desmont\u00e1veis, adaptadores e placas de suporte<\/p>\n<p><a class=\"weiter\" href=\"\/pt\/distribuicao-de-tecnologia-de-conferencia-e-de-meios-de-comunicacao-av\/tecnologia-de-video\/suportes-para-ecras-e-projectores\/suporte-de-chao\/\">\u203a Mais<\/a><\/p>\n<h4>Suportes de teto<\/h4>\n<p><a href=\"\/pt\/distribuicao-de-tecnologia-de-conferencia-e-de-meios-de-comunicacao-av\/tecnologia-de-video\/suportes-para-ecras-e-projectores\/suportes-de-teto\/\"><img decoding=\"async\" width=\"288\" height=\"198\" class=\"alignleft size-full wp-image-1357\" src=\"https:\/\/konferenztechnik.de\/wp-content\/uploads\/2013\/08\/02-deckenhalterungen-fuer-projektoren.jpg\" alt=\"Suportes de teto para projectores\" title=\"\"><\/a><\/p>\n<p>Suportes de v\u00e1rios comprimentos, suportes de rota\u00e7\u00e3o, kits de espelhos, suportes de fixa\u00e7\u00e3o para vigas de a\u00e7o<\/p>\n<p><a class=\"weiter\" href=\"\/pt\/distribuicao-de-tecnologia-de-conferencia-e-de-meios-de-comunicacao-av\/tecnologia-de-video\/suportes-para-ecras-e-projectores\/suportes-de-teto\/\">\u203a Mais<\/a><\/p>\n<h4>Suportes de treli\u00e7a<\/h4>\n<p><a href=\"\/pt\/distribuicao-de-tecnologia-de-conferencia-e-de-meios-de-comunicacao-av\/tecnologia-de-video\/suportes-para-ecras-e-projectores\/suportes-de-trelica\/\"><img loading=\"lazy\" decoding=\"async\" width=\"288\" height=\"198\" class=\"alignleft size-full wp-image-1358\" src=\"https:\/\/konferenztechnik.de\/wp-content\/uploads\/2013\/08\/03-trusshalterungen-fuer-projektoren.jpg\" alt=\"Suportes de treli\u00e7a para projectores\" title=\"\"><\/a><\/p>\n<p>Suportes em treli\u00e7a para ecr\u00e3s e projectores, suportes com dispositivos para um ajuste fino f\u00e1cil, estruturas de empilhamento (caixa de prote\u00e7\u00e3o), suportes para uma instala\u00e7\u00e3o muito r\u00e1pida para empresas de aluguer de tecnologia<\/p>\n<p><a class=\"weiter\" title=\"Curso de forma\u00e7\u00e3o para int\u00e9rpretes no outono\" href=\"\/pt\/distribuicao-de-tecnologia-de-conferencia-e-de-meios-de-comunicacao-av\/tecnologia-de-video\/suportes-para-ecras-e-projectores\/suportes-de-trelica\/\">\u203a Mais<\/a><\/p>\n<h4>Mobili\u00e1rio de confer\u00eancia<\/h4>\n<p><a href=\"\/pt\/distribuicao-de-tecnologia-de-conferencia-e-de-meios-de-comunicacao-av\/tecnologia-de-video\/suportes-para-ecras-e-projectores\/mobiliario-de-conferencia\/\"><img loading=\"lazy\" decoding=\"async\" width=\"288\" height=\"191\" class=\"alignleft size-full wp-image-4381\" src=\"https:\/\/konferenztechnik.de\/wp-content\/uploads\/2013\/08\/konferenzmoebel.jpg\" alt=\"Mobili\u00e1rio de confer\u00eancia\" title=\"\"><\/a><\/p>\n<p>Arm\u00e1rios para sistemas de videoconfer\u00eancia, quadros brancos ou ecr\u00e3s, suportes para projectores, solu\u00e7\u00f5es m\u00f3veis sobre rodas<\/p>\n<p><a class=\"weiter\" title=\"Curso de forma\u00e7\u00e3o para int\u00e9rpretes no outono\" href=\"\/pt\/distribuicao-de-tecnologia-de-conferencia-e-de-meios-de-comunicacao-av\/tecnologia-de-video\/suportes-para-ecras-e-projectores\/mobiliario-de-conferencia\/\">\u203a Mais<\/a><\/p>\n<h4>Suportes especiais<\/h4>\n<p><a href=\"\/pt\/distribuicao-de-tecnologia-de-conferencia-e-de-meios-de-comunicacao-av\/tecnologia-de-video\/suportes-para-ecras-e-projectores\/suportes-especiais\/\"><img loading=\"lazy\" decoding=\"async\" width=\"288\" height=\"191\" class=\"alignleft size-full wp-image-4484\" src=\"https:\/\/konferenztechnik.de\/wp-content\/uploads\/2013\/08\/pcs-spezialanwendungen.jpg\" alt=\"Suportes para ecr\u00e3s e projectores: Suportes especiais\" title=\"\"><\/a><\/p>\n<p>Suportes para tablets (por exemplo, iPad) para paredes e pavimentos, suportes para paredes de v\u00eddeo, molduras de empilhamento, suportes de ponta e t\u00e1cteis (suportes de mesa para ecr\u00e3s t\u00e1cteis)<\/p>\n<p><a class=\"weiter\" title=\"Suportes especiais\" href=\"\/pt\/distribuicao-de-tecnologia-de-conferencia-e-de-meios-de-comunicacao-av\/tecnologia-de-video\/suportes-para-ecras-e-projectores\/suportes-especiais\/\">\u203a Mais<\/a><\/p>","protected":false},"excerpt":{"rendered":"<p>Suportes para ecr\u00e3s e projectores Na nossa gama, encontrar\u00e1 suportes para uma grande variedade de aplica\u00e7\u00f5es: Quer se trate de um tablet (por exemplo, iPad), de um projetor de ecr\u00e3 ou de uma parede de v\u00eddeo, colocados no ch\u00e3o, pendurados no teto ou fixados \u00e0 parede. Deixe-nos convenc\u00ea-lo com a nossa sele\u00e7\u00e3o de suportes e contacte-nos se precisar de apoio com [...]<\/p>","protected":false},"author":1,"featured_media":45482,"parent":1138,"menu_order":228,"comment_status":"closed","ping_status":"open","template":"","meta":{"_acf_changed":false,"footnotes":""},"class_list":["post-1221","page","type-page","status-publish","has-post-thumbnail","hentry"],"acf":[],"_links":{"self":[{"href":"https:\/\/konferenztechnik.de\/pt\/wp-json\/wp\/v2\/pages\/1221","targetHints":{"allow":["GET"]}}],"collection":[{"href":"https:\/\/konferenztechnik.de\/pt\/wp-json\/wp\/v2\/pages"}],"about":[{"href":"https:\/\/konferenztechnik.de\/pt\/wp-json\/wp\/v2\/types\/page"}],"author":[{"embeddable":true,"href":"https:\/\/konferenztechnik.de\/pt\/wp-json\/wp\/v2\/users\/1"}],"replies":[{"embeddable":true,"href":"https:\/\/konferenztechnik.de\/pt\/wp-json\/wp\/v2\/comments?post=1221"}],"version-history":[{"count":0,"href":"https:\/\/konferenztechnik.de\/pt\/wp-json\/wp\/v2\/pages\/1221\/revisions"}],"up":[{"embeddable":true,"href":"https:\/\/konferenztechnik.de\/pt\/wp-json\/wp\/v2\/pages\/1138"}],"wp:featuredmedia":[{"embeddable":true,"href":"https:\/\/konferenztechnik.de\/pt\/wp-json\/wp\/v2\/media\/45482"}],"wp:attachment":[{"href":"https:\/\/konferenztechnik.de\/pt\/wp-json\/wp\/v2\/media?parent=1221"}],"curies":[{"name":"wp","href":"https:\/\/api.w.org\/{rel}","templated":true}]}}