{"id":1236,"date":"2013-08-23T11:11:36","date_gmt":"2013-08-23T09:11:36","guid":{"rendered":"https:\/\/pcs-miete.de\/?page_id=1236"},"modified":"2013-08-23T11:11:36","modified_gmt":"2013-08-23T09:11:36","slug":"reproducao-de-direccoes-e-processamento-de-imagens","status":"publish","type":"page","link":"https:\/\/konferenztechnik.de\/pt\/distribuicao-de-tecnologia-de-conferencia-e-de-meios-de-comunicacao-av\/tecnologia-de-video\/reproducao-de-direccoes-e-processamento-de-imagens\/","title":{"rendered":"Dire\u00e7\u00e3o, alimenta\u00e7\u00e3o e processamento de imagem"},"content":{"rendered":"","protected":false},"excerpt":{"rendered":"","protected":false},"author":1,"featured_media":45482,"parent":1138,"menu_order":225,"comment_status":"closed","ping_status":"open","template":"page-right-sidebar.php","meta":{"_acf_changed":false,"footnotes":""},"class_list":["post-1236","page","type-page","status-publish","has-post-thumbnail","hentry"],"acf":[],"_links":{"self":[{"href":"https:\/\/konferenztechnik.de\/pt\/wp-json\/wp\/v2\/pages\/1236","targetHints":{"allow":["GET"]}}],"collection":[{"href":"https:\/\/konferenztechnik.de\/pt\/wp-json\/wp\/v2\/pages"}],"about":[{"href":"https:\/\/konferenztechnik.de\/pt\/wp-json\/wp\/v2\/types\/page"}],"author":[{"embeddable":true,"href":"https:\/\/konferenztechnik.de\/pt\/wp-json\/wp\/v2\/users\/1"}],"replies":[{"embeddable":true,"href":"https:\/\/konferenztechnik.de\/pt\/wp-json\/wp\/v2\/comments?post=1236"}],"version-history":[{"count":0,"href":"https:\/\/konferenztechnik.de\/pt\/wp-json\/wp\/v2\/pages\/1236\/revisions"}],"up":[{"embeddable":true,"href":"https:\/\/konferenztechnik.de\/pt\/wp-json\/wp\/v2\/pages\/1138"}],"wp:featuredmedia":[{"embeddable":true,"href":"https:\/\/konferenztechnik.de\/pt\/wp-json\/wp\/v2\/media\/45482"}],"wp:attachment":[{"href":"https:\/\/konferenztechnik.de\/pt\/wp-json\/wp\/v2\/media?parent=1236"}],"curies":[{"name":"wp","href":"https:\/\/api.w.org\/{rel}","templated":true}]}}