{"id":1242,"date":"2013-08-23T11:24:29","date_gmt":"2013-08-23T09:24:29","guid":{"rendered":"https:\/\/pcs-miete.de\/?page_id=1242"},"modified":"2023-07-05T10:53:31","modified_gmt":"2023-07-05T08:53:31","slug":"sistemas-e-camaras-de-videoconferencia","status":"publish","type":"page","link":"https:\/\/konferenztechnik.de\/pt\/distribuicao-de-tecnologia-de-conferencia-e-de-meios-de-comunicacao-av\/tecnologia-de-video\/sistemas-e-camaras-de-videoconferencia\/","title":{"rendered":"Sistemas e c\u00e2maras de videoconfer\u00eancia"},"content":{"rendered":"<div data-elementor-type=\"wp-page\" data-elementor-id=\"1242\" class=\"elementor elementor-1242\" data-elementor-post-type=\"page\">\n\t\t\t\t\t\t<section data-particle_enable=\"false\" data-particle-mobile-disabled=\"false\" class=\"elementor-section elementor-top-section elementor-element elementor-element-46c728b7 elementor-section-boxed elementor-section-height-default elementor-section-height-default\" data-id=\"46c728b7\" data-element_type=\"section\">\n\t\t\t\t\t\t<div class=\"elementor-container elementor-column-gap-default\">\n\t\t\t\t\t<div class=\"elementor-column elementor-col-100 elementor-top-column elementor-element elementor-element-11c45f1c\" data-id=\"11c45f1c\" data-element_type=\"column\">\n\t\t\t<div class=\"elementor-widget-wrap elementor-element-populated\">\n\t\t\t\t\t\t<div class=\"elementor-element elementor-element-11a61641 elementor-widget elementor-widget-text-editor\" data-id=\"11a61641\" data-element_type=\"widget\" data-widget_type=\"text-editor.default\">\n\t\t\t\t<div class=\"elementor-widget-container\">\n\t\t\t\t\t\t\t\t\t<h1>Sistemas e c\u00e2maras de videoconfer\u00eancia<\/h1>\nOs sistemas de videoconfer\u00eancia est\u00e3o atualmente a sofrer um verdadeiro boom. \u00c9 poss\u00edvel poupar imenso nas despesas de desloca\u00e7\u00e3o para reuni\u00f5es e pequenas confer\u00eancias de todos os tipos. A aquisi\u00e7\u00e3o \u00e9 particularmente vantajosa para reuni\u00f5es regulares de pessoal em empresas com v\u00e1rias sucursais na Alemanha e no estrangeiro. Outra utiliza\u00e7\u00e3o t\u00edpica \u00e9 em escrit\u00f3rios de advogados, que podem realizar reuni\u00f5es regulares com os seus clientes sem terem de gastar o seu precioso tempo num avi\u00e3o ou comboio. Ao mesmo tempo, o ambiente tamb\u00e9m pode ser consideravelmente poupado. Al\u00e9m disso, enquanto antigamente era necess\u00e1rio desembolsar somas de seis d\u00edgitos por um sistema de videoconfer\u00eancia, estes sistemas s\u00e3o agora cada vez mais acess\u00edveis.\n<h2>Sistema de videoconfer\u00eancia Sony PCS-XG80<\/h2>\n<a href=\"https:\/\/konferenztechnik.de\/wp-content\/uploads\/2013\/09\/Sony_Videokonferenzanlage_PCS-XG80_gross.jpg\"><img fetchpriority=\"high\" decoding=\"async\" width=\"800\" height=\"627\" class=\"alignleft size-full wp-image-2641\" src=\"https:\/\/konferenztechnik.de\/wp-content\/uploads\/2013\/09\/Sony_Videokonferenzanlage_PCS-XG80_gross.jpg\" alt=\"Sony_Video_Conferencing_PCS-XG80_large\" title=\"\" srcset=\"https:\/\/konferenztechnik.de\/wp-content\/uploads\/2013\/09\/Sony_Videokonferenzanlage_PCS-XG80_gross.jpg 800w, https:\/\/konferenztechnik.de\/wp-content\/uploads\/2013\/09\/Sony_Videokonferenzanlage_PCS-XG80_gross-300x235.jpg 300w, https:\/\/konferenztechnik.de\/wp-content\/uploads\/2013\/09\/Sony_Videokonferenzanlage_PCS-XG80_gross-768x602.jpg 768w\" sizes=\"(max-width: 800px) 100vw, 800px\" \/><\/a>\n\nO sistema de videoconfer\u00eancia da Sony proporciona imagens HD de primeira classe e n\u00edtidas com uma resolu\u00e7\u00e3o de 1080i e uma excelente qualidade de som para uma comunica\u00e7\u00e3o clara. O sistema de videoconfer\u00eancia est\u00e1 ligado a linhas telef\u00f3nicas ISDN ou (agora de s\u00e9rie) \u00e0 rede inform\u00e1tica da empresa (com o seu pr\u00f3prio endere\u00e7o IP). Isto permite uma transmiss\u00e3o r\u00e1pida e segura (porque encriptada) atrav\u00e9s da Internet. A configura\u00e7\u00e3o \u00e9 simples, o funcionamento \u00e9 simples. Teremos todo o gosto em ajud\u00e1-lo a si ou aos seus administradores a integrar o sistema na sua rede local (LAN).\t\t\t\t\t\t\t\t<\/div>\n\t\t\t\t<\/div>\n\t\t\t\t\t<\/div>\n\t\t<\/div>\n\t\t\t\t\t<\/div>\n\t\t<\/section>\n\t\t\t\t<\/div>","protected":false},"excerpt":{"rendered":"<p>Videokonferenzanlagen und Kameras Videokonferenzsysteme erleben zurzeit einen regelrechten Boom. F\u00fcr Meetings und kleinere Konferenzen jeglicher Art k\u00f6nnen hier enorme Reisekosten eingespart werden. Gerade bei regelm\u00e4\u00dfigen Mitarbeiterbesprechungen von Firmen mit mehreren Niederlassungen im In- und Ausland lohnt sich die Anschaffung. Ein weiterer typischer Einsatz ist in Anwaltskanzleien, die regelm\u00e4\u00dfige Sitzungen mit ihren Kunden abhalten k\u00f6nnen, ohne [&hellip;]<\/p>","protected":false},"author":1,"featured_media":45482,"parent":1138,"menu_order":223,"comment_status":"closed","ping_status":"open","template":"","meta":{"_acf_changed":false,"footnotes":""},"class_list":["post-1242","page","type-page","status-publish","has-post-thumbnail","hentry"],"acf":[],"_links":{"self":[{"href":"https:\/\/konferenztechnik.de\/pt\/wp-json\/wp\/v2\/pages\/1242","targetHints":{"allow":["GET"]}}],"collection":[{"href":"https:\/\/konferenztechnik.de\/pt\/wp-json\/wp\/v2\/pages"}],"about":[{"href":"https:\/\/konferenztechnik.de\/pt\/wp-json\/wp\/v2\/types\/page"}],"author":[{"embeddable":true,"href":"https:\/\/konferenztechnik.de\/pt\/wp-json\/wp\/v2\/users\/1"}],"replies":[{"embeddable":true,"href":"https:\/\/konferenztechnik.de\/pt\/wp-json\/wp\/v2\/comments?post=1242"}],"version-history":[{"count":0,"href":"https:\/\/konferenztechnik.de\/pt\/wp-json\/wp\/v2\/pages\/1242\/revisions"}],"up":[{"embeddable":true,"href":"https:\/\/konferenztechnik.de\/pt\/wp-json\/wp\/v2\/pages\/1138"}],"wp:featuredmedia":[{"embeddable":true,"href":"https:\/\/konferenztechnik.de\/pt\/wp-json\/wp\/v2\/media\/45482"}],"wp:attachment":[{"href":"https:\/\/konferenztechnik.de\/pt\/wp-json\/wp\/v2\/media?parent=1242"}],"curies":[{"name":"wp","href":"https:\/\/api.w.org\/{rel}","templated":true}]}}