{"id":12554,"date":"2018-02-07T10:03:37","date_gmt":"2018-02-07T09:03:37","guid":{"rendered":"https:\/\/www.konferenztechnik.de\/?page_id=12554"},"modified":"2023-09-01T13:14:35","modified_gmt":"2023-09-01T11:14:35","slug":"sistema-de-orientacao-do-visitante-beyerdynamic-unite","status":"publish","type":"page","link":"https:\/\/konferenztechnik.de\/pt\/sistema-de-orientacao-do-visitante-beyerdynamic-unite\/","title":{"rendered":"Sistema de orienta\u00e7\u00e3o para visitantes Beyerdynamic UNITE"},"content":{"rendered":"<h1>Beyerdynamic UNITE \u2013 Impress\u00f5es da ISE<\/h1>\n<p><img fetchpriority=\"high\" decoding=\"async\" src=\"https:\/\/konferenztechnik.de\/wp-content\/uploads\/2018\/02\/beyerdynamic-unite-neuheit.jpg\" alt=\"UNITE TourGuide da Beyerdynamic\" width=\"1200\" height=\"750\" class=\"alignnone size-full wp-image-12559\" title=\"\" srcset=\"https:\/\/konferenztechnik.de\/wp-content\/uploads\/2018\/02\/beyerdynamic-unite-neuheit.jpg 1200w, https:\/\/konferenztechnik.de\/wp-content\/uploads\/2018\/02\/beyerdynamic-unite-neuheit-300x188.jpg 300w, https:\/\/konferenztechnik.de\/wp-content\/uploads\/2018\/02\/beyerdynamic-unite-neuheit-1024x640.jpg 1024w, https:\/\/konferenztechnik.de\/wp-content\/uploads\/2018\/02\/beyerdynamic-unite-neuheit-768x480.jpg 768w\" sizes=\"(max-width: 1200px) 100vw, 1200px\" \/><\/p>\n<h2 >Falar para tr\u00e1s, falar agora \u2013 Di\u00e1logo em vez de mon\u00f3logo \u2013 Multidirecional em vez de unidirecional \u2013 Orienta\u00e7\u00e3o dos visitantes 2.0<\/h2>\n<p>A Beyerdynamic apresenta os melhores resultados com o novo sistema de orienta\u00e7\u00e3o UNITE.<br \/>\n[spacer size=\"30\u2033]<br \/>\n<img decoding=\"async\" src=\"https:\/\/konferenztechnik.de\/wp-content\/uploads\/2018\/02\/unite-empfaenger.jpg\" alt=\"Recetor UNITE da Beyerdynamic\" width=\"1200\" height=\"750\" class=\"alignnone size-full wp-image-12561\" title=\"\"><\/p>\n<h2>Recetor de bolso UNITE RP-T com fun\u00e7\u00e3o talkback<\/h2>\n<p>Os convidados podem utilizar a fun\u00e7\u00e3o talkback para colocar quest\u00f5es que todos os convidados possam ouvir. At\u00e9 tr\u00eas participantes podem comunicar ao mesmo tempo. A visita torna-se interactiva.<br \/>\n[spacer size=\"30\u2033]<br \/>\n<img decoding=\"async\" src=\"https:\/\/konferenztechnik.de\/wp-content\/uploads\/2018\/02\/beyerdynamic-unite-mikrofon.jpg\" alt=\"Microfone UNITE da Beyerdynamic\" width=\"1200\" height=\"750\" class=\"alignnone size-full wp-image-12558\" title=\"\" srcset=\"https:\/\/konferenztechnik.de\/wp-content\/uploads\/2018\/02\/beyerdynamic-unite-mikrofon.jpg 1200w, https:\/\/konferenztechnik.de\/wp-content\/uploads\/2018\/02\/beyerdynamic-unite-mikrofon-300x188.jpg 300w, https:\/\/konferenztechnik.de\/wp-content\/uploads\/2018\/02\/beyerdynamic-unite-mikrofon-1024x640.jpg 1024w, https:\/\/konferenztechnik.de\/wp-content\/uploads\/2018\/02\/beyerdynamic-unite-mikrofon-768x480.jpg 768w\" sizes=\"(max-width: 1200px) 100vw, 1200px\" \/><\/p>\n<h2>Transmissor de m\u00e3o Unite TH<\/h2>\n<p>Com bateria de i\u00f5es de l\u00edtio substitu\u00edvel e mais de 15 horas de funcionamento. Um processador de \u00e1udio digital integrado aperfei\u00e7oa a inteligibilidade do discurso: curva de frequ\u00eancia optimizada, controlo autom\u00e1tico do n\u00edvel (sempre o mesmo volume, independentemente de o guia falar alto ou baixo), cancelamento de ru\u00eddo (bloqueia ativa e eficazmente o ru\u00eddo de fundo indesejado).<br \/>\n[spacer size=\"30\u2033]<br \/>\n<img loading=\"lazy\" decoding=\"async\" src=\"https:\/\/konferenztechnik.de\/wp-content\/uploads\/2018\/02\/beyerdynamic-unite-transport-ladekoffer.jpg\" alt=\"Estojo de carga UNITE para transporte da Beyerdynamic\" width=\"1200\" height=\"750\" class=\"alignnone size-full wp-image-12560\" title=\"\" srcset=\"https:\/\/konferenztechnik.de\/wp-content\/uploads\/2018\/02\/beyerdynamic-unite-transport-ladekoffer.jpg 1200w, https:\/\/konferenztechnik.de\/wp-content\/uploads\/2018\/02\/beyerdynamic-unite-transport-ladekoffer-300x188.jpg 300w, https:\/\/konferenztechnik.de\/wp-content\/uploads\/2018\/02\/beyerdynamic-unite-transport-ladekoffer-1024x640.jpg 1024w, https:\/\/konferenztechnik.de\/wp-content\/uploads\/2018\/02\/beyerdynamic-unite-transport-ladekoffer-768x480.jpg 768w\" sizes=\"(max-width: 1200px) 100vw, 1200px\" \/><\/p>\n<h2> UNITE CC-24P \u2013 Mala de transporte e carregamento<\/h2>\n<p>Uma unidade para 24 receptores\/transmissores de bolso. Com liga\u00e7\u00e3o Ethernet para actualiza\u00e7\u00f5es e emparelhamento.<br \/>\n[spacer size=\"30\u2033]<br \/>\n<img loading=\"lazy\" decoding=\"async\" src=\"https:\/\/konferenztechnik.de\/wp-content\/uploads\/2018\/02\/beyerdynamic-unite-cc-24p.jpg\" alt=\"UNITE CC-24p da Beyerdynamic\" width=\"1200\" height=\"750\" class=\"alignnone size-full wp-image-12556\" title=\"\"><\/p>\n<h2> Processamento do Beyerdynamic UNITE \u2013<\/h2>\n<p>Moderno, elegante e robusto. O novo sistema de orienta\u00e7\u00e3o de visitantes da Beyerdynamic cumpre o que promete em todos os aspetos. Iremos test\u00e1-lo em pormenor em breve e j\u00e1 estamos ansiosos por isso.<br \/>\n[spacer size=\"30\u2033]<\/p>\n<p><a href=\"https:\/\/konferenztechnik.de\/pt\/sistema-de-comunicacao-beyerdynamic-unite\/\">Apresenta\u00e7\u00e3o do produto: Sistema de comunica\u00e7\u00e3o digital sem fios Beyerdynamic UNITE \u2013<\/a><br \/>\n<a href=\"https:\/\/konferenztechnik.de\/pt\/sistema-de-orientacao-digital-beyerdynamic-unite\/\">Dados t\u00e9cnicos do Beyerdynamic UNITE \u2013<\/a><br \/>\n<a href=\"\/pt\/comprar-sistema-de-orientacao-pessoal\/\">Panor\u00e2mica dos sistemas de orienta\u00e7\u00e3o dos passageiros<\/a><\/p>","protected":false},"excerpt":{"rendered":"<p>Beyerdynamic UNITE \u2013 Eindr\u00fccke von der ISE Talk back, talk now \u2013 Dialog statt Monolog \u2013 Multi Way, statt One-Way \u2013 Besucherf\u00fchrung 2.0 Beyerdynamic trumpft auf mit der neuen F\u00fchrungsanlage UNITE. [spacer size=&#8220;30&#8243;] UNITE RP-T Taschenempf\u00e4nger mit Talkback-Funktion G\u00e4ste k\u00f6nnen mit der Talkback-Funktion Fragen f\u00fcr alle G\u00e4ste h\u00f6rbar stellen. Bis zu drei Teilnehmer k\u00f6nnen parallel [&hellip;]<\/p>","protected":false},"author":1,"featured_media":45482,"parent":0,"menu_order":0,"comment_status":"closed","ping_status":"closed","template":"","meta":{"_acf_changed":false,"footnotes":""},"class_list":["post-12554","page","type-page","status-publish","has-post-thumbnail","hentry"],"acf":[],"_links":{"self":[{"href":"https:\/\/konferenztechnik.de\/pt\/wp-json\/wp\/v2\/pages\/12554","targetHints":{"allow":["GET"]}}],"collection":[{"href":"https:\/\/konferenztechnik.de\/pt\/wp-json\/wp\/v2\/pages"}],"about":[{"href":"https:\/\/konferenztechnik.de\/pt\/wp-json\/wp\/v2\/types\/page"}],"author":[{"embeddable":true,"href":"https:\/\/konferenztechnik.de\/pt\/wp-json\/wp\/v2\/users\/1"}],"replies":[{"embeddable":true,"href":"https:\/\/konferenztechnik.de\/pt\/wp-json\/wp\/v2\/comments?post=12554"}],"version-history":[{"count":0,"href":"https:\/\/konferenztechnik.de\/pt\/wp-json\/wp\/v2\/pages\/12554\/revisions"}],"wp:featuredmedia":[{"embeddable":true,"href":"https:\/\/konferenztechnik.de\/pt\/wp-json\/wp\/v2\/media\/45482"}],"wp:attachment":[{"href":"https:\/\/konferenztechnik.de\/pt\/wp-json\/wp\/v2\/media?parent=12554"}],"curies":[{"name":"wp","href":"https:\/\/api.w.org\/{rel}","templated":true}]}}