{"id":12605,"date":"2018-02-08T09:14:51","date_gmt":"2018-02-08T08:14:51","guid":{"rendered":"https:\/\/www.konferenztechnik.de\/?page_id=12605"},"modified":"2023-09-01T13:14:47","modified_gmt":"2023-09-01T11:14:47","slug":"sistema-de-orientacao-digital-beyerdynamic-unite","status":"publish","type":"page","link":"https:\/\/konferenztechnik.de\/pt\/sistema-de-orientacao-digital-beyerdynamic-unite\/","title":{"rendered":"Sistema de orienta\u00e7\u00e3o digital Beyerdynamic UNITE"},"content":{"rendered":"<h1>Dados t\u00e9cnicos do sistema de orienta\u00e7\u00e3o digital Beyerdynamic UNITE \u2013<\/h1>\n<p><img decoding=\"async\" src=\"https:\/\/konferenztechnik.de\/wp-content\/uploads\/2018\/02\/beyerdynamic-unite-digital-wireless.jpg\" alt=\"Sistema de orienta\u00e7\u00e3o Beyerdynamic UNITE\" class=\"alignleft size-full wp-image-12467\" title=\"\"><\/p>\n<p>[spacer size=\"30\u2033]<\/p>\n<h2>Unite RP-T<\/h2>\n<p><img decoding=\"async\" src=\"https:\/\/konferenztechnik.de\/wp-content\/uploads\/2018\/02\/Unite-RP-T.jpg\" alt=\"Recetor Beyerdynamic UNITE RP-T\" width=\"850\" class=\"alignnone size-full wp-image-12615\" title=\"\"><\/p>\n<p>Recetor de bolso com fun\u00e7\u00e3o talkback<br \/>\n[list icon=\"moon-checkmark\" colour=\"#a62055\u2033] Bateria de l\u00edtio substitu\u00edvel[\/list]<br \/>\n[list icon=\"moon-checkmark\" colour=\"#a62055\u2033] Mais de 20 horas de funcionamento[\/list]<br \/>\n[list icon=\"moon-checkmark\" colour=\"#a62055\u2033] Contactos de carregamento e op\u00e7\u00e3o de carregamento USB[\/list]<br \/>\n[list icon=\"moon-checkmark\" colour=\"#a62055\u2033] Auscultadores \/ auriculares[\/list]<br \/>\n[list icon=\"moon-checkmark\" colour=\"#a62055\u2033] Colar de indu\u00e7\u00e3o para deficientes auditivos[\/list]<br \/>\n[list icon=\"moon-checkmark\" colour=\"#a62055\u2033] Microfone interno[\/list]<br \/>\n[list icon=\"moon-checkmark\" colour=\"#a62055\u2033] Talkback[\/list]<\/p>\n<p>[spacer size=\"30\u2033]<\/p>\n<h2>Unir HT<\/h2>\n<p><img decoding=\"async\" src=\"https:\/\/konferenztechnik.de\/wp-content\/uploads\/2018\/02\/Unite-Handsender-TH.jpg\" alt=\"Transmissor de m\u00e3o Beyerdynamic UNITE HT\" width=\"850\" class=\"alignnone size-full wp-image-12615\" title=\"\"><\/p>\n<p>Transmissor de m\u00e3o<br \/>\n[list icon=\"moon-checkmark\" colour=\"#a62055\u2033] Bateria de l\u00edtio substitu\u00edvel[\/list]<br \/>\n[list icon=\"moon-checkmark\" colour=\"#a62055\u2033] Mais de 15 horas de funcionamento[\/list]<br \/>\n[list icon=\"moon-checkmark\" colour=\"#a62055\u2033] Contactos de carregamento e op\u00e7\u00e3o de carregamento USB[\/list]<br \/>\n[list icon=\"moon-checkmark\" colour=\"#a62055\u2033] Bluetooth[\/list]<br \/>\n[list icon=\"moon-checkmark\" colour=\"#a62055\u2033] Prote\u00e7\u00e3o do rolo e Lenyard[\/list]<\/p>\n<p>Fun\u00e7\u00f5es:<br \/>\n[list icon=\"moon-checkmark\" colour=\"#a62055\u2033] Mute\/Power[\/list]<br \/>\n[list icon=\"moon-checkmark\" colour=\"#a62055\u2033] Menu\/Set[\/list]<br \/>\n[list icon=\"moon-checkmark\" colour=\"#a62055\u2033] Menu\/Canal +\/-[\/list]<\/p>\n<p>[spacer size=\"30\u2033]<\/p>\n<h2>Unir TP<\/h2>\n<p><img decoding=\"async\" src=\"https:\/\/konferenztechnik.de\/wp-content\/uploads\/2018\/02\/Beyerdynamic-Unite-TP-Taschensender.jpg\" alt=\"Transmissor de cinto de seguran\u00e7a Beyerdynamic UNITE TP\" width=\"850\" class=\"alignnone size-full wp-image-12615\" title=\"\"><\/p>\n<p>Transmissor de bolso<br \/>\n[list icon=\"moon-checkmark\" colour=\"#a62055\u2033] Bateria de l\u00edtio substitu\u00edvel[\/list]<br \/>\n[list icon=\"moon-checkmark\" colour=\"#a62055\u2033] Mais de 15 horas de funcionamento[\/list]<br \/>\n[list icon=\"moon-checkmark\" colour=\"#a62055\u2033] Contactos de carregamento e op\u00e7\u00e3o de carregamento USB[\/list]<br \/>\n[list icon=\"moon-checkmark\" colour=\"#a62055\u2033] Liga\u00e7\u00f5es do microfone e dos auscultadores (TQG \/mini XLR)[\/list]<br \/>\n[list icon=\"moon-checkmark\" colour=\"#a62055\u2033] Microfone interno[\/list]<br \/>\n[list icon=\"moon-checkmark\" colour=\"#a62055\u2033] Entradas de \u00e1udio[\/list]<br \/>\n[list icon=\"moon-checkmark\" colour=\"#a62055\u2033] Entrada em linha[\/list]<br \/>\n[list icon=\"moon-checkmark\" colour=\"#a62055\u2033] Bluetooth[\/list]<br \/>\n[list icon=\"moon-checkmark\" colour=\"#a62055\u2033] USB[\/list]<\/p>\n<p>[spacer size=\"30\u2033]<\/p>\n<h2>Unir RP<\/h2>\n<p><img decoding=\"async\" src=\"https:\/\/konferenztechnik.de\/wp-content\/uploads\/2018\/02\/Beyerdynamic-Unite-RP-Empfaenger.jpg\" alt=\"Recetor de cinto de seguran\u00e7a Beyerdynamic UNITE RP\" width=\"850\" class=\"alignnone size-full wp-image-12615\" title=\"\"><\/p>\n<p>Recetor Bodypack<br \/>\n[list icon=\"moon-checkmark\" colour=\"#a62055\u2033] Bateria de l\u00edtio substitu\u00edvel[\/list]<br \/>\n[list icon=\"moon-checkmark\" colour=\"#a62055\u2033] Mais de 20 horas de funcionamento[\/list]<br \/>\n[list icon=\"moon-checkmark\" colour=\"#a62055\u2033] Contactos de carregamento e op\u00e7\u00e3o de carregamento USB[\/list]<br \/>\n[list icon=\"moon-checkmark\" colour=\"#a62055\u2033] Auscultadores[\/list]<br \/>\n[list icon=\"moon-checkmark\" colour=\"#a62055\u2033] Colar de indu\u00e7\u00e3o para deficientes auditivos[\/list]<\/p>\n<p>[spacer size=\"30\u2033]<\/p>\n<h2>UNITE CC-24P<\/h2>\n<p><img decoding=\"async\" src=\"https:\/\/konferenztechnik.de\/wp-content\/uploads\/2018\/02\/Unite-CC-24P.jpg\" alt=\"Estojo de carregamento Beyerdynamic UNITE CC-24P\" width=\"850\" class=\"alignnone size-full wp-image-12615\" title=\"\"><\/p>\n<p>Estojo de transporte e carregamento<br \/>\n[list icon=\"moon-checkmark\" colour=\"#a62055\u2033] Mala de carregamento e transporte para 24 receptores[\/list]<br \/>\n[list icon=\"moon-checkmark\" colour=\"#a62055\u2033] Liga\u00e7\u00e3o de alimenta\u00e7\u00e3o (IEC)[\/list]<br \/>\n[list icon=\"moon-checkmark\" colour=\"#a62055\u2033] Liga\u00e7\u00e3o Ethernet (para actualiza\u00e7\u00f5es de firmware, emparelhamento)[\/list]<br \/>\n[list icon=\"moon-checkmark\" colour=\"#a62055\u2033] Compartimento para microfone de m\u00e3o[\/list]<br \/>\n[list icon=\"moon-checkmark\" colour=\"#a62055\u2033] Port\u00e1til[\/list]<\/p>\n<p>Fun\u00e7\u00f5es:<br \/>\n[list icon=\"moon-checkmark\" colour=\"#a62055\u2033] Interruptor de emparelhamento[\/list]<br \/>\n[list icon=\"moon-checkmark\" colour=\"#a62055\u2033] Interruptor de reinicializa\u00e7\u00e3o (para IP)[\/list]<br \/>\n[list icon=\"moon-checkmark\" colour=\"#a62055\u2033] Redefini\u00e7\u00e3o da palavra-passe[\/list]<\/p>\n<p>[spacer size=\"30\u2033]<\/p>\n<h2>Todas as fun\u00e7\u00f5es do sistema UNITE num piscar de olhos<\/h2>\n<div id=\"newscontainer\">\n<div class=\"newskasten\">\n<img decoding=\"async\" width=\"83\" height=\"83\" src=\"https:\/\/konferenztechnik.de\/wp-content\/uploads\/2018\/02\/Schnittstellen-fuer-Toneinspielungen.png\" alt=\"Interfaces para grava\u00e7\u00f5es de som\" class=\"size-full wp-image-12474\" title=\"\"><br \/>\n[limpar]<br \/>\nInterfaces para grava\u00e7\u00f5es de som<\/div>\n<div class=\"newskasten\">\n<img decoding=\"async\" width=\"83\" height=\"83\" src=\"https:\/\/konferenztechnik.de\/wp-content\/uploads\/2018\/02\/Automatic-Level-Control.png\" alt=\"Controlo autom\u00e1tico de n\u00edvel e cancelamento de ru\u00eddo\" class=\"alignleft size-full wp-image-12463\" title=\"\"><br \/>\n[limpar]<br \/>\nControlo autom\u00e1tico de n\u00edvel e cancelamento de ru\u00eddo<\/div>\n<div class=\"newskasten\">\n<img decoding=\"async\" width=\"83\" height=\"83\" src=\"https:\/\/konferenztechnik.de\/wp-content\/uploads\/2018\/02\/gleichzeitig-sprechen.png\" alt=\"Tr\u00eas podem falar ao mesmo tempo\" class=\"size-full wp-image-12471\" title=\"\"><br \/>\n[limpar]<br \/>\nAt\u00e9 tr\u00eas altifalantes em simult\u00e2neo<\/div>\n<div class=\"newskasten\">\n<img loading=\"lazy\" decoding=\"async\" width=\"83\" height=\"83\" src=\"https:\/\/konferenztechnik.de\/wp-content\/uploads\/2018\/02\/biderektionale-uebertragung-1.png\" alt=\"Comunica\u00e7\u00e3o bidirecional\" class=\"alignleft size-full wp-image-12477\" title=\"\"><br \/>\n[limpar]<br \/>\nComunica\u00e7\u00e3o bidirecional<\/div>\n<div class=\"newskasten\">\n<img loading=\"lazy\" decoding=\"async\" width=\"83\" height=\"83\" src=\"https:\/\/konferenztechnik.de\/wp-content\/uploads\/2018\/02\/dect.png\" alt=\"Beyerdynamic UNITE DECT standard\" class=\"alignleft size-full wp-image-12470\" title=\"\"><br \/>\n[limpar]<br \/>\nNorma DECT<\/div>\n<div class=\"newskasten\">\n<img loading=\"lazy\" decoding=\"async\" src=\"https:\/\/konferenztechnik.de\/wp-content\/uploads\/2018\/02\/Abhoersicher.png\" alt=\"Sistema de guia \u00e0 prova de torneiras\" width=\"83\" height=\"83\" class=\"alignleft size-full wp-image-12460\" title=\"\"><br \/>\n[limpar]<br \/>\n\u00c0 prova de toque gra\u00e7as \u00e0 encripta\u00e7\u00e3o AES de 256 bits de \u00faltima gera\u00e7\u00e3o<\/div>\n<div class=\"newskasten\">\n<img decoding=\"async\" src=\"https:\/\/konferenztechnik.de\/wp-content\/uploads\/2018\/02\/Hohe-Reichweite.png\" alt=\"Gama alta\" class=\"alignleft size-full wp-image-12477\" title=\"\"><br \/>\n[limpar]<br \/>\nGama alta<\/div>\n<div class=\"newskasten\">\n<img decoding=\"async\" src=\"https:\/\/konferenztechnik.de\/wp-content\/uploads\/2018\/02\/AktiveGeraeuschuunterdrueckung.png\" alt=\"Cancelamento ativo de ru\u00eddo\" class=\"alignleft size-full wp-image-12470\" title=\"\"><br \/>\n[limpar]<br \/>\nCancelamento ativo de ru\u00eddo<\/div>\n<div class=\"newskasten\">\n<img loading=\"lazy\" decoding=\"async\" src=\"https:\/\/konferenztechnik.de\/wp-content\/uploads\/2018\/02\/AutomatischesFrequenz-undStoerungsmanagement.png\" alt=\"Gest\u00e3o autom\u00e1tica de frequ\u00eancias e falhas\" width=\"83\" height=\"83\" class=\"alignleft size-full wp-image-12460\" title=\"\"><br \/>\n[limpar]<br \/>\nFrequ\u00eancia autom\u00e1tica e<br \/>\nGest\u00e3o de avarias<\/div>\n<div class=\"newskasten\">\n<img decoding=\"async\" src=\"https:\/\/konferenztechnik.de\/wp-content\/uploads\/2018\/02\/Barrierefreiheit-fuer-Schwerhoerige.png\" alt=\"Acessibilidade para pessoas com defici\u00eancia auditiva\" class=\"alignleft size-full wp-image-12477\" title=\"\"><br \/>\n[limpar]<br \/>\nAcessibilidade<br \/>\npara pessoas com defici\u00eancia auditiva<\/div>\n<div class=\"newskasten\">\n<img decoding=\"async\" src=\"https:\/\/konferenztechnik.de\/wp-content\/uploads\/2018\/02\/Lange-Betriebszeiten.png\" alt=\"Tempos de funcionamento longos\" class=\"alignleft size-full wp-image-12470\" title=\"\"><br \/>\n[limpar]<br \/>\nLongo<br \/>\nHoras de funcionamento<\/div>\n<div class=\"newskasten\">\n<img loading=\"lazy\" decoding=\"async\" src=\"https:\/\/konferenztechnik.de\/wp-content\/uploads\/2018\/02\/32-Gruppen-Gleichzeitig.png\" alt=\"32 grupos em simult\u00e2neo\" width=\"83\" height=\"83\" class=\"alignleft size-full wp-image-12460\" title=\"\"><br \/>\n[limpar]<br \/>\nAt\u00e9 32 grupos<br \/>\nao mesmo tempo<\/div>\n<\/div>\n<p>[limpar]<\/p>\n<h2>Acess\u00f3rios<\/h2>\n<p><img decoding=\"async\" src=\"https:\/\/konferenztechnik.de\/wp-content\/uploads\/2018\/02\/DT-287-Unite.jpg\" alt=\"DT 287 UNITE 80 Ohm, auricular\" width=\"850\" class=\"alignnone size-full wp-image-12615\" title=\"\"><\/p>\n<p>DT 287 UNITE 80 Ohm, auricular<br \/>\nCombina\u00e7\u00e3o de um ouvido\/ouvido\/fala com microfone de condensador (cardioide) e articula\u00e7\u00e3o girat\u00f3ria<br \/>\n[spacer size=\"10\u2033]<br \/>\n[list icon=\"moon-checkmark\" colour=\"#a62055\u2033] Auscultadores fechados[\/list]<br \/>\n[list icon=\"moon-checkmark\" colour=\"#a62055\u2033] Vers\u00e3o especial com microfone alimentado diretamente[\/list]<br \/>\n[list icon=\"moon-checkmark\" colour=\"#a62055\u2033] Liga\u00e7\u00e3o de 6 pinos, apenas funcional com o K109.25 ou outros cabos da s\u00e9rie DT 109[\/list]<br \/>\n[list icon=\"moon-checkmark\" colour=\"#a62055\u2033] Almofadas auriculares circumaurais macias, sistema pr\u00e1tico de clique para mudar as almofadas auriculares[\/list]<\/p>\n<p>[spacer size=\"30\u2033]<\/p>\n<p><img decoding=\"async\" src=\"https:\/\/konferenztechnik.de\/wp-content\/uploads\/2018\/02\/TG-H56.jpg\" alt=\"DT 287 UNITE 80 Ohm, auricular\" width=\"850\" class=\"alignnone size-full wp-image-12615\" title=\"\"><br \/>\nTG H56, microfone de condensador para auscultadores (omnidirecional)<br \/>\nF\u00e1cil manuseamento, som natural e um ajuste \u00f3timo \u2013 - as carater\u00edsticas do microfone para auscultadores TG H56 podem ser resumidas de forma simples. Seja no palco, em musicais, teatro ou para apresentadores: o TG H56 impressiona pelo seu som equilibrado e apar\u00eancia discreta.<\/p>\n<p>Gra\u00e7as ao cabo amov\u00edvel, ao mecanismo ajust\u00e1vel no pesco\u00e7o e aos ganchos girat\u00f3rios para os ouvidos, o TG H56 oferece a m\u00e1xima flexibilidade e adapta-se a quase todas as formas de cabe\u00e7a, mesmo \u00e0s de crian\u00e7as. Juntamente com o posicionamento f\u00e1cil devido \u00e0 carater\u00edstica omnidirecional, o TG H56 \u00e9 o melhor auricular para todos.<br \/>\n[spacer size=\"10\u2033]<\/p>\n<p>[list icon=\"moon-checkmark\" colour=\"#a62055\u2033] som natural[\/list]<\/p>\n<p>[list icon=\"moon-checkmark\" colour=\"#a62055\u2033] Carater\u00edstica omnidirecional[\/list]<\/p>\n<p>[list icon=\"moon-checkmark\" colour=\"#a62055\u2033] nenhum efeito de proximidade devido \u00e0 carater\u00edstica omnidirecional[\/list]<\/p>\n<p>[list icon=\"moon-checkmark\" colour=\"#a62055\u2033] c\u00e1psula pequena \u00f8 3mm[\/list]<\/p>\n<p>[list icon=\"moon-checkmark\" colour=\"#a62055\u2033] n\u00edvel de press\u00e3o sonora m\u00e1ximo elevado (127 dB)[\/list]<\/p>\n<p>[list icon=\"moon-checkmark\" colour=\"#a62055\u2033] SNR elevado, baixo ru\u00eddo pr\u00f3prio[\/list]<\/p>\n<p>[list icon=\"moon-checkmark\" colour=\"#a62055\u2033] mec\u00e2nica de filigrana[\/list]<\/p>\n<p>[list icon=\"moon-checkmark\" colour=\"#a62055\u2033] mecanismo de pesco\u00e7o ajust\u00e1vel[\/list]<\/p>\n<p>[list icon=\"moon-checkmark\" colour=\"#a62055\u2033] ganchos de ouvido rotativos para posicionar a c\u00e1psula \u00e0 direita ou \u00e0 esquerda[\/list]<\/p>\n<p>[list icon=\"moon-checkmark\" colour=\"#a62055\u2033] Cabo amov\u00edvel[\/list]<\/p>\n<p>[spacer size=\"30\u2033]<\/p>\n<h2>Comprar Beyerdynamic UNITE \u2013 Disponibilidade<\/h2>\n<p>O sistema UNITE foi apresentado na ISE 2018 em fevereiro deste ano e ainda est\u00e1 na fase final de testes. Daremos not\u00edcias aqui assim que o sistema estiver dispon\u00edvel.<\/p>\n<p><a href=\"https:\/\/konferenztechnik.de\/pt\/sistema-de-orientacao-do-visitante-beyerdynamic-unite\/\">Beyerdynamic UNITE \u2013 Impress\u00f5es da ISE<\/a><\/p>\n<p><a href=\"https:\/\/konferenztechnik.de\/pt\/sistema-de-comunicacao-beyerdynamic-unite\/\">Apresenta\u00e7\u00e3o do produto: Beyerdynamic UNITE<\/a><br \/>\n<a href=\"\/pt\/comprar-sistema-de-orientacao-pessoal\/\">Panor\u00e2mica dos sistemas de orienta\u00e7\u00e3o dos passageiros<\/a><\/p>","protected":false},"excerpt":{"rendered":"<p>Beyerdynamic UNITE digitale F\u00fchrungsanlage \u2013 technische Daten [spacer size=&#8220;30&#8243;] Unite RP-T Taschenempf\u00e4nger mit Talkback-Funktion [list icon=&#8220;moon-checkmark&#8220; color=&#8220;#a62055&#8243;] Austauschbarer Lithium-Akku[\/list] [list icon=&#8220;moon-checkmark&#8220; color=&#8220;#a62055&#8243;] Mehr als 20 Stunden Betriebsdauer[\/list] [list icon=&#8220;moon-checkmark&#8220; color=&#8220;#a62055&#8243;] Ladekontakte &#038; USB-Ladem\u00f6glichkeit[\/list] [list icon=&#8220;moon-checkmark&#8220; color=&#8220;#a62055&#8243;] Kopfh\u00f6rer \/ Headset[\/list] [list icon=&#8220;moon-checkmark&#8220; color=&#8220;#a62055&#8243;] Induktions-Nackenschlaufe f\u00fcr H\u00f6rbehinderte[\/list] [list icon=&#8220;moon-checkmark&#8220; color=&#8220;#a62055&#8243;] Internes Mikrofon[\/list] [list icon=&#8220;moon-checkmark&#8220; color=&#8220;#a62055&#8243;] Talkback[\/list] [spacer [&hellip;]<\/p>","protected":false},"author":1,"featured_media":45482,"parent":0,"menu_order":0,"comment_status":"closed","ping_status":"closed","template":"","meta":{"_acf_changed":false,"footnotes":""},"class_list":["post-12605","page","type-page","status-publish","has-post-thumbnail","hentry"],"acf":[],"_links":{"self":[{"href":"https:\/\/konferenztechnik.de\/pt\/wp-json\/wp\/v2\/pages\/12605","targetHints":{"allow":["GET"]}}],"collection":[{"href":"https:\/\/konferenztechnik.de\/pt\/wp-json\/wp\/v2\/pages"}],"about":[{"href":"https:\/\/konferenztechnik.de\/pt\/wp-json\/wp\/v2\/types\/page"}],"author":[{"embeddable":true,"href":"https:\/\/konferenztechnik.de\/pt\/wp-json\/wp\/v2\/users\/1"}],"replies":[{"embeddable":true,"href":"https:\/\/konferenztechnik.de\/pt\/wp-json\/wp\/v2\/comments?post=12605"}],"version-history":[{"count":0,"href":"https:\/\/konferenztechnik.de\/pt\/wp-json\/wp\/v2\/pages\/12605\/revisions"}],"wp:featuredmedia":[{"embeddable":true,"href":"https:\/\/konferenztechnik.de\/pt\/wp-json\/wp\/v2\/media\/45482"}],"wp:attachment":[{"href":"https:\/\/konferenztechnik.de\/pt\/wp-json\/wp\/v2\/media?parent=12605"}],"curies":[{"name":"wp","href":"https:\/\/api.w.org\/{rel}","templated":true}]}}