{"id":12706,"date":"2018-02-08T12:07:25","date_gmt":"2018-02-08T11:07:25","guid":{"rendered":"https:\/\/www.konferenztechnik.de\/?page_id=12706"},"modified":"2023-07-05T15:10:16","modified_gmt":"2023-07-05T13:10:16","slug":"sistema-de-conferencia-completo-shure-microflex-2","status":"publish","type":"page","link":"https:\/\/konferenztechnik.de\/pt\/sistema-de-conferencia-completo-shure-microflex-2\/","title":{"rendered":"Sistema de confer\u00eancia completo Shure Microflex"},"content":{"rendered":"<h1>Sistema de confer\u00eancia completo Shure Microflex \u2013 Apresenta\u00e7\u00e3o do produto<\/h1>\n<div class=\"call-action-slider-img\">\n<p><img decoding=\"async\" class=\"alignleft size-full wp-image-12412\" src=\"https:\/\/konferenztechnik.de\/wp-content\/uploads\/2018\/02\/shure-microflex-konferenz.jpg\" alt=\"Sistema de confer\u00eancia Shure Microflex\" title=\"\"><\/p>\n<p><button class=\"bbtn popmake-12386\">Pedir um or\u00e7amento \u203a<\/button><\/p>\n<\/div>\n<p>O sistema sem fios completo Microflex minimiza o tempo de prepara\u00e7\u00e3o para reuni\u00f5es e confer\u00eancias. O design moderno e simples \u00e9 elegante e discreto e adapta-se tanto a salas modernas como a salas hist\u00f3ricas. O acabamento \u00e9 de alta qualidade. O funcionamento \u00e9 intuitivo e simples.<\/p>\n<p><img decoding=\"async\" class=\"alignleft size-full wp-image-12412\" src=\"https:\/\/konferenztechnik.de\/wp-content\/uploads\/2018\/02\/sprechstelle-shure-microflex-complete.jpg\" alt=\"Esta\u00e7\u00e3o de intercomunica\u00e7\u00e3o Shure Microflex completa\" title=\"\"><\/p>\n<h2>Destaques t\u00e9cnicos Sistema de confer\u00eancia Shure Microflex<\/h2>\n<ul>\n<li style=\"line-height: 1.4em; padding-bottom: 10px;\">Desempenho seguro de RF na rede Wifi de 2,4GHz\/5GHz<\/li>\n<li style=\"line-height: 1.4em; padding-bottom: 10px;\">Transmiss\u00e3o sem falhas e sem perda de sinal gra\u00e7as \u00e0 tecnologia autom\u00e1tica de dete\u00e7\u00e3o e preven\u00e7\u00e3o de interfer\u00eancias (reconhece antecipadamente poss\u00edveis interfer\u00eancias e muda automaticamente para frequ\u00eancias livres)<\/li>\n<li style=\"line-height: 1.4em; padding-bottom: 10px;\">Encripta\u00e7\u00e3o AES-128 fi\u00e1vel para que o conte\u00fado da sess\u00e3o permane\u00e7a confidencial<\/li>\n<li style=\"line-height: 1.4em; padding-bottom: 10px;\">Um ponto de acesso MXCW-APT pode gerir at\u00e9 125 unidades de confer\u00eancia \u2013 sem software ou licen\u00e7as adicionais<\/li>\n<li style=\"line-height: 1.4em; padding-bottom: 10px;\">Microfones Gooseneck com c\u00e1psulas Microflex e tecnologia CommShield para uma qualidade de som excecional e imunidade a interfer\u00eancias de sinais de r\u00e1dio<\/li>\n<li style=\"line-height: 1.4em; padding-bottom: 10px;\">A ativa\u00e7\u00e3o dos microfones pode ser definida automaticamente ou individualmente<\/li>\n<li style=\"line-height: 1.4em; padding-bottom: 10px;\">Vota\u00e7\u00e3o eletr\u00f3nica, gest\u00e3o da agenda, identifica\u00e7\u00e3o dos participantes<\/li>\n<\/ul>\n<p><img decoding=\"async\" class=\"alignleft size-full wp-image-12412\" src=\"https:\/\/konferenztechnik.de\/wp-content\/uploads\/2018\/02\/shure-microflex-complete-drahtgebunden.jpg\" alt=\"Shure Microflex Completo\" title=\"\"><\/p>\n<h2>Microflex Complete \u2013 o sistema de confer\u00eancia com fios<\/h2>\n<p>O sistema de discuss\u00e3o e confer\u00eancia Microflex Complete inclui uma gama de unidades de microfone de confer\u00eancia para montagem em mesa ou instala\u00e7\u00e3o em mesa que pode ser facilmente integrada em salas de confer\u00eancia, salas de tribunal e salas de reuni\u00e3o.<\/p>\n<p><img decoding=\"async\" class=\"alignleft size-full wp-image-12412\" src=\"https:\/\/konferenztechnik.de\/wp-content\/uploads\/2018\/02\/Shure-Microflex-Complete.jpg\" alt=\"Consola de int\u00e9rprete completa Shure Microflex\" title=\"\"><br \/>\nO portf\u00f3lio do novo sistema de confer\u00eancia Microflex Complete \u00e9 completado por uma mesa de int\u00e9rprete que est\u00e1 em conformidade com a mais recente norma DIN\/ISO.<\/p>\n<p>Uma coisa \u00e9 certa: tanto a vers\u00e3o sem fios como a vers\u00e3o com fios do novo sistema de discuss\u00e3o podem ser a primeira escolha para muitos projectos futuros. Quando alugadas, as unidades de microfone sem fios podem ser utilizadas em quase todo o lado, com um tempo de funcionamento at\u00e9 10 horas. Gra\u00e7as \u00e0 encripta\u00e7\u00e3o segura, tamb\u00e9m podem ser utilizadas com seguran\u00e7a em confer\u00eancias organizadas por governos, autoridades e conselhos de supervis\u00e3o. Estamos muito satisfeitos com este novo sistema.<\/p>\n<h2>Liga\u00e7\u00f5es e outras informa\u00e7\u00f5es<\/h2>\n<ul>\n<li><a href=\"https:\/\/konferenztechnik.de\/pt\/sistema-de-conferencia-completo-shure-microflex\/\">Shure Microflex Complete \u2013 Impress\u00f5es da ISE 2018<\/a><\/li>\n<\/ul>","protected":false},"excerpt":{"rendered":"<p>Shure Microflex Complete Konferenzanlage \u2013 Produktvorstellung Angebot anfordern \u203a Das Microflex Complete Wireless System minimiert die Einrichtungs- und Aufbauzeit bei Besprechungen und Konferenzen. Das moderne, schlichte Design ist formsch\u00f6n und dezent und passt sowohl in moderne als auch historische R\u00e4ume. Die Verarbeitung ist sehr hochwertig. Die Bedienung ist intuitiv und einfach. Technik-Highlights Shure Microflex Konferenzsystem [&hellip;]<\/p>","protected":false},"author":1,"featured_media":45482,"parent":0,"menu_order":0,"comment_status":"closed","ping_status":"closed","template":"","meta":{"_acf_changed":false,"footnotes":""},"class_list":["post-12706","page","type-page","status-publish","has-post-thumbnail","hentry"],"acf":[],"_links":{"self":[{"href":"https:\/\/konferenztechnik.de\/pt\/wp-json\/wp\/v2\/pages\/12706","targetHints":{"allow":["GET"]}}],"collection":[{"href":"https:\/\/konferenztechnik.de\/pt\/wp-json\/wp\/v2\/pages"}],"about":[{"href":"https:\/\/konferenztechnik.de\/pt\/wp-json\/wp\/v2\/types\/page"}],"author":[{"embeddable":true,"href":"https:\/\/konferenztechnik.de\/pt\/wp-json\/wp\/v2\/users\/1"}],"replies":[{"embeddable":true,"href":"https:\/\/konferenztechnik.de\/pt\/wp-json\/wp\/v2\/comments?post=12706"}],"version-history":[{"count":0,"href":"https:\/\/konferenztechnik.de\/pt\/wp-json\/wp\/v2\/pages\/12706\/revisions"}],"wp:featuredmedia":[{"embeddable":true,"href":"https:\/\/konferenztechnik.de\/pt\/wp-json\/wp\/v2\/media\/45482"}],"wp:attachment":[{"href":"https:\/\/konferenztechnik.de\/pt\/wp-json\/wp\/v2\/media?parent=12706"}],"curies":[{"name":"wp","href":"https:\/\/api.w.org\/{rel}","templated":true}]}}