{"id":1289,"date":"2013-08-23T13:43:12","date_gmt":"2013-08-23T11:43:12","guid":{"rendered":"https:\/\/pcs-miete.de\/?page_id=1289"},"modified":"2023-07-05T14:11:50","modified_gmt":"2023-07-05T12:11:50","slug":"tecnologia-audio-microfones-reforco-de-som-sala-de-controlo-e-reproducao","status":"publish","type":"page","link":"https:\/\/konferenztechnik.de\/pt\/distribuicao-de-tecnologia-de-conferencia-e-de-meios-de-comunicacao-av\/tecnologia-audio-microfones-reforco-de-som-sala-de-controlo-e-reproducao\/","title":{"rendered":"Tecnologia \u00e1udio: microfones, refor\u00e7o de som, sala de controlo e reprodu\u00e7\u00e3o"},"content":{"rendered":"<h1>Tecnologia \u00e1udio: microfones, consolas de mistura, sistema de som<\/h1>\n<p><a href=\"\/pt\/distribuicao-de-tecnologia-de-conferencia-e-de-meios-de-comunicacao-av\/tecnologia-audio-microfones-reforco-de-som-sala-de-controlo-e-reproducao\/microfones\/\"><img fetchpriority=\"high\" decoding=\"async\" class=\"alignnone size-full wp-image-1208\" alt=\"a1\" src=\"https:\/\/konferenztechnik.de\/wp-content\/uploads\/2013\/08\/a1.jpg\" width=\"288\" height=\"198\" title=\"\"><\/a><a href=\"\/pt\/distribuicao-de-tecnologia-de-conferencia-e-de-meios-de-comunicacao-av\/tecnologia-audio-microfones-reforco-de-som-sala-de-controlo-e-reproducao\/microfones\/\"><br \/>\nMicrofones<\/a><\/p>\n<p><a href=\"\/pt\/distribuicao-de-tecnologia-de-conferencia-e-de-meios-de-comunicacao-av\/tecnologia-audio-microfones-reforco-de-som-sala-de-controlo-e-reproducao\/sistema-de-som\/\"><img decoding=\"async\" class=\"alignnone size-full wp-image-1208\" alt=\"Ecr\u00e3s e displays\" src=\"https:\/\/konferenztechnik.de\/wp-content\/uploads\/2013\/08\/a2.jpg\" width=\"288\" height=\"198\" title=\"\"><\/a><a href=\"\/pt\/distribuicao-de-tecnologia-de-conferencia-e-de-meios-de-comunicacao-av\/tecnologia-audio-microfones-reforco-de-som-sala-de-controlo-e-reproducao\/sistema-de-som\/\"><br \/>\nSistema de som<\/a><\/p>\n<p><a href=\"\/pt\/distribuicao-de-tecnologia-de-conferencia-e-de-meios-de-comunicacao-av\/tecnologia-audio-microfones-reforco-de-som-sala-de-controlo-e-reproducao\/consolas-de-mistura\/\"><img decoding=\"async\" class=\"alignnone size-full wp-image-1209\" alt=\"Suportes para projectores e projectores\" src=\"https:\/\/konferenztechnik.de\/wp-content\/uploads\/2013\/08\/a3.jpg\" width=\"288\" height=\"198\" title=\"\"><\/a><a href=\"\/pt\/distribuicao-de-tecnologia-de-conferencia-e-de-meios-de-comunicacao-av\/tecnologia-audio-microfones-reforco-de-som-sala-de-controlo-e-reproducao\/consolas-de-mistura\/\"><br \/>\nConsolas de mistura<\/a><\/p>\n<p><a href=\"\/pt\/distribuicao-de-tecnologia-de-conferencia-e-de-meios-de-comunicacao-av\/tecnologia-audio-microfones-reforco-de-som-sala-de-controlo-e-reproducao\/dinamica-e-efeitos\/\"><img loading=\"lazy\" decoding=\"async\" class=\"alignnone size-full wp-image-1211\" alt=\"Caixa para projectores\" src=\"https:\/\/konferenztechnik.de\/wp-content\/uploads\/2013\/08\/a4.jpg\" width=\"288\" height=\"198\" title=\"\"><\/a><a href=\"\/pt\/distribuicao-de-tecnologia-de-conferencia-e-de-meios-de-comunicacao-av\/tecnologia-audio-microfones-reforco-de-som-sala-de-controlo-e-reproducao\/dinamica-e-efeitos\/\"><br \/>\nProcessamento digital de sinais (DSP)<\/a><\/p>\n<p><a href=\"\/pt\/distribuicao-de-tecnologia-de-conferencia-e-de-meios-de-comunicacao-av\/registo\/\"><img loading=\"lazy\" decoding=\"async\" src=\"https:\/\/konferenztechnik.de\/wp-content\/uploads\/2013\/08\/audiotechnik-bei-pcs_marantz-mp3-rekorder.jpg\" alt=\"Tecnologia \u00e1udio no PCS - Grava\u00e7\u00e3o e registo\" width=\"288\" height=\"198\" class=\"alignleft size-full wp-image-3491\" title=\"\"><br \/>\nGrava\u00e7\u00e3o e reprodu\u00e7\u00e3o<\/a><\/p>\n<div class=\"boxcontainer\">\n<div class=\"box1-2\">\n<h1>Pessoa de contacto<\/h1>\n<\/div>\n<div class=\"box1-2-order\">\n<h1>Outras liga\u00e7\u00f5es<\/h1>\n<\/div>\n<div class=\"box1-4\">\n<div class=\"box-head\">Distribui\u00e7\u00e3o e vendas<\/div>\n<\/div>\n<div class=\"box2-4-2\" style=\"order:1;\">\n<div class=\"weiterlinks\">\n<ul>\n<a title=\"Distribui\u00e7\u00e3o por grupo de produtos\" href=\"\/pt\/grupos-de-produtos\/\">Distribui\u00e7\u00e3o por grupo de produtos<\/a><br \/>\n<a title=\"Distribui\u00e7\u00e3o por fabricante\" href=\"\/pt\/fabricante\/\">Distribui\u00e7\u00e3o por fabricante<\/a><br \/>\n<a title=\"Produtos personalizados, manuten\u00e7\u00e3o e repara\u00e7\u00e3o\" href=\"\/pt\/servicos-2\/manutencao-e-reparacao\/\">Produtos personalizados, manuten\u00e7\u00e3o e repara\u00e7\u00e3o<\/a><br \/>\n<a title=\"10 boas raz\u00f5es para o PCS\" href=\"\/pt\/sobre-nos\/10-boas-razoes-para-os-pcs\/\">10 boas raz\u00f5es para o PCS<\/a><br \/>\n<a title=\"Refer\u00eancias\" href=\"\/pt\/sobre-nos\/lista-de-referencias-instalacao\/\">Refer\u00eancias Instala\u00e7\u00e3o e integra\u00e7\u00e3o<\/a><br \/>\n<a title=\"PCS: Todos os servi\u00e7os em resumo\" href=\"\/pt\/servicos-2\/\">PCS: Todos os servi\u00e7os em resumo<\/a><\/ul>\n<\/div>\n<\/div>\n<\/div>","protected":false},"excerpt":{"rendered":"<p>Audiotechnik: Mikrofone, Mischpulte, Beschallung Mikrofone Beschallung Mischpulte Digital Signal Processing (DSP) Aufnahme und Wiedergabe Ansprechpartner Weiterf\u00fchrende Links Vertrieb und Verkauf Vertrieb nach Produktgruppen Vertrieb nach Hersteller Sonderanfertigungen, Wartung und Reparaturen 10 gute Gr\u00fcnde f\u00fcr PCS Referenzen Installation und Integration PCS: Alle Leistungen im \u00dcberblick<\/p>","protected":false},"author":1,"featured_media":45482,"parent":3614,"menu_order":219,"comment_status":"closed","ping_status":"open","template":"","meta":{"_acf_changed":false,"footnotes":""},"class_list":["post-1289","page","type-page","status-publish","has-post-thumbnail","hentry"],"acf":[],"_links":{"self":[{"href":"https:\/\/konferenztechnik.de\/pt\/wp-json\/wp\/v2\/pages\/1289","targetHints":{"allow":["GET"]}}],"collection":[{"href":"https:\/\/konferenztechnik.de\/pt\/wp-json\/wp\/v2\/pages"}],"about":[{"href":"https:\/\/konferenztechnik.de\/pt\/wp-json\/wp\/v2\/types\/page"}],"author":[{"embeddable":true,"href":"https:\/\/konferenztechnik.de\/pt\/wp-json\/wp\/v2\/users\/1"}],"replies":[{"embeddable":true,"href":"https:\/\/konferenztechnik.de\/pt\/wp-json\/wp\/v2\/comments?post=1289"}],"version-history":[{"count":0,"href":"https:\/\/konferenztechnik.de\/pt\/wp-json\/wp\/v2\/pages\/1289\/revisions"}],"up":[{"embeddable":true,"href":"https:\/\/konferenztechnik.de\/pt\/wp-json\/wp\/v2\/pages\/3614"}],"wp:featuredmedia":[{"embeddable":true,"href":"https:\/\/konferenztechnik.de\/pt\/wp-json\/wp\/v2\/media\/45482"}],"wp:attachment":[{"href":"https:\/\/konferenztechnik.de\/pt\/wp-json\/wp\/v2\/media?parent=1289"}],"curies":[{"name":"wp","href":"https:\/\/api.w.org\/{rel}","templated":true}]}}