{"id":13067,"date":"2018-05-03T09:28:17","date_gmt":"2018-05-03T08:28:17","guid":{"rendered":"https:\/\/www.konferenztechnik.de\/?page_id=13067"},"modified":"2023-09-01T13:12:43","modified_gmt":"2023-09-01T11:12:43","slug":"comprar-mipro-guide-system","status":"publish","type":"page","link":"https:\/\/konferenztechnik.de\/pt\/comprar-mipro-guide-system\/","title":{"rendered":"Comprar o sistema de guia Mipro"},"content":{"rendered":"<h1>Comprar o sistema de guia Mipro<\/h1>\n<div class=\"call-action-slider-img\">\n<img decoding=\"async\" src=\"https:\/\/konferenztechnik.de\/wp-content\/uploads\/2018\/05\/mipro-tour-guide-kaufen.jpg\" alt=\"Comprar o sistema de guia Mipro\" class=\"alignnone size-full wp-image-12201\" title=\"\"><br \/>\n<button class=\"bbtn popmake-12226\">Pedir um or\u00e7amento &#x9B;<\/button><\/div>\n<h2>Recetor MTG-100R<\/h2>\n<p>[spacer size=\"10\u2033]<\/p>\n<p>O recetor mais pequeno e mais leve do mundo em formato de bolso. Robusto, duradouro e f\u00e1cil de utilizar.<\/p>\n<p>1: Controlo do volume (regul\u00e1vel em 20 n\u00edveis)<\/p>\n<p>2: Interruptor de ligar\/desligar (premir e manter premido durante 2 segundos)<br \/>\nmanter premido para ligar ou desligar)<\/p>\n<p>3: Ecr\u00e3 LCD (visualiza\u00e7\u00e3o do canal, intensidade da rece\u00e7\u00e3o,<br \/>\nvolume e estado da bateria)<\/p>\n<p>4: Interruptor de sele\u00e7\u00e3o de canais (16 canais)<\/p>\n<p>5: Sensor de infravermelhos (para sele\u00e7\u00e3o autom\u00e1tica de canais)<br \/>\nsincroniza\u00e7\u00e3o na esta\u00e7\u00e3o de carregamento)<\/p>\n<p>6: Contactos de carregamento (para carregamento autom\u00e1tico<br \/>\ndas baterias na esta\u00e7\u00e3o de carregamento)<\/p>\n<p>Encripta\u00e7\u00e3o digital para uma transmiss\u00e3o segura do sinal<br \/>\nprotege contra ouvintes n\u00e3o autorizados.<br \/>\nA tecnologia digital true diversity impede<br \/>\ndesist\u00eancias e aumenta a \u00e1rea de rece\u00e7\u00e3o. Atrav\u00e9s de<br \/>\ntransmiss\u00e3o digital constante, n\u00e3o h\u00e1 necessidade de<br \/>\natenua\u00e7\u00e3o do sinal devido ao trajeto.<br \/>\nSom cristalino e muito boa inteligibilidade de voz.<br \/>\nFun\u00e7\u00e3o de desligamento autom\u00e1tico reduzida<br \/>\no consumo de energia em modo de espera e alarga<br \/>\ne, por conseguinte, o tempo total de funcionamento.<\/p>\n<hr style=\"background-color:#999999; margin-bottom:30px;\">\n<div class=\"call-action-slider-img\">\n<img decoding=\"async\" src=\"https:\/\/konferenztechnik.de\/wp-content\/uploads\/2018\/05\/mipro-personenfuehrungsanlage-kaufen.jpg\" alt=\"Comprar o sistema de orienta\u00e7\u00e3o de pessoas Mipro\" class=\"alignnone size-full wp-image-12201\" title=\"\"><\/p>\n<\/div>\n<h2>Transmissor de bolso MTG-100T \/ MTG-100Ta<\/h2>\n<p>[spacer size=\"10\u2033]<\/p>\n<p>Ultra-compacto, ultra-leve e em formato de bolso, o MTG-100 proporciona um som cristalino na banda ISM 863-865 MHz sem licen\u00e7a. Podem ser atribu\u00eddos at\u00e9 16 canais pr\u00e9-programados sem interfer\u00eancias a diferentes grupos de visitantes, sem interferirem uns com os outros.<\/p>\n<p>MTG100T: com bateria de i\u00f5es de l\u00edtio (45 x 84 x 21 mm, 65 g)<\/p>\n<p>MTG100Ta: com pilhas AA (45 x 84 x 28 mm, 72 g)<\/p>\n<hr style=\"background-color:#999999; margin-bottom:30px;\">\n<div class=\"call-action-slider-img\">\n<img decoding=\"async\" src=\"https:\/\/konferenztechnik.de\/wp-content\/uploads\/2018\/05\/mipro-handsender-MTG-100Ha.jpg\" alt=\"Microfone de m\u00e3o Mipro PFA\" class=\"alignnone size-full wp-image-12201\" title=\"\"><\/p>\n<\/div>\n<h2>Transmissor de m\u00e3o MTG-100Ha<\/h2>\n<p>[spacer size=\"10\u2033]<\/p>\n<p>Som cristalino e muito boa inteligibilidade da fala. Robusto, duradouro e f\u00e1cil de utilizar. Resistente a interfer\u00eancias de Bluetooth, WLAN e transmiss\u00f5es de r\u00e1dio de 2,4 GHz.<\/p>\n<p>1: Ecr\u00e3 LCD retroiluminado<\/p>\n<p>2: Compartimento da bateria<\/p>\n<hr style=\"background-color:#999999; margin-bottom:30px;\">\n<div class=\"call-action-slider-img\">\n<img decoding=\"async\" src=\"https:\/\/konferenztechnik.de\/wp-content\/uploads\/2018\/05\/mipro-sender-pfa.jpg\" alt=\"Transmissor Mipro PFA\" class=\"alignnone size-full wp-image-12201\" title=\"\"><\/p>\n<\/div>\n<h2>Transmissor digital estacion\u00e1rio MTS-100<\/h2>\n<p>[spacer size=\"10\u2033]<\/p>\n<p>O transmissor fixo MTS-100 pode ser utilizado como uma esta\u00e7\u00e3o de transmiss\u00e3o para os receptores MTG-100R e MTG-100Ra. As fontes de \u00e1udio externas, como um microfone com fios, um leitor de CD\/MP3 ou um misturador de \u00e1udio, podem ser facilmente ligadas atrav\u00e9s de uma tomada combinada XLR\/6,35 mm.<\/p>\n<p>1: Visualiza\u00e7\u00e3o do sinal \u00e1udio (mostra o n\u00edvel de entrada<br \/>\ndo sinal \u00e1udio)<\/p>\n<p>2: Indica\u00e7\u00e3o do sinal de transmiss\u00e3o (mostra o n\u00edvel do<br \/>\nSinal de transmiss\u00e3o HF)<\/p>\n<p>3: M\u00f3dulo transmissor (modular, permut\u00e1vel<br \/>\nM\u00f3dulo emissor com 16 canais pr\u00e9-programados)<\/p>\n<hr style=\"background-color:#999999; margin-bottom:30px;\">\n<div class=\"call-action-slider-img\">\n<img decoding=\"async\" src=\"https:\/\/konferenztechnik.de\/wp-content\/uploads\/2018\/05\/mipro-ladekoffer.jpg\" alt=\"Estojo de carregamento Mipro\" class=\"alignnone size-full wp-image-12201\" title=\"\"><\/p>\n<\/div>\n<h2>Mala de carregamento e transporte MTG-100C-12 \/ MTG-100C-28<\/h2>\n<p>[spacer size=\"10\u2033]<\/p>\n<p>Carregamento r\u00e1pido em menos de 4 horas;<br \/>\nLED indicador do n\u00edvel de carga para cada compartimento (vermelho: a carregar; verde: carregado);<br \/>\nO bot\u00e3o ACT\u2122 (Automatic Channel Targeting) assegura uma sincroniza\u00e7\u00e3o de frequ\u00eancia precisa e r\u00e1pida entre o transmissor e todos os receptores;<br \/>\nFonte de alimenta\u00e7\u00e3o interna comut\u00e1vel 100-240V AC.<\/p>\n<p>MTG-100C-12 (para 12 receptores)<\/p>\n<p>MTG-100C-28 (para 28 receptores)<\/p>\n<hr style=\"background-color:#999999; margin-bottom:30px;\">\n<div class=\"call-action-slider-img\">\n<img decoding=\"async\" src=\"https:\/\/konferenztechnik.de\/wp-content\/uploads\/2018\/05\/MTG-100C4-Ladestation.jpg\" alt=\"Esta\u00e7\u00e3o de carregamento Mipro Instala\u00e7\u00e3o do sistema de orienta\u00e7\u00e3o de pessoas\" class=\"alignnone size-full wp-image-12201\" title=\"\"><\/p>\n<\/div>\n<h2>Esta\u00e7\u00e3o de carregamento MTG-100C4<\/h2>\n<p>[spacer size=\"10\u2033]<\/p>\n<p>Esta\u00e7\u00e3o de carregamento de 4 vias para o transmissor\/recetor MTG-100;<br \/>\nCarregamento r\u00e1pido em menos de 4 horas;<br \/>\nLED indicador do n\u00edvel de carga para cada compartimento (vermelho: a carregar; verde: carregado);<br \/>\nLiga\u00e7\u00e3o para a fonte de alimenta\u00e7\u00e3o de 8V\/0,75A DC.<\/p>\n<p>Expans\u00edvel modularmente, adequado para instala\u00e7\u00e3o fixa e montagem em bastidor (m\u00f3dulo de 4 unidades dispon\u00edvel como MTG-100C-16).<\/p>\n<hr style=\"background-color:#999999; margin-bottom:30px;\">\n<div class=\"call-action-slider-img\">\n<img decoding=\"async\" src=\"https:\/\/konferenztechnik.de\/wp-content\/uploads\/2018\/05\/mipro-mikrofone-kopfhoerer.jpg\" alt=\"Microfones Mipro auscultadores acess\u00f3rios\" class=\"alignnone size-full wp-image-12201\" title=\"\"><\/p>\n<\/div>\n<h2>Microfones, auscultadores, acess\u00f3rios<\/h2>\n<p>[spacer size=\"10\u2033]<\/p>\n<p>Grande sele\u00e7\u00e3o de microfones \u2013, tanto de encaixe como de fita para o pesco\u00e7o (omnidireccionais ou cardi\u00f3ides), la\u00e7os de indu\u00e7\u00e3o, auriculares, auscultadores est\u00e9reo...<\/p>\n<p>Expans\u00edvel modularmente, adequado para instala\u00e7\u00e3o fixa e montagem em bastidor (m\u00f3dulo de 4 unidades dispon\u00edvel como MTG-100C-16).<\/p>\n<hr style=\"background-color:#999999; margin-bottom:30px;\">\n<div class=\"call-action-slider-img\">\n<img decoding=\"async\" src=\"https:\/\/konferenztechnik.de\/wp-content\/uploads\/2018\/05\/mipro-fuehrungsanlage.jpg\" alt=\"Comprar o sistema de guia Mipro\" class=\"alignnone size-full wp-image-12201\" title=\"\"><br \/>\n<button class=\"bbtn popmake-12226\">Pedir um or\u00e7amento &#x9B;<\/button><\/div>\n<div style=\"background-color:#f2f2f2; width:100%; display:block; margin-bottom:40px;\">\n<div style=\"text-align:center; width:100%; padding:left:10px; padding-top:18px;\"><img decoding=\"async\" src=\"https:\/\/konferenztechnik.de\/wp-content\/uploads\/2018\/05\/bewerten-happy.png\" alt=\"\" width=\"142\" height=\"42\" class=\"aligncenter size-full wp-image-13128\" title=\"\"><\/div>\n<div style=\"text-align:left; padding:10px;\">Assenta-lhe que nem uma luva! Tire partido do nosso aconselhamento. Teremos todo o gosto em colaborar consigo para determinar qual o sistema de guia e qual a configura\u00e7\u00e3o que melhor se adequa \u00e0s suas necessidades.<\/div>\n<\/div>\n<div class=\"callouthoch\">\n[callout add_button=\"no\" button_text=\"Learn More\" button_url=\"#\" button_color=\"#a62055\u2033]<br \/>\nPode contactar-nos diretamente por telefone:<br \/>\n[v_icon colour=\"#a62055\u2033 size=\"20px\" target=\"_blank\" name=\"moon-phone-2\u2033] +49 211 737798 20<br \/>\n[\/callout].<\/div>\n<div class=\"callouthoch\">\n[callout add_button=\"no\" button_text=\"Learn More\" button_url=\"#\" button_color=\"#a62055\u2033]<br \/>\nOs pedidos de informa\u00e7\u00e3o devem ser enviados por correio eletr\u00f3nico para:<br \/>\n[v_icon colour=\"#a62055\u2033 size=\"20px\" target=\"_blank\" name=\"moon-envelop-2\u2033] <a href=\"mailto:vertrieb@konferenztechnik.de\" onclick=\"ga('send', 'event', 'Email-Klick', 'F\u00fchrungsanlagen kaufen  Vertrieb');\"> vertrieb@konferenztechnik.de<\/a><br \/>\n[\/callout].<\/div>\n<p>[spacer size=\"10\u2033]<\/p>\n<div class=\"weiterlinks\" style=\"background-color:#ffffff;\">\n<h1>Outras liga\u00e7\u00f5es<\/h1>\n<p>[list icon=\"moon-arrow-right-2\u2033 colour=\"#a62055\u2033]<a title=\"Suporte para eventos multilingues\" href=\"\/pt\/comprar-sistema-de-orientacao-pessoal\/\">P\u00e1gina de s\u00edntese dos sistemas de orienta\u00e7\u00e3o dos passageiros<\/a>[\/lista]<br \/>\n[list icon=\"moon-arrow-right-2\u2033 colour=\"#a62055\u2033]<a title=\"Suporte para eventos multilingues\" href=\"\/pt\/sistema-de-comunicacao-beyerdynamic-unite\/\">Dispon\u00edvel em breve: Sistema de orienta\u00e7\u00e3o Beyerdynamic Unite<\/a>[\/lista]<br \/>\n[list icon=\"moon-arrow-right-2\u2033 colour=\"#a62055\u2033]<a title=\"Suporte para eventos multilingues\" href=\"\/pt\/comprar-tecnologia-de-conferencia\/\">Vendas de tecnologia para confer\u00eancias<\/a>[\/lista]<br \/>\n[list icon=\"moon-arrow-right-2\u2033 colour=\"#a62055\u2033]<a title=\"Refer\u00eancias\" href=\"\/pt\/instalacao-e-integracao-de-tecnologia-de-conferencia-e-sistemas-multimedia\/\">Instala\u00e7\u00e3o de tecnologia de confer\u00eancia e de meios de comunica\u00e7\u00e3o<\/a>[\/lista]<br \/>\n[list icon=\"moon-arrow-right-2\u2033 colour=\"#a62055\u2033]<a title=\"Forma\u00e7\u00e3o e servi\u00e7os para int\u00e9rpretes\" href=\"\/pt\/cursos-de-formacao-e-servicos-para-interpretes\/\">Forma\u00e7\u00e3o e servi\u00e7os para int\u00e9rpretes<\/a>[\/lista]<br \/>\n[list icon=\"moon-arrow-right-2\u2033 colour=\"#a62055\u2033]<a title=\"10 boas raz\u00f5es para o PCS\" href=\"\/pt\/sobre-nos\/10-boas-razoes-para-os-pcs\/\">10 boas raz\u00f5es para o PCS<\/a>[\/lista]<br \/>\n[list icon=\"moon-arrow-right-2\u2033 colour=\"#a62055\u2033]<a title=\"PCS: Todos os servi\u00e7os em resumo\" href=\"\/pt\/servicos-2\/\">PCS: Todos os servi\u00e7os em resumo<\/a>[\/lista]<\/ul>\n<\/div>\n<\/div>\n<p>[spacer size=\"20\u2033]<\/p>","protected":false},"excerpt":{"rendered":"<p>Mipro F\u00fchrungsanlage kaufen Angebot anfordern &#x9B; Empf\u00e4nger MTG-100R [spacer size=&#8220;10&#8243;] Der weltweit kleinste und leichteste Empf\u00e4nger im Brusttaschenformat. Robust, langlebig und einfach zu bedienen. 1: Lautst\u00e4rkeregelung (in 20 Stufen einstellbar) 2: Ein-\/Ausschalter (dr\u00fccken und 2 Sekunden halten, um ein- oder auszuschalten) 3: LCD-Display (Anzeige f\u00fcr Kanal, Empfangsst\u00e4rke, Lautst\u00e4rke und Batteriestatus) 4: Kanalwahlschalter (16 Kan\u00e4le) 5: [&hellip;]<\/p>","protected":false},"author":1,"featured_media":45482,"parent":0,"menu_order":0,"comment_status":"closed","ping_status":"closed","template":"","meta":{"_acf_changed":false,"footnotes":""},"class_list":["post-13067","page","type-page","status-publish","has-post-thumbnail","hentry"],"acf":[],"_links":{"self":[{"href":"https:\/\/konferenztechnik.de\/pt\/wp-json\/wp\/v2\/pages\/13067","targetHints":{"allow":["GET"]}}],"collection":[{"href":"https:\/\/konferenztechnik.de\/pt\/wp-json\/wp\/v2\/pages"}],"about":[{"href":"https:\/\/konferenztechnik.de\/pt\/wp-json\/wp\/v2\/types\/page"}],"author":[{"embeddable":true,"href":"https:\/\/konferenztechnik.de\/pt\/wp-json\/wp\/v2\/users\/1"}],"replies":[{"embeddable":true,"href":"https:\/\/konferenztechnik.de\/pt\/wp-json\/wp\/v2\/comments?post=13067"}],"version-history":[{"count":0,"href":"https:\/\/konferenztechnik.de\/pt\/wp-json\/wp\/v2\/pages\/13067\/revisions"}],"wp:featuredmedia":[{"embeddable":true,"href":"https:\/\/konferenztechnik.de\/pt\/wp-json\/wp\/v2\/media\/45482"}],"wp:attachment":[{"href":"https:\/\/konferenztechnik.de\/pt\/wp-json\/wp\/v2\/media?parent=13067"}],"curies":[{"name":"wp","href":"https:\/\/api.w.org\/{rel}","templated":true}]}}