{"id":141,"date":"2013-06-25T11:07:51","date_gmt":"2013-06-25T09:07:51","guid":{"rendered":"https:\/\/pcs-miete.de\/?page_id=141"},"modified":"2023-09-01T13:22:07","modified_gmt":"2023-09-01T11:22:07","slug":"sobre-nos-2","status":"publish","type":"page","link":"https:\/\/konferenztechnik.de\/pt\/sobre-nos-2\/","title":{"rendered":"Sobre n\u00f3s"},"content":{"rendered":"<h1>Sobre n\u00f3s<\/h1>\n<p>[rev_slider overuns].<br \/>\n[spacer size=\"20\u2033]<\/p>\n<p>[column size=\"1-2\u2033 last=\"0\u2033]<\/p>\n<p>A PCS apoia confer\u00eancias e reuni\u00f5es em todo o mundo desde 1995. Somos o seu parceiro para aluguer, venda e assist\u00eancia de equipamento de interpreta\u00e7\u00e3o e tecnologia de confer\u00eancias. Trabalhamos com os int\u00e9rpretes mais conceituados para lhe proporcionar tradu\u00e7\u00f5es fi\u00e1veis e de alta qualidade \u2013, independentemente do desafio do tema. Desde o in\u00edcio que nos orgulhamos da atmosfera especial que envolve todas as confer\u00eancias e estamos totalmente empenhados em apoiar os nossos clientes, fazendo valer os nossos muitos anos de experi\u00eancia. Em 2006, a PCS alargou a sua atividade, passando a oferecer instala\u00e7\u00f5es fixas e vendas de equipamento de interpreta\u00e7\u00e3o, sistemas de discuss\u00e3o e tecnologia de confer\u00eancia e de meios de comunica\u00e7\u00e3o.<\/p>\n<p>[\/coluna]<\/p>\n<p>[column size=\"1-2\u2033 last=\"1\u2033]<\/p>\n<p>A nossa equipa \u00e9 maioritariamente composta por especialistas permanentes das v\u00e1rias \u00e1reas do sector audiovisual: engenheiros, especialistas em tecnologia de eventos, electricistas especializados, programadores e t\u00e9cnicos de eventos. Podemos tamb\u00e9m fornecer-lhe um planeamento fi\u00e1vel, solu\u00e7\u00f5es profissionais e um trabalho executado com precis\u00e3o. Com extensas instala\u00e7\u00f5es de oficina e uma equipa de manuten\u00e7\u00e3o bem treinada, fornecemos-lhe apoio cont\u00ednuo. Procuramos constantemente proporcionar a melhor satisfa\u00e7\u00e3o poss\u00edvel aos nossos clientes. A parceria equitativa entre n\u00f3s e os nossos clientes, fornecedores e colaboradores garante o \u00eaxito do seu projeto e constitui a base estrat\u00e9gica do nosso sucesso a longo prazo.<\/p>\n<p>[\/coluna]<\/p>\n<p><img decoding=\"async\" src=\"https:\/\/konferenztechnik.de\/wp-content\/uploads\/2018\/01\/poster-pcs.png\" alt=\"pcs-poster\" class=\"alignnone size-full wp-image-8180\" title=\"\"><\/p>","protected":false},"excerpt":{"rendered":"<p>About Us [rev_slider ueberuns] [spacer size=&#8220;20&#8243;] [column size=&#8220;1-2&#8243; last=&#8220;0&#8243;] PCS has been supporting conferences and meetings around the world since 1995. We are your partner for hire, sales and service of interpreting equipment and conference technology. We work with the most renowned interpreters to provide you with reliable, high-quality translations \u2013 no matter how challenging [&hellip;]<\/p>","protected":false},"author":1,"featured_media":45482,"parent":0,"menu_order":256,"comment_status":"closed","ping_status":"open","template":"","meta":{"_acf_changed":false,"footnotes":""},"class_list":["post-141","page","type-page","status-publish","has-post-thumbnail","hentry"],"acf":[],"_links":{"self":[{"href":"https:\/\/konferenztechnik.de\/pt\/wp-json\/wp\/v2\/pages\/141","targetHints":{"allow":["GET"]}}],"collection":[{"href":"https:\/\/konferenztechnik.de\/pt\/wp-json\/wp\/v2\/pages"}],"about":[{"href":"https:\/\/konferenztechnik.de\/pt\/wp-json\/wp\/v2\/types\/page"}],"author":[{"embeddable":true,"href":"https:\/\/konferenztechnik.de\/pt\/wp-json\/wp\/v2\/users\/1"}],"replies":[{"embeddable":true,"href":"https:\/\/konferenztechnik.de\/pt\/wp-json\/wp\/v2\/comments?post=141"}],"version-history":[{"count":0,"href":"https:\/\/konferenztechnik.de\/pt\/wp-json\/wp\/v2\/pages\/141\/revisions"}],"wp:featuredmedia":[{"embeddable":true,"href":"https:\/\/konferenztechnik.de\/pt\/wp-json\/wp\/v2\/media\/45482"}],"wp:attachment":[{"href":"https:\/\/konferenztechnik.de\/pt\/wp-json\/wp\/v2\/media?parent=141"}],"curies":[{"name":"wp","href":"https:\/\/api.w.org\/{rel}","templated":true}]}}