{"id":14162,"date":"2018-10-30T11:39:11","date_gmt":"2018-10-30T10:39:11","guid":{"rendered":"https:\/\/www.konferenztechnik.de\/?page_id=14162"},"modified":"2018-10-30T11:39:11","modified_gmt":"2018-10-30T10:39:11","slug":"alugar-um-recetor-de-conferencia","status":"publish","type":"page","link":"https:\/\/konferenztechnik.de\/pt\/alugar-um-recetor-de-conferencia\/","title":{"rendered":"Alugar um recetor de confer\u00eancia"},"content":{"rendered":"<h1>Aluguer de receptores de confer\u00eancia: Receptores e auscultadores para confer\u00eancias com tradu\u00e7\u00e3o simult\u00e2nea<\/h1>\n<p>Alugue os nossos receptores de confer\u00eancia para confer\u00eancias, reuni\u00f5es e congressos de todas as dimens\u00f5es. Os nossos receptores modernos s\u00e3o fi\u00e1veis, f\u00e1ceis de utilizar e confort\u00e1veis de usar. Os receptores de confer\u00eancia podem receber at\u00e9 32 canais de voz em simult\u00e2neo. Podem ser utilizados em pequenas salas de confer\u00eancias, bem como em grandes salas de eventos e exposi\u00e7\u00f5es. Tamb\u00e9m pode alugar a tecnologia de transmiss\u00e3o necess\u00e1ria (tecnologia de r\u00e1dio digital por infravermelhos, UHF ou DECT), sistemas de interpreta\u00e7\u00e3o e cabinas de interpreta\u00e7\u00e3o. Teremos todo o gosto em apresentar-lhe uma proposta para componentes individuais ou para um sistema completo.<\/p>\n<div class=\"call-action-slider-img\">\n<img decoding=\"async\" src=\"https:\/\/konferenztechnik.de\/wp-content\/uploads\/2018\/10\/konferenzempfaenger-mieten-bei-PCS-1.jpg\" alt=\"Aluguer de receptores de confer\u00eancia da PCS\" class=\"alignleft size-full wp-image-14171\" title=\"\"><br \/>\n<button class=\"btn popmake-14167\">Pedir um or\u00e7amento,<br \/>numa hora<br \/>consigo! &#x9B;<\/button>\n<\/div>\n<h2>Receptores de aluguer sem quantidade m\u00ednima de encomenda<\/h2>\n<p>De resto, n\u00e3o existe uma quantidade m\u00ednima de encomenda com o PCS. Se s\u00f3 precisa de um recetor, s\u00f3 tem de pagar por um recetor. \u00c9 t\u00e3o simples quanto isso.<\/p>\n<h2>Recetor de infravermelhos e recetor de r\u00e1dio para tradu\u00e7\u00e3o<\/h2>\n<p>A PCS Konferenztechnik aluga receptores digitais de infravermelhos e receptores de r\u00e1dio para confer\u00eancias com int\u00e9rpretes simult\u00e2neos. Seleccionamos a tecnologia de transmiss\u00e3o adequada \u00e0s condi\u00e7\u00f5es espaciais e ao sinal a transmitir. <\/p>\n<h2>Transmiss\u00e3o digital por infravermelhos para confer\u00eancias<\/h2>\n<p>Os sinais de infravermelhos s\u00e3o transmitidos digitalmente. Isto torna poss\u00edvel transmitir sinais com a mais elevada qualidade de \u00e1udio e, ao mesmo tempo, um alcance de transmiss\u00e3o muito longo. Gra\u00e7as \u00e0 elevada luminosidade, \u00e9 poss\u00edvel cobrir grandes \u00e1reas com apenas alguns emissores de infravermelhos. O sinal \u00e9 insens\u00edvel \u00e0 luz e pode ser utilizado mesmo em exteriores.<\/p>\n<h2>Recetor de r\u00e1dio UHF para confer\u00eancias<\/h2>\n<p>Pode alugar modernos receptores de r\u00e1dio UHF na PCS. Os receptores t\u00eam um longo alcance, mesmo em grandes edif\u00edcios e pavilh\u00f5es. Os receptores transmitem na banda ISM sem registo. Na gama de 863 a 865 MHz, podem ser facilmente utilizados em paralelo com microfones de r\u00e1dio profissionais sem causar interfer\u00eancias ou outras perturba\u00e7\u00f5es.<\/p>\n<p><img decoding=\"async\" src=\"https:\/\/konferenztechnik.de\/wp-content\/uploads\/2018\/10\/Empfaenger-mieten-bei-pcs-1.jpg\" alt=\"Receptores de aluguer da PCS\" class=\"alignleft size-full wp-image-14175\" title=\"\"><\/p>\n<h2>Aluguer de auscultadores para receptores de confer\u00eancia<\/h2>\n<p>Na PCS, \u00e9 poss\u00edvel alugar auscultadores em grandes quantidades. Dispomos de tr\u00eas tipos de auscultadores:<br \/>\nAuscultador \u00fanico<br \/>\nOs auscultadores monoauriculares s\u00e3o particularmente adequados para utiliza\u00e7\u00e3o em mesas redondas ou pain\u00e9is de discuss\u00e3o; sempre que os participantes necessitem de ouvir a palavra falada na sala e a tradu\u00e7\u00e3o em r\u00e1pida sucess\u00e3o.<\/p>\n<p>2. auscultadores mono<br \/>\nOs auscultadores mono s\u00e3o sempre ideais quando a voz \u00e9 transmitida quase exclusivamente. Os nossos auscultadores mono t\u00eam dois auriculares a partir dos quais \u00e9 transmitido o mesmo sinal.<\/p>\n<p>3. auscultadores est\u00e9reo<br \/>\nOs auscultadores est\u00e9reo podem ser utilizados universalmente. S\u00e3o adequados para a transmiss\u00e3o de voz, bem como de m\u00fasica ou som de filmes.<\/p>\n<h2>Transmitir sinais de \u00e1udio em est\u00e9reo<\/h2>\n<p>Os nossos receptores de infravermelhos e DECT podem ser utilizados para ouvir sinais em qualidade est\u00e9reo e de CD. Isto permite, por exemplo, transmitir m\u00fasica, som de filmes ou sinais semelhantes que exijam um som particularmente bom. As \u00e1reas de aplica\u00e7\u00e3o incluem filmes de cinema multilingues, passeios \u00e1udio, discotecas silenciosas, apresenta\u00e7\u00f5es silenciosas ou espect\u00e1culos de teatro. Os receptores permitem tamb\u00e9m a utiliza\u00e7\u00e3o dos seus pr\u00f3prios auscultadores.<\/p>\n<h2>Aluguer de sistemas de interpreta\u00e7\u00e3o completos da PCS<\/h2>\n<p>Pode alugar-nos sistemas de interpreta\u00e7\u00e3o completos. Estes incluem cabinas de interpreta\u00e7\u00e3o, centros de interpreta\u00e7\u00e3o, mesas de interpreta\u00e7\u00e3o, tecnologia de transmiss\u00e3o e receptores de confer\u00eancia. Tamb\u00e9m pode alugar equipamento \u00e1udio e v\u00eddeo. A equipa de planeamento de projectos da PCS apoia-o no planeamento t\u00e9cnico e na realiza\u00e7\u00e3o da sua confer\u00eancia ou evento. Os nossos t\u00e9cnicos formados ter\u00e3o todo o prazer em tratar da montagem e desmontagem, bem como do apoio t\u00e9cnico.<\/p>\n<h2>Outras tecnologias de confer\u00eancia e interpreta\u00e7\u00e3o da nossa gama<\/h2>\n<div id=\"newscontainer\">\n<div class=\"newskasten\"><a href=\"https:\/\/konferenztechnik.de\/pt\/aluguer-de-equipamento-para-conferencias\/sistemas-de-interpretacao\/\">Sistemas de interpreta\u00e7\u00e3o<br \/>\n<img fetchpriority=\"high\" decoding=\"async\" width=\"410\" height=\"304\" src=\"https:\/\/konferenztechnik.de\/wp-content\/uploads\/2017\/05\/dolmetscheranlagen-mieten.jpg\" alt=\"Aluguer de sistemas de interpreta\u00e7\u00e3o - PCS Konferenztechnik\" class=\"alignleft size-full wp-image-10339\" title=\"\" srcset=\"https:\/\/konferenztechnik.de\/wp-content\/uploads\/2017\/05\/dolmetscheranlagen-mieten.jpg 410w, https:\/\/konferenztechnik.de\/wp-content\/uploads\/2017\/05\/dolmetscheranlagen-mieten-300x222.jpg 300w\" sizes=\"(max-width: 410px) 100vw, 410px\" \/><br \/>\n<\/a><br \/>\n[limpar]<br \/>\n[list icon=\"moon-checkmark\" colour=\"#a62055\u2033]Combinar com a cabina[\/list]<br \/>\n[list icon=\"moon-checkmark\" colour=\"#a62055\u2033]Sistemas modernos[\/list]<br \/>\n[list icon=\"moon-checkmark\" colour=\"#a62055\u2033]Quantidade elevada[\/list]<\/p>\n<p><a class=\"weiter\" href=\"https:\/\/konferenztechnik.de\/pt\/aluguer-de-equipamento-para-conferencias\/sistemas-de-interpretacao\/\">\u203a Mais<\/a><\/div>\n<div class=\"newskasten\"><a href=\"https:\/\/konferenztechnik.de\/pt\/aluguer-de-equipamento-para-conferencias\/instalacoes-de-debate-3\/\">Esta\u00e7\u00f5es de intercomunica\u00e7\u00e3o<br \/>\n<img decoding=\"async\" width=\"410\" height=\"304\" src=\"https:\/\/konferenztechnik.de\/wp-content\/uploads\/2017\/05\/drahtlose-sprechstellen-mieten.jpg\" alt=\"Aluguer de unidades de microfone sem fios - PCS Konferenztechnik\" class=\"alignleft size-full wp-image-10340\" title=\"\" srcset=\"https:\/\/konferenztechnik.de\/wp-content\/uploads\/2017\/05\/drahtlose-sprechstellen-mieten.jpg 410w, https:\/\/konferenztechnik.de\/wp-content\/uploads\/2017\/05\/drahtlose-sprechstellen-mieten-300x222.jpg 300w\" sizes=\"(max-width: 410px) 100vw, 410px\" \/><\/a><br \/>\n[limpar]<br \/>\n[list icon=\"moon-checkmark\" colour=\"#a62055\u2033]Sem fios[\/list]<br \/>\n[list icon=\"moon-checkmark\" colour=\"#a62055\u2033]Wired[\/list]<br \/>\n[list icon=\"moon-checkmark\" colour=\"#a62055\u2033]Digital e seguro[\/list]<\/p>\n<p><a class=\"weiter\" href=\"https:\/\/konferenztechnik.de\/pt\/aluguer-de-equipamento-para-conferencias\/instalacoes-de-debate-3\/\">\u203a Mais<\/a><\/div>\n<div class=\"newskasten\"><a href=\"https:\/\/konferenztechnik.de\/pt\/aluguer-de-equipamento-para-conferencias\/tecnologia-av-microfones-sistemas-de-som-projectores\/\">Tecnologia \u00e1udio e v\u00eddeo<br \/>\n<img decoding=\"async\" width=\"410\" height=\"304\" src=\"https:\/\/konferenztechnik.de\/wp-content\/uploads\/2017\/05\/audiotechnik-mieten-pcs.jpg\" alt=\"Aluguer de tecnologia \u00e1udio - PCS Konferenztechnik\" class=\"alignleft size-full wp-image-10341\" title=\"\" srcset=\"https:\/\/konferenztechnik.de\/wp-content\/uploads\/2017\/05\/audiotechnik-mieten-pcs.jpg 410w, https:\/\/konferenztechnik.de\/wp-content\/uploads\/2017\/05\/audiotechnik-mieten-pcs-300x222.jpg 300w\" sizes=\"(max-width: 410px) 100vw, 410px\" \/><\/a><br \/>\n[limpar]<br \/>\n[list icon=\"moon-checkmark\" colour=\"#a62055\u2033]Projectores[\/list]<br \/>\n[list icon=\"moon-checkmark\" colour=\"#a62055\u2033]Microfones[\/list]<br \/>\n[list icon=\"moon-checkmark\" colour=\"#a62055\u2033]Refor\u00e7o de som de qualquer tipo[\/list]<\/p>\n<p><a class=\"weiter\" href=\"https:\/\/konferenztechnik.de\/pt\/aluguer-de-equipamento-para-conferencias\/tecnologia-av-microfones-sistemas-de-som-projectores\/\">\u203a Mais<\/a><\/div>\n<\/div>\n<p>[spacer size=\"20\u2033]<\/p>\n<p>[callout add_button=\"no\" button_text=\"Learn More\" button_url=\"#\" button_color=\"#a62055\u2033]<br \/>\nOs nossos consultores de projectos ter\u00e3o todo o prazer em ajud\u00e1-lo no planeamento e na realiza\u00e7\u00e3o do seu evento. Basta entrar em contacto connosco.<br \/>\n[\/callout].<\/p>\n<p>[spacer size=\"20\u2033]<br \/>\n[limpar]<\/p>\n<div class=\"boxcontainer\">\n<div class=\"box1-4\">\n<div class=\"box-head\">Norte e Oeste<\/div>\n<p><img loading=\"lazy\" decoding=\"async\" width=\"800\" height=\"533\" src=\"https:\/\/konferenztechnik.de\/wp-content\/uploads\/2013\/09\/monika_van_den_boogaard_pcs-gmbh.jpg\" alt=\"monika_van_den_boogaard_pcs-gmbh\" class=\"alignleft size-full wp-image-2312\" title=\"\" srcset=\"https:\/\/konferenztechnik.de\/wp-content\/uploads\/2013\/09\/monika_van_den_boogaard_pcs-gmbh.jpg 800w, https:\/\/konferenztechnik.de\/wp-content\/uploads\/2013\/09\/monika_van_den_boogaard_pcs-gmbh-300x200.jpg 300w, https:\/\/konferenztechnik.de\/wp-content\/uploads\/2013\/09\/monika_van_den_boogaard_pcs-gmbh-768x512.jpg 768w\" sizes=\"(max-width: 800px) 100vw, 800px\" \/><br \/>\nMonika van den Boogaard<br \/>\nConsultor de projectos Aluguer<br \/>\nTelefone +49 211 737798 10<br \/>\n<span class=\"volleansicht\">correio eletr\u00f3nico <a href=\"mailto:vandenboogaard@konferenztechnik.de\" onclick=\"ga('send', 'event', 'Email-Klick', 'Kontakt Boogaard');\">escrever<\/a><br \/><\/span><br \/>\n<span class=\"mobileansicht\">correio eletr\u00f3nico <a href=\"mailto:vandenboogaard@konferenztechnik.de\" onclick=\"ga('send', 'event', 'Email-Klick', 'Kontakt Boogaard');\">escrever<\/a><br \/><\/span>\n<\/div>\n<div class=\"box1-4\">\n<div class=\"box-head\">Leste<\/div>\n<p><img loading=\"lazy\" decoding=\"async\" width=\"2316\" height=\"1543\" src=\"https:\/\/konferenztechnik.de\/wp-content\/uploads\/2017\/05\/sebastian-meyer-pcs-gmbh.jpg\" alt=\"Sebastian Meyer PCS GmbH - Disposi\u00e7\u00e3o\" class=\"alignleft size-full wp-image-10048\" title=\"\" srcset=\"https:\/\/konferenztechnik.de\/wp-content\/uploads\/2017\/05\/sebastian-meyer-pcs-gmbh.jpg 2316w, https:\/\/konferenztechnik.de\/wp-content\/uploads\/2017\/05\/sebastian-meyer-pcs-gmbh-300x200.jpg 300w, https:\/\/konferenztechnik.de\/wp-content\/uploads\/2017\/05\/sebastian-meyer-pcs-gmbh-1024x682.jpg 1024w, https:\/\/konferenztechnik.de\/wp-content\/uploads\/2017\/05\/sebastian-meyer-pcs-gmbh-768x512.jpg 768w, https:\/\/konferenztechnik.de\/wp-content\/uploads\/2017\/05\/sebastian-meyer-pcs-gmbh-1536x1023.jpg 1536w, https:\/\/konferenztechnik.de\/wp-content\/uploads\/2017\/05\/sebastian-meyer-pcs-gmbh-2048x1364.jpg 2048w\" sizes=\"(max-width: 2316px) 100vw, 2316px\" \/><br \/>\nSebasti\u00e3o Meyer<br \/>\nConsultor de projectos Aluguer<br \/>\nTelefone +49 30 6959690 15<br \/>\n<span class=\"volleansicht\">correio eletr\u00f3nico <a href=\"mailto:meyer@konferenztechnik.de\" onclick=\"ga('send', 'event', 'Email-Klick', 'Kontakt Meyer');\">escrever<\/a><br \/><\/span><br \/>\n<span class=\"mobileansicht\">correio eletr\u00f3nico <a href=\"mailto:meyer@konferenztechnik.de\" onclick=\"ga('send', 'event', 'Email-Klick', 'Kontakt Meyer');\">escrever<\/a><br \/><\/span>\n<\/div>\n<div class=\"box1-4\">\n<div class=\"box-head\">Sul<\/div>\n<p><img loading=\"lazy\" decoding=\"async\" width=\"800\" height=\"533\" src=\"https:\/\/konferenztechnik.de\/wp-content\/uploads\/2013\/09\/sebastian_gegusch_pcs-gmbh.jpg\" alt=\"Sebastian Gegusch PCS-GmbH\" class=\"alignleft size-full wp-image-3153\" title=\"\" srcset=\"https:\/\/konferenztechnik.de\/wp-content\/uploads\/2013\/09\/sebastian_gegusch_pcs-gmbh.jpg 800w, https:\/\/konferenztechnik.de\/wp-content\/uploads\/2013\/09\/sebastian_gegusch_pcs-gmbh-300x200.jpg 300w, https:\/\/konferenztechnik.de\/wp-content\/uploads\/2013\/09\/sebastian_gegusch_pcs-gmbh-768x512.jpg 768w\" sizes=\"(max-width: 800px) 100vw, 800px\" \/><br \/>\nSebastian Gegusch<br \/>\nGest\u00e3o e programa\u00e7\u00e3o de projectos<br \/>\nTelefone +49 89 248830021<br \/>\n<span class=\"volleansicht\">correio eletr\u00f3nico <a href=\"mailto:gegusch@konferenztechnik.de\" onclick=\"ga('send', 'event', 'Email-Klick', 'Kontakt Gegusch');\">escrever<\/a><br \/><\/span><br \/>\n<span class=\"mobileansicht\">correio eletr\u00f3nico <a href=\"mailto:gegusch@konferenztechnik.de\" onclick=\"ga('send', 'event', 'Email-Klick', 'Kontakt Gegusch');\">escrever<\/a><br \/><\/span>\n<\/div>\n<div class=\"box1-4-empty\">\n<\/div>\n<\/div>","protected":false},"excerpt":{"rendered":"<p>Konferenzempf\u00e4nger mieten: Empf\u00e4nger und Kopfh\u00f6rer f\u00fcr Konferenzen mit Simultan\u00fcbersetzung Mieten Sie bei PCS Konferenzempf\u00e4nger f\u00fcr Konferenzen, Tagungen und Kongresse jeder Gr\u00f6\u00dfenordnung. Unsere modernen Empf\u00e4nger sind zuverl\u00e4ssig, einfach zu bedienen und bieten einen hohen Tragekomfort. Mit den Konferenzempf\u00e4ngern k\u00f6nnen bis zu 32 Sprach-Kan\u00e4le gleichzeitig empfangen werden. Sie k\u00f6nnen sowohl in kleinen Tagungsr\u00e4umen als auch in gro\u00dfen [&hellip;]<\/p>","protected":false},"author":1,"featured_media":45482,"parent":0,"menu_order":0,"comment_status":"closed","ping_status":"closed","template":"page-right-sidebar.php","meta":{"_acf_changed":false,"footnotes":""},"class_list":["post-14162","page","type-page","status-publish","has-post-thumbnail","hentry"],"acf":[],"_links":{"self":[{"href":"https:\/\/konferenztechnik.de\/pt\/wp-json\/wp\/v2\/pages\/14162","targetHints":{"allow":["GET"]}}],"collection":[{"href":"https:\/\/konferenztechnik.de\/pt\/wp-json\/wp\/v2\/pages"}],"about":[{"href":"https:\/\/konferenztechnik.de\/pt\/wp-json\/wp\/v2\/types\/page"}],"author":[{"embeddable":true,"href":"https:\/\/konferenztechnik.de\/pt\/wp-json\/wp\/v2\/users\/1"}],"replies":[{"embeddable":true,"href":"https:\/\/konferenztechnik.de\/pt\/wp-json\/wp\/v2\/comments?post=14162"}],"version-history":[{"count":0,"href":"https:\/\/konferenztechnik.de\/pt\/wp-json\/wp\/v2\/pages\/14162\/revisions"}],"wp:featuredmedia":[{"embeddable":true,"href":"https:\/\/konferenztechnik.de\/pt\/wp-json\/wp\/v2\/media\/45482"}],"wp:attachment":[{"href":"https:\/\/konferenztechnik.de\/pt\/wp-json\/wp\/v2\/media?parent=14162"}],"curies":[{"name":"wp","href":"https:\/\/api.w.org\/{rel}","templated":true}]}}