{"id":15284,"date":"2019-09-26T15:54:02","date_gmt":"2019-09-26T14:54:02","guid":{"rendered":"https:\/\/www.konferenztechnik.de\/?page_id=15284"},"modified":"2023-09-01T13:19:45","modified_gmt":"2023-09-01T11:19:45","slug":"comprar-sennheiser-lsp-500-pro","status":"publish","type":"page","link":"https:\/\/konferenztechnik.de\/pt\/comprar-sennheiser-lsp-500-pro\/","title":{"rendered":"Comprar Sennheiser LSP 500 PRO"},"content":{"rendered":"<h1>Comprar Sennheiser LSP 500 PRO<\/h1>\n<h2>Sistema de \u00e1udio sem fios para reuni\u00f5es, confer\u00eancias e eventos. Funciona com bateria, controlado atrav\u00e9s de aplica\u00e7\u00e3o, utiliza\u00e7\u00e3o flex\u00edvel, pacotes PCS, entrega r\u00e1pida.<\/h2>\n<p><!-- <img decoding=\"async\" src=\"https:\/\/konferenztechnik.de\/wp-content\/uploads\/2019\/09\/sennheiser-lsp-500-pro-kaufen-und-angebote-1.jpg\" alt=\"Sennheiser LSP 500 PRO kaufen\" class=\"aligncenter size-full wp-image-15112\" title=\"\"> --><\/p>\n<p>Por favor, note que a Sennheiser descontinuou a s\u00e9rie LSP 500 PRO com efeito imediato. No entanto, temos alternativas para si. Basta entrar em contacto connosco.<\/p>\n<p>No entanto, os servi\u00e7os de garantia e as ordens de servi\u00e7o que ainda est\u00e3o em curso permanecem v\u00e1lidos durante o per\u00edodo especificado.<\/p>\n<p>O Sennheiser LSP 500 PRO \u00e9 um sistema de \u00e1udio completo que pode ser operado totalmente sem fios. Os altifalantes e os microfones s\u00e3o alimentados por uma bateria recarreg\u00e1vel. Os receptores dos microfones sem fios est\u00e3o integrados na parte de tr\u00e1s dos altifalantes.<\/p>\n<h2>Ofertas e pacotes Sennheiser LSP 500 PRO \u2013 PCS (j\u00e1 n\u00e3o dispon\u00edvel)<\/h2>\n<div class=\"bundle-container\">\n<div class=\"bundle-box\"><span class=\"no-hint\">Como suplemento<\/span><\/p>\n<div class=\"bundle-box-head\"><span class=\"bundle-title\">Base LSP 500<\/span><\/div>\n<figure class=\"bundle-pic\"><img fetchpriority=\"high\" decoding=\"async\" width=\"500\" height=\"280\" class=\"alignleft size-full wp-image-15171\" src=\"https:\/\/konferenztechnik.de\/wp-content\/uploads\/2019\/09\/sennheiser-lsp-500-pro-basis-angebot.jpg\" alt=\"sennheiser-lsp-500-pro-basic-oferta\" title=\"\" srcset=\"https:\/\/konferenztechnik.de\/wp-content\/uploads\/2019\/09\/sennheiser-lsp-500-pro-basis-angebot.jpg 500w, https:\/\/konferenztechnik.de\/wp-content\/uploads\/2019\/09\/sennheiser-lsp-500-pro-basis-angebot-300x168.jpg 300w\" sizes=\"(max-width: 500px) 100vw, 500px\" \/><\/figure>\n<div class=\"bundle-box-body\">1 altifalante (mono)<br \/>\nFuncionamento a pilhas<br \/>\nTransmiss\u00e3o via Bluetooth<br \/>\nReproduzir e gravar \u00e1udio<\/div>\n<\/div>\n<div class=\"bundle-box bundle-box-hint\"><span class=\"hint\">A nossa recomenda\u00e7\u00e3o<\/span><\/p>\n<div class=\"bundle-box-head\"><span class=\"bundle-title\">A\u00e7\u00e3o LSP 500<\/span><\/div>\n<figure class=\"bundle-pic\"><img decoding=\"async\" width=\"500\" height=\"280\" class=\"alignleft size-full wp-image-15174\" src=\"https:\/\/konferenztechnik.de\/wp-content\/uploads\/2019\/09\/sennheiser-lsp-500-pro-start-angebot.jpg\" alt=\"\" title=\"\" srcset=\"https:\/\/konferenztechnik.de\/wp-content\/uploads\/2019\/09\/sennheiser-lsp-500-pro-start-angebot.jpg 500w, https:\/\/konferenztechnik.de\/wp-content\/uploads\/2019\/09\/sennheiser-lsp-500-pro-start-angebot-300x168.jpg 300w\" sizes=\"(max-width: 500px) 100vw, 500px\" \/><\/figure>\n<div class=\"bundle-box-body\">2 altifalantes (est\u00e9reo)<br \/>\nFuncionamento a pilhas<br \/>\nTransmiss\u00e3o via Bluetooth<br \/>\nReproduzir e gravar \u00e1udio<br \/>\n1 microfone e recetor sem fios<br \/>\n2 suportes para altifalantes<\/div>\n<\/div>\n<div class=\"bundle-box\"><span class=\"no-hint\">Exatamente de acordo com as suas ideias<\/span><\/p>\n<div class=\"bundle-box-head\"><span class=\"bundle-title\">LSP 500 Personalizado<\/span><\/div>\n<figure class=\"bundle-pic\"><img decoding=\"async\" width=\"500\" height=\"280\" class=\"alignleft size-full wp-image-15176\" src=\"https:\/\/konferenztechnik.de\/wp-content\/uploads\/2019\/09\/sennheiser-lsp-500-pro-custom-angebot.jpg\" alt=\"\" title=\"\" srcset=\"https:\/\/konferenztechnik.de\/wp-content\/uploads\/2019\/09\/sennheiser-lsp-500-pro-custom-angebot.jpg 500w, https:\/\/konferenztechnik.de\/wp-content\/uploads\/2019\/09\/sennheiser-lsp-500-pro-custom-angebot-300x168.jpg 300w\" sizes=\"(max-width: 500px) 100vw, 500px\" \/><\/figure>\n<div class=\"bundle-box-body\">Configurado de acordo com os seus desejos<br \/>\nFuncionamento a pilhas<br \/>\nTransmiss\u00e3o via Bluetooth<br \/>\nReproduzir e gravar \u00e1udio<\/div>\n<\/div>\n<\/div>\n<p>O Sennheiser LSP 500 PRO \u00e9 fornecido de f\u00e1brica na configura\u00e7\u00e3o b\u00e1sica. Esta \u00e9 a configura\u00e7\u00e3o que tamb\u00e9m receber\u00e1 de v\u00e1rios retalhistas online se encontrar o altifalante atrav\u00e9s de um motor de busca.<\/p>\n<p>Para utilizar todo o desempenho e potencial do sistema de \u00e1udio, recomendamos que opte por um dos nossos pacotes ou que nos pe\u00e7a para configurar o seu sistema de acordo com as suas necessidades. Pode ent\u00e3o encomendar-nos diretamente o sistema pr\u00e9-configurado. Ou pode ser integrado nas suas instala\u00e7\u00f5es pelos nossos t\u00e9cnicos. Tamb\u00e9m oferecemos instru\u00e7\u00e3o e forma\u00e7\u00e3o para si e para os seus funcion\u00e1rios. Basta contactar-nos para obter um or\u00e7amento sem compromisso.<\/p>\n<h2>A + PCS oferece um servi\u00e7o completo para o LSP 500 PRO<\/h2>\n<div id=\"newscontainer\">\n<div class=\"newskasten\">\n<h3>Pr\u00e9-configura\u00e7\u00e3o<\/h3>\n<p>Come\u00e7ar imediatamente<br \/>\nTodos os dispositivos com fios<br \/>\nRegisto de frequ\u00eancias<br \/>\nBaterias carregadas<\/p>\n<p><span class=\"popmake-13384\"> Perguntar agora <\/span><\/p>\n<\/div>\n<div class=\"newskasten\">\n<h3>Forma\u00e7\u00e3o<\/h3>\n<p>Instru\u00e7\u00e3o no local<br \/>\nForma\u00e7\u00e3o de todos os trabalhadores<br \/>\nReuni\u00f5es bem sucedidas<\/p>\n<p><span class=\"popmake-13384\"> Perguntar agora <\/span><\/p>\n<\/div>\n<div class=\"newskasten\">\n<h3>Instala\u00e7\u00e3o<\/h3>\n<p>Integra\u00e7\u00e3o nas suas salas<br \/>\nSom \u00f3timo<br \/>\nMelhor coloca\u00e7\u00e3o<\/p>\n<p><span class=\"popmake-13384\"> Perguntar agora <\/span><\/p>\n<\/div>\n<div class=\"newskasten\">\n<h3>Servi\u00e7o<\/h3>\n<p>Ajuda r\u00e1pida<br \/>\nPor telefone\/no local<br \/>\nV\u00e1rios n\u00edveis de apoio que podem ser reservados<\/p>\n<p><span class=\"popmake-13384\"> Perguntar agora <\/span><\/p>\n<\/div>\n<\/div>\n<p>N\u00e3o tem de se preocupar com nada e pode come\u00e7ar a utilizar o seu novo sistema imediatamente. N\u00f3s tratamos da pr\u00e9-configura\u00e7\u00e3o e registamos as suas frequ\u00eancias de r\u00e1dio junto da Ag\u00eancia Federal de Redes, se necess\u00e1rio. Os nossos t\u00e9cnicos instalam o sistema nas suas instala\u00e7\u00f5es e organizam cursos de forma\u00e7\u00e3o para si e para os seus funcion\u00e1rios. Tamb\u00e9m oferecemos o nosso servi\u00e7o de assist\u00eancia r\u00e1pida PCS. Se algo n\u00e3o funcionar, n\u00f3s ajudamo-lo. Basta reservar estes servi\u00e7os opcionais para al\u00e9m da sua encomenda.<\/p>\n<h2>Destaques do sistema de \u00e1udio Sennheiser LSP 500 PRO<\/h2>\n<p><img decoding=\"async\" class=\"alignleft size-full wp-image-15121\" src=\"https:\/\/konferenztechnik.de\/wp-content\/uploads\/2019\/09\/sennheiser-lsp-500-pro-ansicht-1-1.jpg\" alt=\"Sennheiser LSP 500 PRO Ver\" title=\"\"><\/p>\n<p><span style=\"font-family: AvenirLTPro-LightOblique; font-size: 1.1em; color: #ac145a;\">Sistema de \u00e1udio tudo-em-um port\u00e1til, sem fios e flex\u00edvel.<\/span><\/p>\n<p>Com o Sennheiser LSP 500 PRO, s\u00f3 compra os componentes que precisa. Se as suas necessidades mudarem, o sistema pode ser expandido de forma flex\u00edvel em qualquer altura. Existe tamb\u00e9m uma vasta gama de acess\u00f3rios dispon\u00edveis para o LSP 500 PRO, tais como carrinhos de transporte, capas de prote\u00e7\u00e3o e baterias de substitui\u00e7\u00e3o.<\/p>\n<p><span class=\"popmake-13384\"> Informe-se agora gratuitamente <\/span><\/p>\n<p><img decoding=\"async\" class=\"alignleft size-full wp-image-15104\" src=\"https:\/\/konferenztechnik.de\/wp-content\/uploads\/2019\/09\/Sennheiser-LSP-500-PRO-kaufen-bei-pcs-1-1.jpg\" alt=\"Comprar Sennheiser LSP 500 PRO na PCS\" title=\"\"><\/p>\n<p><span style=\"font-family: AvenirLTPro-LightOblique; font-size: 1.1em; color: #ac145a;\">Controlo atrav\u00e9s de aplica\u00e7\u00e3o, sem necessidade de consola de mistura.<\/span><\/p>\n<p>Todo o sistema de \u00e1udio pode ser nivelado e controlado atrav\u00e9s de uma aplica\u00e7\u00e3o. N\u00e3o \u00e9 necess\u00e1ria uma mesa de mistura adicional para controlar o sistema. At\u00e9 20 altifalantes podem ser ligados entre si para que at\u00e9 grandes reuni\u00f5es ou eventos possam ser cobertos.<\/p>\n<p><img decoding=\"async\" class=\"aligncenter size-full wp-image-15117\" src=\"https:\/\/konferenztechnik.de\/wp-content\/uploads\/2019\/09\/Sennheiser_LSP_500_PRO_anschluesse-rueckseite-1.jpg\" alt=\"Sennheiser LSP 500 PRO Liga\u00e7\u00f5es traseiras\" title=\"\"><\/p>\n<p><span style=\"font-family: AvenirLTPro-LightOblique; font-size: 1.1em; color: #ac145a;\">Transmiss\u00e3o de m\u00fasica via Bluetooth e UHF.<\/span><\/p>\n<p>Um recetor Bluetooth incorporado permite uma reprodu\u00e7\u00e3o f\u00e1cil a partir de fontes de \u00e1udio externas (por exemplo, smartphone ou computador port\u00e1til). Em alternativa, podem tamb\u00e9m ser utilizados o leitor e o gravador de \u00e1udio incorporados (para reprodu\u00e7\u00e3o e grava\u00e7\u00e3o).<\/p>\n<p><img loading=\"lazy\" decoding=\"async\" width=\"800\" height=\"207\" class=\"alignleft size-full wp-image-15271\" src=\"https:\/\/konferenztechnik.de\/wp-content\/uploads\/2019\/09\/sennheiser-lsp-500-pro-anschluesse-rueckseite-1.jpg\" alt=\"Sennheiser LSP 500 PRO Liga\u00e7\u00f5es traseiras\" title=\"\" srcset=\"https:\/\/konferenztechnik.de\/wp-content\/uploads\/2019\/09\/sennheiser-lsp-500-pro-anschluesse-rueckseite-1.jpg 800w, https:\/\/konferenztechnik.de\/wp-content\/uploads\/2019\/09\/sennheiser-lsp-500-pro-anschluesse-rueckseite-1-300x78.jpg 300w, https:\/\/konferenztechnik.de\/wp-content\/uploads\/2019\/09\/sennheiser-lsp-500-pro-anschluesse-rueckseite-1-768x199.jpg 768w\" sizes=\"(max-width: 800px) 100vw, 800px\" \/><\/p>\n<p><span style=\"font-family: AvenirLTPro-LightOblique; font-size: 1.1em; color: #ac145a;\">Liga\u00e7\u00f5es para todas as situa\u00e7\u00f5es.<\/span><\/p>\n<p>Liga\u00e7\u00f5es para um microfone com fios, suportes de armazenamento USB (utilizar como leitor e gravador de MP3), transmiss\u00e3o via Bluetooth, entrada e sa\u00edda est\u00e9reo para leitor de CD ou outros leitores, liga\u00e7\u00e3o \u00e0 terra para evitar loops de zumbido, 3 ranhuras para microfones sem fios.<\/p>\n<h2>Acess\u00f3rios para o LSP 500 PRO<\/h2>\n<p><img loading=\"lazy\" decoding=\"async\" width=\"1200\" height=\"430\" class=\"alignleft size-full wp-image-15275\" src=\"https:\/\/konferenztechnik.de\/wp-content\/uploads\/2019\/09\/sennheiser-lsp-500-pro-zubehoer.jpg\" alt=\"Acess\u00f3rios Sennheiser LSP 500 PRO\" title=\"\" srcset=\"https:\/\/konferenztechnik.de\/wp-content\/uploads\/2019\/09\/sennheiser-lsp-500-pro-zubehoer.jpg 1200w, https:\/\/konferenztechnik.de\/wp-content\/uploads\/2019\/09\/sennheiser-lsp-500-pro-zubehoer-300x108.jpg 300w, https:\/\/konferenztechnik.de\/wp-content\/uploads\/2019\/09\/sennheiser-lsp-500-pro-zubehoer-1024x367.jpg 1024w, https:\/\/konferenztechnik.de\/wp-content\/uploads\/2019\/09\/sennheiser-lsp-500-pro-zubehoer-768x275.jpg 768w\" sizes=\"(max-width: 1200px) 100vw, 1200px\" \/><\/p>\n<p>1. o Sennheiser LSP PRO 500<br \/>\n2. capa de prote\u00e7\u00e3o sennheiser LAS 500, capa branca<br \/>\n3. Capa protetora sennheiser LAP 500 \u2013 preta<\/p>\n<p>4 Sennheiser Trolley LAB 500 frente<br \/>\n5 Painel traseiro do Sennheiser Trolley LAB 500<\/p>\n<p>Est\u00e1 dispon\u00edvel uma vasta gama de acess\u00f3rios para o LSP 500 Pro: Malas de transporte, capas de prote\u00e7\u00e3o, suportes de treli\u00e7a, trip\u00e9s e muito mais. Basta perguntar-nos, teremos todo o gosto em ajud\u00e1-lo.<\/p>\n<h2>Dados t\u00e9cnicos do sistema de \u00e1udio Sennheiser LSP 500 PRO<\/h2>\n<table class=\"tg\">\n<tbody>\n<tr>\n<td><strong>Dimens\u00f5es<\/strong><\/td>\n<td>290 x 550 x 320 mm<\/td>\n<\/tr>\n<tr>\n<td><strong>Alcance de transmiss\u00e3o (\u00e1udio)<\/strong><\/td>\n<td>65 \u2013 18,000 Hz<\/td>\n<\/tr>\n<tr>\n<td><strong>Peso<\/strong><\/td>\n<td>aprox. 13 kg<\/td>\n<\/tr>\n<tr>\n<td><strong>Tempo de carregamento<\/strong><\/td>\n<td>aprox. 2,5 h por pilha<\/td>\n<\/tr>\n<tr>\n<td><strong>Pot\u00eancia de sa\u00edda (\u00e1udio)<\/strong><\/td>\n<td>55 a 120 W (pico)<\/td>\n<\/tr>\n<tr>\n<td><strong>Bateria<\/strong><\/td>\n<td>2 baterias de i\u00f5es de l\u00edtio 14,4 V \/ 4,4 Ah<\/td>\n<\/tr>\n<tr>\n<td><strong>Tipo de altifalante<\/strong><\/td>\n<td>Woofer de 20,3 cm, tweeter de 19 mm<\/td>\n<\/tr>\n<\/tbody>\n<\/table>\n<h2>Transfer\u00eancias<\/h2>\n<p><a href=\"https:\/\/konferenztechnik.de\/wp-content\/uploads\/2019\/09\/LSP_500_PRO_Manual_03_2019_DE-1.pdf\" target=\"_blank\" rel=\"noopener noreferrer\">Manual de instru\u00e7\u00f5es Sennheiser LSP 500 PRO (7.5 MB)<\/a><\/p>\n<p><a href=\"https:\/\/konferenztechnik.de\/wp-content\/uploads\/2019\/09\/LSP_500_product_sheet-1.pdf\" target=\"_blank\" rel=\"noopener noreferrer\">Brochura Sennheiser LSP 500 PRO (2.4 MB)<\/a><\/p>\n<div class=\"boxcontainer\">\n<div class=\"box1-2\">\n<h1>Pessoa de contacto<\/h1>\n<\/div>\n<div class=\"box1-2-order\">\n<h1>Outras liga\u00e7\u00f5es<\/h1>\n<\/div>\n<div class=\"box1-4\">\n<div class=\"box-head\">Contacto em todo o pa\u00eds<\/div>\n<\/div>\n<div class=\"box2-4-2\" style=\"order: 1;\">\n<div class=\"weiterlinks\"><a title=\"Distribui\u00e7\u00e3o por grupo de produtos\" href=\"\/pt\/grupos-de-produtos\/\">Distribui\u00e7\u00e3o por grupo de produtos<\/a><br \/>\n<a title=\"Distribui\u00e7\u00e3o por fabricante\" href=\"\/pt\/fabricante\/\">Distribui\u00e7\u00e3o por fabricante<\/a><br \/>\n<a title=\"Produtos personalizados, manuten\u00e7\u00e3o e repara\u00e7\u00e3o\" href=\"\/pt\/servicos-2\/manutencao-e-reparacao\/\">Produtos personalizados, manuten\u00e7\u00e3o e repara\u00e7\u00e3o<\/a><br \/>\n<a title=\"10 boas raz\u00f5es para o PCS\" href=\"\/pt\/sobre-nos\/10-boas-razoes-para-os-pcs\/\">10 boas raz\u00f5es para o PCS<\/a><br \/>\n<a title=\"Refer\u00eancias\" href=\"\/pt\/sobre-nos\/lista-de-referencias-instalacao\/\">Refer\u00eancias Instala\u00e7\u00e3o e integra\u00e7\u00e3o<\/a><br \/>\n<a title=\"PCS: Todos os servi\u00e7os em resumo\" href=\"\/pt\/servicos-2\/\">PCS: Todos os servi\u00e7os em resumo<\/a><\/p>\n<\/div>\n<\/div>\n<\/div>","protected":false},"excerpt":{"rendered":"<p>Sennheiser LSP 500 PRO kaufen Kabelloses Audiosystem f\u00fcr Meetings, Konferenzen und Events. L\u00e4uft mit Akku, Steuerung per App, flexibel einsetzbar, PCS-Bundles, schnelle Lieferung. Bitte beachten Sie, dass Sennheiser die LSP 500 PRO Serie ab sofort nicht mehr anbietet und weiterentwickelt. Wir haben aber Alternativen f\u00fcr Sie im Angebot. Melden Sie sich einfach bei uns. Noch [&hellip;]<\/p>","protected":false},"author":1,"featured_media":45482,"parent":0,"menu_order":0,"comment_status":"closed","ping_status":"closed","template":"","meta":{"_acf_changed":false,"footnotes":""},"class_list":["post-15284","page","type-page","status-publish","has-post-thumbnail","hentry"],"acf":[],"_links":{"self":[{"href":"https:\/\/konferenztechnik.de\/pt\/wp-json\/wp\/v2\/pages\/15284","targetHints":{"allow":["GET"]}}],"collection":[{"href":"https:\/\/konferenztechnik.de\/pt\/wp-json\/wp\/v2\/pages"}],"about":[{"href":"https:\/\/konferenztechnik.de\/pt\/wp-json\/wp\/v2\/types\/page"}],"author":[{"embeddable":true,"href":"https:\/\/konferenztechnik.de\/pt\/wp-json\/wp\/v2\/users\/1"}],"replies":[{"embeddable":true,"href":"https:\/\/konferenztechnik.de\/pt\/wp-json\/wp\/v2\/comments?post=15284"}],"version-history":[{"count":0,"href":"https:\/\/konferenztechnik.de\/pt\/wp-json\/wp\/v2\/pages\/15284\/revisions"}],"wp:featuredmedia":[{"embeddable":true,"href":"https:\/\/konferenztechnik.de\/pt\/wp-json\/wp\/v2\/media\/45482"}],"wp:attachment":[{"href":"https:\/\/konferenztechnik.de\/pt\/wp-json\/wp\/v2\/media?parent=15284"}],"curies":[{"name":"wp","href":"https:\/\/api.w.org\/{rel}","templated":true}]}}