{"id":15566,"date":"2020-01-13T14:26:00","date_gmt":"2020-01-13T13:26:00","guid":{"rendered":"https:\/\/www.konferenztechnik.de\/?page_id=15566"},"modified":"2023-08-29T14:41:17","modified_gmt":"2023-08-29T12:41:17","slug":"construcoes-especiais","status":"publish","type":"page","link":"https:\/\/konferenztechnik.de\/pt\/construcoes-especiais\/","title":{"rendered":"Constru\u00e7\u00f5es especiais"},"content":{"rendered":"<div data-elementor-type=\"wp-page\" data-elementor-id=\"15566\" class=\"elementor elementor-15566\" data-elementor-post-type=\"page\">\n\t\t\t\t\t\t<section data-particle_enable=\"false\" data-particle-mobile-disabled=\"false\" class=\"elementor-section elementor-top-section elementor-element elementor-element-41b4ac3 elementor-section-boxed elementor-section-height-default elementor-section-height-default\" data-id=\"41b4ac3\" data-element_type=\"section\">\n\t\t\t\t\t\t<div class=\"elementor-container elementor-column-gap-default\">\n\t\t\t\t\t<div class=\"elementor-column elementor-col-100 elementor-top-column elementor-element elementor-element-6fce7a0f\" data-id=\"6fce7a0f\" data-element_type=\"column\">\n\t\t\t<div class=\"elementor-widget-wrap elementor-element-populated\">\n\t\t\t\t\t\t<div class=\"elementor-element elementor-element-4981ccba elementor-widget elementor-widget-text-editor\" data-id=\"4981ccba\" data-element_type=\"widget\" data-widget_type=\"text-editor.default\">\n\t\t\t\t<div class=\"elementor-widget-container\">\n\t\t\t\t\t\t\t\t\t<h1>Constru\u00e7\u00f5es especiais, manuten\u00e7\u00e3o e repara\u00e7\u00f5es<\/h1><p>No nosso servi\u00e7o p\u00f3s-venda, o nosso pessoal qualificado est\u00e1 \u00e0 sua disposi\u00e7\u00e3o para a manuten\u00e7\u00e3o e repara\u00e7\u00e3o do seu equipamento de confer\u00eancia.<\/p><p>Na nossa oficina, realizamos solu\u00e7\u00f5es especiais. Oferecemos-lhe solu\u00e7\u00f5es multim\u00e9dia de alta qualidade, que correspondem \u00e0s suas ideias e \u00e0s suas especifica\u00e7\u00f5es visuais, de acordo com a identidade gr\u00e1fica da sua empresa, planeadas pelos nossos especialistas e implementadas profissionalmente.<\/p><p><img decoding=\"async\" class=\"alignnone size-full wp-image-8476\" src=\"https:\/\/konferenztechnik.de\/wp-content\/uploads\/2016\/10\/sonderanfertigungen-medientechnik.jpg\" alt=\"tecnologia multim\u00e9dia personalizada\" title=\"\"><\/p><p><img decoding=\"async\" class=\"alignnone size-full wp-image-8477\" src=\"https:\/\/konferenztechnik.de\/wp-content\/uploads\/2016\/10\/medientechnik-sonderanfertigung.jpg\" alt=\"tecnologia multim\u00e9dia personalizada\" title=\"\"><br \/><br \/><\/p>\t\t\t\t\t\t\t\t<\/div>\n\t\t\t\t<\/div>\n\t\t\t\t\t<\/div>\n\t\t<\/div>\n\t\t\t\t\t<\/div>\n\t\t<\/section>\n\t\t<div data-particle_enable=\"false\" data-particle-mobile-disabled=\"false\" class=\"elementor-element elementor-element-8acd2a7 e-flex e-con-boxed e-con e-parent\" data-id=\"8acd2a7\" data-element_type=\"container\">\n\t\t\t\t\t<div class=\"e-con-inner\">\n\t\t<div data-particle_enable=\"false\" data-particle-mobile-disabled=\"false\" class=\"elementor-element elementor-element-4d435ff e-con-full e-flex e-con e-parent\" data-id=\"4d435ff\" data-element_type=\"container\">\n\t\t\t\t<div class=\"elementor-element elementor-element-3c2315f elementor-widget elementor-widget-text-editor\" data-id=\"3c2315f\" data-element_type=\"widget\" data-widget_type=\"text-editor.default\">\n\t\t\t\t<div class=\"elementor-widget-container\">\n\t\t\t\t\t\t\t\t\t<h1>Constru\u00e7\u00f5es especiais, manuten\u00e7\u00e3o e repara\u00e7\u00f5es<\/h1><p>No nosso servi\u00e7o p\u00f3s-venda, o nosso pessoal qualificado est\u00e1 \u00e0 sua disposi\u00e7\u00e3o para a manuten\u00e7\u00e3o e repara\u00e7\u00e3o do seu equipamento de confer\u00eancia.<\/p><p>Na nossa oficina, realizamos solu\u00e7\u00f5es especiais. Oferecemos-lhe solu\u00e7\u00f5es multim\u00e9dia de alta qualidade, que correspondem \u00e0s suas ideias e \u00e0s suas especifica\u00e7\u00f5es visuais, de acordo com a identidade gr\u00e1fica da sua empresa, planeadas pelos nossos especialistas e implementadas profissionalmente.<\/p><p><img decoding=\"async\" class=\"alignnone size-full wp-image-8476\" src=\"https:\/\/konferenztechnik.de\/wp-content\/uploads\/2016\/10\/sonderanfertigungen-medientechnik.jpg\" alt=\"tecnologia multim\u00e9dia personalizada\" title=\"\"><\/p><p><img decoding=\"async\" class=\"alignnone size-full wp-image-8477\" src=\"https:\/\/konferenztechnik.de\/wp-content\/uploads\/2016\/10\/medientechnik-sonderanfertigung.jpg\" alt=\"tecnologia multim\u00e9dia personalizada\" title=\"\"><br \/><br \/><\/p>\t\t\t\t\t\t\t\t<\/div>\n\t\t\t\t<\/div>\n\t\t\t\t<\/div>\n\t\t\t\t\t<\/div>\n\t\t\t\t<\/div>\n\t\t<div data-particle_enable=\"false\" data-particle-mobile-disabled=\"false\" class=\"elementor-element elementor-element-083359a e-flex e-con-boxed e-con e-parent\" data-id=\"083359a\" data-element_type=\"container\">\n\t\t\t\t\t<div class=\"e-con-inner\">\n\t\t\t\t<div class=\"elementor-element elementor-element-8d4014f elementor-grid-3 elementor-grid-tablet-2 elementor-grid-mobile-1 elementor-widget elementor-widget-loop-grid\" data-id=\"8d4014f\" data-element_type=\"widget\" data-settings=\"{&quot;template_id&quot;:38887,&quot;_skin&quot;:&quot;post&quot;,&quot;columns&quot;:&quot;3&quot;,&quot;columns_tablet&quot;:&quot;2&quot;,&quot;columns_mobile&quot;:&quot;1&quot;,&quot;edit_handle_selector&quot;:&quot;[data-elementor-type=\\&quot;loop-item\\&quot;]&quot;,&quot;row_gap&quot;:{&quot;unit&quot;:&quot;px&quot;,&quot;size&quot;:&quot;&quot;,&quot;sizes&quot;:[]},&quot;row_gap_widescreen&quot;:{&quot;unit&quot;:&quot;px&quot;,&quot;size&quot;:&quot;&quot;,&quot;sizes&quot;:[]},&quot;row_gap_laptop&quot;:{&quot;unit&quot;:&quot;px&quot;,&quot;size&quot;:&quot;&quot;,&quot;sizes&quot;:[]},&quot;row_gap_tablet_extra&quot;:{&quot;unit&quot;:&quot;px&quot;,&quot;size&quot;:&quot;&quot;,&quot;sizes&quot;:[]},&quot;row_gap_tablet&quot;:{&quot;unit&quot;:&quot;px&quot;,&quot;size&quot;:&quot;&quot;,&quot;sizes&quot;:[]},&quot;row_gap_mobile&quot;:{&quot;unit&quot;:&quot;px&quot;,&quot;size&quot;:&quot;&quot;,&quot;sizes&quot;:[]}}\" data-widget_type=\"loop-grid.post\">\n\t\t\t\t<div class=\"elementor-widget-container\">\n\t\t\t\t\t\t\t<div class=\"elementor-loop-container elementor-grid\" role=\"list\">\n\t\t<style id=\"loop-38887\"><\/style>\t\t<\/div>\n\t\t\n\t\t\t\t\t\t<\/div>\n\t\t\t\t<\/div>\n\t\t\t\t\t<\/div>\n\t\t\t\t<\/div>\n\t\t\t\t<\/div>","protected":false},"excerpt":{"rendered":"<p>Constru\u00e7\u00f5es especiais, manuten\u00e7\u00e3o e repara\u00e7\u00f5es No nosso servi\u00e7o p\u00f3s-venda, o nosso pessoal qualificado est\u00e1 \u00e0 sua disposi\u00e7\u00e3o para a manuten\u00e7\u00e3o e repara\u00e7\u00e3o do seu material t\u00e9cnico de confer\u00eancia. Na nossa oficina, realizamos solu\u00e7\u00f5es especiais. Oferecemos-lhe solu\u00e7\u00f5es multim\u00e9dia de alta qualidade que correspondem \u00e0s suas ideias, \u00e0s suas necessidades e \u00e0s suas [...]<\/p>","protected":false},"author":1,"featured_media":45482,"parent":0,"menu_order":0,"comment_status":"closed","ping_status":"closed","template":"","meta":{"_acf_changed":false,"footnotes":""},"class_list":["post-15566","page","type-page","status-publish","has-post-thumbnail","hentry"],"acf":[],"_links":{"self":[{"href":"https:\/\/konferenztechnik.de\/pt\/wp-json\/wp\/v2\/pages\/15566","targetHints":{"allow":["GET"]}}],"collection":[{"href":"https:\/\/konferenztechnik.de\/pt\/wp-json\/wp\/v2\/pages"}],"about":[{"href":"https:\/\/konferenztechnik.de\/pt\/wp-json\/wp\/v2\/types\/page"}],"author":[{"embeddable":true,"href":"https:\/\/konferenztechnik.de\/pt\/wp-json\/wp\/v2\/users\/1"}],"replies":[{"embeddable":true,"href":"https:\/\/konferenztechnik.de\/pt\/wp-json\/wp\/v2\/comments?post=15566"}],"version-history":[{"count":0,"href":"https:\/\/konferenztechnik.de\/pt\/wp-json\/wp\/v2\/pages\/15566\/revisions"}],"wp:featuredmedia":[{"embeddable":true,"href":"https:\/\/konferenztechnik.de\/pt\/wp-json\/wp\/v2\/media\/45482"}],"wp:attachment":[{"href":"https:\/\/konferenztechnik.de\/pt\/wp-json\/wp\/v2\/media?parent=15566"}],"curies":[{"name":"wp","href":"https:\/\/api.w.org\/{rel}","templated":true}]}}