{"id":15570,"date":"2020-01-13T14:32:45","date_gmt":"2020-01-13T13:32:45","guid":{"rendered":"https:\/\/www.konferenztechnik.de\/?page_id=15570"},"modified":"2023-08-29T14:42:19","modified_gmt":"2023-08-29T12:42:19","slug":"formacao","status":"publish","type":"page","link":"https:\/\/konferenztechnik.de\/pt\/formacao\/","title":{"rendered":"Forma\u00e7\u00e3o"},"content":{"rendered":"<div data-elementor-type=\"wp-page\" data-elementor-id=\"15570\" class=\"elementor elementor-15570\" data-elementor-post-type=\"page\">\n\t\t\t\t\t\t<section data-particle_enable=\"false\" data-particle-mobile-disabled=\"false\" class=\"elementor-section elementor-top-section elementor-element elementor-element-64b4538a elementor-section-boxed elementor-section-height-default elementor-section-height-default\" data-id=\"64b4538a\" data-element_type=\"section\">\n\t\t\t\t\t\t<div class=\"elementor-container elementor-column-gap-default\">\n\t\t\t\t\t<div class=\"elementor-column elementor-col-100 elementor-top-column elementor-element elementor-element-6aa4f7d1\" data-id=\"6aa4f7d1\" data-element_type=\"column\">\n\t\t\t<div class=\"elementor-widget-wrap elementor-element-populated\">\n\t\t\t\t\t\t<div class=\"elementor-element elementor-element-24a31a8 elementor-widget elementor-widget-text-editor\" data-id=\"24a31a8\" data-element_type=\"widget\" data-widget_type=\"text-editor.default\">\n\t\t\t\t<div class=\"elementor-widget-container\">\n\t\t\t\t\t\t\t\t\t<h1>Forma\u00e7\u00e3o e servi\u00e7o para os int\u00e9rpretes<\/h1>\n<p>A PCS oferece cursos de forma\u00e7\u00e3o para t\u00e9cnicos, int\u00e9rpretes, apresentadores, gestores e pessoal que trabalha no sector do teatro e da hotelaria.<\/p>\n<p>Organizamos sess\u00f5es de forma\u00e7\u00e3o em grupo e individuais nos nossos escrit\u00f3rios e nos seus escrit\u00f3rios. Saber como utilizar e gerir a tecnologia de confer\u00eancia \u00e9 um fator crucial para o sucesso da sua apresenta\u00e7\u00e3o.<\/p>\n<p>\u00c9 int\u00e9rprete e est\u00e1 a planear uma miss\u00e3o ou um evento t\u00e9cnico? Precisa de planos ou tem d\u00favidas sobre os regulamentos relativos aos locais de reuni\u00e3o? Entre em contacto com o nosso servi\u00e7o de forma\u00e7\u00e3o, onde encontrar\u00e1 sempre um oreille atento.<\/p>\n<p><br>\n<img decoding=\"async\" alt=\"forma\u00e7\u00e3o-n\" src=\"https:\/\/konferenztechnik.de\/wp-content\/uploads\/2016\/10\/sprecherkabine-masse.jpg\" title=\"\"><br>\n[\/coluna]<br>\n[spacer size=\"20\u2033]<\/p>\n<p><img decoding=\"async\" alt=\"\" src=\"https:\/\/konferenztechnik.de\/wp-content\/uploads\/2016\/10\/dolmetscherschulung-1.jpg\" title=\"\"><\/p>\n<p><br><\/p>\n<p>A PCS atribui grande import\u00e2ncia \u00e0 forma\u00e7\u00e3o no dom\u00ednio da tecnologia de confer\u00eancias e desenvolveu um programa de forma\u00e7\u00e3o atrativo e eficaz<\/p>\t\t\t\t\t\t\t\t<\/div>\n\t\t\t\t<\/div>\n\t\t\t\t\t<\/div>\n\t\t<\/div>\n\t\t\t\t\t<\/div>\n\t\t<\/section>\n\t\t\t\t<\/div>","protected":false},"excerpt":{"rendered":"<p>Formation et service pour les interpr\u00e8tes PCS offre des cours de formation pour les techniciens, les interpr\u00e8tes, les conf\u00e9renciers, les manager, le personnel travaillant dans les th\u00e9\u00e2tres ou l\u2019industrie h\u00f4teli\u00e8re. Nous organisons des formations de groupe et individuelles dans nos locaux et dans vos locaux. Savoir utiliser et manipuler la technologie de conf\u00e9rence est un [&hellip;]<\/p>","protected":false},"author":1,"featured_media":45482,"parent":0,"menu_order":0,"comment_status":"closed","ping_status":"closed","template":"","meta":{"_acf_changed":false,"footnotes":""},"class_list":["post-15570","page","type-page","status-publish","has-post-thumbnail","hentry"],"acf":[],"_links":{"self":[{"href":"https:\/\/konferenztechnik.de\/pt\/wp-json\/wp\/v2\/pages\/15570","targetHints":{"allow":["GET"]}}],"collection":[{"href":"https:\/\/konferenztechnik.de\/pt\/wp-json\/wp\/v2\/pages"}],"about":[{"href":"https:\/\/konferenztechnik.de\/pt\/wp-json\/wp\/v2\/types\/page"}],"author":[{"embeddable":true,"href":"https:\/\/konferenztechnik.de\/pt\/wp-json\/wp\/v2\/users\/1"}],"replies":[{"embeddable":true,"href":"https:\/\/konferenztechnik.de\/pt\/wp-json\/wp\/v2\/comments?post=15570"}],"version-history":[{"count":0,"href":"https:\/\/konferenztechnik.de\/pt\/wp-json\/wp\/v2\/pages\/15570\/revisions"}],"wp:featuredmedia":[{"embeddable":true,"href":"https:\/\/konferenztechnik.de\/pt\/wp-json\/wp\/v2\/media\/45482"}],"wp:attachment":[{"href":"https:\/\/konferenztechnik.de\/pt\/wp-json\/wp\/v2\/media?parent=15570"}],"curies":[{"name":"wp","href":"https:\/\/api.w.org\/{rel}","templated":true}]}}