{"id":16088,"date":"2020-04-27T10:27:54","date_gmt":"2020-04-27T09:27:54","guid":{"rendered":"https:\/\/www.konferenztechnik.de\/?page_id=16088"},"modified":"2020-04-27T10:27:54","modified_gmt":"2020-04-27T09:27:54","slug":"centro-de-interpretacao-duesseldorf","status":"publish","type":"page","link":"https:\/\/konferenztechnik.de\/pt\/centro-de-interpretacao-duesseldorf\/","title":{"rendered":"Centro de Int\u00e9rpretes de D\u00fcsseldorf"},"content":{"rendered":"<h1>Interpreting Hub D\u00fcsseldorf: centro de interpreta\u00e7\u00e3o \u00e0 dist\u00e2ncia para a \u00e1rea metropolitana de D\u00fcsseldorf, Col\u00f3nia, Essen e Wuppertal<\/h1>\n<div class=\"call-action-slider-img\">\n<img fetchpriority=\"high\" decoding=\"async\" src=\"https:\/\/konferenztechnik.de\/wp-content\/uploads\/2021\/08\/mobile-streamingstudios-bildregie-v2.jpg\" alt=\"mobile-streamingstudios-image-direction-v2\" width=\"835\" height=\"420\" class=\"alignleft size-full wp-image-18282\" title=\"\" srcset=\"https:\/\/konferenztechnik.de\/wp-content\/uploads\/2021\/08\/mobile-streamingstudios-bildregie-v2.jpg 835w, https:\/\/konferenztechnik.de\/wp-content\/uploads\/2021\/08\/mobile-streamingstudios-bildregie-v2-300x151.jpg 300w, https:\/\/konferenztechnik.de\/wp-content\/uploads\/2021\/08\/mobile-streamingstudios-bildregie-v2-768x386.jpg 768w\" sizes=\"(max-width: 835px) 100vw, 835px\" \/><br \/>\n<button class=\"btn btn-nopic popmake-9638\">Obter um or\u00e7amento agora &#x9B;<\/button>\n<\/div>\n<p>Os nossos est\u00fadios de interpreta\u00e7\u00e3o em D\u00fcsseldorf oferecem um local de trabalho profissional para os int\u00e9rpretes. Est\u00e3o equipados com tecnologia de interpreta\u00e7\u00e3o profissional reconhecida pelos int\u00e9rpretes. A insonoriza\u00e7\u00e3o, a tecnologia \u00e1udio e v\u00eddeo e as possibilidades de comunica\u00e7\u00e3o baseiam-se tanto nas normas ISO para a interpreta\u00e7\u00e3o \u00e0 dist\u00e2ncia como nas especifica\u00e7\u00f5es para a interpreta\u00e7\u00e3o simult\u00e2nea \u00e0 dist\u00e2ncia das associa\u00e7\u00f5es de int\u00e9rpretes.<br \/>\nOferecemos larguras de banda de Internet est\u00e1veis e \u00e0 prova de falhas, transmiss\u00f5es encriptadas e protegidas por palavra-passe e uma excelente qualidade de \u00e1udio e v\u00eddeo para os seus eventos profissionais.<\/p>\n<p>[spacer size=\"10\u2033]<br \/>\n[column size=\"1-2\u2033 last=\"0\u2033]<br \/>\n[list icon=\"moon-checkmark\" colour=\"#a62055\u2033]10 l\u00ednguas em simult\u00e2neo[\/list]<br \/>\n[list icon=\"moon-checkmark\" colour=\"#a62055\u2033]Apoio de t\u00e9cnicos e moderadores[\/list]<br \/>\n[list icon=\"moon-checkmark\" colour=\"#a62055\u2033]Espectadores ilimitados via stream[\/list]<br \/>\n[\/coluna]<br \/>\n[column size=\"1-2\u2033 last=\"1\u2033]<br \/>\n[list icon=\"moon-checkmark\" colour=\"#a62055\u2033]Reuni\u00f5es virtuais em todo o mundo[\/list]<br \/>\n[list icon=\"moon-checkmark\" colour=\"#a62055\u2033]Prote\u00e7\u00e3o por palavra-passe e transmiss\u00e3o encriptada[\/list]<br \/>\n[list icon=\"moon-checkmark\" colour=\"#a62055\u2033]Melhor qualidade de \u00e1udio e v\u00eddeo[\/list]<br \/>\n[\/coluna]<br \/>\n[spacer size=\"30\u2033]<\/p>\n<p>Prestamos apoio t\u00e9cnico \u2013, tanto no local como \u00e0 dist\u00e2ncia, a todos os participantes na reuni\u00e3o. Os nossos moderadores\/coordenadores t\u00e9cnicos ajudam a assegurar o bom funcionamento t\u00e9cnico da confer\u00eancia e est\u00e3o dispon\u00edveis para responder \u00e0s perguntas do presidente da reuni\u00e3o e dos participantes. H\u00e1 tamb\u00e9m t\u00e9cnicos no local em perman\u00eancia, em contacto visual com os int\u00e9rpretes, que ajudam a resolver quest\u00f5es e problemas e a encontrar solu\u00e7\u00f5es rapidamente.<\/p>\n<p>Oferecemos os nossos hubs juntamente com um sistema de videoconfer\u00eancia profissional com uma vasta gama de fun\u00e7\u00f5es pr\u00e1ticas. Enviamos para o local da sua empresa ou para os seus participantes online<\/p>\n<h2><strong>Interpreting Hub D\u00fcsseldorf: Direc\u00e7\u00f5es e localiza\u00e7\u00e3o do est\u00fadio de interpreta\u00e7\u00e3o PCS<\/strong><\/h2>\n<p>O PCS Interpreting Hub encontra-se diretamente na nossa sucursal de D\u00fcsseldorf. Os lugares de estacionamento s\u00e3o gratuitos nas instala\u00e7\u00f5es, e oferecemos servi\u00e7os de catering e Internet gratuita.<\/p>\n<p>Encontramo-nos na Reisholzer Werftstra\u00dfe 42 em 40589 D\u00fcsseldorf\n<\/p>\n<p><iframe class=\"maps-full\" src=\"https:\/\/www.google.com\/maps\/embed?pb=!1m18!1m12!1m3!1d2501.758503047735!2d6.835735115877984!3d51.16824147958075!2m3!1f0!2f0!3f0!3m2!1i1024!2i768!4f13.1!3m3!1m2!1s0x47b8cb5e271b419f%3A0x40d95e282c05fe95!2sReisholzer%20Werftstra%C3%9Fe%2042%2C%2040589%20D%C3%BCsseldorf!5e0!3m2!1sde!2sde!4v1643030857700!5m2!1sde!2sde\" style=\"border:0;\" allowfullscreen=\"\" loading=\"lazy\"><\/iframe><\/p>\n<p>[spacer size=\"15\u2033]<\/p>\n<h2><strong>Mais est\u00fadios de interpreta\u00e7\u00e3o PCS em todo o pa\u00eds<\/strong><\/h2>\n<p>[spacer size=\"20\u2033]<br \/>\n[column size=\"1-2\u2033 last=\"0\u2033]<\/p>\n<p>A PCS oferece centros de int\u00e9rpretes em todos os locais da Alemanha. As localiza\u00e7\u00f5es s\u00e3o Berlim, Munique e D\u00fcsseldorf. Tamb\u00e9m \u00e9 poss\u00edvel instalar hubs m\u00f3veis diretamente nas suas imedia\u00e7\u00f5es ou nas instala\u00e7\u00f5es da sua empresa\/organiza\u00e7\u00e3o \u2013 para aluguer e, naturalmente, para compra. Basta entrar em contacto connosco.<\/p>\n<p>[\/coluna]<\/p>\n<p>[column size=\"1-2\u2033 last=\"1\u2033]<br \/>\n<img decoding=\"async\" src=\"https:\/\/konferenztechnik.de\/wp-content\/uploads\/2021\/09\/PCS-Remote-Hubs-Dolmetsch-Hubs-Dolmetsch-Studios-bundesweit.jpg\" alt=\"PCS-Remote-Hubs-Interpreting-Hubs-Interpreting-Studios-nationwide\" width=\"777\" height=\"1024\" class=\"alignleft size-full wp-image-18392\" title=\"\" srcset=\"https:\/\/konferenztechnik.de\/wp-content\/uploads\/2021\/09\/PCS-Remote-Hubs-Dolmetsch-Hubs-Dolmetsch-Studios-bundesweit.jpg 777w, https:\/\/konferenztechnik.de\/wp-content\/uploads\/2021\/09\/PCS-Remote-Hubs-Dolmetsch-Hubs-Dolmetsch-Studios-bundesweit-228x300.jpg 228w, https:\/\/konferenztechnik.de\/wp-content\/uploads\/2021\/09\/PCS-Remote-Hubs-Dolmetsch-Hubs-Dolmetsch-Studios-bundesweit-768x1012.jpg 768w\" sizes=\"(max-width: 777px) 100vw, 777px\" \/><br \/>\n[\/coluna]<\/p>\n<h2><strong>O que \u00e9 a interpreta\u00e7\u00e3o \u00e0 dist\u00e2ncia?<\/strong><\/h2>\n<p>Uma reuni\u00e3o, evento ou confer\u00eancia \u00e9 transmitida aos int\u00e9rpretes atrav\u00e9s de uma rede. Estes interpretam o evento em direto e em simult\u00e2neo. As diferentes l\u00ednguas s\u00e3o depois transmitidas de volta para a confer\u00eancia. Os participantes no evento podem selecionar e ouvir a l\u00edngua que pretendem.<br \/>\nTudo isto funciona em tempo real, em todo o mundo. Pode ouvir com receptores de confer\u00eancia especiais, atrav\u00e9s de uma aplica\u00e7\u00e3o no seu telem\u00f3vel, computador port\u00e1til ou computador, telefone fixo ou atrav\u00e9s da integra\u00e7\u00e3o no seu software de videoconfer\u00eancia.<br \/>\nPara mais informa\u00e7\u00f5es, consultar o nosso s\u00edtio Web &#x9B; <a href=\"https:\/\/konferenztechnik.de\/pt\/interpretacao-a-distancia\/\">Interpreta\u00e7\u00e3o \u00e0 dist\u00e2ncia<\/a><\/p>","protected":false},"excerpt":{"rendered":"<p>Dolmetscher Hub D\u00fcsseldorf: Remote Interpreting Hub f\u00fcr den Gro\u00dfraum D\u00fcsseldorf, K\u00f6ln, Essen und Wuppertal Jetzt Angebot einholen &#x9B; Unsere Dolmetsch Studios D\u00fcsseldorf bieten einen professionellen Arbeitsplatz f\u00fcr Dolmetscherinnen und Dolmetscher. Sie sind mit professioneller und bei Dolmetscher:innen bekannter Dolmetschtechnik ausgestattet. Schallisolierung, Audio- und Videotechnik und die Kommunikationsm\u00f6glichkeiten orientieren sich sowohl an den ISO-Normen f\u00fcr das [&hellip;]<\/p>","protected":false},"author":1,"featured_media":45482,"parent":0,"menu_order":0,"comment_status":"closed","ping_status":"closed","template":"page-right-sidebar.php","meta":{"_acf_changed":false,"footnotes":""},"class_list":["post-16088","page","type-page","status-publish","has-post-thumbnail","hentry"],"acf":[],"_links":{"self":[{"href":"https:\/\/konferenztechnik.de\/pt\/wp-json\/wp\/v2\/pages\/16088","targetHints":{"allow":["GET"]}}],"collection":[{"href":"https:\/\/konferenztechnik.de\/pt\/wp-json\/wp\/v2\/pages"}],"about":[{"href":"https:\/\/konferenztechnik.de\/pt\/wp-json\/wp\/v2\/types\/page"}],"author":[{"embeddable":true,"href":"https:\/\/konferenztechnik.de\/pt\/wp-json\/wp\/v2\/users\/1"}],"replies":[{"embeddable":true,"href":"https:\/\/konferenztechnik.de\/pt\/wp-json\/wp\/v2\/comments?post=16088"}],"version-history":[{"count":0,"href":"https:\/\/konferenztechnik.de\/pt\/wp-json\/wp\/v2\/pages\/16088\/revisions"}],"wp:featuredmedia":[{"embeddable":true,"href":"https:\/\/konferenztechnik.de\/pt\/wp-json\/wp\/v2\/media\/45482"}],"wp:attachment":[{"href":"https:\/\/konferenztechnik.de\/pt\/wp-json\/wp\/v2\/media?parent=16088"}],"curies":[{"name":"wp","href":"https:\/\/api.w.org\/{rel}","templated":true}]}}