{"id":1810,"date":"2013-09-05T11:28:54","date_gmt":"2013-09-05T09:28:54","guid":{"rendered":"https:\/\/konferenztechnik.de\/?page_id=1810"},"modified":"2013-09-05T11:28:54","modified_gmt":"2013-09-05T09:28:54","slug":"sistemas-de-afinacao-sistemas-ted-antigos","status":"publish","type":"page","link":"https:\/\/konferenztechnik.de\/pt\/aluguer-de-equipamento-para-conferencias\/sistemas-de-afinacao-sistemas-ted-antigos\/","title":{"rendered":"Sistemas de vota\u00e7\u00e3o, sistemas TED"},"content":{"rendered":"<h1>Sistemas de vota\u00e7\u00e3o, sistemas TED<\/h1>\n<figure id=\"attachment_4099\" aria-describedby=\"caption-attachment-4099\" style=\"width: 288px\" class=\"wp-caption alignright\"><a href=\"https:\/\/konferenztechnik.de\/wp-content\/uploads\/2013\/12\/abstimmanlagen2.jpg\"><img fetchpriority=\"high\" decoding=\"async\" src=\"https:\/\/konferenztechnik.de\/wp-content\/uploads\/2013\/12\/abstimmanlagen2.jpg\" alt=\"TED e sistemas de vota\u00e7\u00e3o da PCS\" width=\"288\" height=\"198\" class=\"size-full wp-image-4099\" title=\"\"><\/a><figcaption id=\"caption-attachment-4099\" class=\"wp-caption-text\">O sistema de vota\u00e7\u00e3o PCS... intera\u00e7\u00e3o entre o orador e o plen\u00e1rio.<\/figcaption><\/figure>\n<p>A escolha certa para sondagens de opini\u00e3o, question\u00e1rios e reuni\u00f5es de accionistas.<\/p>\n<p>O nosso sistema determina rapidamente as opini\u00f5es e a experi\u00eancia dos participantes e torna os resultados vis\u00edveis para todos na sess\u00e3o plen\u00e1ria.<br \/>\nCada participante pode expressar a sua pr\u00f3pria opini\u00e3o com o<br \/>\nComparar e classificar os resultados globais.<\/p>\n<p>A utiliza\u00e7\u00e3o deste sistema de vota\u00e7\u00e3o interativo gera uma maior aten\u00e7\u00e3o entre os participantes e d\u00e1-lhes a sensa\u00e7\u00e3o de que t\u00eam uma palavra a dizer sobre o que acontece sem terem de se apresentar. A vota\u00e7\u00e3o \u00e9 an\u00f3nima.<\/p>\n<p>O grau de informa\u00e7\u00e3o aumenta quanto mais ativamente os participantes estiverem envolvidos nos temas.<\/p>\n<p>[spacer size=\"20\u2033]<br \/>\n<figure id=\"attachment_4114\" aria-describedby=\"caption-attachment-4114\" style=\"width: 650px\" class=\"wp-caption alignleft\"><a href=\"https:\/\/konferenztechnik.de\/wp-content\/uploads\/2013\/12\/abstimmeinheiten-bei-pcs.jpg\"><img decoding=\"async\" src=\"https:\/\/konferenztechnik.de\/wp-content\/uploads\/2013\/12\/abstimmeinheiten-bei-pcs.jpg\" alt=\"Pode votar utilizando um transponder ou diretamente atrav\u00e9s do intercomunicador de secret\u00e1ria.\" width=\"650\" height=\"200\" class=\"size-full wp-image-4114\" title=\"\" srcset=\"https:\/\/konferenztechnik.de\/wp-content\/uploads\/2013\/12\/abstimmeinheiten-bei-pcs.jpg 650w, https:\/\/konferenztechnik.de\/wp-content\/uploads\/2013\/12\/abstimmeinheiten-bei-pcs-300x92.jpg 300w\" sizes=\"(max-width: 650px) 100vw, 650px\" \/><\/a><figcaption id=\"caption-attachment-4114\" class=\"wp-caption-text\">Pode votar utilizando um transponder ou diretamente atrav\u00e9s do intercomunicador de secret\u00e1ria.<\/figcaption><\/figure><br \/>\n[spacer size=\"20\u2033]<\/p>\n<h1>Como funciona o sistema de afina\u00e7\u00e3o PCS? <\/h1>\n<h2>A quest\u00e3o<\/h2>\n<p>Todos os participantes receber\u00e3o uma unidade de vota\u00e7\u00e3o sem fios no in\u00edcio do simp\u00f3sio. Os oradores fazem perguntas ao audit\u00f3rio com um m\u00e1ximo de 10 respostas poss\u00edveis. As perguntas podem ser apresentadas atrav\u00e9s de proje\u00e7\u00e3o de dados utilizando um PC e um projetor.<\/p>\n<h2>A vota\u00e7\u00e3o<\/h2>\n<p>Depois de ter moderado a pergunta, o orador pede ao plen\u00e1rio que vote. Uma contagem decrescente aparece no ecr\u00e3 em grandes n\u00fameros. Um per\u00edodo de vota\u00e7\u00e3o de 10 segundos tem-se revelado eficaz. Dentro deste tempo, os participantes podem tomar uma decis\u00e3o e premir o bot\u00e3o correspondente.<\/p>\n<h2>O resultado<\/h2>\n<p><img decoding=\"async\" src=\"https:\/\/konferenztechnik.de\/wp-content\/uploads\/2013\/12\/voting-bei-pcs-televic.jpg\" alt=\"Software de gest\u00e3o de vota\u00e7\u00e3o Televic\" width=\"600\" height=\"400\" class=\"alignleft size-full wp-image-4105\" title=\"\" srcset=\"https:\/\/konferenztechnik.de\/wp-content\/uploads\/2013\/12\/voting-bei-pcs-televic.jpg 600w, https:\/\/konferenztechnik.de\/wp-content\/uploads\/2013\/12\/voting-bei-pcs-televic-300x200.jpg 300w\" sizes=\"(max-width: 600px) 100vw, 600px\" \/><\/p>\n<p>Assim que a contagem decrescente termina, o computador calcula os votos expressos e apresenta o resultado no ecr\u00e3 numa quest\u00e3o de segundos, por exemplo, sob a forma de um gr\u00e1fico de barras colorido.<\/p>\n<h1>Vis\u00e3o geral dos servi\u00e7os do sistema de afina\u00e7\u00e3o PCS<\/h1>\n<ul>\n<li>Pr\u00e1ticas unidades de afina\u00e7\u00e3o sem fios<\/li>\n<li>Teclado num\u00e9rico com at\u00e9 10 op\u00e7\u00f5es de sele\u00e7\u00e3o e tecla de corre\u00e7\u00e3o<\/li>\n<li>Mais de 3.500 unidades de afina\u00e7\u00e3o podem ser utilizadas simultaneamente na vers\u00e3o standard<\/li>\n<li>Numa edi\u00e7\u00e3o especial, podem ser utilizadas at\u00e9 18.000 unidades de vota\u00e7\u00e3o em simult\u00e2neo<\/li>\n<li>Vota\u00e7\u00e3o aberta ou secreta<\/li>\n<li>Sondagem de opini\u00e3o, question\u00e1rio ou reuni\u00e3o de accionistas<\/li>\n<li>Possibilidade de vota\u00e7\u00e3o em grupo<\/li>\n<li>A pedido, pode ser atribu\u00eddo um nome a cada dispositivo de afina\u00e7\u00e3o<\/li>\n<li>A pondera\u00e7\u00e3o dos votos tamb\u00e9m \u00e9 poss\u00edvel para cada dispositivo<\/li>\n<li>Liga\u00e7\u00e3o ao PC com software TED vari\u00e1vel com liga\u00e7\u00e3o \u00e0 proje\u00e7\u00e3o de dados<\/li>\n<li>Apresenta\u00e7\u00e3o dos resultados sob a forma de gr\u00e1fico de barras, de colunas ou de pizza<\/li>\n<li>Apresenta\u00e7\u00e3o dos resultados da consulta como valores absolutos ou percentuais<\/li>\n<li>Op\u00e7\u00f5es de design gratuitas para as p\u00e1ginas individuais<\/li>\n<li>Importar log\u00f3tipos e outras imagens de programas gr\u00e1ficos<\/li>\n<li>Exporta\u00e7\u00e3o dos resultados para programas de folha de c\u00e1lculo para avalia\u00e7\u00e3o<\/li>\n<\/ul>","protected":false},"excerpt":{"rendered":"<p>Sistemas de vota\u00e7\u00e3o, sistemas TED A escolha certa para sondagens de opini\u00e3o, question\u00e1rios e reuni\u00f5es de acionistas. O nosso sistema determina rapidamente as opini\u00f5es e a experi\u00eancia dos participantes e torna os resultados vis\u00edveis para todos na sess\u00e3o plen\u00e1ria. Cada participante pode comparar e classificar a sua pr\u00f3pria opini\u00e3o com os resultados globais. A utiliza\u00e7\u00e3o deste sistema de vota\u00e7\u00e3o interactiva gera uma maior consciencializa\u00e7\u00e3o entre os participantes e d\u00e1 [...]<\/p>","protected":false},"author":1,"featured_media":45482,"parent":3618,"menu_order":158,"comment_status":"closed","ping_status":"open","template":"page-right-sidebar.php","meta":{"_acf_changed":false,"footnotes":""},"class_list":["post-1810","page","type-page","status-publish","has-post-thumbnail","hentry"],"acf":[],"_links":{"self":[{"href":"https:\/\/konferenztechnik.de\/pt\/wp-json\/wp\/v2\/pages\/1810","targetHints":{"allow":["GET"]}}],"collection":[{"href":"https:\/\/konferenztechnik.de\/pt\/wp-json\/wp\/v2\/pages"}],"about":[{"href":"https:\/\/konferenztechnik.de\/pt\/wp-json\/wp\/v2\/types\/page"}],"author":[{"embeddable":true,"href":"https:\/\/konferenztechnik.de\/pt\/wp-json\/wp\/v2\/users\/1"}],"replies":[{"embeddable":true,"href":"https:\/\/konferenztechnik.de\/pt\/wp-json\/wp\/v2\/comments?post=1810"}],"version-history":[{"count":0,"href":"https:\/\/konferenztechnik.de\/pt\/wp-json\/wp\/v2\/pages\/1810\/revisions"}],"up":[{"embeddable":true,"href":"https:\/\/konferenztechnik.de\/pt\/wp-json\/wp\/v2\/pages\/3618"}],"wp:featuredmedia":[{"embeddable":true,"href":"https:\/\/konferenztechnik.de\/pt\/wp-json\/wp\/v2\/media\/45482"}],"wp:attachment":[{"href":"https:\/\/konferenztechnik.de\/pt\/wp-json\/wp\/v2\/media?parent=1810"}],"curies":[{"name":"wp","href":"https:\/\/api.w.org\/{rel}","templated":true}]}}