{"id":18403,"date":"2021-09-23T15:21:14","date_gmt":"2021-09-23T14:21:14","guid":{"rendered":"https:\/\/www.konferenztechnik.de\/?page_id=18403"},"modified":"2023-07-05T10:49:31","modified_gmt":"2023-07-05T08:49:31","slug":"eventos-de-zoom","status":"publish","type":"page","link":"https:\/\/konferenztechnik.de\/pt\/eventos-de-zoom\/","title":{"rendered":"Eventos Zoom"},"content":{"rendered":"<div data-elementor-type=\"wp-page\" data-elementor-id=\"18403\" class=\"elementor elementor-18403\" data-elementor-post-type=\"page\">\n\t\t\t\t\t\t<section data-particle_enable=\"false\" data-particle-mobile-disabled=\"false\" class=\"elementor-section elementor-top-section elementor-element elementor-element-6d5079df elementor-section-boxed elementor-section-height-default elementor-section-height-default\" data-id=\"6d5079df\" data-element_type=\"section\">\n\t\t\t\t\t\t<div class=\"elementor-container elementor-column-gap-default\">\n\t\t\t\t\t<div class=\"elementor-column elementor-col-100 elementor-top-column elementor-element elementor-element-748553c3\" data-id=\"748553c3\" data-element_type=\"column\">\n\t\t\t<div class=\"elementor-widget-wrap elementor-element-populated\">\n\t\t\t\t\t\t<div class=\"elementor-element elementor-element-1b99b6e elementor-widget elementor-widget-text-editor\" data-id=\"1b99b6e\" data-element_type=\"widget\" data-widget_type=\"text-editor.default\">\n\t\t\t\t<div class=\"elementor-widget-container\">\n\t\t\t\t\t\t\t\t\t<h1>Zoom Events \u2013 Criar, hospedar e gerenciar eventos online com a plataforma Zoom Events<\/h1>\n<img fetchpriority=\"high\" decoding=\"async\" class=\"alignleft size-full wp-image-18533\" src=\"https:\/\/konferenztechnik.de\/wp-content\/uploads\/2021\/09\/zoomevents-deutschland.png\" alt=\"Reservar eventos Zoom na Alemanha\" width=\"1920\" height=\"865\" title=\"\" srcset=\"https:\/\/konferenztechnik.de\/wp-content\/uploads\/2021\/09\/zoomevents-deutschland.png 1920w, https:\/\/konferenztechnik.de\/wp-content\/uploads\/2021\/09\/zoomevents-deutschland-300x135.png 300w, https:\/\/konferenztechnik.de\/wp-content\/uploads\/2021\/09\/zoomevents-deutschland-1024x461.png 1024w, https:\/\/konferenztechnik.de\/wp-content\/uploads\/2021\/09\/zoomevents-deutschland-768x346.png 768w, https:\/\/konferenztechnik.de\/wp-content\/uploads\/2021\/09\/zoomevents-deutschland-1536x692.png 1536w\" sizes=\"(max-width: 1920px) 100vw, 1920px\" \/>\n\n<img decoding=\"async\" src=\"https:\/\/konferenztechnik.de\/wp-content\/uploads\/2021\/09\/ze-logo-300x43.png\" alt=\"Eventos Zoom\" width=\"300\" height=\"43\" title=\"\">\n\nA plataforma Zoom Events responde \u00e0 necessidade de realizar experi\u00eancias virtuais individuais de forma simples e eficaz.\n\nA Zoom Events \u00e9 uma plataforma tudo-em-um para eventos virtuais e h\u00edbridos de v\u00e1rios formatos e dimens\u00f5es. Apoiamo-lo no planeamento e na cria\u00e7\u00e3o de eventos e, com os nossos servidores na Alemanha, garantimos que estes s\u00e3o realizados de forma segura e em conformidade com os regulamentos de prote\u00e7\u00e3o de dados.\n\nA Zoom Events oferece tudo o que precisa para criar eventos virtuais ou h\u00edbridos com confian\u00e7a. Trabalhe com os nossos especialistas Zoom para criar e otimizar o seu evento. Fornecemos uma infraestrutura compat\u00edvel com o GDPR e aconselhamos e apoiamos voc\u00ea com Zoom Meetings, Zoom Webinars e Zoom Events.\n\nFale com os nossos especialistas sobre o que j\u00e1 \u00e9 poss\u00edvel com o Zoom Events.\n<div class=\"box1-4\" style=\"margin-bottom: 0!important; margin-top: 0px;\"><b><span class=\"pcs-color\">Consultoria e planeamento<\/span><\/b>\n<img decoding=\"async\" class=\"alignleft size-full wp-image-18690\" src=\"https:\/\/konferenztechnik.de\/wp-content\/uploads\/2021\/11\/Christian-becker-pcs-gmbh-foto-thomas-arendt-1.jpg\" alt=\"Christian Becker - PCS GmbH\" title=\"\"><\/div>\n<div><\/div>\n<div><\/div>\n<div><\/div>\n<div><\/div>\n<div><\/div>\n<div><\/div>\n<div><\/div>\n<div><\/div>\n<div><\/div>\n<div><\/div>\n<div><\/div>\n<div><\/div>\n<div><\/div>\n<div><\/div>\n<div><\/div>\n<div><\/div>\n<div><\/div>\n<div><\/div>\n<div><\/div>\n<div><\/div>\n<div><\/div>\n<div><\/div>\n<div><\/div>\n<div class=\"box1-4\" style=\"margin-bottom: 0!important; margin-top: 0px;\">Basta telefonar-nos!\n<a href=\"tel:08007274624\"><b>0800 727 46 24<\/b><\/a>\nOu escrever uma mensagem de correio eletr\u00f3nico para:\n<span class=\"volleansicht\"><a href=\"mailto:info@konferenztechnik.de\">info@konferenztechnik.de<\/a>\n<\/span>\n<span class=\"mobileansicht\"><a href=\"mailto:info@konferenztechnik.de\">escrever<\/a>\n<\/span><\/div>\n<div id=\"newscontainer\">\n<div class=\"newskasten\"><img decoding=\"async\" class=\"alignleft size-medium wp-image-18461\" src=\"https:\/\/konferenztechnik.de\/wp-content\/uploads\/2021\/09\/datensicherheit-300x221.png\" alt=\"Zoom Events - Os seus dados est\u00e3o seguros com o PCS\" width=\"300\" height=\"221\" title=\"\" srcset=\"https:\/\/konferenztechnik.de\/wp-content\/uploads\/2021\/09\/datensicherheit-300x221.png 300w, https:\/\/konferenztechnik.de\/wp-content\/uploads\/2021\/09\/datensicherheit.png 336w\" sizes=\"(max-width: 300px) 100vw, 300px\" \/>\n<h3 class=\"pcs-color\"><strong>Seguran\u00e7a dos dados<\/strong><\/h3>\nAcompanhamento e documenta\u00e7\u00e3o por especialistas em prote\u00e7\u00e3o de dados da PCS\n\n<\/div>\n<div class=\"newskasten\"><img loading=\"lazy\" decoding=\"async\" class=\"alignleft size-medium wp-image-18494\" src=\"https:\/\/konferenztechnik.de\/wp-content\/uploads\/2021\/09\/zoom-dsvgo-1-300x221.png\" alt=\"Zoom Events - Conformidade com a prote\u00e7\u00e3o de dados, RGPD\" width=\"300\" height=\"221\" title=\"\" srcset=\"https:\/\/konferenztechnik.de\/wp-content\/uploads\/2021\/09\/zoom-dsvgo-1-300x221.png 300w, https:\/\/konferenztechnik.de\/wp-content\/uploads\/2021\/09\/zoom-dsvgo-1.png 336w\" sizes=\"(max-width: 300px) 100vw, 300px\" \/>\n<h3 class=\"pcs-color\"><strong>Conformidade com a prote\u00e7\u00e3o de dados<\/strong><\/h3>\norganizar confer\u00eancias em servidores alem\u00e3es, em conformidade com a legisla\u00e7\u00e3o alem\u00e3 e europeia em mat\u00e9ria de prote\u00e7\u00e3o de dados\n\n<\/div>\n<div class=\"newskasten\"><img loading=\"lazy\" decoding=\"async\" class=\"alignleft size-medium wp-image-18479\" src=\"https:\/\/konferenztechnik.de\/wp-content\/uploads\/2021\/09\/anmeldung-300x221.png\" alt=\"Zoom Events - Emiss\u00e3o de bilhetes, registo\" width=\"300\" height=\"221\" title=\"\" srcset=\"https:\/\/konferenztechnik.de\/wp-content\/uploads\/2021\/09\/anmeldung-300x221.png 300w, https:\/\/konferenztechnik.de\/wp-content\/uploads\/2021\/09\/anmeldung.png 336w\" sizes=\"(max-width: 300px) 100vw, 300px\" \/>\n<h3 class=\"pcs-color\"><strong>Venda de bilhetes, registo<\/strong><\/h3>\nSistema de login vari\u00e1vel e abrangente integrado\n\n<\/div>\n<div class=\"newskasten\"><img loading=\"lazy\" decoding=\"async\" class=\"alignleft size-medium wp-image-18507\" src=\"https:\/\/konferenztechnik.de\/wp-content\/uploads\/2021\/09\/flexible-300x221.png\" alt=\"Zoom Events - Flexivelmente escal\u00e1vel\" width=\"300\" height=\"221\" title=\"\">\n<h3 class=\"pcs-color\"><strong>Flex\u00edvel e escal\u00e1vel<\/strong><\/h3>\nAbrangendo uma vasta gama de formatos e tamanhos\n\n<\/div>\n<div class=\"newskasten\"><img loading=\"lazy\" decoding=\"async\" class=\"alignleft size-medium wp-image-18498\" src=\"https:\/\/konferenztechnik.de\/wp-content\/uploads\/2021\/09\/allinone-300x221.png\" alt=\"Zoom Events - reserve com PCS konferenztechnik.de\" width=\"300\" height=\"221\" title=\"\">\n<h3 class=\"pcs-color\"><strong>A melhor qualidade a partir de uma \u00fanica fonte<\/strong><\/h3>\n\u00d3ptima qualidade de transmiss\u00e3o e plataforma completa para eventos\n\n<\/div>\n<\/div>\n<div style=\"background-color: #f7f7f7; padding-left: 20px; padding-right: 20px; padding-top: 30px;\">\n<h3><strong>Registos e gest\u00e3o de bilhetes<\/strong><\/h3>\nO registo simples e a emiss\u00e3o de bilhetes para os seus participantes est\u00e3o integrados. Pode definir o n\u00famero de bilhetes gratuitos e pagos, permitir compras de grupo, op\u00e7\u00f5es de oferta ou donativos. O registo e a emiss\u00e3o de bilhetes podem ser personalizados.\n<h3><strong>Eventos p\u00fablicos e privados<\/strong><\/h3>\nPode organizar eventos gratuitos e pagos, tanto para eventos p\u00fablicos como privados.\n<h3><strong>Variedade de formatos de eventos<\/strong><\/h3>\nPlanear eventos individuais, s\u00e9ries de eventos, v\u00e1rias sess\u00f5es ou reuni\u00f5es paralelas. Um dia, v\u00e1rios dias e, claro, com a op\u00e7\u00e3o de publicar grava\u00e7\u00f5es ap\u00f3s o evento. Em geral, pode decidir se pretende disponibilizar um evento em direto ou a pedido.\n<h3><strong>\u00c1trio, p\u00e1gina de destino, centro de eventos<\/strong><\/h3>\nO Zoom Events oferece uma maneira f\u00e1cil de criar um ponto de partida (p\u00e1gina de destino, centro de eventos) para seu evento. Estas tamb\u00e9m podem ser p\u00fablicas ou privadas e podem ser usadas com URLs individuais.\n<h3><strong>Interc\u00e2mbio, trabalho em rede<\/strong><\/h3>\nTodos os participantes podem interagir num \u00e1trio, conversar com patrocinadores e expositores e trocar informa\u00e7\u00f5es de contacto.\n<h3><strong>Coopera\u00e7\u00e3o e colabora\u00e7\u00e3o<\/strong><\/h3>\nIntegrar diferentes aplica\u00e7\u00f5es para promover a colabora\u00e7\u00e3o, como os quadros Miro, o Trello, o Mentimeter, mas tamb\u00e9m o Microsoft Teams, o Slack ou o Google Workspace. A pr\u00f3pria Zoom anunciou o desenvolvimento do seu pr\u00f3prio quadro branco de alta qualidade (13\/09\/2021), que tamb\u00e9m permitir\u00e1 a colabora\u00e7\u00e3o em RV no futuro.\n<h3><strong>Multilingue<\/strong><\/h3>\nPossibilitamos a interpreta\u00e7\u00e3o multilingue e simult\u00e2nea em eventos virtuais com a Zoom Events\n<h3><strong>Documenta\u00e7\u00e3o e avalia\u00e7\u00e3o<\/strong><\/h3>\nPode acompanhar e documentar registos, n\u00fameros de visitantes, vendas de bilhetes e receitas. O Zoom Events oferece an\u00e1lises que o ajudam a avaliar e melhorar seus eventos.\n\n<\/div>\n<h2><strong>Organiza\u00e7\u00e3o de eventos Zoom em conformidade com a regulamenta\u00e7\u00e3o em mat\u00e9ria de prote\u00e7\u00e3o de dados<\/strong><\/h2>\nO Zoom Events baseia-se na tecnologia fi\u00e1vel de v\u00eddeo e chat da Zoom. Classificamos a tecnologia e a infraestrutura da Zoom como a mais alta qualidade e a mais fi\u00e1vel do mercado e, com os nossos pr\u00f3prios servidores Zoom na Alemanha, oferecemos-lhe eventos virtuais e h\u00edbridos compat\u00edveis com o RGPD que s\u00e3o realizados estritamente de acordo com a lei alem\u00e3 de prote\u00e7\u00e3o de dados.\n<h2><strong>A PCS \u00e9 um fornecedor da Zoom Events<\/strong><\/h2>\nUtilize as nossas extensas licen\u00e7as Zoom para os seus eventos. Os nossos especialistas apoi\u00e1-lo-\u00e3o na configura\u00e7\u00e3o, alojamento e personaliza\u00e7\u00e3o e est\u00e3o dispon\u00edveis para responder a quaisquer quest\u00f5es que possa ter. Naturalmente, tamb\u00e9m o apoiaremos se j\u00e1 tiver as suas pr\u00f3prias licen\u00e7as Zoom Events.\n\nConhe\u00e7a o Zoom Events. Oferecemos-lhe uma introdu\u00e7\u00e3o r\u00e1pida e f\u00e1cil. Tamb\u00e9m pode marcar uma reuni\u00e3o de demonstra\u00e7\u00e3o para se familiarizar com as fun\u00e7\u00f5es e o backend.\n\nFale com os nossos especialistas sobre o que j\u00e1 \u00e9 poss\u00edvel com o Zoom Events.\n<h2><b>Isto tamb\u00e9m pode interessar-lhe<\/b><\/h2>\n<a title=\"Eventos h\u00edbridos\" href=\"\/pt\/eventos-hibridos\/\">Eventos h\u00edbridos<\/a>\n<a title=\"Conceitos flex\u00edveis de eventos\" href=\"\/pt\/conceitos-de-eventos-flexiveis\/\">Conceitos flex\u00edveis de eventos<\/a>\n<a href=\"https:\/\/konferenztechnik.de\/pt\/interpretacao-a-distancia\/\">Interpreta\u00e7\u00e3o \u00e0 dist\u00e2ncia, centros e est\u00fadios<\/a>\n\n\n<a href=\"https:\/\/konferenztechnik.de\/pt\/videoconferencia-2\/\">Sistemas de videoconfer\u00eancia<\/a>\n<a href=\"https:\/\/konferenztechnik.de\/pt\/tecnologia-de-streaming-de-aluguer\/\">Contratar tecnologia de streaming<\/a>\n<a href=\"https:\/\/konferenztechnik.de\/pt\/aluguer-de-equipamento-para-conferencias\/tecnologia-av-microfones-sistemas-de-som-projectores\/\">Tecnologia de \u00e1udio, v\u00eddeo e transmiss\u00e3o<\/a>\n<div class=\"box1-4 medium-size-txt\" style=\"margin-bottom: 0!important;\">\n<h2><b><span class=\"pcs-color medium-size-txt\">Os seus especialistas em eventos<\/span><\/b><\/h2>\nOs nossos especialistas da Zoom Events ter\u00e3o todo o prazer em responder \u00e0s suas perguntas, aconselh\u00e1-lo e preparar um or\u00e7amento personalizado ou um plano de projeto individual.\n\n<img loading=\"lazy\" decoding=\"async\" class=\"alignleft size-full wp-image-18120\" src=\"https:\/\/konferenztechnik.de\/wp-content\/uploads\/2021\/08\/Sebastian-Meyer-PCS-GmbH-konferenztechnik-small.jpg\" alt=\"Sebastian Meyer - PCS-GmbH - Planeamento de projectos\" width=\"150\" height=\"150\" title=\"\">\n<img loading=\"lazy\" decoding=\"async\" class=\"alignleft size-full wp-image-17771\" src=\"https:\/\/konferenztechnik.de\/wp-content\/uploads\/2021\/06\/christian-becker-pcs-gmbh.jpg\" alt=\"Christian Becker - PCS GmbH - Planeamento de eventos\" width=\"150\" height=\"150\" title=\"\">\n<img loading=\"lazy\" decoding=\"async\" class=\"alignleft size-full wp-image-17774\" src=\"https:\/\/konferenztechnik.de\/wp-content\/uploads\/2021\/06\/sebastian-gegusch-pcs-gmbh.jpg\" alt=\"Sebastian Gegusch - PCS GmbH - Planeamento de projectos\" width=\"150\" height=\"150\" title=\"\">\n\n<span class=\"medium-size-txt\">\nBasta telefonar-nos!\n<a href=\"tel:08007274624\"><b>0800 727 46 24<\/b><\/a><\/span>\n\nEnvie-nos uma mensagem de correio eletr\u00f3nico para:\n<span class=\"volleansicht\"><a href=\"mailto:info@konferenztechnik.de\">info@konferenztechnik.de<\/a>\n<\/span>\n<span class=\"mobileansicht\"><a href=\"mailto:info@konferenztechnik.de\">escrever<\/a>\n<\/span>\n\nConverse connosco ou utilize o nosso servi\u00e7o de chamada de retorno\n<h2>Organizar uma chamada de retorno<\/h2>\n<\/div>\t\t\t\t\t\t\t\t<\/div>\n\t\t\t\t<\/div>\n\t\t\t\t\t<\/div>\n\t\t<\/div>\n\t\t\t\t\t<\/div>\n\t\t<\/section>\n\t\t\t\t<\/div>","protected":false},"excerpt":{"rendered":"<p>Zoom Events \u2013 Crie, hospede e administre eventos online com a plataforma Zoom Events A plataforma Zoom Events atende \u00e0s necessidades de realizar experi\u00eancias virtuais individuais de forma simples e eficiente. O Zoom Events \u00e9 uma plataforma completa para eventos virtuais e h\u00edbridos de diversos formatos e tamanhos. N\u00f3s ajudamos no planeamento e na cria\u00e7\u00e3o e, com os nossos servidores na Alemanha, garantimos [...]<\/p>","protected":false},"author":1,"featured_media":45482,"parent":0,"menu_order":0,"comment_status":"closed","ping_status":"closed","template":"","meta":{"_acf_changed":false,"footnotes":""},"class_list":["post-18403","page","type-page","status-publish","has-post-thumbnail","hentry"],"acf":[],"_links":{"self":[{"href":"https:\/\/konferenztechnik.de\/pt\/wp-json\/wp\/v2\/pages\/18403","targetHints":{"allow":["GET"]}}],"collection":[{"href":"https:\/\/konferenztechnik.de\/pt\/wp-json\/wp\/v2\/pages"}],"about":[{"href":"https:\/\/konferenztechnik.de\/pt\/wp-json\/wp\/v2\/types\/page"}],"author":[{"embeddable":true,"href":"https:\/\/konferenztechnik.de\/pt\/wp-json\/wp\/v2\/users\/1"}],"replies":[{"embeddable":true,"href":"https:\/\/konferenztechnik.de\/pt\/wp-json\/wp\/v2\/comments?post=18403"}],"version-history":[{"count":0,"href":"https:\/\/konferenztechnik.de\/pt\/wp-json\/wp\/v2\/pages\/18403\/revisions"}],"wp:featuredmedia":[{"embeddable":true,"href":"https:\/\/konferenztechnik.de\/pt\/wp-json\/wp\/v2\/media\/45482"}],"wp:attachment":[{"href":"https:\/\/konferenztechnik.de\/pt\/wp-json\/wp\/v2\/media?parent=18403"}],"curies":[{"name":"wp","href":"https:\/\/api.w.org\/{rel}","templated":true}]}}