{"id":18584,"date":"2021-10-05T11:33:23","date_gmt":"2021-10-05T10:33:23","guid":{"rendered":"https:\/\/www.konferenztechnik.de\/?page_id=18584"},"modified":"2023-09-01T11:51:05","modified_gmt":"2023-09-01T09:51:05","slug":"planeador-de-projectos-f-d-m-no-dominio-da-tecnologia-de-conferencias-e-eventos","status":"publish","type":"page","link":"https:\/\/konferenztechnik.de\/pt\/planeador-de-projectos-f-d-m-no-dominio-da-tecnologia-de-conferencias-e-eventos\/","title":{"rendered":"Respons\u00e1vel pelo planeamento de projectos (f\/m) no dom\u00ednio da tecnologia de confer\u00eancias e eventos"},"content":{"rendered":"<p>[column size=\"3-4\u2033 last=\"0\u2033]<br \/>\n[note colour=\"#FFCC00\u2033]<br \/>\n[spacer size=\"20\u2033]<br \/>\nA vaga j\u00e1 foi preenchida. Obrigado pelas vossas candidaturas!<br \/>\n[spacer size=\"20\u2033]<br \/>\n[\/nota]<\/p>\n<h1><strong>Estamos \u00e0 procura de planeadores de projectos (f\/m) na \u00e1rea da tecnologia de confer\u00eancias e eventos<\/strong><\/h1>\n<p>Estamos \u00e0 procura de um planeador de projectos (f\/m) na \u00e1rea das confer\u00eancias, tecnologia simult\u00e2nea e eventos para todos os locais com efeito imediato.<\/p>\n<h2><strong>As suas tarefas<\/strong><\/h2>\n<ul>\n<li>Assumir\u00e1 tarefas de planeamento especializadas para os nossos projectos.<\/li>\n<li>Organiza e controla os processos antes, durante e ap\u00f3s os projectos: Planeamento t\u00e9cnico, planeamento de pessoal, log\u00edstica de ve\u00edculos, devolu\u00e7\u00f5es de mercadorias e briefings.<\/li>\n<li>Planear materiais e recursos (t\u00e9cnicos, ve\u00edculos) para os nossos projectos no software de projectos EasyJob.<\/li>\n<li>Organiza e controla a troca de mercadorias entre as nossas filiais, assegurando a disponibilidade de recursos e materiais para todos os projectos actuais e futuros.<\/li>\n<li>\u00c9 o ponto de contacto para os nossos clientes e parceiros, bem como internamente para os nossos t\u00e9cnicos, planeadores de projectos e especialistas em log\u00edstica de armaz\u00e9m.<\/li>\n<\/ul>\n<p>[\/coluna]<br \/>\n[column size=\"1-4\u2033 last=\"1\u2033]<\/p>\n<div class=\"box1-4\" style=\"margin-bottom: 0!important; margin-top:50px\">\n<b><span class=\"pcs-color\">Aplica\u00e7\u00f5es e consultas<\/span><\/b><br \/>\n<img fetchpriority=\"high\" decoding=\"async\" width=\"800\" height=\"533\" src=\"https:\/\/konferenztechnik.de\/wp-content\/uploads\/2013\/09\/thorsten_geissler_pcs-gmbh.jpg\" alt=\"Thorsten Gei\u00dfler\" class=\"alignleft size-full wp-image-2317\" title=\"\" srcset=\"https:\/\/konferenztechnik.de\/wp-content\/uploads\/2013\/09\/thorsten_geissler_pcs-gmbh.jpg 800w, https:\/\/konferenztechnik.de\/wp-content\/uploads\/2013\/09\/thorsten_geissler_pcs-gmbh-300x200.jpg 300w, https:\/\/konferenztechnik.de\/wp-content\/uploads\/2013\/09\/thorsten_geissler_pcs-gmbh-768x512.jpg 768w\" sizes=\"(max-width: 800px) 100vw, 800px\" \/><\/p>\n<p>Thorsten Gei\u00dfler<br \/>\n<a href=\"tel:+4921173779816\"><b>+49 211 737798 16<\/b><\/a><br \/>\n<span class=\"volleansicht\"><a href=\"mailto:geissler@konferenztechnik.de\" onclick=\"ga('send', 'event', 'Email-Klick', 'Kontakt bewerben');\">geissler@konferenztechnik.de<\/a><br \/>\n<\/span><br \/>\n<span class=\"mobileansicht\"><a href=\"mailto:geissler@konferenztechnik.de\" onclick=\"ga('send', 'event', 'Email-Klick', 'Kontakt bewerben');\">escrever<\/a><br \/>\n<\/span><\/p>\n<\/div>\n<p>[\/coluna]<\/p>\n<p>[spacer size=\"20\u2033]<\/p>\n<h2><strong>A sua experi\u00eancia e conhecimentos<\/strong><\/h2>\n<ul>\n<li>Experi\u00eancia em programa\u00e7\u00e3o ou planeamento de projectos na ind\u00fastria de eventos<\/li>\n<li>Conhecimentos de software de projectos e de sistemas de gest\u00e3o de mercadorias, de prefer\u00eancia com o Protonic EasyJob<\/li>\n<li>Excelentes conhecimentos de tecnologia de meios audiovisuais, bem como de tecnologia de confer\u00eancia e de simultaneidade<\/li>\n<li>Trabalha de uma forma altamente orientada para o cliente e para o servi\u00e7o<\/li>\n<li>Gosta de trabalhar em equipa e de interagir com os colegas<\/li>\n<li>Tem uma perce\u00e7\u00e3o r\u00e1pida das coisas e desenvolve solu\u00e7\u00f5es rapidamente<\/li>\n<li>Trabalha de forma muito estruturada e mant\u00e9m sempre uma vis\u00e3o global<\/li>\n<li>Muito bons conhecimentos de inform\u00e1tica (PC, Windows, Microsoft Office)<\/li>\n<li>Muito bom alem\u00e3o escrito e falado<\/li>\n<li>Bons conhecimentos de ingl\u00eas escrito e falado<\/li>\n<\/ul>\n<p>[spacer size=\"20\u2033]<\/p>\n<h2><strong>O que oferecemos<\/strong><\/h2>\n<ul>\n<li>Um posto de trabalho permanente (modelos de trabalho flex\u00edveis: a tempo inteiro, a tempo parcial, mini-emprego, meio-emprego ou estudante trabalhador poss\u00edvel)<\/li>\n<li>A possibilidade de trabalho m\u00f3vel<\/li>\n<li>Regime de pens\u00f5es da empresa<\/li>\n<li>Seguro de sa\u00fade da empresa (suplemento dent\u00e1rio, \u00f3culos)<\/li>\n<li>Bicicleta de trabalho<\/li>\n<li>Projectos interessantes e variados<\/li>\n<li>Uma equipa motivada que se diverte e gosta do seu trabalho<\/li>\n<li>Hor\u00e1rios de trabalho flex\u00edveis<\/li>\n<li>Hierarquias planas<\/li>\n<\/ul>","protected":false},"excerpt":{"rendered":"<p>[column size=&#8220;3-4&#8243; last=&#8220;0&#8243;] [note color=&#8220;#FFCC00&#8243;] [spacer size=&#8220;20&#8243;] Die Stelle ist mittlerweile besetzt. Vielen Dank f\u00fcr Ihre Bewerbungen! [spacer size=&#8220;20&#8243;] [\/note] Wir suchen Projektplaner:in (w\/d\/m) im Bereich Konferenztechnik und Event F\u00fcr alle Standorte suchen wir ab sofort eine:n Projektplaner:in (w\/d\/m) im Bereich Konferenz-, Simultantechnik und Event. Ihre Aufgaben Sie \u00fcbernehmen fachplanerische Aufgaben f\u00fcr unsere Projekte. Sie [&hellip;]<\/p>","protected":false},"author":1,"featured_media":45482,"parent":0,"menu_order":0,"comment_status":"closed","ping_status":"closed","template":"","meta":{"_acf_changed":false,"footnotes":""},"class_list":["post-18584","page","type-page","status-publish","has-post-thumbnail","hentry"],"acf":[],"_links":{"self":[{"href":"https:\/\/konferenztechnik.de\/pt\/wp-json\/wp\/v2\/pages\/18584","targetHints":{"allow":["GET"]}}],"collection":[{"href":"https:\/\/konferenztechnik.de\/pt\/wp-json\/wp\/v2\/pages"}],"about":[{"href":"https:\/\/konferenztechnik.de\/pt\/wp-json\/wp\/v2\/types\/page"}],"author":[{"embeddable":true,"href":"https:\/\/konferenztechnik.de\/pt\/wp-json\/wp\/v2\/users\/1"}],"replies":[{"embeddable":true,"href":"https:\/\/konferenztechnik.de\/pt\/wp-json\/wp\/v2\/comments?post=18584"}],"version-history":[{"count":0,"href":"https:\/\/konferenztechnik.de\/pt\/wp-json\/wp\/v2\/pages\/18584\/revisions"}],"wp:featuredmedia":[{"embeddable":true,"href":"https:\/\/konferenztechnik.de\/pt\/wp-json\/wp\/v2\/media\/45482"}],"wp:attachment":[{"href":"https:\/\/konferenztechnik.de\/pt\/wp-json\/wp\/v2\/media?parent=18584"}],"curies":[{"name":"wp","href":"https:\/\/api.w.org\/{rel}","templated":true}]}}