{"id":18772,"date":"2022-01-13T13:17:51","date_gmt":"2022-01-13T12:17:51","guid":{"rendered":"https:\/\/www.konferenztechnik.de\/?page_id=18772"},"modified":"2023-07-05T14:29:08","modified_gmt":"2023-07-05T12:29:08","slug":"estudios-de-interpretacao-em-berlim","status":"publish","type":"page","link":"https:\/\/konferenztechnik.de\/pt\/estudios-de-interpretacao-em-berlim\/","title":{"rendered":"Est\u00fadios de interpreta\u00e7\u00e3o em Berlim"},"content":{"rendered":"<h1 class=\"pcs-color\"><b>PCS Interpreting Studios Berlin K\u00f6penicker Stra\u00dfe 154<\/b><\/h1>\n<p><iframe class=\"maps-full\" style=\"border: 0;\" src=\"https:\/\/www.google.com\/maps\/embed?pb=!1m18!1m12!1m3!1d2428.532610250432!2d13.427603016006886!3d52.505699645041084!2m3!1f0!2f0!3f0!3m2!1i1024!2i768!4f13.1!3m3!1m2!1s0x47a84e37d9891a73%3A0xee3a2da62f925ce!2sK%C3%B6penicker%20Str.%20154%2C%2010997%20Berlin!5e0!3m2!1sde!2sde!4v1641994730437!5m2!1sde!2sde\" allowfullscreen=\"allowfullscreen\"><\/iframe><\/p>\n<p>Na nossa nova sede est\u00e3o a ser constru\u00eddos est\u00fadios de interpreta\u00e7\u00e3o modernos, com localiza\u00e7\u00e3o central, profissionais e confort\u00e1veis. Com mais de 50 esta\u00e7\u00f5es de trabalho, este \u00e9 o maior centro de interpreta\u00e7\u00e3o simult\u00e2nea da Alemanha: streaming em conformidade com o RGPD para confer\u00eancias, eventos, est\u00fadios de radiodifus\u00e3o, reuni\u00f5es e videoconfer\u00eancias.<\/p>\n<p>O nosso servi\u00e7o no local: Apoio individual de t\u00e9cnicos, coordena\u00e7\u00e3o de eventos, catering, est\u00fadio de ecr\u00e3 verde, espa\u00e7os de coworking, lounge.<\/p>\n<p><img decoding=\"async\" class=\"alignleft size-full wp-image-18760\" src=\"https:\/\/konferenztechnik.de\/wp-content\/uploads\/2022\/01\/koep-1.jpg\" alt=\"Dolmetsch Hubs - PCS GmbH K\u00f6penicker Stra\u00dfe 154\" title=\"\"><\/p>\n<div class=\"small-text\">\n<h2 class=\"pcs-color\">Endere\u00e7o<\/h2>\n<p>K\u00f6penicker Stra\u00dfe 154<br \/>\nCasa J<br \/>\n10997 Berlim<br \/>\nTel. <a href=\"\/pt\/tel&quot;+49306959690\/\"><b>+49 30 6959690 0<\/b><\/a><br \/>\n<span class=\"volleansicht\">correio eletr\u00f3nico: <a href=\"mailto:berlin@konferenztechnik.de\">berlin@konferenztechnik.de<\/a><\/span><br \/>\n<span class=\"mobileansicht\">correio eletr\u00f3nico: <a href=\"mailto:berlin@konferenztechnik.de\">escrever<\/a><\/span><\/p>\n<h2 class=\"pcs-color\">Abordagem<\/h2>\n<p>A melhor forma de chegar at\u00e9 n\u00f3s \u00e9 a partir das esta\u00e7\u00f5es Ostbahnhof (S-Bahn, comboio regional), U Heinrich-Heine-Stra\u00dfe (U-Bahn) ou Bethaniendamm (autocarro).<\/p>\n<p><b>De Ostbahnhof<\/b><\/p>\n<ul>\n<li>Fica a 900 metros a p\u00e9, cerca de 10 minutos.<\/li>\n<li>Apanhar o autocarro 140 em dire\u00e7\u00e3o a U Mehringdamm, uma paragem para Bethaniendamm.<\/li>\n<li>Apanhar o autocarro 147 em dire\u00e7\u00e3o a U Leopoldplatz, uma paragem para Bethaniendamm.<\/li>\n<li>Em alternativa, pode utilizar t\u00e1xis, Uber, Freenow, trotinetas electr\u00f3nicas ou partilha de bicicletas.<\/li>\n<\/ul>\n<p><b>Da esta\u00e7\u00e3o de metro Heinrich Heine Stra\u00dfe (U8)<\/b><\/p>\n<ul>\n<li>\u00c9 uma caminhada de 1000m, cerca de 12 minutos.<\/li>\n<li>Apanhar o autocarro 265 em dire\u00e7\u00e3o a S Sch\u00f6neweide, tr\u00eas paragens at\u00e9 Bethaniendamm.<\/li>\n<li>Apanhe o autocarro 147 em dire\u00e7\u00e3o a S Ostbahnhof e fa\u00e7a tr\u00eas paragens at\u00e9 Bethaniendamm.<\/li>\n<li>Em alternativa, pode utilizar t\u00e1xis, Uber, Freenow, trotinetas electr\u00f3nicas ou partilha de bicicletas.<\/li>\n<\/ul>\n<p>Existem seis lugares de estacionamento gratuitos dispon\u00edveis no nosso p\u00e1tio. Se estes estiverem cheios, pode estacionar gratuitamente nos espa\u00e7os p\u00fablicos da zona circundante.<\/p>\n<p>Est\u00e3o dispon\u00edveis suportes de bloqueio para bicicletas no animado p\u00e1tio interior.<\/p>\n<ul>\n<li>Apanhe o comboio expresso regional RE7 diretamente do Terminal 1-2 para Ostbahnhof. A partir de Ostbahnhof, pode chegar at\u00e9 n\u00f3s conforme descrito acima.<\/li>\n<li>Apanhe o comboio expresso do aeroporto FEX diretamente do Terminal 1-2 para Ostkreuz e depois apanhe o S-Bahn (S 41, S3, S5, S7, RE1) uma paragem at\u00e9 Ostbahnhof. A partir de Ostbahnhof, pode chegar at\u00e9 n\u00f3s conforme descrito acima.<\/li>\n<\/ul>\n<\/div>","protected":false},"excerpt":{"rendered":"<p>PCS Dolmetschstudios Berlin K\u00f6penicker Stra\u00dfe 154 An unserem neuen Standort entstehen aktuell moderne Dolmetschstudios, zentral gelegen, professionell und komfortabel. Mit \u00fcber 50 Arbeitspl\u00e4tzen ist dies der gr\u00f6\u00dfte Dolmetsch-Hub f\u00fcr Simultandolmetschen in Deutschland: DSGVO-konformes Streaming zu Konferenzen, Events, Broadcaststudios, Tagungen und Videokonferenzen. Unser Service vor Ort: Individuelle Betreuung durch Techniker:innen, Eventkoordination, Catering, Greenscreenstudio, Coworking-Spaces, Lounge. Adresse [&hellip;]<\/p>","protected":false},"author":1,"featured_media":45482,"parent":0,"menu_order":0,"comment_status":"closed","ping_status":"closed","template":"","meta":{"_acf_changed":false,"footnotes":""},"class_list":["post-18772","page","type-page","status-publish","has-post-thumbnail","hentry"],"acf":[],"_links":{"self":[{"href":"https:\/\/konferenztechnik.de\/pt\/wp-json\/wp\/v2\/pages\/18772","targetHints":{"allow":["GET"]}}],"collection":[{"href":"https:\/\/konferenztechnik.de\/pt\/wp-json\/wp\/v2\/pages"}],"about":[{"href":"https:\/\/konferenztechnik.de\/pt\/wp-json\/wp\/v2\/types\/page"}],"author":[{"embeddable":true,"href":"https:\/\/konferenztechnik.de\/pt\/wp-json\/wp\/v2\/users\/1"}],"replies":[{"embeddable":true,"href":"https:\/\/konferenztechnik.de\/pt\/wp-json\/wp\/v2\/comments?post=18772"}],"version-history":[{"count":0,"href":"https:\/\/konferenztechnik.de\/pt\/wp-json\/wp\/v2\/pages\/18772\/revisions"}],"wp:featuredmedia":[{"embeddable":true,"href":"https:\/\/konferenztechnik.de\/pt\/wp-json\/wp\/v2\/media\/45482"}],"wp:attachment":[{"href":"https:\/\/konferenztechnik.de\/pt\/wp-json\/wp\/v2\/media?parent=18772"}],"curies":[{"name":"wp","href":"https:\/\/api.w.org\/{rel}","templated":true}]}}