{"id":1899,"date":"2013-09-06T11:43:05","date_gmt":"2013-09-06T09:43:05","guid":{"rendered":"https:\/\/konferenztechnik.de\/?page_id=1899"},"modified":"2013-09-06T11:43:05","modified_gmt":"2013-09-06T09:43:05","slug":"sistemas-de-orientacao-sennheiser","status":"publish","type":"page","link":"https:\/\/konferenztechnik.de\/pt\/distribuicao-de-tecnologia-de-conferencia-e-de-meios-de-comunicacao-av\/sistemas-de-orientacao-sennheiser\/","title":{"rendered":"Sistemas de orienta\u00e7\u00e3o Sennheiser"},"content":{"rendered":"<h1>Sistemas de guia e sistemas de guia tur\u00edstico da Sennheiser<\/h1>\n<p>Um sistema TourGuide da Sennheiser \u00e9 o meio ideal para visitas a f\u00e1bricas e a cidades, desde que o grupo a guiar ultrapasse um certo n\u00famero de pessoas e desde que o ru\u00eddo ambiente \u2013 como, por exemplo, nas instala\u00e7\u00f5es de produ\u00e7\u00e3o \u2013 seja t\u00e3o elevado que j\u00e1 n\u00e3o seja poss\u00edvel comunicar sem essa ajuda.<\/p>\n<p>Eis as carater\u00edsticas deste sistema TourGuide em pormenor:<\/p>\n<ul>\n<li>6 canais na gama de frequ\u00eancias europeia sem licen\u00e7a: 863-865 MHz<\/li>\n<li>Tecnologia de transmiss\u00e3o de r\u00e1dio digital<\/li>\n<li>Manuseamento e opera\u00e7\u00e3o muito f\u00e1ceis<\/li>\n<li>Caixa do transmissor port\u00e1til robusta e comprovada<\/li>\n<li>Ideal para ambientes ruidosos<\/li>\n<li>Ecr\u00e3 retroiluminado com indicador<\/li>\n<li>Defini\u00e7\u00e3o simples do canal<\/li>\n<li>Indica\u00e7\u00e3o do estado da bateria<\/li>\n<\/ul>\n<p>[spacer size=\"20\u2033]<br \/>\n[separadores estilo=\"1\u2033]<br \/>\n[title=\"Artigo\"]<\/p>\n<h2>Recetor do apoio de queixo HDE 2020-D<\/h2>\n<p>[column size=\"2-5\u2033 last=\"0\u2033]<\/p>\n<p><a href=\"https:\/\/konferenztechnik.de\/wp-content\/uploads\/2013\/09\/TourGuide_Empfaenger_HDE2020-D_gross.jpg\"><img fetchpriority=\"high\" decoding=\"async\" width=\"410\" height=\"497\" src=\"https:\/\/konferenztechnik.de\/wp-content\/uploads\/2013\/09\/TourGuide_Empfaenger_HDE2020-D_gross.jpg\" alt=\"Recetor Sennheiser TourGuide HDE2020-D\" class=\"alignnone size-full wp-image-1905\" title=\"\" srcset=\"https:\/\/konferenztechnik.de\/wp-content\/uploads\/2013\/09\/TourGuide_Empfaenger_HDE2020-D_gross.jpg 410w, https:\/\/konferenztechnik.de\/wp-content\/uploads\/2013\/09\/TourGuide_Empfaenger_HDE2020-D_gross-247x300.jpg 247w\" sizes=\"(max-width: 410px) 100vw, 410px\" \/><\/a><\/p>\n<p>[\/coluna]<br \/>\n[column size=\"3-5\u2033 last=\"1\u2033]<br \/>\nO HDE 2020-D \u00e9 um auricular confort\u00e1vel de usar do sistema TourGuide 2020-D da Sennheiser. \u00c9 um recetor e um auricular num s\u00f3 \u2013 sem quaisquer cabos inc\u00f3modos. A bateria recarreg\u00e1vel dos auscultadores proporciona at\u00e9 8 horas de funcionamento para visitas t\u00edpicas a f\u00e1bricas e a cidades. Um visor LCD incorporado fornece informa\u00e7\u00f5es sobre o volume, a qualidade da rece\u00e7\u00e3o, o estado da bateria e o canal de rece\u00e7\u00e3o selecionado.<br \/>\n[\/coluna]<br \/>\n[\/tab]<br \/>\n[\/tabs]<\/p>\n<p>[spacer size=\"20\u2033]<br \/>\n[separadores estilo=\"1\u2033]<br \/>\n[title=\"Artigo\"]<\/p>\n<h2>Recetor de bolso EK 2020-D<\/h2>\n<p>[column size=\"2-5\u2033 last=\"0\u2033]<\/p>\n<p><a href=\"https:\/\/konferenztechnik.de\/wp-content\/uploads\/2013\/09\/sennheiser-tourguide-EK_2020-D_gross.jpg\"><img decoding=\"async\" width=\"275\" height=\"413\" src=\"https:\/\/konferenztechnik.de\/wp-content\/uploads\/2013\/09\/sennheiser-tourguide-EK_2020-D_gross.jpg\" alt=\"Sennheiser Tourguide EK2020-D\" class=\"alignnone size-full wp-image-1907\" title=\"\" srcset=\"https:\/\/konferenztechnik.de\/wp-content\/uploads\/2013\/09\/sennheiser-tourguide-EK_2020-D_gross.jpg 275w, https:\/\/konferenztechnik.de\/wp-content\/uploads\/2013\/09\/sennheiser-tourguide-EK_2020-D_gross-200x300.jpg 200w\" sizes=\"(max-width: 275px) 100vw, 275px\" \/><\/a><br \/>\n[\/coluna]<br \/>\n[column size=\"3-5\u2033 last=\"1\u2033]<br \/>\nO EK 2020-D \u00e9 um recetor de bolso que pode ser utilizado com auscultadores individuais ou com um la\u00e7o de indu\u00e7\u00e3o. \u00c9 ideal para utiliza\u00e7\u00e3o com assist\u00eancia auditiva, orienta\u00e7\u00e3o pessoal ou em confer\u00eancias. O recetor pode ser utilizado em combina\u00e7\u00e3o com aparelhos auditivos com uma bobina em T.<br \/>\n[\/coluna]<br \/>\n[\/tab]<br \/>\n[title=\"Pormenores t\u00e9cnicos\"]<\/p>\n<h2>Recetor de bolso EK 2020-D<\/h2>\n<p>O alcance de rece\u00e7\u00e3o do EK 2020-D \u00e9 de cerca de 50 metros no exterior e de cerca de 100 metros no interior. O volume, a qualidade de rece\u00e7\u00e3o, o estado da bateria e o canal de rece\u00e7\u00e3o podem ser lidos num ecr\u00e3 LCD. Tamb\u00e9m pode ser utilizado em funcionamento misto com os receptores de queixo HDE 2020-D sem qualquer problema.<\/p>\n<ul>\n<li>Escolha livre de auscultadores ou utiliza\u00e7\u00e3o de la\u00e7o de indu\u00e7\u00e3o<\/li>\n<li>16 horas de autonomia da bateria<\/li>\n<li>Transmiss\u00e3o digital de sinais HF<\/li>\n<li>Ecr\u00e3 LCD retroiluminado<\/li>\n<li>Possibilidade de funcionamento misto com o recetor de queixo HDE 2020-D<\/li>\n<\/ul>\n<p>[\/tab]<br \/>\n[\/tabs]<br \/>\n[spacer size=\"20\u2033]<br \/>\n[separadores estilo=\"1\u2033]<br \/>\n[title=\"Artigo\"]<\/p>\n<h2>Transmissor de m\u00e3o SKM 2020-D<\/h2>\n<p>[column size=\"2-5\u2033 last=\"0\u2033]<\/p>\n<p><a href=\"https:\/\/konferenztechnik.de\/wp-content\/uploads\/2013\/09\/TourGuide_Handsender_SKM2020-D_gross.jpg\"><img decoding=\"async\" width=\"527\" height=\"198\" src=\"https:\/\/konferenztechnik.de\/wp-content\/uploads\/2013\/09\/TourGuide_Handsender_SKM2020-D_gross.jpg\" alt=\"Transmissor de m\u00e3o TourGuide SKM2020-D\" class=\"alignnone size-full wp-image-1909\" title=\"\" srcset=\"https:\/\/konferenztechnik.de\/wp-content\/uploads\/2013\/09\/TourGuide_Handsender_SKM2020-D_gross.jpg 527w, https:\/\/konferenztechnik.de\/wp-content\/uploads\/2013\/09\/TourGuide_Handsender_SKM2020-D_gross-300x113.jpg 300w\" sizes=\"(max-width: 527px) 100vw, 527px\" \/><\/a><br \/>\n[\/coluna]<br \/>\n[column size=\"3-5\u2033 last=\"1\u2033]<\/p>\n<p>O emissor manual SKM 2020-D para o sistema TourGuide oferece um alcance de at\u00e9 100 metros em exteriores e cerca de 50 metros em interiores.<\/p>\n<p>O transmissor \u00e9 f\u00e1cil e c\u00f3modo de utilizar. O ecr\u00e3 retroiluminado mostra o canal de transmiss\u00e3o e o estado da bateria. A bateria recarreg\u00e1vel permite efetuar rondas com uma dura\u00e7\u00e3o de at\u00e9 8 horas. No final de cada ronda, pode ser rapidamente recarregada na caixa de carregamento EZL 2020-20L. <\/p>\n<p>[\/coluna]<br \/>\n[\/tab]<br \/>\n[\/tabs]<br \/>\n[spacer size=\"20\u2033]<br \/>\n[separadores estilo=\"1\u2033]<br \/>\n[title=\"Artigo\"]<\/p>\n<h2>Transmissor de bolso SK 2020-D<\/h2>\n<p>[column size=\"2-5\u2033 last=\"0\u2033]<\/p>\n<p><a href=\"https:\/\/konferenztechnik.de\/wp-content\/uploads\/2013\/09\/TourGuide_Taschensender_SK2020-D_gross.jpg\"><img loading=\"lazy\" decoding=\"async\" width=\"280\" height=\"420\" src=\"https:\/\/konferenztechnik.de\/wp-content\/uploads\/2013\/09\/TourGuide_Taschensender_SK2020-D_gross.jpg\" alt=\"Transmissor de cinto de seguran\u00e7a Sennheiser TourGuide SK2020-D\" class=\"alignnone size-full wp-image-1911\" title=\"\" srcset=\"https:\/\/konferenztechnik.de\/wp-content\/uploads\/2013\/09\/TourGuide_Taschensender_SK2020-D_gross.jpg 280w, https:\/\/konferenztechnik.de\/wp-content\/uploads\/2013\/09\/TourGuide_Taschensender_SK2020-D_gross-200x300.jpg 200w\" sizes=\"(max-width: 280px) 100vw, 280px\" \/><\/a><br \/>\n[\/coluna]<br \/>\n[column size=\"3-5\u2033 last=\"1\u2033]<\/p>\n<p>O transmissor de cinto TourGuide SK 2020-D, em combina\u00e7\u00e3o com um microfone de auricular ou um microfone de encaixe, d\u00e1-lhe a m\u00e1xima liberdade de movimentos durante a visita. Pode explicar um objeto ou demonstrar um objeto com as duas m\u00e3os \u00e0 vontade.<\/p>\n<p>Tamb\u00e9m pode utilizar a entrada de linha do transmissor para gravar fontes de \u00e1udio externas enquanto continua a falar ou silenciar o microfone. O funcionamento do transmissor \u00e9 muito intuitivo e o visor retroiluminado informa-o sobre a defini\u00e7\u00e3o do canal, o estado das pilhas e o volume da entrada de microfone e da entrada de linha. Com a sua caixa met\u00e1lica, o transmissor \u00e9 tamb\u00e9m muito robusto.<\/p>\n<p>[\/coluna]<br \/>\n[\/tab]<br \/>\n[\/tabs]<br \/>\n[spacer size=\"20\u2033]<\/p>\n<p>[separadores estilo=\"1\u2033]<br \/>\n[title=\"Artigo\"]<\/p>\n<h2> Microfone para auricular HS 2<\/h2>\n<p>[column size=\"2-5\u2033 last=\"0\u2033]<\/p>\n<p><a href=\"https:\/\/konferenztechnik.de\/wp-content\/uploads\/2013\/09\/Kopfbuegelmikrofon_HS2_gross.jpg\"><img loading=\"lazy\" decoding=\"async\" width=\"544\" height=\"413\" src=\"https:\/\/konferenztechnik.de\/wp-content\/uploads\/2013\/09\/Kopfbuegelmikrofon_HS2_gross.jpg\" alt=\"Microfone para auscultadores Sennheiser HS2\" class=\"alignnone size-full wp-image-1913\" title=\"\" srcset=\"https:\/\/konferenztechnik.de\/wp-content\/uploads\/2013\/09\/Kopfbuegelmikrofon_HS2_gross.jpg 544w, https:\/\/konferenztechnik.de\/wp-content\/uploads\/2013\/09\/Kopfbuegelmikrofon_HS2_gross-300x228.jpg 300w\" sizes=\"(max-width: 544px) 100vw, 544px\" \/><\/a><br \/>\n[\/coluna]<br \/>\n[column size=\"3-5\u2033 last=\"1\u2033]<\/p>\n<p>O HS 2 \u00e9 um microfone para auscultadores com um cabo de carregamento em a\u00e7o e uma ficha especial. O microfone de condensador omnidirecional satisfaz as mais elevadas exig\u00eancias em termos de qualidade de som e robustez. \u00c9 adequado para a transmiss\u00e3o de voz e discurso em todas as \u00e1reas da tecnologia de radiodifus\u00e3o e \u00e9 um complemento ideal para o transmissor bodypack SK 2020-D acima mencionado.<\/p>\n<p>[\/coluna]<br \/>\n[\/tab]<br \/>\n[\/tabs]<br \/>\n[spacer size=\"20\u2033]<br \/>\n[separadores estilo=\"1\u2033]<br \/>\n[title=\"Artigo\"]<\/p>\n<h2>Mala de transporte e carregamento EZL 2020-D<\/h2>\n<p>[column size=\"2-5\u2033 last=\"0\u2033]<\/p>\n<p><a href=\"https:\/\/konferenztechnik.de\/wp-content\/uploads\/2013\/09\/TourGuide_Ladekoffer_EZL2020-20L_gross.jpg\"><img loading=\"lazy\" decoding=\"async\" width=\"410\" height=\"454\" src=\"https:\/\/konferenztechnik.de\/wp-content\/uploads\/2013\/09\/TourGuide_Ladekoffer_EZL2020-20L_gross.jpg\" alt=\"Estojo de carregamento Sennheiser TourGuide_EZL2020-20L\" class=\"alignnone size-full wp-image-1915\" title=\"\" srcset=\"https:\/\/konferenztechnik.de\/wp-content\/uploads\/2013\/09\/TourGuide_Ladekoffer_EZL2020-20L_gross.jpg 410w, https:\/\/konferenztechnik.de\/wp-content\/uploads\/2013\/09\/TourGuide_Ladekoffer_EZL2020-20L_gross-271x300.jpg 271w\" sizes=\"(max-width: 410px) 100vw, 410px\" \/><\/a><br \/>\n[\/coluna]<br \/>\n[column size=\"3-5\u2033 last=\"1\u2033]<\/p>\n<p>O pr\u00e1tico estojo de carregamento EZL 2020-20L serve como local de armazenamento para todo o equipamento e como esta\u00e7\u00e3o de carregamento para o auscultador e o transmissor. Existem 20 ranhuras de carregamento para os auscultadores de queixo e duas ranhuras de carregamento para o transmissor e respectiva bateria. O bot\u00e3o verde \"Copiar\" poupa muito trabalho: basta definir um recetor para o canal de rece\u00e7\u00e3o pretendido, premir o bot\u00e3o e todos os receptores utilizados s\u00e3o automaticamente definidos para a mesma frequ\u00eancia e um volume m\u00e9dio. <\/p>\n<p>[\/coluna]<br \/>\n[\/tab]<br \/>\n[\/tabs]<br \/>\n[spacer size=\"20\u2033]<\/p>","protected":false},"excerpt":{"rendered":"<p>F\u00fchrungsanlagen und Tourguide Systeme der Firma Sennheiser Eine Sennheiser-TourGuide-Anlage ist das ideale Medium f\u00fcr Werksf\u00fchrungen und Stadtbesichtigungen, sobald die zu f\u00fchrende Gruppe eine bestimmte Personenzahl \u00fcberschritten hat und sobald die Umgebungsger\u00e4usche &#8211; wie in Produktionsst\u00e4tten &#8211; so hoch sind, dass man sich ohne ein solches Hilfmittel nicht mehr verst\u00e4ndigen kann. Hier die Merkmale dieser TourGuide-Anlage [&hellip;]<\/p>","protected":false},"author":1,"featured_media":45482,"parent":3614,"menu_order":153,"comment_status":"closed","ping_status":"open","template":"page-right-sidebar.php","meta":{"_acf_changed":false,"footnotes":""},"class_list":["post-1899","page","type-page","status-publish","has-post-thumbnail","hentry"],"acf":[],"_links":{"self":[{"href":"https:\/\/konferenztechnik.de\/pt\/wp-json\/wp\/v2\/pages\/1899","targetHints":{"allow":["GET"]}}],"collection":[{"href":"https:\/\/konferenztechnik.de\/pt\/wp-json\/wp\/v2\/pages"}],"about":[{"href":"https:\/\/konferenztechnik.de\/pt\/wp-json\/wp\/v2\/types\/page"}],"author":[{"embeddable":true,"href":"https:\/\/konferenztechnik.de\/pt\/wp-json\/wp\/v2\/users\/1"}],"replies":[{"embeddable":true,"href":"https:\/\/konferenztechnik.de\/pt\/wp-json\/wp\/v2\/comments?post=1899"}],"version-history":[{"count":0,"href":"https:\/\/konferenztechnik.de\/pt\/wp-json\/wp\/v2\/pages\/1899\/revisions"}],"up":[{"embeddable":true,"href":"https:\/\/konferenztechnik.de\/pt\/wp-json\/wp\/v2\/pages\/3614"}],"wp:featuredmedia":[{"embeddable":true,"href":"https:\/\/konferenztechnik.de\/pt\/wp-json\/wp\/v2\/media\/45482"}],"wp:attachment":[{"href":"https:\/\/konferenztechnik.de\/pt\/wp-json\/wp\/v2\/media?parent=1899"}],"curies":[{"name":"wp","href":"https:\/\/api.w.org\/{rel}","templated":true}]}}