{"id":19369,"date":"2022-05-23T09:23:19","date_gmt":"2022-05-23T08:23:19","guid":{"rendered":"https:\/\/www.konferenztechnik.de\/?page_id=19369"},"modified":"2023-09-01T14:05:50","modified_gmt":"2023-09-01T12:05:50","slug":"produtos-personalizados-manutencao-e-reparacao-2","status":"publish","type":"page","link":"https:\/\/konferenztechnik.de\/pt\/produtos-personalizados-manutencao-e-reparacao-2\/","title":{"rendered":"Produtos personalizados, manuten\u00e7\u00e3o e repara\u00e7\u00e3o"},"content":{"rendered":"<h1>Produtos personalizados, manuten\u00e7\u00e3o e repara\u00e7\u00e3o<\/h1>\n<p>[rev_slider produtos personalizados].<br \/>\n[spacer size=\"20\u2033]<\/p>\n<p>O nosso pessoal qualificado e a nossa oficina bem equipada est\u00e3o \u00e0 sua disposi\u00e7\u00e3o para assist\u00eancia p\u00f3s-venda, manuten\u00e7\u00e3o e repara\u00e7\u00f5es.<\/p>\n<p>Tamb\u00e9m criamos solu\u00e7\u00f5es personalizadas para instala\u00e7\u00f5es e vendas. Oferecemos solu\u00e7\u00f5es multim\u00e9dia personalizadas e de alta qualidade, adaptadas \u00e0s suas ideias, especifica\u00e7\u00f5es visuais e directrizes de design corporativo, planeadas pelos nossos engenheiros e implementadas com per\u00edcia.<\/p>\n<p>[column size=\"1-2\u2033 last=\"0\u2033]<br \/>\n<a href=\"https:\/\/konferenztechnik.de\/wp-content\/uploads\/2013\/08\/sonderanfertigung01.jpg\"><img fetchpriority=\"high\" decoding=\"async\" src=\"https:\/\/konferenztechnik.de\/wp-content\/uploads\/2013\/08\/sonderanfertigung01.jpg\" alt=\"personalizado01\" width=\"470\" height=\"400\" class=\"alignnone size-full wp-image-1610\" title=\"\" srcset=\"https:\/\/konferenztechnik.de\/wp-content\/uploads\/2013\/08\/sonderanfertigung01.jpg 470w, https:\/\/konferenztechnik.de\/wp-content\/uploads\/2013\/08\/sonderanfertigung01-300x255.jpg 300w\" sizes=\"(max-width: 470px) 100vw, 470px\" \/><\/a><br \/>\n[\/coluna]<\/p>\n<p>[column size=\"1-2\u2033 last=\"1\u2033]<br \/>\n<a href=\"https:\/\/konferenztechnik.de\/wp-content\/uploads\/2013\/08\/sonderanfertigung02.jpg\"><img decoding=\"async\" src=\"https:\/\/konferenztechnik.de\/wp-content\/uploads\/2013\/08\/sonderanfertigung02.jpg\" alt=\"personalizado02\" width=\"470\" height=\"400\" class=\"alignnone size-full wp-image-1611\" title=\"\" srcset=\"https:\/\/konferenztechnik.de\/wp-content\/uploads\/2013\/08\/sonderanfertigung02.jpg 470w, https:\/\/konferenztechnik.de\/wp-content\/uploads\/2013\/08\/sonderanfertigung02-300x255.jpg 300w\" sizes=\"(max-width: 470px) 100vw, 470px\" \/><\/a><br \/>\n[\/coluna]<\/p>\n<p>[column size=\"1-2\u2033 last=\"0\u2033]<br \/>\n<a href=\"https:\/\/konferenztechnik.de\/wp-content\/uploads\/2013\/08\/sonderanfertigung03.jpg\"><img decoding=\"async\" src=\"https:\/\/konferenztechnik.de\/wp-content\/uploads\/2013\/08\/sonderanfertigung03.jpg\" alt=\"personalizado03\" width=\"470\" height=\"400\" class=\"alignnone size-full wp-image-1612\" title=\"\" srcset=\"https:\/\/konferenztechnik.de\/wp-content\/uploads\/2013\/08\/sonderanfertigung03.jpg 470w, https:\/\/konferenztechnik.de\/wp-content\/uploads\/2013\/08\/sonderanfertigung03-300x255.jpg 300w\" sizes=\"(max-width: 470px) 100vw, 470px\" \/><\/a><br \/>\n[\/coluna]<\/p>\n<p>[column size=\"1-2\u2033 last=\"1\u2033]<br \/>\n<a href=\"https:\/\/konferenztechnik.de\/wp-content\/uploads\/2013\/08\/sonderanfertigung04.jpg\"><img loading=\"lazy\" decoding=\"async\" src=\"https:\/\/konferenztechnik.de\/wp-content\/uploads\/2013\/08\/sonderanfertigung04.jpg\" alt=\"personalizado04\" width=\"470\" height=\"400\" class=\"alignnone size-full wp-image-1613\" title=\"\" srcset=\"https:\/\/konferenztechnik.de\/wp-content\/uploads\/2013\/08\/sonderanfertigung04.jpg 470w, https:\/\/konferenztechnik.de\/wp-content\/uploads\/2013\/08\/sonderanfertigung04-300x255.jpg 300w\" sizes=\"(max-width: 470px) 100vw, 470px\" \/><\/a><br \/>\n[\/coluna]<\/p>\n<p>Precisa de uma anilha para o seu sistema de confer\u00eancia de 1950 ou de um microfone na cor da sua empresa? Fale com o nosso departamento de personaliza\u00e7\u00e3o e repara\u00e7\u00e3o. Mesmo os pedidos mais invulgares s\u00e3o a nossa atividade di\u00e1ria.<\/p>\n<p>[spacer size=\"30\u2033]<\/p>\n<h1>Pessoa de contacto<\/h1>\n<p>[spacer size=\"20\u2033]<br \/>\n[column size=\"1-2\u2033 last=\"0\u2033]<br \/>\n[separadores estilo=\"2\u2033]<br \/>\n[title=\"Acess\u00f3rios para confer\u00eancias, elevadores de v\u00eddeo, manuten\u00e7\u00e3o e repara\u00e7\u00e3o\"]<br \/>\n<img decoding=\"async\" src=\"https:\/\/konferenztechnik.de\/wp-content\/uploads\/2013\/09\/sebastian_spree_pcs-gmbh2.jpg\" alt=\"Sebastian Spree\" class=\"alignleft size-full wp-image-2315\" title=\"\"><\/p>\n<p>Sebastian Spree<br \/>\nConsultor de projectos<br \/>\nTelefone +49 211 737798 24<br \/>\ncorreio eletr\u00f3nico <a href=\"mailto:spree@konferenztechnik.de\">spree@konferenztechnik.de<\/a><br \/>\nC\u00f3digo QR <a href=\"https:\/\/konferenztechnik.de\/wp-content\/uploads\/2013\/09\/sebastian_spree_qrcode.png\">&#x9B; mostrar<\/a><\/p>\n<p>[\/tab]<br \/>\n[\/tabs]<br \/>\n[\/coluna]<br \/>\n[column size=\"1-2\u2033 last=\"1\u2033]<\/p>\n<div class=\"weiterlinks2\">\n[separadores estilo=\"2\u2033]<br \/>\n[title=\"Outras liga\u00e7\u00f5es\"]<\/p>\n<ul>\n<li>&#x9B; <a href=\"\/pt\/sobre-nos\/lista-de-referencias-instalacao\/\" title=\"Refer\u00eancias\">Refer\u00eancias Instala\u00e7\u00e3o e integra\u00e7\u00e3o<\/a><\/li>\n<li>&#x9B; <a href=\"\/pt\/sobre-nos\/10-boas-razoes-para-os-pcs\/\" title=\"10 boas raz\u00f5es para o PCS\">10 boas raz\u00f5es para o PCS<\/a><\/li>\n<li>\u203a <a title=\"Distribui\u00e7\u00e3o de tecnologia de confer\u00eancia e de meios de comunica\u00e7\u00e3o\" href=\"\/pt\/servicos-2\/conferencia-de-vendas-e-tecnologia-multimedia\/\">Distribui\u00e7\u00e3o de tecnologia de confer\u00eancia e de meios de comunica\u00e7\u00e3o<\/a><\/li>\n<\/ul>\n<\/div>\n<p>[\/tab]<br \/>\n[\/tabs]<br \/>\n[\/coluna]<br \/>\n[spacer size=\"30\u2033]<\/p>","protected":false},"excerpt":{"rendered":"<p>Produtos personalizados, manuten\u00e7\u00e3o e repara\u00e7\u00f5es [rev_slider sonderanfertigungen] [spacer size=\"20\u2033] O nosso pessoal formado e a nossa oficina bem equipada est\u00e3o \u00e0 sua disposi\u00e7\u00e3o para manuten\u00e7\u00e3o e repara\u00e7\u00f5es no apoio p\u00f3s-venda. \u00c9 tamb\u00e9m aqui que s\u00e3o criadas solu\u00e7\u00f5es personalizadas para instala\u00e7\u00f5es e vendas. Oferecemos solu\u00e7\u00f5es multim\u00e9dia personalizadas e de alta qualidade, adaptadas \u00e0s suas ideias, especifica\u00e7\u00f5es visuais e diretrizes de design empresarial, planeadas pelos nossos engenheiros e implementadas com per\u00edcia. [...]<\/p>","protected":false},"author":1,"featured_media":45482,"parent":0,"menu_order":0,"comment_status":"closed","ping_status":"closed","template":"","meta":{"_acf_changed":false,"footnotes":""},"class_list":["post-19369","page","type-page","status-publish","has-post-thumbnail","hentry"],"acf":[],"_links":{"self":[{"href":"https:\/\/konferenztechnik.de\/pt\/wp-json\/wp\/v2\/pages\/19369","targetHints":{"allow":["GET"]}}],"collection":[{"href":"https:\/\/konferenztechnik.de\/pt\/wp-json\/wp\/v2\/pages"}],"about":[{"href":"https:\/\/konferenztechnik.de\/pt\/wp-json\/wp\/v2\/types\/page"}],"author":[{"embeddable":true,"href":"https:\/\/konferenztechnik.de\/pt\/wp-json\/wp\/v2\/users\/1"}],"replies":[{"embeddable":true,"href":"https:\/\/konferenztechnik.de\/pt\/wp-json\/wp\/v2\/comments?post=19369"}],"version-history":[{"count":0,"href":"https:\/\/konferenztechnik.de\/pt\/wp-json\/wp\/v2\/pages\/19369\/revisions"}],"wp:featuredmedia":[{"embeddable":true,"href":"https:\/\/konferenztechnik.de\/pt\/wp-json\/wp\/v2\/media\/45482"}],"wp:attachment":[{"href":"https:\/\/konferenztechnik.de\/pt\/wp-json\/wp\/v2\/media?parent=19369"}],"curies":[{"name":"wp","href":"https:\/\/api.w.org\/{rel}","templated":true}]}}