{"id":19439,"date":"2022-06-09T09:54:33","date_gmt":"2022-06-09T08:54:33","guid":{"rendered":"https:\/\/www.konferenztechnik.de\/?page_id=19439"},"modified":"2023-12-05T15:51:28","modified_gmt":"2023-12-05T14:51:28","slug":"sustentabilidade","status":"publish","type":"page","link":"https:\/\/konferenztechnik.de\/pt\/sustentabilidade\/","title":{"rendered":"Sustentabilidade"},"content":{"rendered":"<div data-elementor-type=\"wp-page\" data-elementor-id=\"19439\" class=\"elementor elementor-19439\" data-elementor-post-type=\"page\">\n\t\t\t\t<div data-particle_enable=\"false\" data-particle-mobile-disabled=\"false\" class=\"elementor-element elementor-element-eeb9d57 e-flex e-con-boxed e-con e-parent\" data-id=\"eeb9d57\" data-element_type=\"container\">\n\t\t\t\t\t<div class=\"e-con-inner\">\n\t\t<div data-particle_enable=\"false\" data-particle-mobile-disabled=\"false\" class=\"elementor-element elementor-element-3b6def5 e-flex e-con-boxed e-con e-child\" data-id=\"3b6def5\" data-element_type=\"container\">\n\t\t\t\t\t<div class=\"e-con-inner\">\n\t\t\t\t<div class=\"elementor-element elementor-element-4ec1e57 elementor-widget elementor-widget-heading\" data-id=\"4ec1e57\" data-element_type=\"widget\" data-widget_type=\"heading.default\">\n\t\t\t\t<div class=\"elementor-widget-container\">\n\t\t\t\t\t<h1 class=\"elementor-heading-title elementor-size-default\">Sustentabilidade e responsabilidade<\/h1>\t\t\t\t<\/div>\n\t\t\t\t<\/div>\n\t\t<div data-particle_enable=\"false\" data-particle-mobile-disabled=\"false\" class=\"elementor-element elementor-element-d1db775 e-flex e-con-boxed e-con e-child\" data-id=\"d1db775\" data-element_type=\"container\">\n\t\t\t\t\t<div class=\"e-con-inner\">\n\t\t<div data-particle_enable=\"false\" data-particle-mobile-disabled=\"false\" class=\"elementor-element elementor-element-1594635 e-con-full e-flex e-con e-child\" data-id=\"1594635\" data-element_type=\"container\">\n\t\t\t\t<div class=\"elementor-element elementor-element-e4e001b elementor-widget__width-auto elementor-widget elementor-widget-image\" data-id=\"e4e001b\" data-element_type=\"widget\" data-widget_type=\"image.default\">\n\t\t\t\t<div class=\"elementor-widget-container\">\n\t\t\t\t\t\t\t\t\t\t\t\t\t\t\t<img decoding=\"async\" width=\"300\" height=\"108\" src=\"https:\/\/konferenztechnik.de\/wp-content\/uploads\/2023\/02\/SUSTAINABLE_MEETINGS_BERLIN_Logo_RGB_High_Performer-scaled-1-300x108.jpg\" class=\"attachment-medium size-medium wp-image-20390\" alt=\"A PCS tem um desempenho elevado no \u00e2mbito do SUSTAINABLE MEETINGS_BERLIN\" srcset=\"https:\/\/konferenztechnik.de\/wp-content\/uploads\/2023\/02\/SUSTAINABLE_MEETINGS_BERLIN_Logo_RGB_High_Performer-scaled-1-300x108.jpg 300w, https:\/\/konferenztechnik.de\/wp-content\/uploads\/2023\/02\/SUSTAINABLE_MEETINGS_BERLIN_Logo_RGB_High_Performer-scaled-1-1024x368.jpg 1024w, https:\/\/konferenztechnik.de\/wp-content\/uploads\/2023\/02\/SUSTAINABLE_MEETINGS_BERLIN_Logo_RGB_High_Performer-scaled-1-768x276.jpg 768w, https:\/\/konferenztechnik.de\/wp-content\/uploads\/2023\/02\/SUSTAINABLE_MEETINGS_BERLIN_Logo_RGB_High_Performer-scaled-1-1536x553.jpg 1536w, https:\/\/konferenztechnik.de\/wp-content\/uploads\/2023\/02\/SUSTAINABLE_MEETINGS_BERLIN_Logo_RGB_High_Performer-scaled-1-2048x737.jpg 2048w\" sizes=\"(max-width: 300px) 100vw, 300px\" title=\"\">\t\t\t\t\t\t\t\t\t\t\t\t\t\t\t<\/div>\n\t\t\t\t<\/div>\n\t\t\t\t<\/div>\n\t\t<div data-particle_enable=\"false\" data-particle-mobile-disabled=\"false\" class=\"elementor-element elementor-element-4bf82f3 e-con-full e-flex e-con e-child\" data-id=\"4bf82f3\" data-element_type=\"container\">\n\t\t\t\t<div class=\"elementor-element elementor-element-a99328f elementor-widget__width-auto elementor-widget elementor-widget-image\" data-id=\"a99328f\" data-element_type=\"widget\" data-widget_type=\"image.default\">\n\t\t\t\t<div class=\"elementor-widget-container\">\n\t\t\t\t\t\t\t\t\t\t\t\t\t\t\t<img decoding=\"async\" width=\"300\" height=\"139\" src=\"https:\/\/konferenztechnik.de\/wp-content\/uploads\/2023\/03\/stiftung-allianz-entwicklung-klima-300x139.png\" class=\"attachment-medium size-medium wp-image-21095\" alt=\"Funda\u00e7\u00e3o Alian\u00e7a para o Desenvolvimento Clim\u00e1tico\" srcset=\"https:\/\/konferenztechnik.de\/wp-content\/uploads\/2023\/03\/stiftung-allianz-entwicklung-klima-300x139.png 300w, https:\/\/konferenztechnik.de\/wp-content\/uploads\/2023\/03\/stiftung-allianz-entwicklung-klima-18x8.png 18w, https:\/\/konferenztechnik.de\/wp-content\/uploads\/2023\/03\/stiftung-allianz-entwicklung-klima.png 768w\" sizes=\"(max-width: 300px) 100vw, 300px\" title=\"\">\t\t\t\t\t\t\t\t\t\t\t\t\t\t\t<\/div>\n\t\t\t\t<\/div>\n\t\t\t\t<\/div>\n\t\t\t\t\t<\/div>\n\t\t\t\t<\/div>\n\t\t\t\t<div class=\"elementor-element elementor-element-04e60ed elementor-widget elementor-widget-heading\" data-id=\"04e60ed\" data-element_type=\"widget\" data-widget_type=\"heading.default\">\n\t\t\t\t<div class=\"elementor-widget-container\">\n\t\t\t\t\t<h2 class=\"elementor-heading-title elementor-size-default\">Somos certificados como uma empresa sustent\u00e1vel e Sustainable Meeting Partner.<\/h2>\t\t\t\t<\/div>\n\t\t\t\t<\/div>\n\t\t\t\t<div class=\"elementor-element elementor-element-7b85612 elementor-widget elementor-widget-text-editor\" data-id=\"7b85612\" data-element_type=\"widget\" data-widget_type=\"text-editor.default\">\n\t\t\t\t<div class=\"elementor-widget-container\">\n\t\t\t\t\t\t\t\t\t<p>O comportamento e a gest\u00e3o sustent\u00e1veis n\u00e3o dizem respeito apenas ao ambiente, mas tamb\u00e9m a temas de diferentes \u00e1reas.<\/p><p>\u00a0<\/p><p>Na PCS, baseamo-nos no modelo dos quatro pilares do desenvolvimento sustent\u00e1vel. O modelo dos quatro pilares do desenvolvimento sustent\u00e1vel baseia-se na ideia de que este desenvolvimento s\u00f3 pode ser alcan\u00e7ado atrav\u00e9s da realiza\u00e7\u00e3o simult\u00e2nea e equitativa de objectivos ambientais, econ\u00f3micos, pol\u00edtico-institucionais e sociais.<\/p>\t\t\t\t\t\t\t\t<\/div>\n\t\t\t\t<\/div>\n\t\t\t\t<div class=\"elementor-element elementor-element-341c18f elementor-widget elementor-widget-heading\" data-id=\"341c18f\" data-element_type=\"widget\" data-widget_type=\"heading.default\">\n\t\t\t\t<div class=\"elementor-widget-container\">\n\t\t\t\t\t<h2 class=\"elementor-heading-title elementor-size-default\">A nossa estrat\u00e9gia e vis\u00e3o de sustentabilidade\n<\/h2>\t\t\t\t<\/div>\n\t\t\t\t<\/div>\n\t\t\t\t<div class=\"elementor-element elementor-element-1e4119d elementor-widget elementor-widget-text-editor\" data-id=\"1e4119d\" data-element_type=\"widget\" data-widget_type=\"text-editor.default\">\n\t\t\t\t<div class=\"elementor-widget-container\">\n\t\t\t\t\t\t\t\t\t<p>O nosso objetivo \u00e9 permitir uma comunica\u00e7\u00e3o e um trabalho em rede sem barreiras, multilingue e sustent\u00e1vel em eventos e confer\u00eancias.<\/p><p>\u00a0<\/p><p>Num mercado em constante evolu\u00e7\u00e3o, a PCS GmbH \u00e9 um parceiro fi\u00e1vel para a realiza\u00e7\u00e3o de confer\u00eancias e eventos inovadores, sustent\u00e1veis, ecol\u00f3gicos e com economia de recursos.<\/p><p>\u00a0<\/p><p>A nossa principal prioridade s\u00e3o sempre as necessidades dos nossos clientes e das partes interessadas, bem como a intera\u00e7\u00e3o respons\u00e1vel e baseada em parcerias entre n\u00f3s.<\/p><p>\u00a0<\/p><p>A PCS GmbH orienta-se pelos Objectivos de Desenvolvimento Sustent\u00e1vel da Agenda 2030 das Na\u00e7\u00f5es Unidas e desenvolve os seus pr\u00f3prios objectivos e estrat\u00e9gias de sustentabilidade com base nos mesmos.<\/p>\t\t\t\t\t\t\t\t<\/div>\n\t\t\t\t<\/div>\n\t\t\t\t<div class=\"elementor-element elementor-element-9ef848f elementor-widget elementor-widget-image\" data-id=\"9ef848f\" data-element_type=\"widget\" data-widget_type=\"image.default\">\n\t\t\t\t<div class=\"elementor-widget-container\">\n\t\t\t\t\t\t\t\t\t\t\t\t\t\t\t<img fetchpriority=\"high\" decoding=\"async\" width=\"1023\" height=\"575\" src=\"https:\/\/konferenztechnik.de\/wp-content\/uploads\/2022\/06\/Goals-2030.jpg\" class=\"attachment-full size-full wp-image-19441\" alt=\"Log\u00f3tipo da Agenda 2030 das Na\u00e7\u00f5es Unidas com os seus 17 Objectivos de Desenvolvimento Sustent\u00e1vel (ODS)\" srcset=\"https:\/\/konferenztechnik.de\/wp-content\/uploads\/2022\/06\/Goals-2030.jpg 1023w, https:\/\/konferenztechnik.de\/wp-content\/uploads\/2022\/06\/Goals-2030-300x169.jpg 300w, https:\/\/konferenztechnik.de\/wp-content\/uploads\/2022\/06\/Goals-2030-768x432.jpg 768w\" sizes=\"(max-width: 1023px) 100vw, 1023px\" title=\"\">\t\t\t\t\t\t\t\t\t\t\t\t\t\t\t<\/div>\n\t\t\t\t<\/div>\n\t\t\t\t<div class=\"elementor-element elementor-element-f7087e8 elementor-widget elementor-widget-heading\" data-id=\"f7087e8\" data-element_type=\"widget\" data-widget_type=\"heading.default\">\n\t\t\t\t<div class=\"elementor-widget-container\">\n\t\t\t\t\t<h2 class=\"elementor-heading-title elementor-size-default\">Os nossos quatro objectivos principais<\/h2>\t\t\t\t<\/div>\n\t\t\t\t<\/div>\n\t\t\t\t<div class=\"elementor-element elementor-element-74d1ddb elementor-widget elementor-widget-heading\" data-id=\"74d1ddb\" data-element_type=\"widget\" data-widget_type=\"heading.default\">\n\t\t\t\t<div class=\"elementor-widget-container\">\n\t\t\t\t\t<h3 class=\"elementor-heading-title elementor-size-default\">Mobilidade e transportes\n<\/h3>\t\t\t\t<\/div>\n\t\t\t\t<\/div>\n\t\t\t\t<div class=\"elementor-element elementor-element-42c54a9 elementor-widget elementor-widget-text-editor\" data-id=\"42c54a9\" data-element_type=\"widget\" data-widget_type=\"text-editor.default\">\n\t\t\t\t<div class=\"elementor-widget-container\">\n\t\t\t\t\t\t\t\t\tA longo prazo, o nosso objetivo \u00e9 atingir as emiss\u00f5es de CO<sub>2<\/sub>-neutralidade no transporte dos nossos produtos e na mobilidade dos nossos colaboradores.\nOs autom\u00f3veis rec\u00e9m-adquiridos na PCS GmbH s\u00f3 podem ser equipados com sistemas de propuls\u00e3o h\u00edbridos ou el\u00e9ctricos. A velocidade m\u00e1xima de todos os cami\u00f5es j\u00e1 foi reduzida para 130 km\/h, a fim de reduzir o consumo e promover uma condu\u00e7\u00e3o respons\u00e1vel e conservadora de recursos.\n\nPlaneamos ativamente as rotas para todos os transportes, entregas e recolhas, a fim de reduzir os tempos de viagem e as dist\u00e2ncias. Estamos tamb\u00e9m a recorrer cada vez mais a servi\u00e7os de correio para manter a nossa frota de ve\u00edculos reduzida e utilizar os recursos existentes. Dentro da cidade, damos prioridade \u00e0 reserva de estafetas de bicicleta (bicicletas e bicicletas de carga) para os transportes.\n\nDamos prioridade aos sistemas de videoconfer\u00eancia padr\u00e3o para as reuni\u00f5es, a fim de reduzir as reuni\u00f5es presenciais. Sempre que poss\u00edvel, as viagens inevit\u00e1veis s\u00e3o feitas de comboio. Promovemos cart\u00f5es de comboio para todos os funcion\u00e1rios.\n\nAs localiza\u00e7\u00f5es das nossas empresas s\u00e3o deliberadamente centrais e est\u00e3o muito bem ligadas \u00e0 rede de transportes p\u00fablicos. Subsidiamos os passes anuais de transportes p\u00fablicos\/ bilhetes para a Alemanha para os funcion\u00e1rios.\n\nExistem lugares de estacionamento para bicicletas nas nossas filiais. Muitos colaboradores deslocam-se para o trabalho de bicicleta. Tamb\u00e9m apoiamos a compra de bicicletas com a ajuda do subs\u00eddio para bicicletas de trabalho. Existem pontos de carregamento nos nossos tr\u00eas locais de trabalho para quem se desloca para o trabalho de carro el\u00e9trico.\n\nNo caso de viagens de avi\u00e3o inevit\u00e1veis, os funcion\u00e1rios t\u00eam de pagar o custo adicional de CO<sub>2<\/sub>-A indemniza\u00e7\u00e3o deve tamb\u00e9m ser registada.\t\t\t\t\t\t\t\t<\/div>\n\t\t\t\t<\/div>\n\t\t\t\t<div class=\"elementor-element elementor-element-fbe4e68 elementor-widget elementor-widget-heading\" data-id=\"fbe4e68\" data-element_type=\"widget\" data-widget_type=\"heading.default\">\n\t\t\t\t<div class=\"elementor-widget-container\">\n\t\t\t\t\t<h3 class=\"elementor-heading-title elementor-size-default\">Mat\u00e9rias-primas e produtos<\/h3>\t\t\t\t<\/div>\n\t\t\t\t<\/div>\n\t\t\t\t<div class=\"elementor-element elementor-element-11788f4 elementor-widget elementor-widget-text-editor\" data-id=\"11788f4\" data-element_type=\"widget\" data-widget_type=\"text-editor.default\">\n\t\t\t\t<div class=\"elementor-widget-container\">\n\t\t\t\t\t\t\t\t\t<p>Oferecemos alternativas digitais e remotas para muitos dos nossos servi\u00e7os. Isto permite-lhe decidir, na fase de planeamento do evento, qual a forma de evento mais sustent\u00e1vel e eficiente em termos de recursos: um evento no local (evento tradicional no local), um evento h\u00edbrido ou um formato puramente online.<br \/>Oferecemos o aluguer e a loca\u00e7\u00e3o de tecnologia. Na maioria dos casos, o aluguer permite economizar recursos e mat\u00e9rias-primas e tamb\u00e9m ajuda a evitar desperd\u00edcios.<\/p><p>\u00a0<\/p><p>Oferecemos tecnologia adicional que promove ainda mais a comunica\u00e7\u00e3o sem barreiras em eventos e confer\u00eancias. Isto inclui tecnologia para pessoas com defici\u00eancias auditivas (tecnologia de indu\u00e7\u00e3o), a transmiss\u00e3o de interpreta\u00e7\u00e3o em linguagem gestual, descri\u00e7\u00e3o \u00e1udio para deficientes visuais, interpreta\u00e7\u00e3o escrita ou interpreta\u00e7\u00e3o em linguagem f\u00e1cil. E as barreiras lingu\u00edsticas s\u00e3o ultrapassadas pelos servi\u00e7os de interpreta\u00e7\u00e3o simult\u00e2nea oferecidos.<\/p><p>\u00a0<\/p><p>Utilizamos materiais lav\u00e1veis para as nossas almofadas para auscultadores e acess\u00f3rios para microfone em vez de produtos descart\u00e1veis e processamo-los higienicamente em oficinas para pessoas com defici\u00eancia.<\/p><p>\u00a0<\/p><p>Utilizamos pilhas recarreg\u00e1veis \u2013 sempre que poss\u00edvel. Eliminamos as pilhas de forma adequada e mandamo-las reciclar, estando para o efeito ligados a um sistema de reciclagem profissional.<\/p><p>\u00a0<\/p><p>Os nossos agentes de limpeza e consum\u00edveis para os nossos escrit\u00f3rios e opera\u00e7\u00f5es prov\u00eam principalmente de fornecedores sustent\u00e1veis e certificados.<\/p><p>\u00a0<\/p><p>Temos produtos impressos produzidos em papel certificado e\/ou oferecemos compensa\u00e7\u00e3o de CO<sub>2<\/sub> para a produ\u00e7\u00e3o. Apostamos em processos digitais e sem papel.<\/p>\t\t\t\t\t\t\t\t<\/div>\n\t\t\t\t<\/div>\n\t\t\t\t<div class=\"elementor-element elementor-element-7961e7b elementor-widget elementor-widget-heading\" data-id=\"7961e7b\" data-element_type=\"widget\" data-widget_type=\"heading.default\">\n\t\t\t\t<div class=\"elementor-widget-container\">\n\t\t\t\t\t<h3 class=\"elementor-heading-title elementor-size-default\">Vida, trabalho, uni\u00e3o<\/h3>\t\t\t\t<\/div>\n\t\t\t\t<\/div>\n\t\t\t\t<div class=\"elementor-element elementor-element-f121ca3 elementor-widget elementor-widget-text-editor\" data-id=\"f121ca3\" data-element_type=\"widget\" data-widget_type=\"text-editor.default\">\n\t\t\t\t<div class=\"elementor-widget-container\">\n\t\t\t\t\t\t\t\t\t<p>A igualdade de direitos e de tratamento dos nossos funcion\u00e1rios, independentemente do g\u00e9nero, origem ou religi\u00e3o, \u00e9 a nossa principal prioridade.<\/p><p>\u00a0<\/p><p>A preven\u00e7\u00e3o desempenha um papel importante no dom\u00ednio da sa\u00fade. Colocamos \u00e0 disposi\u00e7\u00e3o de todos os trabalhadores postos de trabalho ergon\u00f3micos. Bebidas gratuitas est\u00e3o dispon\u00edveis em todas as sucursais.<\/p><p>\u00a0<\/p><p>A seguran\u00e7a no trabalho \u00e9 para n\u00f3s uma prioridade m\u00e1xima. Todos os trabalhadores recebem equipamento de prote\u00e7\u00e3o individual, consoante a sua \u00e1rea de trabalho. Todos os colaboradores recebem forma\u00e7\u00e3o de seguran\u00e7a nos dom\u00ednios da preven\u00e7\u00e3o de acidentes, condu\u00e7\u00e3o de ve\u00edculos e seguran\u00e7a no trabalho. A forma\u00e7\u00e3o \u00e9 actualizada anualmente.<\/p><p>\u00a0<\/p><p>Trabalhamos de forma flex\u00edvel e permitimos o trabalho m\u00f3vel sempre que poss\u00edvel, a fim de harmonizar a fam\u00edlia e a carreira e reduzir os tempos de desloca\u00e7\u00e3o.<\/p><p>\u00a0<\/p><p>Oferecemos a todos os trabalhadores benef\u00edcios adicionais, tais como um seguro de sa\u00fade complementar da empresa e um regime de pens\u00f5es da empresa. Tamb\u00e9m contribu\u00edmos para o custo dos transportes p\u00fablicos e oferecemos a oportunidade de utilizar uma bicicleta da empresa.<\/p><p>\u00a0<\/p><p>Promovemos a uni\u00e3o dentro da empresa atrav\u00e9s da organiza\u00e7\u00e3o de actividades e almo\u00e7os conjuntos. Trabalhamos em conjunto para o sucesso da empresa. Nos jour fixes semanais, nos grupos de trabalho e nas equipas especiais de cada departamento, todos os colaboradores t\u00eam a oportunidade de se envolver nos processos da empresa, partilhar as suas experi\u00eancias e trocar conhecimentos. Temos hierarquias planas e estamos sempre dispon\u00edveis para discuss\u00f5es e sugest\u00f5es.<\/p>\t\t\t\t\t\t\t\t<\/div>\n\t\t\t\t<\/div>\n\t\t\t\t<div class=\"elementor-element elementor-element-4528784 elementor-widget elementor-widget-heading\" data-id=\"4528784\" data-element_type=\"widget\" data-widget_type=\"heading.default\">\n\t\t\t\t<div class=\"elementor-widget-container\">\n\t\t\t\t\t<h3 class=\"elementor-heading-title elementor-size-default\">Forma\u00e7\u00e3o e educa\u00e7\u00e3o cont\u00ednua\n<\/h3>\t\t\t\t<\/div>\n\t\t\t\t<\/div>\n\t\t\t\t<div class=\"elementor-element elementor-element-baed398 elementor-widget elementor-widget-text-editor\" data-id=\"baed398\" data-element_type=\"widget\" data-widget_type=\"text-editor.default\">\n\t\t\t\t<div class=\"elementor-widget-container\">\n\t\t\t\t\t\t\t\t\t<p>Apoiamos todos os colaboradores atrav\u00e9s de oportunidades de forma\u00e7\u00e3o e de forma\u00e7\u00e3o cont\u00ednua. Dependendo da \u00e1rea de responsabilidade, isto inclui, por exemplo, uma qualifica\u00e7\u00e3o como mestre artes\u00e3o, uma licen\u00e7a de forma\u00e7\u00e3o, uma carta de condu\u00e7\u00e3o de cami\u00f5es, forma\u00e7\u00e3o adicional em TI, v\u00e1rios certificados e muito mais. Al\u00e9m disso, oferecemos anualmente est\u00e1gios para as seguintes profiss\u00f5es:<\/p><p>\u00a0<\/p><ul><li>Especialista em tecnologia de eventos (m\/f\/d)<\/li><li>Assistente de gest\u00e3o de eventos (m\/f\/d)<\/li><li>Especialista em log\u00edstica de armaz\u00e9m (m\/f\/d)<\/li><\/ul>\t\t\t\t\t\t\t\t<\/div>\n\t\t\t\t<\/div>\n\t\t\t\t<div class=\"elementor-element elementor-element-17b60af elementor-widget elementor-widget-heading\" data-id=\"17b60af\" data-element_type=\"widget\" data-widget_type=\"heading.default\">\n\t\t\t\t<div class=\"elementor-widget-container\">\n\t\t\t\t\t<h2 class=\"elementor-heading-title elementor-size-default\">Descarregar os objectivos de sustentabilidade da PCS GmbH<\/h2>\t\t\t\t<\/div>\n\t\t\t\t<\/div>\n\t\t\t\t<div class=\"elementor-element elementor-element-ed58116 elementor-widget elementor-widget-text-editor\" data-id=\"ed58116\" data-element_type=\"widget\" data-widget_type=\"text-editor.default\">\n\t\t\t\t<div class=\"elementor-widget-container\">\n\t\t\t\t\t\t\t\t\t<p>Pode descarregar os nossos objectivos de sustentabilidade aqui:<\/p>\t\t\t\t\t\t\t\t<\/div>\n\t\t\t\t<\/div>\n\t\t\t\t<div class=\"elementor-element elementor-element-5e63271 elementor-widget elementor-widget-button\" data-id=\"5e63271\" data-element_type=\"widget\" data-widget_type=\"button.default\">\n\t\t\t\t<div class=\"elementor-widget-container\">\n\t\t\t\t\t\t\t\t\t<div class=\"elementor-button-wrapper\">\n\t\t\t\t\t<a class=\"elementor-button elementor-button-link elementor-size-sm elementor-animation-grow\" href=\"https:\/\/konferenztechnik.de\/wp-content\/uploads\/2023\/12\/Nachhaltigkeitsziele_der_PCS_GmbH.pdf\" target=\"_blank\">\n\t\t\t\t\t\t<span class=\"elementor-button-content-wrapper\">\n\t\t\t\t\t\t\t\t\t<span class=\"elementor-button-text\">Descarregar agora<\/span>\n\t\t\t\t\t<\/span>\n\t\t\t\t\t<\/a>\n\t\t\t\t<\/div>\n\t\t\t\t\t\t\t\t<\/div>\n\t\t\t\t<\/div>\n\t\t\t\t<div class=\"elementor-element elementor-element-200eb36 elementor-widget elementor-widget-heading\" data-id=\"200eb36\" data-element_type=\"widget\" data-widget_type=\"heading.default\">\n\t\t\t\t<div class=\"elementor-widget-container\">\n\t\t\t\t\t<h2 class=\"elementor-heading-title elementor-size-default\">Pessoa de contacto para a sustentabilidade<\/h2>\t\t\t\t<\/div>\n\t\t\t\t<\/div>\n\t\t\t\t<div class=\"elementor-element elementor-element-1810040 elementor-widget elementor-widget-text-editor\" data-id=\"1810040\" data-element_type=\"widget\" data-widget_type=\"text-editor.default\">\n\t\t\t\t<div class=\"elementor-widget-container\">\n\t\t\t\t\t\t\t\t\t<p>Se tiver alguma quest\u00e3o sobre o tema da sustentabilidade, n\u00e3o hesite em contactar-me.<\/p><p><span class=\"medium-size-txt\">J\u00f6rg Peschka<br \/><a href=\"tel:+493069596900\"><b>030 6959690 0<\/b><\/a><br \/><span class=\"volleansicht\"><a href=\"mailto:peschka@konferenztechnik.de\">peschka@konferenztechnik.de<\/a><\/span><\/span><\/p>\t\t\t\t\t\t\t\t<\/div>\n\t\t\t\t<\/div>\n\t\t\t\t\t<\/div>\n\t\t\t\t<\/div>\n\t\t\t\t\t<\/div>\n\t\t\t\t<\/div>\n\t\t\t\t<\/div>","protected":false},"excerpt":{"rendered":"<p>Sustentabilidade e responsabilidade Somos certificados como uma empresa sustent\u00e1vel e Sustainable Meeting Partner. O comportamento sustent\u00e1vel e as pr\u00e1ticas empresariais n\u00e3o dizem respeito apenas ao ambiente, mas tamb\u00e9m a quest\u00f5es de diferentes \u00e1reas.   Na PCS, baseamo-nos no modelo de quatro pilares do desenvolvimento sustent\u00e1vel. O modelo dos quatro pilares do desenvolvimento sustent\u00e1vel baseia-se na ideia de que este desenvolvimento s\u00f3 pode ser alcan\u00e7ado atrav\u00e9s da [...]<\/p>","protected":false},"author":1,"featured_media":45482,"parent":0,"menu_order":0,"comment_status":"closed","ping_status":"closed","template":"","meta":{"_acf_changed":false,"footnotes":""},"class_list":["post-19439","page","type-page","status-publish","has-post-thumbnail","hentry"],"acf":[],"_links":{"self":[{"href":"https:\/\/konferenztechnik.de\/pt\/wp-json\/wp\/v2\/pages\/19439","targetHints":{"allow":["GET"]}}],"collection":[{"href":"https:\/\/konferenztechnik.de\/pt\/wp-json\/wp\/v2\/pages"}],"about":[{"href":"https:\/\/konferenztechnik.de\/pt\/wp-json\/wp\/v2\/types\/page"}],"author":[{"embeddable":true,"href":"https:\/\/konferenztechnik.de\/pt\/wp-json\/wp\/v2\/users\/1"}],"replies":[{"embeddable":true,"href":"https:\/\/konferenztechnik.de\/pt\/wp-json\/wp\/v2\/comments?post=19439"}],"version-history":[{"count":0,"href":"https:\/\/konferenztechnik.de\/pt\/wp-json\/wp\/v2\/pages\/19439\/revisions"}],"wp:featuredmedia":[{"embeddable":true,"href":"https:\/\/konferenztechnik.de\/pt\/wp-json\/wp\/v2\/media\/45482"}],"wp:attachment":[{"href":"https:\/\/konferenztechnik.de\/pt\/wp-json\/wp\/v2\/media?parent=19439"}],"curies":[{"name":"wp","href":"https:\/\/api.w.org\/{rel}","templated":true}]}}