{"id":20395,"date":"2023-02-21T17:09:53","date_gmt":"2023-02-21T16:09:53","guid":{"rendered":"https:\/\/www.konferenztechnik.de\/?page_id=20395"},"modified":"2023-09-01T11:30:45","modified_gmt":"2023-09-01T09:30:45","slug":"conferencias-com-equipas-ms","status":"publish","type":"page","link":"https:\/\/konferenztechnik.de\/pt\/conferencias-com-equipas-ms\/","title":{"rendered":"Confer\u00eancias com o MS Teams"},"content":{"rendered":"<div data-elementor-type=\"wp-page\" data-elementor-id=\"20395\" class=\"elementor elementor-20395\" data-elementor-post-type=\"page\">\n\t\t\t\t\t\t<section data-particle_enable=\"false\" data-particle-mobile-disabled=\"false\" class=\"elementor-section elementor-top-section elementor-element elementor-element-61c1ffcb elementor-section-boxed elementor-section-height-default elementor-section-height-default\" data-id=\"61c1ffcb\" data-element_type=\"section\">\n\t\t\t\t\t\t<div class=\"elementor-container elementor-column-gap-default\">\n\t\t\t\t\t<div class=\"elementor-column elementor-col-100 elementor-top-column elementor-element elementor-element-6d181681\" data-id=\"6d181681\" data-element_type=\"column\">\n\t\t\t<div class=\"elementor-widget-wrap elementor-element-populated\">\n\t\t\t\t\t\t<div class=\"elementor-element elementor-element-6da05206 elementor-widget elementor-widget-text-editor\" data-id=\"6da05206\" data-element_type=\"widget\" data-widget_type=\"text-editor.default\">\n\t\t\t\t<div class=\"elementor-widget-container\">\n\t\t\t\t\t\t\t\t\t<h1>Confer\u00eancias profissionais com o Microsoft Teams<\/h1>\n<img fetchpriority=\"high\" decoding=\"async\" src=\"https:\/\/konferenztechnik.de\/wp-content\/uploads\/2023\/02\/konferenzen-mit-msteams.jpg\" alt=\"\" width=\"1300\" height=\"490\" class=\"aligncenter size-full wp-image-20396\" title=\"\" srcset=\"https:\/\/konferenztechnik.de\/wp-content\/uploads\/2023\/02\/konferenzen-mit-msteams.jpg 1300w, https:\/\/konferenztechnik.de\/wp-content\/uploads\/2023\/02\/konferenzen-mit-msteams-300x113.jpg 300w, https:\/\/konferenztechnik.de\/wp-content\/uploads\/2023\/02\/konferenzen-mit-msteams-1024x386.jpg 1024w, https:\/\/konferenztechnik.de\/wp-content\/uploads\/2023\/02\/konferenzen-mit-msteams-768x289.jpg 768w\" sizes=\"(max-width: 1300px) 100vw, 1300px\" \/>\n\n[spacer size=\"20\u2033]\n<div class=\"newcolumn\">\n<h2><b>O MS Teams agora tamb\u00e9m \u00e9 multilingue e tem a fun\u00e7\u00e3o de \"interpreta\u00e7\u00e3o simult\u00e2nea\"<\/b><\/h2>\nDurante muito tempo, o Microsoft Teams (MS Teams) ficou em segundo plano em rela\u00e7\u00e3o ao Zoom no que diz respeito aos formatos digitais e h\u00edbridos. No entanto, os nossos t\u00e9cnicos relataram regularmente que o MS Teams estava a recuperar o atraso: a interface do utilizador estava a ser constantemente melhorada e o motor de \u00e1udio, em particular, estava a melhorar cada vez mais. Em termos de qualidade de voz, o Zoom e o MS Teams est\u00e3o atualmente em p\u00e9 de igualdade.\nNo in\u00edcio do ano, a Microsoft anunciou que iria tamb\u00e9m integrar a interpreta\u00e7\u00e3o profissional no Teams e cumpriu a sua palavra. A Microsoft oferece a op\u00e7\u00e3o de integrar int\u00e9rpretes profissionais. As pessoas podem agora ser adicionadas e selecionadas como int\u00e9rpretes no Teams. A fun\u00e7\u00e3o \u00e9 designada por \"interpreta\u00e7\u00e3o lingu\u00edstica\" na Microsoft.\n[spacer size=\u201d5\u2033]\n[list icon=\u201dmoon-arrow-right-2\u2033 colour=\u201d#a62055\u2033]<a title=\"Utilizar a interpreta\u00e7\u00e3o lingu\u00edstica numa reuni\u00e3o de equipa\" href=\"https:\/\/support.microsoft.com\/de-de\/office\/verwenden-der-sprachinterpretation-in-einer-teams-besprechung-b9fdde0f-1896-48ba-8540-efc99f5f4b2e\" target=\"_blank\" rel=\"noopener\">Utilizar a interpreta\u00e7\u00e3o lingu\u00edstica numa reuni\u00e3o de equipa<\/a>[\/lista]\n\n[spacer size=\"30\u2033]\n<h2><b>PCS \u2013 konferenztechnik.de oferece apoio profissional a confer\u00eancias com o Microsoft Teams<\/b><\/h2>\nOs nossos profissionais de formatos digitais est\u00e3o atualmente a receber forma\u00e7\u00e3o complementar para se tornarem administradores certificados do Teams. A organiza\u00e7\u00e3o de eventos profissionais com o MS Teams oferece mais armadilhas e obst\u00e1culos. As grandes empresas, em particular, integraram o Teams de forma centralizada nos seus sistemas inform\u00e1ticos empresariais e definiram as suas pr\u00f3prias medidas de seguran\u00e7a, autoriza\u00e7\u00f5es e restri\u00e7\u00f5es. Os participantes fora da empresa e do dom\u00ednio gerido s\u00e3o subitamente informados de que n\u00e3o podem iniciar sess\u00e3o...\n<h2><b>MS Teams e prote\u00e7\u00e3o e seguran\u00e7a de dados<\/b><\/h2>\nSe perguntar \u00e0 Microsoft sobre a seguran\u00e7a dos dados, soa assim: \"As minhas conversas e dados est\u00e3o seguros?\" \"Sim, porque o Microsoft Teams \u00e9 parte integrante do Office 365, pelo que oferece as mesmas funcionalidades de prote\u00e7\u00e3o de dados e conformidade com as quais os utilizadores j\u00e1 est\u00e3o familiarizados no Office 365. Os dados s\u00e3o encriptados durante a transmiss\u00e3o e o armazenamento. Os ficheiros s\u00e3o armazenados no SharePoint e protegidos pela encripta\u00e7\u00e3o do SharePoint. As notas s\u00e3o armazenadas no OneNote e protegidas pela encripta\u00e7\u00e3o do OneNote.\" No entanto, os especialistas alem\u00e3es e europeus em prote\u00e7\u00e3o de dados est\u00e3o indignados com a forma como a Microsoft trata os dados dos utilizadores. Ao mesmo tempo, nos casos em que os nossos clientes utilizam o MS Teams, a quest\u00e3o da seguran\u00e7a dos dados \u00e9 normalmente esclarecida e aceite pelas TI da empresa. No entanto, para muitos dos nossos clientes, a utiliza\u00e7\u00e3o de servi\u00e7os como o Google e a Microsoft n\u00e3o \u00e9 permitida. Neste caso, recomendamos a nossa solu\u00e7\u00e3o com Zoom nos nossos pr\u00f3prios servidores ou mesmo solu\u00e7\u00f5es completamente independentes, como as da Televic.\n<h2><b>MS Teams nos seus pr\u00f3prios servidores \/ no local<\/b><\/h2>\nO Microsoft Teams tamb\u00e9m \u00e9 poss\u00edvel nos meus pr\u00f3prios servidores? N\u00e3o, o Microsoft Teams foi concebido para colabora\u00e7\u00e3o com o SharePoint Online e o Azure Active Directory. Embora seja poss\u00edvel utilizar algumas fun\u00e7\u00f5es num ambiente h\u00edbrido, a gama completa de fun\u00e7\u00f5es do Microsoft Teams n\u00e3o est\u00e1 dispon\u00edvel numa instala\u00e7\u00e3o local. N\u00e3o existem instala\u00e7\u00f5es de servidor para o Microsoft Teams, tal como pode estar familiarizado com o Skype for Business. O Microsoft Teams \u00e9 uma solu\u00e7\u00e3o puramente na nuvem.\n<h2><b>Novo Microsoft Teams a partir de mar\u00e7o \u2013 MS Teams 2.0<\/b><\/h2>\nA Microsoft fala de uma grande melhoria, especialmente em termos de desempenho. A qualidade da voz e o motor de voz que lhe est\u00e1 subjacente j\u00e1 nos impressionaram. Esperamos que haja melhorias nas imagens de v\u00eddeo, em particular. No entanto, foi tamb\u00e9m anunciado que a utiliza\u00e7\u00e3o de \"contas m\u00faltiplas\" ser\u00e1 simplificada. Qualquer pessoa que utilize o Teams em diferentes organiza\u00e7\u00f5es sabe como isto \u00e9 complicado e propenso a erros. Os an\u00fancios feitos pelos engenheiros do Teams no The Verge soam como um grande avan\u00e7o. Nas entrelinhas, no entanto, tamb\u00e9m lemos muito sobre o Microsoft 11, o navegador Edge e os computadores PC. Estamos muito curiosos para ver como o novo Teams vai funcionar em dispositivos Apple ou sistemas Linux. Mant\u00ea-lo-emos atualizado aqui.\n\n[spacer size=\u201d30\u2033]\n[list icon=\u201dmoon-arrow-right-2\u2033 colour=\u201d#a62055\u2033]<a href=\"https:\/\/www.theverge.com\/2023\/2\/20\/23607037\/microsoft-teams-performance-improvements-less-cpu-memory\" rel=\"noopener\" target=\"_blank\">The Verge \u2013 O Microsoft Teams vai receber grandes melhorias de desempenho no pr\u00f3ximo m\u00eas<\/a>[\/lista]\n[spacer size=\"5\u2033]\n[list icon=\"moon-arrow-right-2\u2033 colour=\"#a62055\u2033]<a href=\"https:\/\/www.drwindows.de\/news\/microsoft-teams-2-0-neue-version-mit-massiv-besserer-performance-startet-im-maerz\" rel=\"noopener\" target=\"_blank\">Dr. Windows \u2013 Microsoft Teams 2.0<\/a>[\/lista]\n[spacer size=\"30\u2033]\n<h2><b>Pretende executar formatos profissionais digitais e h\u00edbridos em direto com o MS Teams? N\u00f3s podemos ajud\u00e1-lo: <\/b><\/h2>\n<\/div>\n[spacer size=\"30\u2033]\n<div class=\"box1-4 medium-size-txt\" style=\"margin-bottom: 0!important\">\n<h2><b><span class=\"pcs-color medium-size-txt\">A sua equipa de assist\u00eancia<\/span><\/b><\/h2>\n[spacer size=\u201d5\u2033]\n[column size=\u201d1-2\u2033 last=\u201d0\u2033]\n\nO nosso departamento especializado ter\u00e1 todo o prazer em responder \u00e0s suas perguntas, aconselh\u00e1-lo sobre os produtos, fornecer-lhe um or\u00e7amento personalizado ou planear um projeto individual.\n\n<img decoding=\"async\" src=\"https:\/\/konferenztechnik.de\/wp-content\/uploads\/2021\/08\/Monika-van-den-Boogaard-PCS-GmbH-konferenztechnik-small.jpg\" alt=\"Monika van den Boogaard - PCS GmbH - Consultoria de projectos\" width=\"150\" height=\"150\" class=\"alignleft size-full wp-image-18125\" title=\"\">\n<img decoding=\"async\" src=\"https:\/\/konferenztechnik.de\/wp-content\/uploads\/2021\/08\/Sebastian-Meyer-PCS-GmbH-konferenztechnik-small.jpg\" alt=\"Sebastian Meyer - PCS GmbH - Consultor de projeto\" width=\"150\" height=\"150\" class=\"alignleft size-full wp-image-18120\" title=\"\">\n<img loading=\"lazy\" decoding=\"async\" src=\"https:\/\/konferenztechnik.de\/wp-content\/uploads\/2021\/06\/sebastian-gegusch-pcs-gmbh.jpg\" alt=\"Sebastian Gegusch - PCS GmbH - Planeamento de projectos\" width=\"150\" height=\"150\" class=\"alignleft size-full wp-image-17774\" title=\"\">\n[spacer size=\"5\u2033]\n<span class=\"medium-size-txt\">\nBasta telefonar-nos!\n<a href=\"tel:08007274624\"><b>0800 727 46 24<\/b><\/a><\/span>\n\nEnvie-nos uma mensagem de correio eletr\u00f3nico para:\n<span class=\"volleansicht\"><a href=\"mailto:info@konferenztechnik.de\" onclick=\"ga('send', 'event', 'Email-Klick', 'Kontakt Vermietung');\">info@konferenztechnik.de<\/a>\n<\/span>\n<span class=\"mobileansicht\"><a href=\"mailto:info@konferenztechnik.de\" onclick=\"ga('send', 'event', 'Email-Klick', 'Kontakt Vermietung');\">escrever<\/a>\n<\/span>\n\nConverse connosco ou utilize o nosso servi\u00e7o de chamada de retorno\n\n[\/coluna]\n[column size=\u201d1-2\u2033 last=\u201d1\u2033]\n<h2>Organizar uma chamada de retorno<\/h2>\n[contact-form-7 id=\"17963\u2033 title=\"Organizar uma chamada de retorno\"]\n[\/coluna]\n\n<\/div>\t\t\t\t\t\t\t\t<\/div>\n\t\t\t\t<\/div>\n\t\t\t\t\t<\/div>\n\t\t<\/div>\n\t\t\t\t\t<\/div>\n\t\t<\/section>\n\t\t\t\t<\/div>","protected":false},"excerpt":{"rendered":"<p>Professionelle Konferenzen mit Microsoft Teams [spacer size=&#8220;20&#8243;] MS Teams jetzt auch mehrsprachig und mit der Funktion &#8222;Simultandolmetschen&#8220; Microsoft Teams (MS Teams) spielte bei uns lange die zweite Geige hinter Zoom bei den digitalen und hybriden Formaten. Unsere Techniker*innen berichteten regelm\u00e4\u00dfig, wie MS Teams jedoch aufholte: die Benutzeroberfl\u00e4che wurde stetig verbessert und vor allem die Audio-Engine [&hellip;]<\/p>","protected":false},"author":1,"featured_media":45482,"parent":0,"menu_order":0,"comment_status":"closed","ping_status":"closed","template":"elementor_theme","meta":{"_acf_changed":false,"footnotes":""},"class_list":["post-20395","page","type-page","status-publish","has-post-thumbnail","hentry"],"acf":[],"_links":{"self":[{"href":"https:\/\/konferenztechnik.de\/pt\/wp-json\/wp\/v2\/pages\/20395","targetHints":{"allow":["GET"]}}],"collection":[{"href":"https:\/\/konferenztechnik.de\/pt\/wp-json\/wp\/v2\/pages"}],"about":[{"href":"https:\/\/konferenztechnik.de\/pt\/wp-json\/wp\/v2\/types\/page"}],"author":[{"embeddable":true,"href":"https:\/\/konferenztechnik.de\/pt\/wp-json\/wp\/v2\/users\/1"}],"replies":[{"embeddable":true,"href":"https:\/\/konferenztechnik.de\/pt\/wp-json\/wp\/v2\/comments?post=20395"}],"version-history":[{"count":0,"href":"https:\/\/konferenztechnik.de\/pt\/wp-json\/wp\/v2\/pages\/20395\/revisions"}],"wp:featuredmedia":[{"embeddable":true,"href":"https:\/\/konferenztechnik.de\/pt\/wp-json\/wp\/v2\/media\/45482"}],"wp:attachment":[{"href":"https:\/\/konferenztechnik.de\/pt\/wp-json\/wp\/v2\/media?parent=20395"}],"curies":[{"name":"wp","href":"https:\/\/api.w.org\/{rel}","templated":true}]}}