{"id":2278,"date":"2013-09-20T14:10:18","date_gmt":"2013-09-20T12:10:18","guid":{"rendered":"https:\/\/konferenztechnik.de\/?page_id=2278"},"modified":"2023-07-05T14:29:38","modified_gmt":"2023-07-05T12:29:38","slug":"dinamica-e-efeitos","status":"publish","type":"page","link":"https:\/\/konferenztechnik.de\/pt\/distribuicao-de-tecnologia-de-conferencia-e-de-meios-de-comunicacao-av\/tecnologia-audio-microfones-reforco-de-som-sala-de-controlo-e-reproducao\/dinamica-e-efeitos\/","title":{"rendered":"Din\u00e2mica e efeitos"},"content":{"rendered":"<h1>Din\u00e2mica e efeitos<\/h1>\n<h2>Nexia<\/h2>\n<p><a href=\"https:\/\/konferenztechnik.de\/wp-content\/uploads\/2013\/09\/Biamp_Nexia_CS_gross.jpg\"><img fetchpriority=\"high\" decoding=\"async\" width=\"603\" height=\"217\" class=\"alignleft size-full wp-image-2408\" src=\"https:\/\/konferenztechnik.de\/wp-content\/uploads\/2013\/09\/Biamp_Nexia_CS_gross.jpg\" alt=\"Nexia\" title=\"\" srcset=\"https:\/\/konferenztechnik.de\/wp-content\/uploads\/2013\/09\/Biamp_Nexia_CS_gross.jpg 603w, https:\/\/konferenztechnik.de\/wp-content\/uploads\/2013\/09\/Biamp_Nexia_CS_gross-300x108.jpg 300w\" sizes=\"(max-width: 603px) 100vw, 603px\" \/><\/a><\/p>\n<p>O Nexia \u00e9 um sistema de \u00e1udio digital econ\u00f3mico que pode ser programado livremente atrav\u00e9s de uma interface gr\u00e1fica de utilizador. A s\u00e9rie Nexia est\u00e1 dispon\u00edvel em v\u00e1rias configura\u00e7\u00f5es de E\/S, tornando f\u00e1cil encontrar o dispositivo correto para qualquer aplica\u00e7\u00e3o. At\u00e9 quatro sistemas Nexia podem ser ligados entre si no lado do \u00e1udio atrav\u00e9s do bus NexLink interno. Assim, o Nexia pode ser utilizado em centros de confer\u00eancias, salas polivalentes, salas de forma\u00e7\u00e3o, restaurantes ou onde quer que seja necess\u00e1rio um sistema \u00e1udio livremente program\u00e1vel.<\/p>\n<h2>Nexia<\/h2>\n<p>Est\u00e3o dispon\u00edveis os seguintes tipos de Nexia:<\/p>\n<ul>\n<li>Nexia CS: Para aplica\u00e7\u00f5es com uso intensivo de microfone, como salas de confer\u00eancia<\/li>\n<li>Nexia PM: Especialmente adequado para aplica\u00e7\u00f5es AV onde s\u00e3o utilizados microfones e dispositivos de reprodu\u00e7\u00e3o<\/li>\n<li>Nexia SP: Ideal para aplica\u00e7\u00f5es em que os sinais de linha t\u00eam de ser distribu\u00eddos por um grande n\u00famero de sa\u00eddas<\/li>\n<li>Nexia TC: Ideal para uma vasta gama de aplica\u00e7\u00f5es de chamadas em confer\u00eancia<\/li>\n<li>Nexia VC: Ideal para uma vasta gama de aplica\u00e7\u00f5es de videoconfer\u00eancia<\/li>\n<\/ul>\n<h2>Sabine FBX-2400<\/h2>\n<p><a href=\"https:\/\/konferenztechnik.de\/wp-content\/uploads\/2013\/09\/Sabine_FBX1200-2400_gross.jpg\"><img decoding=\"async\" width=\"800\" height=\"75\" class=\"alignleft size-full wp-image-2407\" src=\"https:\/\/konferenztechnik.de\/wp-content\/uploads\/2013\/09\/Sabine_FBX1200-2400_gross.jpg\" alt=\"Sabine FBX-2400\" title=\"\" srcset=\"https:\/\/konferenztechnik.de\/wp-content\/uploads\/2013\/09\/Sabine_FBX1200-2400_gross.jpg 800w, https:\/\/konferenztechnik.de\/wp-content\/uploads\/2013\/09\/Sabine_FBX1200-2400_gross-300x28.jpg 300w, https:\/\/konferenztechnik.de\/wp-content\/uploads\/2013\/09\/Sabine_FBX1200-2400_gross-768x72.jpg 768w\" sizes=\"(max-width: 800px) 100vw, 800px\" \/><\/a><\/p>\n<p>Com o <em>Sabine Feedback-Exterminador<\/em> O feedback pode ser suprimido de forma autom\u00e1tica e fi\u00e1vel. A tecnologia que lhe est\u00e1 subjacente encontra-se atualmente na sua quinta gera\u00e7\u00e3o e funciona com o novo <em>Tecnologia SMARTFilter<\/em>.<\/p>\n<h2>Sabine FBX-2400<\/h2>\n<ul>\n<li>At\u00e9 12 filtros de feedback autom\u00e1tico por canal<\/li>\n<li>2 canais<\/li>\n<li>Entradas\/sa\u00eddas de \u00e1udio via XLR<\/li>\n<li>1\/10 e 1\/5 de oitava comut\u00e1veis consoante a aplica\u00e7\u00e3o<\/li>\n<li>Filtros fixos e din\u00e2micos<\/li>\n<li>Tecnologia de filtragem SMART<\/li>\n<\/ul>","protected":false},"excerpt":{"rendered":"<p>Dynamics und Effekte Nexia Nexia ist ein kosteneffektives digitales Audiosystem, das \u00fcber eine grafische Oberfl\u00e4che frei programmiert werden kann. Die Nexia-Serie ist in verschiedenen I\/O-Konfigurationen erh\u00e4ltlich, so l\u00e4sst sich f\u00fcr jede Anwendung schnell das passende Ger\u00e4t finden. Bis zu vier Nexia Systeme k\u00f6nnen \u00fcber den internen NexLink Bus miteinander audioseitig gekoppelt werden. Nexia kommt so [&hellip;]<\/p>","protected":false},"author":1,"featured_media":45482,"parent":1289,"menu_order":139,"comment_status":"closed","ping_status":"open","template":"","meta":{"_acf_changed":false,"footnotes":""},"class_list":["post-2278","page","type-page","status-publish","has-post-thumbnail","hentry"],"acf":[],"_links":{"self":[{"href":"https:\/\/konferenztechnik.de\/pt\/wp-json\/wp\/v2\/pages\/2278","targetHints":{"allow":["GET"]}}],"collection":[{"href":"https:\/\/konferenztechnik.de\/pt\/wp-json\/wp\/v2\/pages"}],"about":[{"href":"https:\/\/konferenztechnik.de\/pt\/wp-json\/wp\/v2\/types\/page"}],"author":[{"embeddable":true,"href":"https:\/\/konferenztechnik.de\/pt\/wp-json\/wp\/v2\/users\/1"}],"replies":[{"embeddable":true,"href":"https:\/\/konferenztechnik.de\/pt\/wp-json\/wp\/v2\/comments?post=2278"}],"version-history":[{"count":0,"href":"https:\/\/konferenztechnik.de\/pt\/wp-json\/wp\/v2\/pages\/2278\/revisions"}],"up":[{"embeddable":true,"href":"https:\/\/konferenztechnik.de\/pt\/wp-json\/wp\/v2\/pages\/1289"}],"wp:featuredmedia":[{"embeddable":true,"href":"https:\/\/konferenztechnik.de\/pt\/wp-json\/wp\/v2\/media\/45482"}],"wp:attachment":[{"href":"https:\/\/konferenztechnik.de\/pt\/wp-json\/wp\/v2\/media?parent=2278"}],"curies":[{"name":"wp","href":"https:\/\/api.w.org\/{rel}","templated":true}]}}