{"id":24791,"date":"2023-04-18T09:46:11","date_gmt":"2023-04-18T07:46:11","guid":{"rendered":"http:\/\/dev.konferenztechnik.de\/?page_id=24791"},"modified":"2025-12-20T19:14:57","modified_gmt":"2025-12-20T18:14:57","slug":"educacao-e-universidades","status":"publish","type":"page","link":"https:\/\/konferenztechnik.de\/pt\/educacao-e-universidades\/","title":{"rendered":"Educa\u00e7\u00e3o e universidades"},"content":{"rendered":"<div data-elementor-type=\"wp-page\" data-elementor-id=\"24791\" class=\"elementor elementor-24791\" data-elementor-post-type=\"page\">\n\t\t\t\t<div data-particle_enable=\"false\" data-particle-mobile-disabled=\"false\" class=\"elementor-element elementor-element-d8aba58 e-flex e-con-boxed e-con e-parent\" data-id=\"d8aba58\" data-element_type=\"container\">\n\t\t\t\t\t<div class=\"e-con-inner\">\n\t\t\t\t<div class=\"elementor-element elementor-element-366d4e5 elementor-widget__width-inherit elementor-widget elementor-widget-heading\" data-id=\"366d4e5\" data-element_type=\"widget\" data-widget_type=\"heading.default\">\n\t\t\t\t<div class=\"elementor-widget-container\">\n\t\t\t\t\t<h1 class=\"elementor-heading-title elementor-size-default\">Educa\u00e7\u00e3o e universidades<\/h1>\t\t\t\t<\/div>\n\t\t\t\t<\/div>\n\t\t\t\t<div class=\"elementor-element elementor-element-e4b6b7a elementor-widget elementor-widget-image\" data-id=\"e4b6b7a\" data-element_type=\"widget\" data-widget_type=\"image.default\">\n\t\t\t\t<div class=\"elementor-widget-container\">\n\t\t\t\t\t\t\t\t\t\t\t\t\t\t\t<img fetchpriority=\"high\" decoding=\"async\" width=\"1300\" height=\"486\" src=\"https:\/\/konferenztechnik.de\/wp-content\/uploads\/2023\/04\/uni-medieninstallation.jpg\" class=\"attachment-full size-full wp-image-24799\" alt=\"Vista de uma sala de confer\u00eancias moderna e vazia - s\u00edmbolo da nossa sec\u00e7\u00e3o Educa\u00e7\u00e3o e Universidades\" srcset=\"https:\/\/konferenztechnik.de\/wp-content\/uploads\/2023\/04\/uni-medieninstallation.jpg 1300w, https:\/\/konferenztechnik.de\/wp-content\/uploads\/2023\/04\/uni-medieninstallation-300x112.jpg 300w, https:\/\/konferenztechnik.de\/wp-content\/uploads\/2023\/04\/uni-medieninstallation-1024x383.jpg 1024w, https:\/\/konferenztechnik.de\/wp-content\/uploads\/2023\/04\/uni-medieninstallation-768x287.jpg 768w, https:\/\/konferenztechnik.de\/wp-content\/uploads\/2023\/04\/uni-medieninstallation-18x7.jpg 18w\" sizes=\"(max-width: 1300px) 100vw, 1300px\" title=\"\">\t\t\t\t\t\t\t\t\t\t\t\t\t\t\t<\/div>\n\t\t\t\t<\/div>\n\t\t\t\t\t<\/div>\n\t\t\t\t<\/div>\n\t\t<div data-particle_enable=\"false\" data-particle-mobile-disabled=\"false\" class=\"elementor-element elementor-element-9deafd4 e-flex e-con-boxed e-con e-parent\" data-id=\"9deafd4\" data-element_type=\"container\">\n\t\t\t\t\t<div class=\"e-con-inner\">\n\t\t\t\t<div class=\"elementor-element elementor-element-66ea8b4 elementor-widget elementor-widget-heading\" data-id=\"66ea8b4\" data-element_type=\"widget\" data-settings=\"{&quot;_animation&quot;:&quot;none&quot;}\" data-widget_type=\"heading.default\">\n\t\t\t\t<div class=\"elementor-widget-container\">\n\t\t\t\t\t<h2 class=\"elementor-heading-title elementor-size-default\">Educa\u00e7\u00e3o: moderna, din\u00e2mica, hol\u00edstica<\/h2>\t\t\t\t<\/div>\n\t\t\t\t<\/div>\n\t\t\t\t<div class=\"elementor-element elementor-element-d16fcf6 elementor-widget__width-inherit elementor-widget elementor-widget-text-editor\" data-id=\"d16fcf6\" data-element_type=\"widget\" data-widget_type=\"text-editor.default\">\n\t\t\t\t<div class=\"elementor-widget-container\">\n\t\t\t\t\t\t\t\t\t<p>As institui\u00e7\u00f5es de ensino e as universidades t\u00eam requisitos particularmente elevados em termos de tecnologia de comunica\u00e7\u00e3o moderna. Atrav\u00e9s de forma\u00e7\u00f5es regulares com os fabricantes e da implementa\u00e7\u00e3o pr\u00e1tica nas instala\u00e7\u00f5es, mantemo-nos tecnologicamente atualizados. As universidades funcionam frequentemente como impulsionadoras da inova\u00e7\u00e3o em tecnologia de \u00e1udio, v\u00eddeo e apresenta\u00e7\u00e3o.<\/p><p>\u00a0<\/p><p>A necessidade de alta inteligibilidade de voz e transmiss\u00e3o visual fi\u00e1vel \u00e9 fundamental em ambientes de ensino e aprendizagem. Qualidade de \u00e1udio n\u00edtida e imagem est\u00e1vel s\u00e3o essenciais para palestras, formatos de ensino h\u00edbridos e colabora\u00e7\u00e3o digital.<\/p><p>\u00a0<\/p><p>Al\u00e9m disso, os sistemas de tecnologia de m\u00eddia nas universidades devem ser altamente dispon\u00edveis, robustos e \u00e0 prova de erros de opera\u00e7\u00e3o. Os conceitos de opera\u00e7\u00e3o devem ser intuitivos para evitar interrup\u00e7\u00f5es nas atividades letivas. Muitas das solu\u00e7\u00f5es que utilizamos hoje em salas de confer\u00eancia corporativas foram originalmente testadas em projetos universit\u00e1rios, incluindo monitores interativos profissionais.<\/p><p>\u00a0<\/p><p>Consideramos como padr\u00e3o de excel\u00eancia t\u00e9cnica tudo o que \u00e9 adequado para utiliza\u00e7\u00e3o em institui\u00e7\u00f5es de ensino superior. Implementamos de forma consistente os padr\u00f5es de qualidade exigidos nessas institui\u00e7\u00f5es em termos de fiabilidade, facilidade de utiliza\u00e7\u00e3o e desempenho tamb\u00e9m noutras \u00e1reas de aplica\u00e7\u00e3o. Os projetos universit\u00e1rios s\u00e3o tamb\u00e9m particularmente procurados internamente, uma vez que s\u00e3o tecnologicamente exigentes e requerem a mais elevada compet\u00eancia t\u00e9cnica.<\/p>\t\t\t\t\t\t\t\t<\/div>\n\t\t\t\t<\/div>\n\t\t\t\t\t<\/div>\n\t\t\t\t<\/div>\n\t\t<div data-particle_enable=\"false\" data-particle-mobile-disabled=\"false\" class=\"elementor-element elementor-element-455c20b e-flex e-con-boxed e-con e-parent\" data-id=\"455c20b\" data-element_type=\"container\" data-settings=\"{&quot;animation&quot;:&quot;none&quot;}\">\n\t\t\t\t\t<div class=\"e-con-inner\">\n\t\t\t\t<div class=\"elementor-element elementor-element-7734196 elementor-widget elementor-widget-heading\" data-id=\"7734196\" data-element_type=\"widget\" data-settings=\"{&quot;_animation&quot;:&quot;none&quot;}\" data-widget_type=\"heading.default\">\n\t\t\t\t<div class=\"elementor-widget-container\">\n\t\t\t\t\t<h2 class=\"elementor-heading-title elementor-size-default\">T\u00f3picos frequentes<\/h2>\t\t\t\t<\/div>\n\t\t\t\t<\/div>\n\t\t\t\t<div class=\"elementor-element elementor-element-1e5ddfb elementor-widget__width-inherit smart-post-list-4-col elementor-widget elementor-widget-eael-post-list\" data-id=\"1e5ddfb\" data-element_type=\"widget\" data-settings=\"{&quot;_animation&quot;:&quot;none&quot;}\" data-widget_type=\"eael-post-list.default\">\n\t\t\t\t<div class=\"elementor-widget-container\">\n\t\t\t\t\t<div class=\"eael-post-list-container advanced layout-advanced\"><div class=\"eael-post-list-wrap\"><div class=\"eael-post-list-posts-wrap eael-post-appender eael-post-appender-1e5ddfb\"><div class=\"eael-post-list-post\"><div class=\"eael-post-list-post-inner\"><div class=\"eael-post-list-thumbnail\"><a href=\"https:\/\/konferenztechnik.de\/pt\/sistema-de-microfone-sem-fios-shure-mxw-next-2\/\">\n                <img decoding=\"async\" src=\"https:\/\/konferenztechnik.de\/wp-content\/uploads\/2024\/02\/drahtlose-konferenz-shure-mxw-next-2-jpg.webp\" alt=\"Um sistema de microfone, uma pessoa liga-o.\" title=\"\">\n            <\/a><\/div><div class=\"eael-post-list-content\"><h3 class=\"eael-post-list-title\"><a href=\"https:\/\/konferenztechnik.de\/pt\/sistema-de-microfone-sem-fios-shure-mxw-next-2\/\" >Sistema de microfone sem fios Shure MXW NEXT 2<\/a><\/h3><p>Microfones sem fios para salas de aula, salas de forma\u00e7\u00e3o, audit\u00f3rios e salas de confer\u00eancia h\u00edbridas \u2013 simples, fi\u00e1vel,...<\/p><a href=\"https:\/\/konferenztechnik.de\/pt\/sistema-de-microfone-sem-fios-shure-mxw-next-2\/\" class=\"eael-post-elements-readmore-btn\" >\u203a mais<\/a><div class=\"boxed-meta\"><\/div><\/div><\/div><\/div><div class=\"eael-post-list-post\"><div class=\"eael-post-list-post-inner\"><div class=\"eael-post-list-thumbnail\"><a href=\"https:\/\/konferenztechnik.de\/pt\/acessibilidade-eventos-solucoes-tecnicas-consultoria-implementacao\/\">\n                <img decoding=\"async\" src=\"https:\/\/konferenztechnik.de\/wp-content\/uploads\/2023\/03\/barrierefreie-events.jpg\" alt=\"S\u00edmbolo de acessibilidade\" title=\"\">\n            <\/a><\/div><div class=\"eael-post-list-content\"><h3 class=\"eael-post-list-title\"><a href=\"https:\/\/konferenztechnik.de\/pt\/acessibilidade-eventos-solucoes-tecnicas-consultoria-implementacao\/\" >Acessibilidade<\/a><\/h3><p>Para eventos e comunica\u00e7\u00e3o digital: Consultoria, implementa\u00e7\u00e3o: Ajudamo-lo a organizar eventos, fun\u00e7\u00f5es,...<\/p><a href=\"https:\/\/konferenztechnik.de\/pt\/acessibilidade-eventos-solucoes-tecnicas-consultoria-implementacao\/\" class=\"eael-post-elements-readmore-btn\" >\u203a mais<\/a><div class=\"boxed-meta\"><\/div><\/div><\/div><\/div><div class=\"eael-post-list-post\"><div class=\"eael-post-list-post-inner\"><div class=\"eael-post-list-thumbnail\"><a href=\"https:\/\/konferenztechnik.de\/pt\/ecras-interactivos-quadros-brancos-flipcharts\/\">\n                <img decoding=\"async\" src=\"https:\/\/konferenztechnik.de\/wp-content\/uploads\/2023\/04\/i3-displays-whiteboards-flipcharts-jpg.webp\" alt=\"2 expositores da marca I3 em trip\u00e9s m\u00f3veis\" title=\"\">\n            <\/a><\/div><div class=\"eael-post-list-content\"><h3 class=\"eael-post-list-title\"><a href=\"https:\/\/konferenztechnik.de\/pt\/ecras-interactivos-quadros-brancos-flipcharts\/\" >Ecr\u00e3s interactivos, quadros brancos, flipcharts<\/a><\/h3><p>A nossa primeira escolha para ecr\u00e3s t\u00e1cteis, quadros brancos e flipcharts digitais \u00e9 frequentemente a i3-Technologies.<\/p><a href=\"https:\/\/konferenztechnik.de\/pt\/ecras-interactivos-quadros-brancos-flipcharts\/\" class=\"eael-post-elements-readmore-btn\" >\u203a mais<\/a><div class=\"boxed-meta\"><\/div><\/div><\/div><\/div><div class=\"eael-post-list-post\"><div class=\"eael-post-list-post-inner\"><div class=\"eael-post-list-thumbnail\"><a href=\"https:\/\/konferenztechnik.de\/pt\/qualidade-do-ar\/\">\n                <img decoding=\"async\" src=\"https:\/\/konferenztechnik.de\/wp-content\/uploads\/2023\/04\/luftqualitaet-veranstaltungen-hochschulen.jpg\" alt=\"S\u00edmbolo do \u00edndice de qualidade do ar\" title=\"\">\n            <\/a><\/div><div class=\"eael-post-list-content\"><h3 class=\"eael-post-list-title\"><a href=\"https:\/\/konferenztechnik.de\/pt\/qualidade-do-ar\/\" >Qualidade do ar nos espa\u00e7os de trabalho e de aprendizagem<\/a><\/h3><p>Trabalhamos e aprendemos dentro de casa. Por isso, uma boa qualidade do ar interior \u00e9...<\/p><a href=\"https:\/\/konferenztechnik.de\/pt\/qualidade-do-ar\/\" class=\"eael-post-elements-readmore-btn\" >\u203a mais<\/a><div class=\"boxed-meta\"><\/div><\/div><\/div><\/div><div class=\"eael-post-list-post\"><div class=\"eael-post-list-post-inner\"><div class=\"eael-post-list-thumbnail\"><a href=\"https:\/\/konferenztechnik.de\/pt\/camaras-ptz\/\">\n                <img decoding=\"async\" src=\"https:\/\/konferenztechnik.de\/wp-content\/uploads\/2023\/03\/ptz-kameras.jpg\" alt=\"\" title=\"\">\n            <\/a><\/div><div class=\"eael-post-list-content\"><h3 class=\"eael-post-list-title\"><a href=\"https:\/\/konferenztechnik.de\/pt\/camaras-ptz\/\" >C\u00e2maras PTZ<\/a><\/h3><p>As c\u00e2maras PTZ (muitas vezes tamb\u00e9m conhecidas como c\u00e2maras DOME) focam automaticamente a \u00e1rea alvo quando...<\/p><a href=\"https:\/\/konferenztechnik.de\/pt\/camaras-ptz\/\" class=\"eael-post-elements-readmore-btn\" >\u203a mais<\/a><div class=\"boxed-meta\"><\/div><\/div><\/div><\/div><div class=\"eael-post-list-post\"><div class=\"eael-post-list-post-inner\"><div class=\"eael-post-list-thumbnail\"><a href=\"https:\/\/konferenztechnik.de\/pt\/salas-de-reuniao-hibridas-para-videoconferencias-2\/\">\n                <img decoding=\"async\" src=\"https:\/\/konferenztechnik.de\/wp-content\/uploads\/2023\/03\/hybride-besprechungsraeume.jpg\" alt=\"\" title=\"\">\n            <\/a><\/div><div class=\"eael-post-list-content\"><h3 class=\"eael-post-list-title\"><a href=\"https:\/\/konferenztechnik.de\/pt\/salas-de-reuniao-hibridas-para-videoconferencias-2\/\" >Salas de reuni\u00e3o h\u00edbridas para videoconfer\u00eancia<\/a><\/h3><p>Condi\u00e7\u00f5es \u00f3ptimas na sala e para os participantes ligados e utiliza\u00e7\u00e3o harmoniosa...<\/p><a href=\"https:\/\/konferenztechnik.de\/pt\/salas-de-reuniao-hibridas-para-videoconferencias-2\/\" class=\"eael-post-elements-readmore-btn\" >\u203a mais<\/a><div class=\"boxed-meta\"><\/div><\/div><\/div><\/div><div class=\"eael-post-list-post\"><div class=\"eael-post-list-post-inner\"><div class=\"eael-post-list-thumbnail\"><a href=\"https:\/\/konferenztechnik.de\/pt\/paginas-de-destino-para-eventos-plataformas-virtuais-de-eventos\/\">\n                <img decoding=\"async\" src=\"https:\/\/konferenztechnik.de\/wp-content\/uploads\/2023\/03\/landingpage-beitrag.jpg\" alt=\"\" title=\"\">\n            <\/a><\/div><div class=\"eael-post-list-content\"><h3 class=\"eael-post-list-title\"><a href=\"https:\/\/konferenztechnik.de\/pt\/paginas-de-destino-para-eventos-plataformas-virtuais-de-eventos\/\" >P\u00e1ginas de destino para eventos, plataformas de eventos virtuais<\/a><\/h3><p>Landing pages para eventos, plataformas de eventos virtuais O pacote b\u00e1sico \u00e9 composto pelos seguintes elementos...<\/p><a href=\"https:\/\/konferenztechnik.de\/pt\/paginas-de-destino-para-eventos-plataformas-virtuais-de-eventos\/\" class=\"eael-post-elements-readmore-btn\" >\u203a mais<\/a><div class=\"boxed-meta\"><\/div><\/div><\/div><\/div><div class=\"eael-post-list-post\"><div class=\"eael-post-list-post-inner\"><div class=\"eael-post-list-thumbnail\"><a href=\"https:\/\/konferenztechnik.de\/pt\/conferencias-com-equipas-da-microsoft\/\">\n                <img decoding=\"async\" src=\"https:\/\/konferenztechnik.de\/wp-content\/uploads\/2023\/03\/konferenzen-ms-teams.jpg\" alt=\"\" title=\"\">\n            <\/a><\/div><div class=\"eael-post-list-content\"><h3 class=\"eael-post-list-title\"><a href=\"https:\/\/konferenztechnik.de\/pt\/conferencias-com-equipas-da-microsoft\/\" >Confer\u00eancias com o Microsoft Teams<\/a><\/h3><p>MS Teams agora tamb\u00e9m multilingue e com a fun\u00e7\u00e3o \"SInterpreta\u00e7\u00e3o simult\u00e2nea\"<\/p><a href=\"https:\/\/konferenztechnik.de\/pt\/conferencias-com-equipas-da-microsoft\/\" class=\"eael-post-elements-readmore-btn\" >\u203a mais<\/a><div class=\"boxed-meta\"><\/div><\/div><\/div><\/div><\/div><\/div>\n\t\t<\/div>\t\t\t\t<\/div>\n\t\t\t\t<\/div>\n\t\t\t\t\t<\/div>\n\t\t\t\t<\/div>\n\t\t<div data-particle_enable=\"false\" data-particle-mobile-disabled=\"false\" class=\"elementor-element elementor-element-eaddbcf e-flex e-con-boxed e-con e-parent\" data-id=\"eaddbcf\" data-element_type=\"container\">\n\t\t\t\t\t<div class=\"e-con-inner\">\n\t\t\t\t<div class=\"elementor-element elementor-element-7fa8348 elementor-widget__width-inherit elementor-widget elementor-widget-heading\" data-id=\"7fa8348\" data-element_type=\"widget\" data-widget_type=\"heading.default\">\n\t\t\t\t<div class=\"elementor-widget-container\">\n\t\t\t\t\t<h2 class=\"elementor-heading-title elementor-size-default\">Refer\u00eancias: Educa\u00e7\u00e3o e universidades<\/h2>\t\t\t\t<\/div>\n\t\t\t\t<\/div>\n\t\t\t\t<div class=\"elementor-element elementor-element-28236df elementor-widget__width-inherit elementor-widget elementor-widget-text-editor\" data-id=\"28236df\" data-element_type=\"widget\" data-widget_type=\"text-editor.default\">\n\t\t\t\t<div class=\"elementor-widget-container\">\n\t\t\t\t\t\t\t\t\t<ul><li>Universidade Bauhaus de Weimar<\/li><li>Universidade de Wuppertal<\/li><li>Universidade de Ci\u00eancias Aplicadas de Berlim<\/li><li>BIBB Centro do Governo Federal para a Coopera\u00e7\u00e3o Internacional no Ensino e Forma\u00e7\u00e3o Profissionais<\/li><li>Minist\u00e9rio Federal da Educa\u00e7\u00e3o e Investiga\u00e7\u00e3o<\/li><li>Ag\u00eancia Federal para a Educa\u00e7\u00e3o C\u00edvica<\/li><li>Universidade Crist\u00e3-Albrechts de Kiel<\/li><li>Universidade Europeia Viadrina Frankfurt\/Oder<\/li><li>Universidade de Ci\u00eancias Aplicadas de Aachen<\/li><li>Universidade de Ci\u00eancias Aplicadas de Erfurt<\/li><li>Universidade de Cinema de Babelsberg Konrad Wolf<\/li><li>Universidade Livre de Berlim<\/li><li>Universidade Friedrich Schiller de Jena<\/li><li>Universidade Heinrich Heine de D\u00fcsseldorf<\/li><li>Universidade de Ci\u00eancias Aplicadas para a Pol\u00edcia e Administra\u00e7\u00e3o P\u00fablica NRW<\/li><li>Universidade de Ci\u00eancias Aplicadas de Niederrhein<\/li><li>Universidade Humboldt de Berlim<\/li><li>Centro de Forma\u00e7\u00e3o IG Metall<\/li><li>Internationales Bildungs- und Begegnungswerk e.V.<\/li><li>Ludwig-Maximilians-Universidade de Munique<\/li><li>Academia de Miss\u00e3o da Universidade de Hamburgo<\/li><li>Academia de Ci\u00eancias e Humanidades da Ren\u00e2nia do Norte-Vestef\u00e1lia<\/li><li>Universidade T\u00e9cnica da Baviera Oriental (OTH)<\/li><li>Universidade Renana Friedrich-Wilhelms de Bona<\/li><li>Universidade do Ruhr de Bochum<\/li><li>Senado Departamento de Educa\u00e7\u00e3o, Juventude e Fam\u00edlia Berlim<\/li><li>Funda\u00e7\u00e3o da Universidade de Hildesheim<\/li><li>Funda\u00e7\u00e3o para a promo\u00e7\u00e3o da Confer\u00eancia de Reitores Alem\u00e3es<\/li><li>Universidade de Tecnologia de Col\u00f3nia<\/li><li>Universidade de Tecnologia de Berlim<\/li><li>Universidade T\u00e9cnica de Munique<\/li><li>Universidade de Duisburg Essen<\/li><li>Universidade Livre Ucraniana de Munique<\/li><li>Universidade de Heidelberg<\/li><li>Universidade de Kassel<\/li><li>Universidade de Potsdam<\/li><li>Organiza\u00e7\u00e3o de Congressos e Forma\u00e7\u00e3o M\u00e9dica Militar mbH<\/li><\/ul>\t\t\t\t\t\t\t\t<\/div>\n\t\t\t\t<\/div>\n\t\t\t\t<div class=\"elementor-element elementor-element-507e68a elementor-icon-list--layout-traditional elementor-list-item-link-full_width elementor-widget elementor-widget-icon-list\" data-id=\"507e68a\" data-element_type=\"widget\" data-widget_type=\"icon-list.default\">\n\t\t\t\t<div class=\"elementor-widget-container\">\n\t\t\t\t\t\t\t<ul class=\"elementor-icon-list-items\">\n\t\t\t\t\t\t\t<li class=\"elementor-icon-list-item\">\n\t\t\t\t\t\t\t\t\t\t\t<a href=\"\/pt\/referencias\/\">\n\n\t\t\t\t\t\t\t\t\t\t\t\t<span class=\"elementor-icon-list-icon\">\n\t\t\t\t\t\t\t<svg aria-hidden=\"true\" class=\"e-font-icon-svg e-fas-chevron-right\" viewbox=\"0 0 320 512\" xmlns=\"http:\/\/www.w3.org\/2000\/svg\"><path d=\"M285.476 272.971L91.132 467.314c-9.373 9.373-24.569 9.373-33.941 0l-22.667-22.667c-9.357-9.357-9.375-24.522-.04-33.901L188.505 256 34.484 101.255c-9.335-9.379-9.317-24.544.04-33.901l22.667-22.667c9.373-9.373 24.569-9.373 33.941 0L285.475 239.03c9.373 9.372 9.373 24.568.001 33.941z\"><\/path><\/svg>\t\t\t\t\t\t<\/span>\n\t\t\t\t\t\t\t\t\t\t<span class=\"elementor-icon-list-text\">Outras refer\u00eancias<\/span>\n\t\t\t\t\t\t\t\t\t\t\t<\/a>\n\t\t\t\t\t\t\t\t\t<\/li>\n\t\t\t\t\t\t<\/ul>\n\t\t\t\t\t\t<\/div>\n\t\t\t\t<\/div>\n\t\t\t\t\t<\/div>\n\t\t\t\t<\/div>\n\t\t<div data-particle_enable=\"false\" data-particle-mobile-disabled=\"false\" class=\"elementor-element elementor-element-2af5988 e-flex e-con-boxed e-con e-parent\" data-id=\"2af5988\" data-element_type=\"container\">\n\t\t\t\t\t<div class=\"e-con-inner\">\n\t\t\t\t<div class=\"elementor-element elementor-element-f28f352 elementor-widget elementor-widget-shortcode\" data-id=\"f28f352\" data-element_type=\"widget\" data-widget_type=\"shortcode.default\">\n\t\t\t\t<div class=\"elementor-widget-container\">\n\t\t\t\t\t\t\t<div class=\"elementor-shortcode\"><\/div>\n\t\t\t\t\t\t<\/div>\n\t\t\t\t<\/div>\n\t\t\t\t\t<\/div>\n\t\t\t\t<\/div>\n\t\t<div data-particle_enable=\"false\" data-particle-mobile-disabled=\"false\" class=\"elementor-element elementor-element-14d115f e-flex e-con-boxed e-con e-parent\" data-id=\"14d115f\" data-element_type=\"container\">\n\t\t\t\t\t<div class=\"e-con-inner\">\n\t\t\t\t<div class=\"elementor-element elementor-element-0f53c4b elementor-widget elementor-widget-shortcode\" data-id=\"0f53c4b\" data-element_type=\"widget\" data-widget_type=\"shortcode.default\">\n\t\t\t\t<div class=\"elementor-widget-container\">\n\t\t\t\t\t\t\t<div class=\"elementor-shortcode\"><\/div>\n\t\t\t\t\t\t<\/div>\n\t\t\t\t<\/div>\n\t\t\t\t\t<\/div>\n\t\t\t\t<\/div>\n\t\t\t\t<\/div>","protected":false},"excerpt":{"rendered":"<p>Bildung und Universit\u00e4ten Bildung: modern, dynamisch, ganzheitlich Bildungseinrichtungen und Hochschulen stellen besonders hohe Anforderungen an zeitgem\u00e4\u00dfe Medientechnik. Durch regelm\u00e4\u00dfige Schulungen bei Herstellern sowie die praktische Umsetzung bei Installationen bleiben wir technologisch auf dem neuesten Stand. Hochschulen fungieren dabei h\u00e4ufig als Innovationstreiber f\u00fcr Audio-, Video- und Pr\u00e4sentationstechnik. \u00a0 Der Bedarf an hoher Sprachverst\u00e4ndlichkeit und zuverl\u00e4ssiger visueller [&hellip;]<\/p>","protected":false},"author":2,"featured_media":45482,"parent":0,"menu_order":0,"comment_status":"closed","ping_status":"closed","template":"","meta":{"_acf_changed":false,"footnotes":""},"class_list":["post-24791","page","type-page","status-publish","has-post-thumbnail","hentry"],"acf":[],"_links":{"self":[{"href":"https:\/\/konferenztechnik.de\/pt\/wp-json\/wp\/v2\/pages\/24791","targetHints":{"allow":["GET"]}}],"collection":[{"href":"https:\/\/konferenztechnik.de\/pt\/wp-json\/wp\/v2\/pages"}],"about":[{"href":"https:\/\/konferenztechnik.de\/pt\/wp-json\/wp\/v2\/types\/page"}],"author":[{"embeddable":true,"href":"https:\/\/konferenztechnik.de\/pt\/wp-json\/wp\/v2\/users\/2"}],"replies":[{"embeddable":true,"href":"https:\/\/konferenztechnik.de\/pt\/wp-json\/wp\/v2\/comments?post=24791"}],"version-history":[{"count":0,"href":"https:\/\/konferenztechnik.de\/pt\/wp-json\/wp\/v2\/pages\/24791\/revisions"}],"wp:featuredmedia":[{"embeddable":true,"href":"https:\/\/konferenztechnik.de\/pt\/wp-json\/wp\/v2\/media\/45482"}],"wp:attachment":[{"href":"https:\/\/konferenztechnik.de\/pt\/wp-json\/wp\/v2\/media?parent=24791"}],"curies":[{"name":"wp","href":"https:\/\/api.w.org\/{rel}","templated":true}]}}