{"id":24872,"date":"2023-04-18T11:01:41","date_gmt":"2023-04-18T09:01:41","guid":{"rendered":"http:\/\/dev.konferenztechnik.de\/?page_id=24872"},"modified":"2025-12-20T19:10:32","modified_gmt":"2025-12-20T18:10:32","slug":"gabinetes-tecnicos-de-planeamento","status":"publish","type":"page","link":"https:\/\/konferenztechnik.de\/pt\/gabinetes-tecnicos-de-planeamento\/","title":{"rendered":"Gabinetes t\u00e9cnicos de planeamento"},"content":{"rendered":"<div data-elementor-type=\"wp-page\" data-elementor-id=\"24872\" class=\"elementor elementor-24872\" data-elementor-post-type=\"page\">\n\t\t\t\t<div data-particle_enable=\"false\" data-particle-mobile-disabled=\"false\" class=\"elementor-element elementor-element-d8aba58 e-flex e-con-boxed e-con e-parent\" data-id=\"d8aba58\" data-element_type=\"container\">\n\t\t\t\t\t<div class=\"e-con-inner\">\n\t\t\t\t<div class=\"elementor-element elementor-element-366d4e5 elementor-widget__width-inherit elementor-widget elementor-widget-heading\" data-id=\"366d4e5\" data-element_type=\"widget\" data-widget_type=\"heading.default\">\n\t\t\t\t<div class=\"elementor-widget-container\">\n\t\t\t\t\t<h1 class=\"elementor-heading-title elementor-size-default\">Gabinetes t\u00e9cnicos de planeamento <\/h1>\t\t\t\t<\/div>\n\t\t\t\t<\/div>\n\t\t\t\t<div class=\"elementor-element elementor-element-e4b6b7a elementor-widget elementor-widget-image\" data-id=\"e4b6b7a\" data-element_type=\"widget\" data-widget_type=\"image.default\">\n\t\t\t\t<div class=\"elementor-widget-container\">\n\t\t\t\t\t\t\t\t\t\t\t\t\t\t\t<img fetchpriority=\"high\" decoding=\"async\" width=\"1300\" height=\"486\" src=\"https:\/\/konferenztechnik.de\/wp-content\/uploads\/2023\/04\/planungsbueros.jpg\" class=\"attachment-full size-full wp-image-24873\" alt=\"Um t\u00e9cnico observa v\u00e1rios monitores no seu posto de trabalho\" srcset=\"https:\/\/konferenztechnik.de\/wp-content\/uploads\/2023\/04\/planungsbueros.jpg 1300w, https:\/\/konferenztechnik.de\/wp-content\/uploads\/2023\/04\/planungsbueros-300x112.jpg 300w, https:\/\/konferenztechnik.de\/wp-content\/uploads\/2023\/04\/planungsbueros-1024x383.jpg 1024w, https:\/\/konferenztechnik.de\/wp-content\/uploads\/2023\/04\/planungsbueros-768x287.jpg 768w, https:\/\/konferenztechnik.de\/wp-content\/uploads\/2023\/04\/planungsbueros-18x7.jpg 18w\" sizes=\"(max-width: 1300px) 100vw, 1300px\" title=\"\">\t\t\t\t\t\t\t\t\t\t\t\t\t\t\t<\/div>\n\t\t\t\t<\/div>\n\t\t\t\t\t<\/div>\n\t\t\t\t<\/div>\n\t\t<div data-particle_enable=\"false\" data-particle-mobile-disabled=\"false\" class=\"elementor-element elementor-element-9deafd4 e-flex e-con-boxed e-con e-parent\" data-id=\"9deafd4\" data-element_type=\"container\">\n\t\t\t\t\t<div class=\"e-con-inner\">\n\t\t\t\t<div class=\"elementor-element elementor-element-66ea8b4 elementor-widget elementor-widget-heading\" data-id=\"66ea8b4\" data-element_type=\"widget\" data-settings=\"{&quot;_animation&quot;:&quot;none&quot;}\" data-widget_type=\"heading.default\">\n\t\t\t\t<div class=\"elementor-widget-container\">\n\t\t\t\t\t<h2 class=\"elementor-heading-title elementor-size-default\">Com dedica\u00e7\u00e3o \u00e0s salas, \u00e0 comunica\u00e7\u00e3o e \u00e0 tecnologia<\/h2>\t\t\t\t<\/div>\n\t\t\t\t<\/div>\n\t\t\t\t<div class=\"elementor-element elementor-element-d16fcf6 elementor-widget__width-inherit elementor-widget elementor-widget-text-editor\" data-id=\"d16fcf6\" data-element_type=\"widget\" data-widget_type=\"text-editor.default\">\n\t\t\t\t<div class=\"elementor-widget-container\">\n\t\t\t\t\t\t\t\t\t<p>Valorizamos especialmente os pedidos dos gabinetes de planeamento: geralmente s\u00e3o precisos, exigentes e de alta qualidade. Eles desafiam-nos a desenvolver continuamente a nossa atualidade, a nossa compreens\u00e3o do mercado e a nossa compet\u00eancia de implementa\u00e7\u00e3o. Na realiza\u00e7\u00e3o de conceitos profissionais de tecnologia de m\u00eddia, comprovamos continuamente a nossa efici\u00eancia.<\/p><p>\u00a0<\/p><p>A exig\u00eancia deste cliente reflete-se no tratamento cuidadoso das pessoas, dos espa\u00e7os e da tecnologia \u2013, bem como num planeamento de projetos claramente estruturado.<\/p><p>\u00a0<\/p><p>A comunica\u00e7\u00e3o eficaz resulta de um planeamento estruturado. Consideramos os gabinetes de planeamento como um fator central de inova\u00e7\u00e3o e economia \u2013 na Alemanha e a n\u00edvel internacional.<\/p>\t\t\t\t\t\t\t\t<\/div>\n\t\t\t\t<\/div>\n\t\t\t\t\t<\/div>\n\t\t\t\t<\/div>\n\t\t<div data-particle_enable=\"false\" data-particle-mobile-disabled=\"false\" class=\"elementor-element elementor-element-455c20b e-flex e-con-boxed e-con e-parent\" data-id=\"455c20b\" data-element_type=\"container\" data-settings=\"{&quot;animation&quot;:&quot;none&quot;}\">\n\t\t\t\t\t<div class=\"e-con-inner\">\n\t\t\t\t<div class=\"elementor-element elementor-element-7734196 elementor-widget elementor-widget-heading\" data-id=\"7734196\" data-element_type=\"widget\" data-settings=\"{&quot;_animation&quot;:&quot;none&quot;}\" data-widget_type=\"heading.default\">\n\t\t\t\t<div class=\"elementor-widget-container\">\n\t\t\t\t\t<h2 class=\"elementor-heading-title elementor-size-default\">T\u00f3picos frequentes<\/h2>\t\t\t\t<\/div>\n\t\t\t\t<\/div>\n\t\t\t\t<div class=\"elementor-element elementor-element-1e5ddfb elementor-widget__width-inherit smart-post-list-4-col elementor-widget elementor-widget-eael-post-list\" data-id=\"1e5ddfb\" data-element_type=\"widget\" data-settings=\"{&quot;_animation&quot;:&quot;none&quot;}\" data-widget_type=\"eael-post-list.default\">\n\t\t\t\t<div class=\"elementor-widget-container\">\n\t\t\t\t\t<div class=\"eael-post-list-container advanced layout-advanced\"><div class=\"eael-post-list-wrap\"><div class=\"eael-post-list-posts-wrap eael-post-appender eael-post-appender-1e5ddfb\"><div class=\"eael-post-list-post\"><div class=\"eael-post-list-post-inner\"><div class=\"eael-post-list-thumbnail\"><a href=\"https:\/\/konferenztechnik.de\/pt\/transmissao\/\">\n                <img decoding=\"async\" src=\"https:\/\/konferenztechnik.de\/wp-content\/uploads\/2023\/04\/streaming-hosting-events-jpg.webp\" alt=\"Dire\u00e7\u00e3o de som e dire\u00e7\u00e3o de v\u00eddeo com t\u00e9cnicos de eventos numa sala de confer\u00eancias, com a inscri\u00e7\u00e3o &quot;Live - Live - Live&quot; v\u00e1rias vezes \u00e0 frente\" title=\"\">\n            <\/a><\/div><div class=\"eael-post-list-content\"><h3 class=\"eael-post-list-title\"><a href=\"https:\/\/konferenztechnik.de\/pt\/transmissao\/\" >Streaming e alojamento<\/a><\/h3><p>Transmiss\u00e3o de conte\u00fados em direto e de v\u00eddeo, arquivo e disponibiliza\u00e7\u00e3o em servidores e plataformas de v\u00eddeo<\/p><a href=\"https:\/\/konferenztechnik.de\/pt\/transmissao\/\" class=\"eael-post-elements-readmore-btn\" >\u203a mais<\/a><div class=\"boxed-meta\"><\/div><\/div><\/div><\/div><div class=\"eael-post-list-post\"><div class=\"eael-post-list-post-inner\"><div class=\"eael-post-list-thumbnail\"><a href=\"https:\/\/konferenztechnik.de\/pt\/camaras-ptz\/\">\n                <img decoding=\"async\" src=\"https:\/\/konferenztechnik.de\/wp-content\/uploads\/2023\/03\/ptz-kameras.jpg\" alt=\"\" title=\"\">\n            <\/a><\/div><div class=\"eael-post-list-content\"><h3 class=\"eael-post-list-title\"><a href=\"https:\/\/konferenztechnik.de\/pt\/camaras-ptz\/\" >C\u00e2maras PTZ<\/a><\/h3><p>As c\u00e2maras PTZ (muitas vezes tamb\u00e9m conhecidas como c\u00e2maras DOME) focam automaticamente a \u00e1rea alvo quando...<\/p><a href=\"https:\/\/konferenztechnik.de\/pt\/camaras-ptz\/\" class=\"eael-post-elements-readmore-btn\" >\u203a mais<\/a><div class=\"boxed-meta\"><\/div><\/div><\/div><\/div><div class=\"eael-post-list-post\"><div class=\"eael-post-list-post-inner\"><div class=\"eael-post-list-thumbnail\"><a href=\"https:\/\/konferenztechnik.de\/pt\/paginas-de-destino-para-eventos-plataformas-virtuais-de-eventos\/\">\n                <img decoding=\"async\" src=\"https:\/\/konferenztechnik.de\/wp-content\/uploads\/2023\/03\/landingpage-beitrag.jpg\" alt=\"\" title=\"\">\n            <\/a><\/div><div class=\"eael-post-list-content\"><h3 class=\"eael-post-list-title\"><a href=\"https:\/\/konferenztechnik.de\/pt\/paginas-de-destino-para-eventos-plataformas-virtuais-de-eventos\/\" >P\u00e1ginas de destino para eventos, plataformas de eventos virtuais<\/a><\/h3><p>Landing pages para eventos, plataformas de eventos virtuais O pacote b\u00e1sico \u00e9 composto pelos seguintes elementos...<\/p><a href=\"https:\/\/konferenztechnik.de\/pt\/paginas-de-destino-para-eventos-plataformas-virtuais-de-eventos\/\" class=\"eael-post-elements-readmore-btn\" >\u203a mais<\/a><div class=\"boxed-meta\"><\/div><\/div><\/div><\/div><div class=\"eael-post-list-post\"><div class=\"eael-post-list-post-inner\"><div class=\"eael-post-list-thumbnail\"><a href=\"https:\/\/konferenztechnik.de\/pt\/conferencias-com-equipas-da-microsoft\/\">\n                <img decoding=\"async\" src=\"https:\/\/konferenztechnik.de\/wp-content\/uploads\/2023\/03\/konferenzen-ms-teams.jpg\" alt=\"\" title=\"\">\n            <\/a><\/div><div class=\"eael-post-list-content\"><h3 class=\"eael-post-list-title\"><a href=\"https:\/\/konferenztechnik.de\/pt\/conferencias-com-equipas-da-microsoft\/\" >Confer\u00eancias com o Microsoft Teams<\/a><\/h3><p>MS Teams agora tamb\u00e9m multilingue e com a fun\u00e7\u00e3o \"SInterpreta\u00e7\u00e3o simult\u00e2nea\"<\/p><a href=\"https:\/\/konferenztechnik.de\/pt\/conferencias-com-equipas-da-microsoft\/\" class=\"eael-post-elements-readmore-btn\" >\u203a mais<\/a><div class=\"boxed-meta\"><\/div><\/div><\/div><\/div><div class=\"eael-post-list-post\"><div class=\"eael-post-list-post-inner\"><div class=\"eael-post-list-thumbnail\"><a href=\"https:\/\/konferenztechnik.de\/pt\/ecras-interactivos-quadros-brancos-flipcharts\/\">\n                <img decoding=\"async\" src=\"https:\/\/konferenztechnik.de\/wp-content\/uploads\/2023\/04\/i3-displays-whiteboards-flipcharts-jpg.webp\" alt=\"2 expositores da marca I3 em trip\u00e9s m\u00f3veis\" title=\"\">\n            <\/a><\/div><div class=\"eael-post-list-content\"><h3 class=\"eael-post-list-title\"><a href=\"https:\/\/konferenztechnik.de\/pt\/ecras-interactivos-quadros-brancos-flipcharts\/\" >Ecr\u00e3s interactivos, quadros brancos, flipcharts<\/a><\/h3><p>A nossa primeira escolha para ecr\u00e3s t\u00e1cteis, quadros brancos e flipcharts digitais \u00e9 frequentemente a i3-Technologies.<\/p><a href=\"https:\/\/konferenztechnik.de\/pt\/ecras-interactivos-quadros-brancos-flipcharts\/\" class=\"eael-post-elements-readmore-btn\" >\u203a mais<\/a><div class=\"boxed-meta\"><\/div><\/div><\/div><\/div><div class=\"eael-post-list-post\"><div class=\"eael-post-list-post-inner\"><div class=\"eael-post-list-thumbnail\"><a href=\"https:\/\/konferenztechnik.de\/pt\/salas-de-reuniao-hibridas-para-videoconferencias-2\/\">\n                <img decoding=\"async\" src=\"https:\/\/konferenztechnik.de\/wp-content\/uploads\/2023\/03\/hybride-besprechungsraeume.jpg\" alt=\"\" title=\"\">\n            <\/a><\/div><div class=\"eael-post-list-content\"><h3 class=\"eael-post-list-title\"><a href=\"https:\/\/konferenztechnik.de\/pt\/salas-de-reuniao-hibridas-para-videoconferencias-2\/\" >Salas de reuni\u00e3o h\u00edbridas para videoconfer\u00eancia<\/a><\/h3><p>Condi\u00e7\u00f5es \u00f3ptimas na sala e para os participantes ligados e utiliza\u00e7\u00e3o harmoniosa...<\/p><a href=\"https:\/\/konferenztechnik.de\/pt\/salas-de-reuniao-hibridas-para-videoconferencias-2\/\" class=\"eael-post-elements-readmore-btn\" >\u203a mais<\/a><div class=\"boxed-meta\"><\/div><\/div><\/div><\/div><div class=\"eael-post-list-post\"><div class=\"eael-post-list-post-inner\"><div class=\"eael-post-list-thumbnail\"><a href=\"https:\/\/konferenztechnik.de\/pt\/acessibilidade-eventos-solucoes-tecnicas-consultoria-implementacao\/\">\n                <img decoding=\"async\" src=\"https:\/\/konferenztechnik.de\/wp-content\/uploads\/2023\/03\/barrierefreie-events.jpg\" alt=\"S\u00edmbolo de acessibilidade\" title=\"\">\n            <\/a><\/div><div class=\"eael-post-list-content\"><h3 class=\"eael-post-list-title\"><a href=\"https:\/\/konferenztechnik.de\/pt\/acessibilidade-eventos-solucoes-tecnicas-consultoria-implementacao\/\" >Acessibilidade<\/a><\/h3><p>Para eventos e comunica\u00e7\u00e3o digital: Consultoria, implementa\u00e7\u00e3o: Ajudamo-lo a organizar eventos, fun\u00e7\u00f5es,...<\/p><a href=\"https:\/\/konferenztechnik.de\/pt\/acessibilidade-eventos-solucoes-tecnicas-consultoria-implementacao\/\" class=\"eael-post-elements-readmore-btn\" >\u203a mais<\/a><div class=\"boxed-meta\"><\/div><\/div><\/div><\/div><div class=\"eael-post-list-post\"><div class=\"eael-post-list-post-inner\"><div class=\"eael-post-list-thumbnail\"><a href=\"https:\/\/konferenztechnik.de\/pt\/aluguer-de-equipamento-audio-e-video-av-comprar-instalar-aluguer\/\">\n                <img decoding=\"async\" src=\"https:\/\/konferenztechnik.de\/wp-content\/uploads\/2023\/03\/audio-und-videotechnik-mieten-kaufen-installieren-1024x614.avif\" alt=\"tecnologia de \u00e1udio e v\u00eddeo - aluguer - compra - instala\u00e7\u00e3o\" title=\"\">\n            <\/a><\/div><div class=\"eael-post-list-content\"><h3 class=\"eael-post-list-title\"><a href=\"https:\/\/konferenztechnik.de\/pt\/aluguer-de-equipamento-audio-e-video-av-comprar-instalar-aluguer\/\" >AV: Tecnologia de \u00e1udio e v\u00eddeo<\/a><\/h3><p>Microfones, tecnologia de altifalantes, p\u00falpitos, telefones h\u00edbridos, distribuidores de imprensa, software de registo de esteno...<\/p><a href=\"https:\/\/konferenztechnik.de\/pt\/aluguer-de-equipamento-audio-e-video-av-comprar-instalar-aluguer\/\" class=\"eael-post-elements-readmore-btn\" >\u203a mais<\/a><div class=\"boxed-meta\"><\/div><\/div><\/div><\/div><\/div><\/div>\n\t\t<\/div>\t\t\t\t<\/div>\n\t\t\t\t<\/div>\n\t\t\t\t\t<\/div>\n\t\t\t\t<\/div>\n\t\t<div data-particle_enable=\"false\" data-particle-mobile-disabled=\"false\" class=\"elementor-element elementor-element-eaddbcf e-flex e-con-boxed e-con e-parent\" data-id=\"eaddbcf\" data-element_type=\"container\">\n\t\t\t\t\t<div class=\"e-con-inner\">\n\t\t\t\t<div class=\"elementor-element elementor-element-a228b0a elementor-icon-list--layout-traditional elementor-list-item-link-full_width elementor-widget elementor-widget-icon-list\" data-id=\"a228b0a\" data-element_type=\"widget\" data-widget_type=\"icon-list.default\">\n\t\t\t\t<div class=\"elementor-widget-container\">\n\t\t\t\t\t\t\t<ul class=\"elementor-icon-list-items\">\n\t\t\t\t\t\t\t<li class=\"elementor-icon-list-item\">\n\t\t\t\t\t\t\t\t\t\t\t<a href=\"\/pt\/referencias\/\">\n\n\t\t\t\t\t\t\t\t\t\t\t\t<span class=\"elementor-icon-list-icon\">\n\t\t\t\t\t\t\t<svg aria-hidden=\"true\" class=\"e-font-icon-svg e-fas-chevron-right\" viewbox=\"0 0 320 512\" xmlns=\"http:\/\/www.w3.org\/2000\/svg\"><path d=\"M285.476 272.971L91.132 467.314c-9.373 9.373-24.569 9.373-33.941 0l-22.667-22.667c-9.357-9.357-9.375-24.522-.04-33.901L188.505 256 34.484 101.255c-9.335-9.379-9.317-24.544.04-33.901l22.667-22.667c9.373-9.373 24.569-9.373 33.941 0L285.475 239.03c9.373 9.372 9.373 24.568.001 33.941z\"><\/path><\/svg>\t\t\t\t\t\t<\/span>\n\t\t\t\t\t\t\t\t\t\t<span class=\"elementor-icon-list-text\">Refer\u00eancias<\/span>\n\t\t\t\t\t\t\t\t\t\t\t<\/a>\n\t\t\t\t\t\t\t\t\t<\/li>\n\t\t\t\t\t\t<\/ul>\n\t\t\t\t\t\t<\/div>\n\t\t\t\t<\/div>\n\t\t\t\t\t<\/div>\n\t\t\t\t<\/div>\n\t\t<div data-particle_enable=\"false\" data-particle-mobile-disabled=\"false\" class=\"elementor-element elementor-element-89e21d2 e-flex e-con-boxed e-con e-parent\" data-id=\"89e21d2\" data-element_type=\"container\">\n\t\t\t\t\t<div class=\"e-con-inner\">\n\t\t\t\t<div class=\"elementor-element elementor-element-c4be315 elementor-widget elementor-widget-shortcode\" data-id=\"c4be315\" data-element_type=\"widget\" data-widget_type=\"shortcode.default\">\n\t\t\t\t<div class=\"elementor-widget-container\">\n\t\t\t\t\t\t\t<div class=\"elementor-shortcode\"><\/div>\n\t\t\t\t\t\t<\/div>\n\t\t\t\t<\/div>\n\t\t\t\t\t<\/div>\n\t\t\t\t<\/div>\n\t\t<div data-particle_enable=\"false\" data-particle-mobile-disabled=\"false\" class=\"elementor-element elementor-element-14d115f e-flex e-con-boxed e-con e-parent\" data-id=\"14d115f\" data-element_type=\"container\">\n\t\t\t\t\t<div class=\"e-con-inner\">\n\t\t\t\t<div class=\"elementor-element elementor-element-0f53c4b elementor-widget elementor-widget-shortcode\" data-id=\"0f53c4b\" data-element_type=\"widget\" data-widget_type=\"shortcode.default\">\n\t\t\t\t<div class=\"elementor-widget-container\">\n\t\t\t\t\t\t\t<div class=\"elementor-shortcode\"><\/div>\n\t\t\t\t\t\t<\/div>\n\t\t\t\t<\/div>\n\t\t\t\t\t<\/div>\n\t\t\t\t<\/div>\n\t\t\t\t<\/div>","protected":false},"excerpt":{"rendered":"<p>Technische Planungsb\u00fcros Mit Hingabe f\u00fcr R\u00e4ume, Kommunikation, Technik Anfragen von Planungsb\u00fcros sch\u00e4tzen wir besonders: Sie sind in der Regel pr\u00e4zise, anspruchsvoll und qualitativ hochwertig. Sie fordern uns, unsere Aktualit\u00e4t, unser Marktverst\u00e4ndnis und unsere Umsetzungskompetenz kontinuierlich weiter zu entwickeln. In der Realisierung professioneller medientechnischer Konzepte belegen wir immer wieder unsere Leistungsf\u00e4higkeit. \u00a0 Der Anspruch dieses Auftraggebers [&hellip;]<\/p>","protected":false},"author":2,"featured_media":45482,"parent":0,"menu_order":0,"comment_status":"closed","ping_status":"closed","template":"","meta":{"_acf_changed":false,"footnotes":""},"class_list":["post-24872","page","type-page","status-publish","has-post-thumbnail","hentry"],"acf":[],"_links":{"self":[{"href":"https:\/\/konferenztechnik.de\/pt\/wp-json\/wp\/v2\/pages\/24872","targetHints":{"allow":["GET"]}}],"collection":[{"href":"https:\/\/konferenztechnik.de\/pt\/wp-json\/wp\/v2\/pages"}],"about":[{"href":"https:\/\/konferenztechnik.de\/pt\/wp-json\/wp\/v2\/types\/page"}],"author":[{"embeddable":true,"href":"https:\/\/konferenztechnik.de\/pt\/wp-json\/wp\/v2\/users\/2"}],"replies":[{"embeddable":true,"href":"https:\/\/konferenztechnik.de\/pt\/wp-json\/wp\/v2\/comments?post=24872"}],"version-history":[{"count":0,"href":"https:\/\/konferenztechnik.de\/pt\/wp-json\/wp\/v2\/pages\/24872\/revisions"}],"wp:featuredmedia":[{"embeddable":true,"href":"https:\/\/konferenztechnik.de\/pt\/wp-json\/wp\/v2\/media\/45482"}],"wp:attachment":[{"href":"https:\/\/konferenztechnik.de\/pt\/wp-json\/wp\/v2\/media?parent=24872"}],"curies":[{"name":"wp","href":"https:\/\/api.w.org\/{rel}","templated":true}]}}