{"id":2512,"date":"2013-09-23T13:24:27","date_gmt":"2013-09-23T11:24:27","guid":{"rendered":"https:\/\/konferenztechnik.de\/?page_id=2512"},"modified":"2023-06-29T14:24:12","modified_gmt":"2023-06-29T12:24:12","slug":"instalacoes-de-debate-2","status":"publish","type":"page","link":"https:\/\/konferenztechnik.de\/pt\/distribuicao-de-tecnologia-de-conferencia-e-de-meios-de-comunicacao-av\/instalacoes-de-debate-2\/","title":{"rendered":"Instala\u00e7\u00f5es para debate"},"content":{"rendered":"<h1>Instala\u00e7\u00f5es para debate<\/h1>\n<p>As aplica\u00e7\u00f5es t\u00edpicas dos sistemas de confer\u00eancia s\u00e3o reuni\u00f5es de \"mesa redonda\", tais como reuni\u00f5es de conselhos de empresa da UE, reuni\u00f5es ministeriais, reuni\u00f5es de conselhos locais, confer\u00eancias de imprensa, reuni\u00f5es de conselhos de administra\u00e7\u00e3o ou reuni\u00f5es de comit\u00e9s de acionistas, bem como videoconfer\u00eancias e interpreta\u00e7\u00e3o simult\u00e2nea \u00e0 dist\u00e2ncia. Estes sistemas, tamb\u00e9m conhecidos como \"cadeias de microfones\", s\u00e3o, por conseguinte, principalmente adequados para reuni\u00f5es com grande intensidade de debate. Consoante o tipo de sistema, as unidades de microfone est\u00e3o tamb\u00e9m equipadas com um altifalante interno, uma fun\u00e7\u00e3o de vota\u00e7\u00e3o ou canais de interpreta\u00e7\u00e3o.<\/p>\n<p><img decoding=\"async\" src=\"https:\/\/konferenztechnik.de\/wp-content\/uploads\/2016\/10\/Vertrieb-Sprechstellen.jpg\" alt=\"Vendas PCS Esta\u00e7\u00f5es de intercomunica\u00e7\u00e3o\" width=\"850\" class=\"alignleft size-full wp-image-2677\" title=\"\"><\/p>\n<p>[limpar]<\/p>\n<p>Distinguem-se essencialmente os dois tipos de sistemas de confer\u00eancia seguintes:<\/p>\n<p><a href=\"\/pt\/distribuicao-de-tecnologia-de-conferencia-e-de-meios-de-comunicacao-av\/instalacoes-de-debate-3\/sistemas-de-discussao-com-fios\/\">\u203a Sistemas de confer\u00eancia com fios<\/a> \u2013 \u00e9 a cadeia de microfones cl\u00e1ssica convencional em que todas as unidades de microfone est\u00e3o ligadas entre si por cabo.<\/p>\n<p><a href=\"https:\/\/konferenztechnik.de\/pt\/comprar-sistemas-de-conferencia-sem-fios\/\">\u203a Sistemas de confer\u00eancia sem fios<\/a> \u2013 sem cabo via r\u00e1dio \u2013 naturalmente \u00e0 prova de toque!<\/p>\n<p>[spacer size=\"20\u2033]<br \/>\n[column size=\"1-2\u2033 last=\"1\u2033]<br \/>\n[separadores estilo=\"2\u2033]<br \/>\n[title=\"Outras liga\u00e7\u00f5es\"]<\/p>\n<div class=\"weiterlinks\" style=\"background-color:#efefef\">\n<ul>\n[list icon=\"moon-arrow-right-2\u2033 colour=\"#a62055\u2033]<a title=\"Distribui\u00e7\u00e3o por grupo de produtos\" href=\"\/pt\/grupos-de-produtos\/\">Distribui\u00e7\u00e3o por grupo de produtos<\/a>[\/lista]<br \/>\n[list icon=\"moon-arrow-right-2\u2033 colour=\"#a62055\u2033]<a title=\"Distribui\u00e7\u00e3o por fabricante\" href=\"\/pt\/fabricante\/\">Distribui\u00e7\u00e3o por fabricante<\/a>[\/lista]<br \/>\n[list icon=\"moon-arrow-right-2\u2033 colour=\"#a62055\u2033]<a title=\"Produtos personalizados, manuten\u00e7\u00e3o e repara\u00e7\u00e3o\" href=\"\/pt\/servicos-2\/manutencao-e-reparacao\/\">Produtos personalizados, manuten\u00e7\u00e3o e repara\u00e7\u00e3o<\/a>[\/lista]<br \/>\n[list icon=\"moon-arrow-right-2\u2033 colour=\"#a62055\u2033]<a title=\"10 boas raz\u00f5es para o PCS\" href=\"\/pt\/sobre-nos\/10-boas-razoes-para-os-pcs\/\">10 boas raz\u00f5es para o PCS<\/a>[\/lista]<br \/>\n[list icon=\"moon-arrow-right-2\u2033 colour=\"#a62055\u2033]<a title=\"Refer\u00eancias\" href=\"\/pt\/sobre-nos\/lista-de-referencias-instalacao\/\">Refer\u00eancias Instala\u00e7\u00e3o e integra\u00e7\u00e3o<\/a>[\/lista]<br \/>\n[list icon=\"moon-arrow-right-2\u2033 colour=\"#a62055\u2033]<a title=\"PCS: Todos os servi\u00e7os em resumo\" href=\"\/pt\/servicos-2\/\">PCS: Todos os servi\u00e7os em resumo<\/a>[\/lista]<\/ul>\n<\/div>\n<p>[\/tab]<br \/>\n[\/tabs]<br \/>\n[\/coluna]<br \/>\n[spacer size=\"30\u2033]<\/p>","protected":false},"excerpt":{"rendered":"<p>As aplica\u00e7\u00f5es t\u00edpicas dos sistemas de confer\u00eancia s\u00e3o reuni\u00f5es de \"mesa redonda\", tais como reuni\u00f5es de conselhos de empresa da UE, reuni\u00f5es ministeriais, reuni\u00f5es de conselhos locais, confer\u00eancias de imprensa, reuni\u00f5es de conselhos de administra\u00e7\u00e3o ou reuni\u00f5es de comit\u00e9s de acionistas, bem como videoconfer\u00eancias e interpreta\u00e7\u00e3o simult\u00e2nea \u00e0 dist\u00e2ncia. Estes sistemas, tamb\u00e9m conhecidos como \"cadeias de microfones\", s\u00e3o, por conseguinte, principalmente adequados para reuni\u00f5es com grande intensidade de debate. Consoante o tipo de sistema, as unidades de microfone est\u00e3o tamb\u00e9m equipadas com um altifalante interno, uma fun\u00e7\u00e3o de vota\u00e7\u00e3o ou canais de interpreta\u00e7\u00e3o.<\/p>","protected":false},"author":1,"featured_media":45482,"parent":3614,"menu_order":136,"comment_status":"closed","ping_status":"open","template":"","meta":{"_acf_changed":false,"footnotes":""},"class_list":["post-2512","page","type-page","status-publish","has-post-thumbnail","hentry"],"acf":[],"_links":{"self":[{"href":"https:\/\/konferenztechnik.de\/pt\/wp-json\/wp\/v2\/pages\/2512","targetHints":{"allow":["GET"]}}],"collection":[{"href":"https:\/\/konferenztechnik.de\/pt\/wp-json\/wp\/v2\/pages"}],"about":[{"href":"https:\/\/konferenztechnik.de\/pt\/wp-json\/wp\/v2\/types\/page"}],"author":[{"embeddable":true,"href":"https:\/\/konferenztechnik.de\/pt\/wp-json\/wp\/v2\/users\/1"}],"replies":[{"embeddable":true,"href":"https:\/\/konferenztechnik.de\/pt\/wp-json\/wp\/v2\/comments?post=2512"}],"version-history":[{"count":0,"href":"https:\/\/konferenztechnik.de\/pt\/wp-json\/wp\/v2\/pages\/2512\/revisions"}],"up":[{"embeddable":true,"href":"https:\/\/konferenztechnik.de\/pt\/wp-json\/wp\/v2\/pages\/3614"}],"wp:featuredmedia":[{"embeddable":true,"href":"https:\/\/konferenztechnik.de\/pt\/wp-json\/wp\/v2\/media\/45482"}],"wp:attachment":[{"href":"https:\/\/konferenztechnik.de\/pt\/wp-json\/wp\/v2\/media?parent=2512"}],"curies":[{"name":"wp","href":"https:\/\/api.w.org\/{rel}","templated":true}]}}