{"id":2516,"date":"2013-09-23T13:27:25","date_gmt":"2013-09-23T11:27:25","guid":{"rendered":"https:\/\/konferenztechnik.de\/?page_id=2516"},"modified":"2023-07-05T15:05:51","modified_gmt":"2023-07-05T13:05:51","slug":"registo","status":"publish","type":"page","link":"https:\/\/konferenztechnik.de\/pt\/distribuicao-de-tecnologia-de-conferencia-e-de-meios-de-comunicacao-av\/registo\/","title":{"rendered":"Registo"},"content":{"rendered":"<h1>Registo<\/h1>\n<p>Existem v\u00e1rios dispositivos no mercado para a grava\u00e7\u00e3o \u00e1udio convencional de confer\u00eancias. Enquanto os aparelhos obsoletos, como os gravadores de cassetes e as m\u00e1quinas de ditar, est\u00e3o fora de moda, os gravadores MD e os gravadores de CD juntaram-se aos conhecidos gravadores de cassetes e gravadores DAT. A grava\u00e7\u00e3o em disco r\u00edgido est\u00e1 tamb\u00e9m a tornar-se cada vez mais acess\u00edvel. No entanto, para al\u00e9m deste hardware, a tend\u00eancia est\u00e1 a evoluir gradualmente para a grava\u00e7\u00e3o por software. Para isso, \u00e9 necess\u00e1rio um PC ou um computador port\u00e1til, um microfone ou um microfone USB e o software adequado \u2013 e pode come\u00e7ar a gravar.<\/p>\n<h2>Gravador de MP3 Marantz<\/h2>\n<p><a href=\"https:\/\/konferenztechnik.de\/wp-content\/uploads\/2013\/09\/marrantz_mp3-recorder_gross.jpg\"><img decoding=\"async\" width=\"400\" height=\"105\" class=\"alignleft size-full wp-image-2912\" src=\"https:\/\/konferenztechnik.de\/wp-content\/uploads\/2013\/09\/marrantz_mp3-recorder_gross.jpg\" alt=\"Gravador de MP3 Marantz\" title=\"\" srcset=\"https:\/\/konferenztechnik.de\/wp-content\/uploads\/2013\/09\/marrantz_mp3-recorder_gross.jpg 400w, https:\/\/konferenztechnik.de\/wp-content\/uploads\/2013\/09\/marrantz_mp3-recorder_gross-300x79.jpg 300w\" sizes=\"(max-width: 400px) 100vw, 400px\" \/><\/a><\/p>\n<p>Um gravador de MP3 \u00e9 provavelmente um dos dispositivos de grava\u00e7\u00e3o mais populares dos tempos modernos. O \u00e1udio \u00e9 gravado num suporte de armazenamento padr\u00e3o, como um cart\u00e3o CompactFlash, por exemplo. Os aparelhos mais profissionais podem ser controlados e lidos atrav\u00e9s de um PC, utilizando uma interface de s\u00e9rie (RS-232C) ou uma interface Ethernet (LAN\/RJ-45), estando atualmente tamb\u00e9m dispon\u00edvel uma liga\u00e7\u00e3o USB para a transfer\u00eancia de dados.<\/p>\n<h2>Gravador DAT<\/h2>\n<p><a href=\"https:\/\/konferenztechnik.de\/wp-content\/uploads\/2013\/09\/Sony_DAT-Recorder_gross.jpg\"><img fetchpriority=\"high\" decoding=\"async\" width=\"490\" height=\"151\" class=\"alignleft size-full wp-image-2911\" src=\"https:\/\/konferenztechnik.de\/wp-content\/uploads\/2013\/09\/Sony_DAT-Recorder_gross.jpg\" alt=\"Gravador DAT\" title=\"\" srcset=\"https:\/\/konferenztechnik.de\/wp-content\/uploads\/2013\/09\/Sony_DAT-Recorder_gross.jpg 490w, https:\/\/konferenztechnik.de\/wp-content\/uploads\/2013\/09\/Sony_DAT-Recorder_gross-300x92.jpg 300w\" sizes=\"(max-width: 490px) 100vw, 490px\" \/><\/a><\/p>\n<p>Embora o formato DAT tenha lutado para se estabelecer no sector do consumo nos anos 90, esta tecnologia conseguiu manter-se como um meio cl\u00e1ssico nos est\u00fadios e no sector profissional at\u00e9 aos dias de hoje, uma vez que oferece as vantagens de um longo tempo de reprodu\u00e7\u00e3o (at\u00e9 tr\u00eas horas), bem como de uma grava\u00e7\u00e3o sem perdas, sem compress\u00e3o e de alta qualidade.<\/p>\n<h1>Software para protocolo e registo \u2013 stenos-s<\/h1>\n<h2>esteno-s 4<\/h2>\n<p><a href=\"https:\/\/konferenztechnik.de\/wp-content\/uploads\/2013\/09\/beyerdynamic_stenos-s4_court_klein.jpg\"><img decoding=\"async\" width=\"130\" height=\"130\" class=\"alignleft size-full wp-image-2917\" src=\"https:\/\/konferenztechnik.de\/wp-content\/uploads\/2013\/09\/beyerdynamic_stenos-s4_court_klein.jpg\" alt=\"Software de registo Beyerdynamic stenos-s4\" title=\"\"><\/a><\/p>\n<p>O software de grava\u00e7\u00e3o steno-s \u00e9 uma ferramenta poderosa para a grava\u00e7\u00e3o de \u00e1udio em confer\u00eancias, reuni\u00f5es ou na sala de audi\u00eancias. Com o steno-s, o material gravado pode ser gerido e arquivado de forma optimizada utilizando v\u00e1rias fun\u00e7\u00f5es, tais como marcadores, integra\u00e7\u00e3o de ficheiros multim\u00e9dia (por exemplo, Word, Excel, PowerPoint) e coment\u00e1rios.<\/p>\n<p>Com os steno-s, tamb\u00e9m pode aceder a conte\u00fados individuais de forma f\u00e1cil e selectiva ap\u00f3s a reuni\u00e3o. As decis\u00f5es, coment\u00e1rios ou perguntas s\u00e3o assinalados com marcadores na grava\u00e7\u00e3o e podem, portanto, ser facilmente ouvidos de novo para criar a ata. Para um arquivo sem papel, basta gravar a grava\u00e7\u00e3o num CD ou disponibilizar os dados na sua rede.<\/p>\n<h2>esteno-s 4<\/h2>\n<p>Algumas caracter\u00edsticas dos steno-s 4:<\/p>\n<ul>\n<li>Registo a longo prazo durante v\u00e1rias horas\/dias<\/li>\n<li>Grava\u00e7\u00e3o simult\u00e2nea de v\u00e1rios canais<\/li>\n<li>Incorpora\u00e7\u00e3o de quaisquer ficheiros (por exemplo, Excel ou PowerPoint)<\/li>\n<li>Integra\u00e7\u00e3o de aplica\u00e7\u00f5es de administra\u00e7\u00e3o p\u00fablica eletr\u00f3nica (por exemplo, ALLRIS)<\/li>\n<li>Alterar a velocidade de reprodu\u00e7\u00e3o sem mudan\u00e7a de tom<\/li>\n<li>Reprodu\u00e7\u00e3o da reuni\u00e3o enquanto a grava\u00e7\u00e3o ainda est\u00e1 a decorrer<\/li>\n<li>Controlo de reprodu\u00e7\u00e3o pr\u00e1tico atrav\u00e9s de um pedal USB opcional<\/li>\n<li>Modo Free Steno-s Player para reprodu\u00e7\u00e3o de reuni\u00f5es gravadas<\/li>\n<\/ul>\n<p>Nota: o steno-s 4 s\u00f3 \u00e9 compat\u00edvel com o Windows 7 e superior. Se precisar do steno-s para uma vers\u00e3o anterior do Windows, basta contactar-nos.<\/p>\n<p>Est\u00e3o tamb\u00e9m dispon\u00edveis v\u00e1rios dispositivos operacionais, como controlos de p\u00e9, auscultadores e microfones USB, para combinar com o software:<\/p>\n<h2>Auscultadores com apoio para o queixo Steno-S STA-22<\/h2>\n<p><a href=\"https:\/\/konferenztechnik.de\/wp-content\/uploads\/2013\/09\/Steno-S_Kinnbuegelkopfhoerer_STA-22_gross.jpg\"><img loading=\"lazy\" decoding=\"async\" width=\"353\" height=\"600\" class=\"alignleft size-full wp-image-2916\" src=\"https:\/\/konferenztechnik.de\/wp-content\/uploads\/2013\/09\/Steno-S_Kinnbuegelkopfhoerer_STA-22_gross.jpg\" alt=\"Auscultadores com apoio para o queixo Steno-S STA-22 \" title=\"\" srcset=\"https:\/\/konferenztechnik.de\/wp-content\/uploads\/2013\/09\/Steno-S_Kinnbuegelkopfhoerer_STA-22_gross.jpg 353w, https:\/\/konferenztechnik.de\/wp-content\/uploads\/2013\/09\/Steno-S_Kinnbuegelkopfhoerer_STA-22_gross-177x300.jpg 177w\" sizes=\"(max-width: 353px) 100vw, 353px\" \/><\/a><\/p>\n<p>STA 22: Auscultador com apoio para o queixo e tomada de 3,5 mm<\/p>\n<p>Caracter\u00edsticas:<\/p>\n<ul>\n<li>Cabo de 2,5 m com controlo de volume integrado<\/li>\n<li>Ficha jack de 3,5 mm<\/li>\n<li>Liga\u00e7\u00e3o est\u00e9reo, 21 Ohm, 20-20.000 Hz<\/li>\n<li>Possibilidade de liga\u00e7\u00e3o direta ao PC<\/li>\n<\/ul>\n<h2>Interruptor de p\u00e9 Steno-S STA-44<\/h2>\n<p><a href=\"https:\/\/konferenztechnik.de\/wp-content\/uploads\/2013\/09\/Steno-S_Fussschalter_STA-44_klein.jpg\"><img loading=\"lazy\" decoding=\"async\" width=\"180\" height=\"115\" class=\"alignleft size-full wp-image-2919\" src=\"https:\/\/konferenztechnik.de\/wp-content\/uploads\/2013\/09\/Steno-S_Fussschalter_STA-44_klein.jpg\" alt=\"Interruptor de p\u00e9 Steno-S STA-44\" title=\"\"><\/a><\/p>\n<p>Com o pedal STA-44 pode controlar o steno-s e o Steno-S Player gratuito sem utilizar o rato ou o teclado. O pedal de controlo pode ser ligado ao seu computador atrav\u00e9s de uma interface RS232 ou USB. \u00c9 operado atrav\u00e9s de 3 bot\u00f5es que podem ser personalizados nas op\u00e7\u00f5es de configura\u00e7\u00e3o do software Steno-S.<\/p>\n<h2>MPC 70 microfone de limite USB<\/h2>\n<p><a href=\"https:\/\/konferenztechnik.de\/wp-content\/uploads\/2013\/09\/Steno-S_Grenzflaechenmikrofon_MPC-70_USB_klein.jpg\"><img loading=\"lazy\" decoding=\"async\" width=\"155\" height=\"116\" class=\"alignleft size-full wp-image-2325\" src=\"https:\/\/konferenztechnik.de\/wp-content\/uploads\/2013\/09\/Steno-S_Grenzflaechenmikrofon_MPC-70_USB_klein.jpg\" alt=\"Microfone de perfil baixo Beyerdynamic MPC 70 USB\" title=\"\"><\/a><\/p>\n<p>O MPC 70 USB \u00e9 um microfone de limite com uma liga\u00e7\u00e3o USB padr\u00e3o. O microfone pode ser utilizado para aplica\u00e7\u00f5es de software, como esteno-s, mas tamb\u00e9m pode ser integrado em sistemas de videoconfer\u00eancia, por exemplo, onde oferece novas possibilidades de grava\u00e7\u00e3o e qualidade de voz.<\/p>\n<h2>MPC 70 microfone de limite USB<\/h2>\n<p>O interrutor de membrana integrado pode ser utilizado para alternar entre os tr\u00eas modos de funcionamento On\/Off, Push to Talk ou Push to Mute, consoante a aplica\u00e7\u00e3o. O indicador LED acende a vermelho quando o microfone \u00e9 ativado. A sensibilidade do microfone pode ser pr\u00e9-selecionada em duas fases. Al\u00e9m disso, pode ser activada uma redu\u00e7\u00e3o de graves para desacoplar o ru\u00eddo estrutural. O cabo \u00e9 amov\u00edvel e o comprimento de tr\u00eas metros significa que o MPC 70 pode ser convenientemente posicionado na mesa de confer\u00eancias.<\/p>","protected":false},"excerpt":{"rendered":"<p>Protokollierung F\u00fcr eine herk\u00f6mmliche tontechnische Aufzeichnung von Konferenzen sind verschiedene Ger\u00e4te auf dem Markt. W\u00e4hrend veraltete Ger\u00e4te wie Tonbandmaschinen und Diktierger\u00e4te aus der Mode gekommen sind, kamen in der Zwischenzeit zu den altbekannten Kassettenrecordern und DAT-Recordern auch MD-Recorder und CD-Recorder. Auch ein Harddisc-Recording wird immer erschwinglicher. Ganz abgesehen von dieser Hardware geht der Trend aber [&hellip;]<\/p>","protected":false},"author":1,"featured_media":45482,"parent":3614,"menu_order":135,"comment_status":"closed","ping_status":"open","template":"","meta":{"_acf_changed":false,"footnotes":""},"class_list":["post-2516","page","type-page","status-publish","has-post-thumbnail","hentry"],"acf":[],"_links":{"self":[{"href":"https:\/\/konferenztechnik.de\/pt\/wp-json\/wp\/v2\/pages\/2516","targetHints":{"allow":["GET"]}}],"collection":[{"href":"https:\/\/konferenztechnik.de\/pt\/wp-json\/wp\/v2\/pages"}],"about":[{"href":"https:\/\/konferenztechnik.de\/pt\/wp-json\/wp\/v2\/types\/page"}],"author":[{"embeddable":true,"href":"https:\/\/konferenztechnik.de\/pt\/wp-json\/wp\/v2\/users\/1"}],"replies":[{"embeddable":true,"href":"https:\/\/konferenztechnik.de\/pt\/wp-json\/wp\/v2\/comments?post=2516"}],"version-history":[{"count":0,"href":"https:\/\/konferenztechnik.de\/pt\/wp-json\/wp\/v2\/pages\/2516\/revisions"}],"up":[{"embeddable":true,"href":"https:\/\/konferenztechnik.de\/pt\/wp-json\/wp\/v2\/pages\/3614"}],"wp:featuredmedia":[{"embeddable":true,"href":"https:\/\/konferenztechnik.de\/pt\/wp-json\/wp\/v2\/media\/45482"}],"wp:attachment":[{"href":"https:\/\/konferenztechnik.de\/pt\/wp-json\/wp\/v2\/media?parent=2516"}],"curies":[{"name":"wp","href":"https:\/\/api.w.org\/{rel}","templated":true}]}}