{"id":2522,"date":"2013-09-23T13:37:16","date_gmt":"2013-09-23T11:37:16","guid":{"rendered":"https:\/\/konferenztechnik.de\/?page_id=2522"},"modified":"2023-07-05T15:01:31","modified_gmt":"2023-07-05T13:01:31","slug":"controlos-dos-meios-de-comunicacao","status":"publish","type":"page","link":"https:\/\/konferenztechnik.de\/pt\/distribuicao-de-tecnologia-de-conferencia-e-de-meios-de-comunicacao-av\/controlos-dos-meios-de-comunicacao\/","title":{"rendered":"Controlos dos meios de comunica\u00e7\u00e3o social"},"content":{"rendered":"<h1>Controlos dos meios de comunica\u00e7\u00e3o social<\/h1>\n<p>Os sistemas de controlo dos meios de comunica\u00e7\u00e3o regulam a tecnologia de v\u00eddeo, \u00e1udio e ilumina\u00e7\u00e3o de uma sala ou mesmo de um edif\u00edcio inteiro. Al\u00e9m disso, outras tecnologias do edif\u00edcio, como sistemas de aquecimento, persianas, ecr\u00e3s ou sistemas de confer\u00eancia telef\u00f3nica, podem ser convenientemente operadas com um \u00fanico dispositivo de controlo. Os sistemas de controlo dos meios de comunica\u00e7\u00e3o s\u00e3o utilizados tanto em \u00e1reas comerciais (por exemplo, sala de confer\u00eancias) como privadas (por exemplo, sala de estar). A tecnologia pode ser operada atrav\u00e9s de pain\u00e9is de controlo simples montados na parede, pain\u00e9is t\u00e1cteis ou mesmo atrav\u00e9s de um smartphone. Os nossos colaboradores encontrar\u00e3o a solu\u00e7\u00e3o ideal para si.<\/p>\n<h2>Controlo centralizado \u2013 tamb\u00e9m com um smartphone<\/h2>\n<p>Uma unidade central de controlo permite uma opera\u00e7\u00e3o simples e segura de toda a tecnologia. Aqui est\u00e3o dispon\u00edveis v\u00e1rias op\u00e7\u00f5es: Pain\u00e9is de controlo montados na parede, pain\u00e9is t\u00e1cteis fixos ou m\u00f3veis em v\u00e1rios tamanhos ou opera\u00e7\u00e3o atrav\u00e9s de smartphone ou computador tablet (por exemplo, iPad). Dependendo do fabricante, est\u00e3o dispon\u00edveis vers\u00f5es para iOS, Android ou Windows Phone. As interfaces de utilizador podem ser personalizadas conforme necess\u00e1rio (por exemplo, adaptadas ao seu IC ou com o seu log\u00f3tipo).<\/p>\n<p><a href=\"https:\/\/konferenztechnik.de\/wp-content\/uploads\/2013\/09\/touchpanels_mediensteuerung.jpg\"><img decoding=\"async\" src=\"https:\/\/konferenztechnik.de\/wp-content\/uploads\/2013\/09\/touchpanels_mediensteuerung.jpg\" alt=\"Pain\u00e9is t\u00e1cteis para controlos multim\u00e9dia\" title=\"\"><\/a><\/p>\n<h2>Funcionamento simples<\/h2>\n<p>Notebooks, iPods ou outras fontes externas podem ser convenientemente ligados ao sistema de controlo de meios atrav\u00e9s de pain\u00e9is de liga\u00e7\u00e3o em mesas ou no ch\u00e3o. Se necess\u00e1rio, as fontes integradas no sistema podem ser reconhecidas automaticamente:<\/p>\n<p><a href=\"https:\/\/konferenztechnik.de\/wp-content\/uploads\/2013\/09\/Mediensteuerung_Extron-Tischtank_gross.jpg\"><img fetchpriority=\"high\" decoding=\"async\" width=\"600\" height=\"326\" class=\"alignright size-full wp-image-2929\" src=\"https:\/\/konferenztechnik.de\/wp-content\/uploads\/2013\/09\/Mediensteuerung_Extron-Tischtank_gross.jpg\" alt=\"Tanque de mesa Extron\" title=\"\" srcset=\"https:\/\/konferenztechnik.de\/wp-content\/uploads\/2013\/09\/Mediensteuerung_Extron-Tischtank_gross.jpg 600w, https:\/\/konferenztechnik.de\/wp-content\/uploads\/2013\/09\/Mediensteuerung_Extron-Tischtank_gross-300x163.jpg 300w\" sizes=\"(max-width: 600px) 100vw, 600px\" \/><\/a><\/p>\n<p>Se, por exemplo, estiver ligado um computador port\u00e1til, o sistema reconhece-o automaticamente, inicia o projetor e estende o ecr\u00e3. Se o computador port\u00e1til for novamente desligado, o sistema desliga-se automaticamente. Desta forma, podem ser programados v\u00e1rios cen\u00e1rios para uma vasta gama de requisitos.<\/p>\n<h2>Funcionamento \u00e0 dist\u00e2ncia<\/h2>\n<p>Todas as salas equipadas com controlo de meios tamb\u00e9m podem ser controladas remotamente atrav\u00e9s de uma rede ou da Internet, se necess\u00e1rio. Isto \u00e9 particularmente \u00fatil, por exemplo, para monitorizar a tecnologia instalada, como apoio \u00e0 prote\u00e7\u00e3o contra roubo, para trabalhos de manuten\u00e7\u00e3o, para monitorizar o tempo de funcionamento da l\u00e2mpada dos projectores ou para poder chamar diferentes cen\u00e1rios de sala (por exemplo, tamb\u00e9m ao fim de semana).<\/p>\n<p>Alguns dos nossos parceiros no dom\u00ednio do controlo dos meios de comunica\u00e7\u00e3o social<\/p>\n<div class=\"rahmen\">\n<p><a href=\"https:\/\/konferenztechnik.de\/pt\/fabricante\/amx\/\"><img decoding=\"async\" width=\"250\" height=\"250\" class=\"alignleft size-full wp-image-6607\" src=\"https:\/\/konferenztechnik.de\/wp-content\/uploads\/2016\/04\/logo-amx.jpg\" alt=\"Log\u00f3tipo AMX\" title=\"\" srcset=\"https:\/\/konferenztechnik.de\/wp-content\/uploads\/2016\/04\/logo-amx.jpg 250w, https:\/\/konferenztechnik.de\/wp-content\/uploads\/2016\/04\/logo-amx-150x150.jpg 150w\" sizes=\"(max-width: 250px) 100vw, 250px\" \/><\/a><\/p>\n<p><a href=\"https:\/\/konferenztechnik.de\/pt\/crestron\/\"><img decoding=\"async\" width=\"250\" height=\"250\" class=\"alignnone size-full wp-image-6617\" src=\"https:\/\/konferenztechnik.de\/wp-content\/uploads\/2016\/04\/logo-crestron.jpg\" alt=\"Log\u00f3tipo Crestron\" title=\"\" srcset=\"https:\/\/konferenztechnik.de\/wp-content\/uploads\/2016\/04\/logo-crestron.jpg 250w, https:\/\/konferenztechnik.de\/wp-content\/uploads\/2016\/04\/logo-crestron-150x150.jpg 150w\" sizes=\"(max-width: 250px) 100vw, 250px\" \/><\/a><\/p>\n<p><a href=\"https:\/\/konferenztechnik.de\/pt\/extrao\/\"><img loading=\"lazy\" decoding=\"async\" width=\"250\" height=\"250\" class=\"alignnone size-full wp-image-6638\" src=\"https:\/\/konferenztechnik.de\/wp-content\/uploads\/2016\/04\/logo-extron.jpg\" alt=\"Log\u00f3tipo da Extron\" title=\"\" srcset=\"https:\/\/konferenztechnik.de\/wp-content\/uploads\/2016\/04\/logo-extron.jpg 250w, https:\/\/konferenztechnik.de\/wp-content\/uploads\/2016\/04\/logo-extron-150x150.jpg 150w\" sizes=\"(max-width: 250px) 100vw, 250px\" \/><\/a><\/p>\n<p><a href=\"https:\/\/konferenztechnik.de\/pt\/rti\/\"><img loading=\"lazy\" decoding=\"async\" width=\"250\" height=\"250\" class=\"alignnone size-full wp-image-6656\" src=\"https:\/\/konferenztechnik.de\/wp-content\/uploads\/2016\/04\/logo-rti.jpg\" alt=\"Log\u00f3tipo RTI\" title=\"\" srcset=\"https:\/\/konferenztechnik.de\/wp-content\/uploads\/2016\/04\/logo-rti.jpg 250w, https:\/\/konferenztechnik.de\/wp-content\/uploads\/2016\/04\/logo-rti-150x150.jpg 150w\" sizes=\"(max-width: 250px) 100vw, 250px\" \/><\/a><\/p>\n<\/div>\n<p><!--\n<a href=\"https:\/\/konferenztechnik.de\/wp-content\/uploads\/2013\/09\/partner_mediensteuerung_PCS.jpg\"><img loading=\"lazy\" decoding=\"async\" src=\"https:\/\/konferenztechnik.de\/wp-content\/uploads\/2013\/09\/partner_mediensteuerung_PCS.jpg\" alt=\"PCS-Partner im Bereich Mediensteuerungen\" width=\"650\" height=\"55\" class=\"alignleft size-full wp-image-2930\" title=\"\" srcset=\"https:\/\/konferenztechnik.de\/wp-content\/uploads\/2013\/09\/partner_mediensteuerung_PCS.jpg 650w, https:\/\/konferenztechnik.de\/wp-content\/uploads\/2013\/09\/partner_mediensteuerung_PCS-300x25.jpg 300w\" sizes=\"(max-width: 650px) 100vw, 650px\" \/><\/a>\n--><\/p>","protected":false},"excerpt":{"rendered":"<p>Mediensteuerungen Mediensteuerungen regeln die Video-, Audio- und Lichttechnik in einem Raum oder sogar einem ganzen Geb\u00e4ude. Au\u00dferdem l\u00e4sst sich weitere Geb\u00e4udetechnik wie Heizungsanlagen, Jalousien, Leinw\u00e4nde oder Telefonkonferenzsysteme bequem mit einem einzigen Steuerger\u00e4t bedienen. Mediensteuerungen kommen sowohl im gesch\u00e4ftlichen (z.B. Konferenzraum) als auch im privaten Bereich (z.B. Wohnzimmer) zum Einsatz. Die Bedienung der Technik kann mit [&hellip;]<\/p>","protected":false},"author":1,"featured_media":45482,"parent":3614,"menu_order":133,"comment_status":"closed","ping_status":"open","template":"","meta":{"_acf_changed":false,"footnotes":""},"class_list":["post-2522","page","type-page","status-publish","has-post-thumbnail","hentry"],"acf":[],"_links":{"self":[{"href":"https:\/\/konferenztechnik.de\/pt\/wp-json\/wp\/v2\/pages\/2522","targetHints":{"allow":["GET"]}}],"collection":[{"href":"https:\/\/konferenztechnik.de\/pt\/wp-json\/wp\/v2\/pages"}],"about":[{"href":"https:\/\/konferenztechnik.de\/pt\/wp-json\/wp\/v2\/types\/page"}],"author":[{"embeddable":true,"href":"https:\/\/konferenztechnik.de\/pt\/wp-json\/wp\/v2\/users\/1"}],"replies":[{"embeddable":true,"href":"https:\/\/konferenztechnik.de\/pt\/wp-json\/wp\/v2\/comments?post=2522"}],"version-history":[{"count":0,"href":"https:\/\/konferenztechnik.de\/pt\/wp-json\/wp\/v2\/pages\/2522\/revisions"}],"up":[{"embeddable":true,"href":"https:\/\/konferenztechnik.de\/pt\/wp-json\/wp\/v2\/pages\/3614"}],"wp:featuredmedia":[{"embeddable":true,"href":"https:\/\/konferenztechnik.de\/pt\/wp-json\/wp\/v2\/media\/45482"}],"wp:attachment":[{"href":"https:\/\/konferenztechnik.de\/pt\/wp-json\/wp\/v2\/media?parent=2522"}],"curies":[{"name":"wp","href":"https:\/\/api.w.org\/{rel}","templated":true}]}}