{"id":2618,"date":"2013-09-25T15:11:34","date_gmt":"2013-09-25T13:11:34","guid":{"rendered":"https:\/\/konferenztechnik.de\/?page_id=2618"},"modified":"2023-07-05T10:34:46","modified_gmt":"2023-07-05T08:34:46","slug":"suportes-de-parede","status":"publish","type":"page","link":"https:\/\/konferenztechnik.de\/pt\/distribuicao-de-tecnologia-de-conferencia-e-de-meios-de-comunicacao-av\/tecnologia-de-video\/suportes-para-ecras-e-projectores\/suportes-de-parede\/","title":{"rendered":"Suportes de parede"},"content":{"rendered":"<div data-elementor-type=\"wp-page\" data-elementor-id=\"2618\" class=\"elementor elementor-2618\" data-elementor-post-type=\"page\">\n\t\t\t\t\t\t<section data-particle_enable=\"false\" data-particle-mobile-disabled=\"false\" class=\"elementor-section elementor-top-section elementor-element elementor-element-7b72f63e elementor-section-boxed elementor-section-height-default elementor-section-height-default\" data-id=\"7b72f63e\" data-element_type=\"section\">\n\t\t\t\t\t\t<div class=\"elementor-container elementor-column-gap-default\">\n\t\t\t\t\t<div class=\"elementor-column elementor-col-100 elementor-top-column elementor-element elementor-element-20bf9a01\" data-id=\"20bf9a01\" data-element_type=\"column\">\n\t\t\t<div class=\"elementor-widget-wrap elementor-element-populated\">\n\t\t\t\t\t\t<div class=\"elementor-element elementor-element-e7f401d elementor-widget elementor-widget-text-editor\" data-id=\"e7f401d\" data-element_type=\"widget\" data-widget_type=\"text-editor.default\">\n\t\t\t\t<div class=\"elementor-widget-container\">\n\t\t\t\t\t\t\t\t\t<h1>Suportes de parede<\/h1>\n<h2>Suporte de parede para ecr\u00e3 Audipack L&amp;S 3<\/h2>\n<a href=\"https:\/\/konferenztechnik.de\/wp-content\/uploads\/2013\/09\/Audipack_Wandhalterung1.jpg\"><img fetchpriority=\"high\" decoding=\"async\" width=\"792\" height=\"594\" class=\"alignleft size-full wp-image-2680\" src=\"https:\/\/konferenztechnik.de\/wp-content\/uploads\/2013\/09\/Audipack_Wandhalterung1.jpg\" alt=\"Suporte de parede para ecr\u00e3 Audipack L&amp;S 3\" title=\"\" srcset=\"https:\/\/konferenztechnik.de\/wp-content\/uploads\/2013\/09\/Audipack_Wandhalterung1.jpg 792w, https:\/\/konferenztechnik.de\/wp-content\/uploads\/2013\/09\/Audipack_Wandhalterung1-300x225.jpg 300w, https:\/\/konferenztechnik.de\/wp-content\/uploads\/2013\/09\/Audipack_Wandhalterung1-768x576.jpg 768w\" sizes=\"(max-width: 792px) 100vw, 792px\" \/><\/a>\n\nSuporte de parede plano para ecr\u00e3s at\u00e9 127 cm (50 polegadas). Este suporte de parede n\u00e3o ajust\u00e1vel tem apenas 18 mm de profundidade e oferece a op\u00e7\u00e3o de fixar o ecr\u00e3 com ganchos de seguran\u00e7a (Lock &amp; Secure).\n<h2>Suporte de parede Smart Metals \u2013 com ajuste fino<\/h2>\n<a href=\"https:\/\/konferenztechnik.de\/wp-content\/uploads\/2013\/09\/smart-metals_projector-wall-mont_0021840.jpg\"><img decoding=\"async\" class=\"alignleft size-medium wp-image-4459\" src=\"https:\/\/konferenztechnik.de\/wp-content\/uploads\/2013\/09\/smart-metals_projector-wall-mont_0021840-300x115.jpg\" alt=\"Suporte de parede para projetor Smart Metals 0021840\" width=\"300\" height=\"115\" title=\"\"><\/a>\n\nSuporte de parede para projectores de alcance ultra-curto, como a s\u00e9rie Hitachi A100, o Sanyo PLC-XL50 ou o PDG-DWL2500. O suporte tem um ajuste fino \u00fanico que permite que o projetor seja inclinado e inclinado a partir do centro da lente.\n<h2>Suporte de parede Smart Metals \u2013 com ajuste fino<\/h2>\n<ul>\n \t<li>Comprimento m\u00ednimo: 55\u2033.<\/li>\n \t<li>Largura m\u00e1xima: 110\u2033 diagonal do ecr\u00e3<\/li>\n \t<li>Cor: Cinzento escuro<\/li>\n \t<li>Para os fabricantes: Sanyo e Panasonic<\/li>\n \t<li>Regula\u00e7\u00e3o do comprimento: maunell<\/li>\n \t<li>Regula\u00e7\u00e3o em altura: 50 mm<\/li>\n \t<li>Suporte \/ interface: inclu\u00eddo<\/li>\n \t<li>Fun\u00e7\u00e3o de inclina\u00e7\u00e3o Ajuste fino: +5 \u00b0 a -5 \u00b0<\/li>\n \t<li>Conduta de cabos: 28 mm \u00d8<\/li>\n \t<li>Mais informa\u00e7\u00f5es: tamb\u00e9m adequado para Panasonic PT-CW230\/CW200<\/li>\n<\/ul>\n<a href=\"https:\/\/konferenztechnik.de\/wp-content\/uploads\/2013\/09\/0021840_manualEN.pdf\">Manual de Metais Inteligentes 002.1840 (Ingl\u00eas)<\/a>\n<h2>Metais inteligentes \u2013 VideoWall 2\u00d72<\/h2>\n<a href=\"https:\/\/konferenztechnik.de\/wp-content\/uploads\/2013\/09\/smart-metals_video-wall082502202-landscape.jpg\"><img decoding=\"async\" class=\"alignleft size-medium wp-image-4463\" src=\"https:\/\/konferenztechnik.de\/wp-content\/uploads\/2013\/09\/smart-metals_video-wall082502202-landscape-300x280.jpg\" alt=\"Parede de v\u00eddeo Smart Metals 082502202\" width=\"300\" height=\"280\" title=\"\" srcset=\"https:\/\/konferenztechnik.de\/wp-content\/uploads\/2013\/09\/smart-metals_video-wall082502202-landscape-300x280.jpg 300w, https:\/\/konferenztechnik.de\/wp-content\/uploads\/2013\/09\/smart-metals_video-wall082502202-landscape-768x717.jpg 768w, https:\/\/konferenztechnik.de\/wp-content\/uploads\/2013\/09\/smart-metals_video-wall082502202-landscape.jpg 1017w\" sizes=\"(max-width: 300px) 100vw, 300px\" \/><\/a>\n\nParede de v\u00eddeo compacta e f\u00e1cil de transportar. A utiliza\u00e7\u00e3o da parede \u00e9 extremamente flex\u00edvel: pode ser instalada no ch\u00e3o ou fixada a paredes ou treli\u00e7as. Os ecr\u00e3s s\u00e3o muito f\u00e1ceis de montar na parede de v\u00eddeo. Os monitores s\u00e3o ligados uns aos outros e \u00e0 estrutura atrav\u00e9s de grampos especiais. Existem dispositivos horizontais e verticais para um ajuste fino. A parede de v\u00eddeo pode ser utilizada em modo retrato e paisagem.\n<h2>Metais inteligentes \u2013 VideoWall 2\u00d72<\/h2>\n<ul>\n \t<li>Peso: 147,78 kg<\/li>\n \t<li>Cor: preto<\/li>\n \t<li>Configura\u00e7\u00e3o do ecr\u00e3: 2\u00d72<\/li>\n \t<li>Posi\u00e7\u00e3o do ecr\u00e3: Paisagem ou Retrato<\/li>\n \t<li>Regula\u00e7\u00e3o em altura: regula\u00e7\u00e3o fina<\/li>\n \t<li>Suporte\/interface: Inclu\u00eddo<\/li>\n \t<li>Rota\u00e7\u00e3o: 90\u00b0.<\/li>\n \t<li>Sistema de fixa\u00e7\u00e3o: mecanismo de acoplamento com parafusos de tra\u00e7\u00e3o<\/li>\n \t<li>Mais informa\u00e7\u00f5es: As novas consolas oferecem ajuste fino horizontal e vertical para monitores e a op\u00e7\u00e3o de alternar entre o modo retrato e paisagem. Os p\u00e9s ajust\u00e1veis est\u00e3o integrados na estrutura do ch\u00e3o.<\/li>\n<\/ul>\n<a href=\"https:\/\/konferenztechnik.de\/wp-content\/uploads\/2013\/09\/082502202_manualEN.pdf\">Video Wall 082502202 Manual PT<\/a>\n\n<a href=\"https:\/\/konferenztechnik.de\/wp-content\/uploads\/2013\/09\/082502202_SmartMetals_productleafletEN.pdf\">Video Wall 082502202 Ficha de produto PT<\/a>\n<h2>Metais inteligentes \u2013 VideoWall 3\u00d73<\/h2>\n<a href=\"https:\/\/konferenztechnik.de\/wp-content\/uploads\/2013\/09\/smart-metals_video-wall_082503302_front.jpg\"><img loading=\"lazy\" decoding=\"async\" class=\"alignleft size-medium wp-image-4468\" src=\"https:\/\/konferenztechnik.de\/wp-content\/uploads\/2013\/09\/smart-metals_video-wall_082503302_front-300x275.jpg\" alt=\"Parede de v\u00eddeo Smart Metals 082503302\" width=\"300\" height=\"275\" title=\"\" srcset=\"https:\/\/konferenztechnik.de\/wp-content\/uploads\/2013\/09\/smart-metals_video-wall_082503302_front-300x275.jpg 300w, https:\/\/konferenztechnik.de\/wp-content\/uploads\/2013\/09\/smart-metals_video-wall_082503302_front-1024x940.jpg 1024w, https:\/\/konferenztechnik.de\/wp-content\/uploads\/2013\/09\/smart-metals_video-wall_082503302_front-768x705.jpg 768w, https:\/\/konferenztechnik.de\/wp-content\/uploads\/2013\/09\/smart-metals_video-wall_082503302_front.jpg 1035w\" sizes=\"(max-width: 300px) 100vw, 300px\" \/><\/a>\n\nParede de v\u00eddeo compacta e f\u00e1cil de transportar. A utiliza\u00e7\u00e3o da parede \u00e9 extremamente flex\u00edvel: pode ser instalada no ch\u00e3o ou fixada a paredes ou treli\u00e7as. Os ecr\u00e3s s\u00e3o muito f\u00e1ceis de montar na parede de v\u00eddeo. Os monitores s\u00e3o ligados uns aos outros e \u00e0 estrutura atrav\u00e9s de grampos especiais. Existem dispositivos horizontais e verticais para um ajuste fino. A parede pode ser utilizada tanto em modo retrato como em modo paisagem.\n<h2>Metais inteligentes \u2013 VideoWall 3\u00d73<\/h2>\n<ul>\n \t<li>Peso: 319,08 kg<\/li>\n \t<li>Cor: preto<\/li>\n \t<li>Configura\u00e7\u00e3o do ecr\u00e3 : 3 x 3<\/li>\n \t<li>Posi\u00e7\u00e3o do ecr\u00e3: Paisagem ou Retrato<\/li>\n \t<li>Regula\u00e7\u00e3o em altura: regula\u00e7\u00e3o fina<\/li>\n \t<li>Suporte \/ interface: Inclu\u00eddo<\/li>\n \t<li>Tipo de suporte \/ interface: espec\u00edfico para o ecr\u00e3<\/li>\n \t<li>Rota\u00e7\u00e3o: 90\u00b0.<\/li>\n \t<li>Sistema de fixa\u00e7\u00e3o: mecanismo de acoplamento com parafusos de tra\u00e7\u00e3o<\/li>\n \t<li>Mais informa\u00e7\u00f5es: As novas consolas oferecem ajuste fino horizontal e vertical para monitores e a op\u00e7\u00e3o de alternar entre o modo retrato e paisagem. Os p\u00e9s ajust\u00e1veis est\u00e3o integrados na estrutura do ch\u00e3o.<\/li>\n<\/ul>\n<a href=\"https:\/\/konferenztechnik.de\/wp-content\/uploads\/2013\/09\/082503302_SmartMetals_productleafletEN.pdf\">Folha de produto da Smart Metals Video Wall 3\u00d73 Ingl\u00eas<\/a>\n<h2>Capa para tablet TC-IPAD para iPad 1, 2, 3 e 4<\/h2>\n<a href=\"https:\/\/konferenztechnik.de\/wp-content\/uploads\/2014\/02\/audipack-ipad-tablet-housing.jpg\"><img loading=\"lazy\" decoding=\"async\" width=\"450\" height=\"311\" class=\"alignleft size-full wp-image-4263\" src=\"https:\/\/konferenztechnik.de\/wp-content\/uploads\/2014\/02\/audipack-ipad-tablet-housing.jpg\" alt=\"Caixa para tablet iPad\" title=\"\" srcset=\"https:\/\/konferenztechnik.de\/wp-content\/uploads\/2014\/02\/audipack-ipad-tablet-housing.jpg 450w, https:\/\/konferenztechnik.de\/wp-content\/uploads\/2014\/02\/audipack-ipad-tablet-housing-300x207.jpg 300w\" sizes=\"(max-width: 450px) 100vw, 450px\" \/><\/a>\n\n\nA capa TC-iPad protege elegantemente o seu iPad quando este \u00e9 instalado ou exibido em locais p\u00fablicos.\nO iPad pode ser rapidamente guardado na capa, ficando assim eficazmente protegido contra roubo. Gra\u00e7as ao sistema Smart Keylock, n\u00e3o s\u00e3o vis\u00edveis quaisquer buracos de fechadura ou parafusos do exterior. A TC-Case pode ser utilizada para montagem na parede ou, em combina\u00e7\u00e3o com um suporte opcional, como suporte de ch\u00e3o.\n<h2>Suporte de parede para ecr\u00e3 plano Audipack L&amp;S 3 \u2013 inclin\u00e1vel<\/h2>\n<a href=\"https:\/\/konferenztechnik.de\/wp-content\/uploads\/2013\/09\/Audipack_Wandhalterung2.jpg\"><img loading=\"lazy\" decoding=\"async\" width=\"792\" height=\"594\" class=\"alignleft size-full wp-image-2681\" src=\"https:\/\/konferenztechnik.de\/wp-content\/uploads\/2013\/09\/Audipack_Wandhalterung2.jpg\" alt=\"Suporte de parede para ecr\u00e3 plano Audipack L&amp;S 3 - inclin\u00e1vel\" title=\"\" srcset=\"https:\/\/konferenztechnik.de\/wp-content\/uploads\/2013\/09\/Audipack_Wandhalterung2.jpg 792w, https:\/\/konferenztechnik.de\/wp-content\/uploads\/2013\/09\/Audipack_Wandhalterung2-300x225.jpg 300w, https:\/\/konferenztechnik.de\/wp-content\/uploads\/2013\/09\/Audipack_Wandhalterung2-768x576.jpg 768w\" sizes=\"(max-width: 792px) 100vw, 792px\" \/><\/a>\n\nSuporte de parede infinitamente ajust\u00e1vel para ecr\u00e3s at\u00e9 127 cm (50 polegadas). Vers\u00e3o com ajuste do \u00e2ngulo vertical infinitamente vari\u00e1vel de 0 a 10 graus. Com dispositivo antirroubo de s\u00e9rie (fechaduras dispon\u00edveis como op\u00e7\u00e3o).\n<h2>Suporte de parede para ecr\u00e3 Audipack VESA75\/100\/200<\/h2>\n<a href=\"https:\/\/konferenztechnik.de\/wp-content\/uploads\/2013\/09\/Audipack_WandhalterungVesa75_100_200.jpg\"><img loading=\"lazy\" decoding=\"async\" width=\"792\" height=\"594\" class=\"alignleft size-full wp-image-2679\" src=\"https:\/\/konferenztechnik.de\/wp-content\/uploads\/2013\/09\/Audipack_WandhalterungVesa75_100_200.jpg\" alt=\"Suporte de parede para ecr\u00e3 Audipack VESA75\/100\/200\" title=\"\" srcset=\"https:\/\/konferenztechnik.de\/wp-content\/uploads\/2013\/09\/Audipack_WandhalterungVesa75_100_200.jpg 792w, https:\/\/konferenztechnik.de\/wp-content\/uploads\/2013\/09\/Audipack_WandhalterungVesa75_100_200-300x225.jpg 300w, https:\/\/konferenztechnik.de\/wp-content\/uploads\/2013\/09\/Audipack_WandhalterungVesa75_100_200-768x576.jpg 768w\" sizes=\"(max-width: 792px) 100vw, 792px\" \/><\/a>\n\nBra\u00e7o de suporte de parede duplo girat\u00f3rio para ecr\u00e3s planos de 43 a 81 cent\u00edmetros (17 a 32 polegadas). Pontos de montagem VESA 75\/100\/200. Com gest\u00e3o de cabos integrada e n\u00edvel de bolha de ar para uma instala\u00e7\u00e3o f\u00e1cil.\nOs suportes de parede VESA tamb\u00e9m est\u00e3o dispon\u00edveis em v\u00e1rios outros modelos. Basta perguntar-nos!\n<h2>Suporte de parede girat\u00f3rio Audipack para ecr\u00e3s<\/h2>\n<a href=\"https:\/\/konferenztechnik.de\/wp-content\/uploads\/2013\/09\/Audipack_Wandhalterung_Schwenkarm.jpg\"><img loading=\"lazy\" decoding=\"async\" width=\"792\" height=\"594\" class=\"alignleft size-full wp-image-2683\" src=\"https:\/\/konferenztechnik.de\/wp-content\/uploads\/2013\/09\/Audipack_Wandhalterung_Schwenkarm.jpg\" alt=\"Suporte de parede girat\u00f3rio Audipack para ecr\u00e3s\" title=\"\" srcset=\"https:\/\/konferenztechnik.de\/wp-content\/uploads\/2013\/09\/Audipack_Wandhalterung_Schwenkarm.jpg 792w, https:\/\/konferenztechnik.de\/wp-content\/uploads\/2013\/09\/Audipack_Wandhalterung_Schwenkarm-300x225.jpg 300w, https:\/\/konferenztechnik.de\/wp-content\/uploads\/2013\/09\/Audipack_Wandhalterung_Schwenkarm-768x576.jpg 768w\" sizes=\"(max-width: 792px) 100vw, 792px\" \/><\/a>\n\nSuporte de parede com bra\u00e7o girat\u00f3rio dispon\u00edvel para ecr\u00e3s at\u00e9 160 cm (63 polegadas). O bra\u00e7o girat\u00f3rio pode ser utilizado para rodar o ecr\u00e3 para a esquerda ou para a direita e afast\u00e1-lo da parede numa posi\u00e7\u00e3o vertical. A posi\u00e7\u00e3o do ecr\u00e3 pode ser bloqueada em qualquer posi\u00e7\u00e3o. O ecr\u00e3 pode ser fixado com um gancho de seguran\u00e7a (Lock &amp; Secure). Quando totalmente dobrado, o bra\u00e7o girat\u00f3rio tem apenas 120 mm de profundidade.\n<h2>Suporte de parede para projetor Audipack<\/h2>\n<a href=\"https:\/\/konferenztechnik.de\/wp-content\/uploads\/2013\/09\/Audipack_Wandhalterung5.jpg\"><img loading=\"lazy\" decoding=\"async\" width=\"792\" height=\"594\" class=\"alignleft size-full wp-image-2682\" src=\"https:\/\/konferenztechnik.de\/wp-content\/uploads\/2013\/09\/Audipack_Wandhalterung5.jpg\" alt=\"Suporte de parede para projetor Audipack\" title=\"\" srcset=\"https:\/\/konferenztechnik.de\/wp-content\/uploads\/2013\/09\/Audipack_Wandhalterung5.jpg 792w, https:\/\/konferenztechnik.de\/wp-content\/uploads\/2013\/09\/Audipack_Wandhalterung5-300x225.jpg 300w, https:\/\/konferenztechnik.de\/wp-content\/uploads\/2013\/09\/Audipack_Wandhalterung5-768x576.jpg 768w\" sizes=\"(max-width: 792px) 100vw, 792px\" \/><\/a>\n\nSuporte de parede para projectores e c\u00e2maras at\u00e9 50 kg. Rigidez muito elevada e ajuste fino. O suporte de parede \u00e9 utilizado em combina\u00e7\u00e3o com os v\u00e1rios suportes para projectores Audipack. Est\u00e3o dispon\u00edveis modelos com v\u00e1rios comprimentos.\n\n\n\nA PCS GmbH \u00e9 o distribuidor oficial alem\u00e3o da Audipack. Oferecemos aconselhamento especializado e prazos de entrega r\u00e1pidos.\n\n<img loading=\"lazy\" decoding=\"async\" class=\"alignright size-full wp-image-5489\" src=\"https:\/\/konferenztechnik.de\/wp-content\/uploads\/2013\/09\/PCS-GmbH-Audipack-authorized-dealer-small.jpg\" alt=\"A PCS GmbH \u00e9 um revendedor autorizado da Audipack\" width=\"200\" height=\"81\" title=\"\">\t\t\t\t\t\t\t\t<\/div>\n\t\t\t\t<\/div>\n\t\t\t\t\t<\/div>\n\t\t<\/div>\n\t\t\t\t\t<\/div>\n\t\t<\/section>\n\t\t\t\t<\/div>","protected":false},"excerpt":{"rendered":"<p>Wandhalterungen Audipack Bildschirm Wandhalterung L&amp;S 3 Flache Wandhalterung f\u00fcr Bildschirme bis 127 cm (50 Zoll). Diese nicht verstellbare Wandhalterung ist nur 18 mm tief und bietet die M\u00f6glichkeit, den Bildschrim mittels Sicherungshaken zu sichern (Lock &amp; Secure). Smart Metals &#8211; Wandhalterung mit Feineinstellung Wandhalterung f\u00fcr Ultra-Short-Throw-Projektoren, wie die Hitachi A100-Serie, der Sanyo PLC-XL50 oder PDG-DWL2500. [&hellip;]<\/p>","protected":false},"author":1,"featured_media":45482,"parent":1221,"menu_order":129,"comment_status":"closed","ping_status":"open","template":"","meta":{"_acf_changed":false,"footnotes":""},"class_list":["post-2618","page","type-page","status-publish","has-post-thumbnail","hentry"],"acf":[],"_links":{"self":[{"href":"https:\/\/konferenztechnik.de\/pt\/wp-json\/wp\/v2\/pages\/2618","targetHints":{"allow":["GET"]}}],"collection":[{"href":"https:\/\/konferenztechnik.de\/pt\/wp-json\/wp\/v2\/pages"}],"about":[{"href":"https:\/\/konferenztechnik.de\/pt\/wp-json\/wp\/v2\/types\/page"}],"author":[{"embeddable":true,"href":"https:\/\/konferenztechnik.de\/pt\/wp-json\/wp\/v2\/users\/1"}],"replies":[{"embeddable":true,"href":"https:\/\/konferenztechnik.de\/pt\/wp-json\/wp\/v2\/comments?post=2618"}],"version-history":[{"count":0,"href":"https:\/\/konferenztechnik.de\/pt\/wp-json\/wp\/v2\/pages\/2618\/revisions"}],"up":[{"embeddable":true,"href":"https:\/\/konferenztechnik.de\/pt\/wp-json\/wp\/v2\/pages\/1221"}],"wp:featuredmedia":[{"embeddable":true,"href":"https:\/\/konferenztechnik.de\/pt\/wp-json\/wp\/v2\/media\/45482"}],"wp:attachment":[{"href":"https:\/\/konferenztechnik.de\/pt\/wp-json\/wp\/v2\/media?parent=2618"}],"curies":[{"name":"wp","href":"https:\/\/api.w.org\/{rel}","templated":true}]}}