{"id":2628,"date":"2013-09-25T15:15:19","date_gmt":"2013-09-25T13:15:19","guid":{"rendered":"https:\/\/konferenztechnik.de\/?page_id=2628"},"modified":"2023-07-05T14:21:35","modified_gmt":"2023-07-05T12:21:35","slug":"suportes-de-teto","status":"publish","type":"page","link":"https:\/\/konferenztechnik.de\/pt\/distribuicao-de-tecnologia-de-conferencia-e-de-meios-de-comunicacao-av\/tecnologia-de-video\/suportes-para-ecras-e-projectores\/suportes-de-teto\/","title":{"rendered":"Suportes de teto"},"content":{"rendered":"<h1>Suportes de teto<\/h1>\n<h2>Suporte de teto para projetor Audipack<\/h2>\n<p><a href=\"https:\/\/konferenztechnik.de\/wp-content\/uploads\/2013\/09\/audipack_beamer_deckenhalterung_pcs.jpg\"><img fetchpriority=\"high\" decoding=\"async\" width=\"792\" height=\"594\" src=\"https:\/\/konferenztechnik.de\/wp-content\/uploads\/2013\/09\/audipack_beamer_deckenhalterung_pcs.jpg\" alt=\"Suporte de teto para projetor Audipack\" class=\"alignleft size-full wp-image-2752\" title=\"\" srcset=\"https:\/\/konferenztechnik.de\/wp-content\/uploads\/2013\/09\/audipack_beamer_deckenhalterung_pcs.jpg 792w, https:\/\/konferenztechnik.de\/wp-content\/uploads\/2013\/09\/audipack_beamer_deckenhalterung_pcs-300x225.jpg 300w, https:\/\/konferenztechnik.de\/wp-content\/uploads\/2013\/09\/audipack_beamer_deckenhalterung_pcs-768x576.jpg 768w\" sizes=\"(max-width: 792px) 100vw, 792px\" \/><\/a><\/p>\n<p>Suporte de teto para projectores e ecr\u00e3s at\u00e9 70 kg. Inclui junta esf\u00e9rica patenteada para um alinhamento \u00f3timo do projetor.<\/p>\n<h2>Suporte de teto para projetor Audipack<\/h2>\n<ul>\n<li>Peso muito baixo<\/li>\n<li>Alinhamento flex\u00edvel do projetor<\/li>\n<li>Placa de montagem compat\u00edvel com todos os suportes para projectores Audipack<\/li>\n<li>Comprimento fixo de 165 mm<\/li>\n<li>Certificado T\u00dcV<\/li>\n<li>N.\u00ba do artigo: 390065<\/li>\n<\/ul>\n<h2>Suporte para projetor com cabe\u00e7a girat\u00f3ria de 90<\/h2>\n<p><a href=\"https:\/\/konferenztechnik.de\/wp-content\/uploads\/2013\/09\/audipack_projektorhalterung_392361_pcs.jpg\"><img decoding=\"async\" width=\"792\" height=\"594\" src=\"https:\/\/konferenztechnik.de\/wp-content\/uploads\/2013\/09\/audipack_projektorhalterung_392361_pcs.jpg\" alt=\"Suporte para projetor com cabe\u00e7a girat\u00f3ria de 90\" class=\"alignleft size-full wp-image-2756\" title=\"\" srcset=\"https:\/\/konferenztechnik.de\/wp-content\/uploads\/2013\/09\/audipack_projektorhalterung_392361_pcs.jpg 792w, https:\/\/konferenztechnik.de\/wp-content\/uploads\/2013\/09\/audipack_projektorhalterung_392361_pcs-300x225.jpg 300w, https:\/\/konferenztechnik.de\/wp-content\/uploads\/2013\/09\/audipack_projektorhalterung_392361_pcs-768x576.jpg 768w\" sizes=\"(max-width: 792px) 100vw, 792px\" \/><\/a><\/p>\n<p>Suporte de teto para projectores e ecr\u00e3s at\u00e9 70 kg. O design telesc\u00f3pico permite um comprimento flex\u00edvel de 700 a 940 mm. Inclui uma junta esf\u00e9rica patenteada para um alinhamento \u00f3timo do projetor e a capacidade de mover o projetor verticalmente em 90 graus. Sa\u00eddas de cabos para uma instala\u00e7\u00e3o segura e c\u00f3moda.<\/p>\n<h2>Suporte para projetor com cabe\u00e7a girat\u00f3ria de 90<\/h2>\n<ul>\n<li>Comprimento ajust\u00e1vel de 700 a 940 mm<\/li>\n<li>Alinhamento flex\u00edvel do projetor, rota\u00e7\u00e3o vertical at\u00e9 90 graus<\/li>\n<li>Placa de montagem compat\u00edvel com todos os suportes para projectores Audipack<\/li>\n<li>Conduta de cabos integrada com sa\u00eddas<\/li>\n<li>N.\u00ba do artigo: 390201<\/li>\n<\/ul>\n<h2>Suporte para projetor Quick Release Plus<\/h2>\n<p><a href=\"https:\/\/konferenztechnik.de\/wp-content\/uploads\/2013\/09\/audipack_projektorhalterung_392361b_pcs.jpg\"><img decoding=\"async\" width=\"792\" height=\"594\" src=\"https:\/\/konferenztechnik.de\/wp-content\/uploads\/2013\/09\/audipack_projektorhalterung_392361b_pcs.jpg\" alt=\"Suporte para projetor Quick Release Plus\" class=\"alignleft size-full wp-image-2757\" title=\"\" srcset=\"https:\/\/konferenztechnik.de\/wp-content\/uploads\/2013\/09\/audipack_projektorhalterung_392361b_pcs.jpg 792w, https:\/\/konferenztechnik.de\/wp-content\/uploads\/2013\/09\/audipack_projektorhalterung_392361b_pcs-300x225.jpg 300w, https:\/\/konferenztechnik.de\/wp-content\/uploads\/2013\/09\/audipack_projektorhalterung_392361b_pcs-768x576.jpg 768w\" sizes=\"(max-width: 792px) 100vw, 792px\" \/><\/a><\/p>\n<p>Suporte de teto Quick Release Plus para projectores at\u00e9 50 kg. O sistema especial de bloqueio Quick Release Plus permite que o projetor seja levantado e baixado muito rapidamente. Ajuste fino tridimensional do alinhamento do projetor atrav\u00e9s de tr\u00eas bot\u00f5es de ajuste na placa de montagem. Ideal para configura\u00e7\u00f5es com v\u00e1rios projectores!<\/p>\n<h2>Suporte para projetor Quick Release Plus<\/h2>\n<ul>\n<li>Projectores at\u00e9 50 kg<\/li>\n<li>Alinhamento tridimensional flex\u00edvel do projetor<\/li>\n<li>Placa de montagem compat\u00edvel com todos os suportes para projectores Audipack<\/li>\n<li>N.\u00ba do artigo: 392361<\/li>\n<\/ul>\n<h2>Suporte para projetor Quatrofix\u00ae.<\/h2>\n<p><a href=\"https:\/\/konferenztechnik.de\/wp-content\/uploads\/2013\/09\/Audipack-QFIX-0100G.jpg\"><img loading=\"lazy\" decoding=\"async\" width=\"800\" height=\"600\" src=\"https:\/\/konferenztechnik.de\/wp-content\/uploads\/2013\/09\/Audipack-QFIX-0100G.jpg\" alt=\"Suporte para projetor Quatrofix\u00ae.\" class=\"alignleft size-full wp-image-2751\" title=\"\" srcset=\"https:\/\/konferenztechnik.de\/wp-content\/uploads\/2013\/09\/Audipack-QFIX-0100G.jpg 800w, https:\/\/konferenztechnik.de\/wp-content\/uploads\/2013\/09\/Audipack-QFIX-0100G-300x225.jpg 300w, https:\/\/konferenztechnik.de\/wp-content\/uploads\/2013\/09\/Audipack-QFIX-0100G-768x576.jpg 768w\" sizes=\"(max-width: 800px) 100vw, 800px\" \/><\/a><\/p>\n<p>O suporte Quatrofix pode ser ajustado de forma flex\u00edvel ao tamanho do projetor para que possam ser montados diferentes fabricantes e modelos. Podem ser utilizados projectores com peso at\u00e9 20 kg. A solu\u00e7\u00e3o ideal para a montagem r\u00e1pida e f\u00e1cil de projectores no teto. Tamb\u00e9m dispon\u00edvel em diferentes comprimentos.<\/p>\n<h2>Suporte para projetor Quatrofix\u00ae.<\/h2>\n<ul>\n<li>design minimalista<\/li>\n<li>Dispon\u00edvel em diferentes tamanhos<\/li>\n<li>Encaminhamento simples de cabos<\/li>\n<\/ul>\n<h2>Smart Metals \u2013 para montagem no teto (s\u00e9rie de luzes) incl. suporte VESA 200<\/h2>\n<p><a href=\"https:\/\/konferenztechnik.de\/wp-content\/uploads\/2013\/09\/smart-metals_ceiling-mount_0728100122.jpg\"><img loading=\"lazy\" decoding=\"async\" src=\"https:\/\/konferenztechnik.de\/wp-content\/uploads\/2013\/09\/smart-metals_ceiling-mount_0728100122-124x300.jpg\" alt=\"Metais inteligentes_Montagem no teto 0728100122\" width=\"124\" height=\"300\" class=\"alignleft size-medium wp-image-4431\" title=\"\"><\/a><\/p>\n<p>Montagem no teto da S\u00e9rie Light para ecr\u00e3s. Os ecr\u00e3s podem ser montados nas posi\u00e7\u00f5es de paisagem e retrato.  O suporte \u00e9 fornecido com um suporte VESA 200. \u00c9 claro que est\u00e3o dispon\u00edveis outras variantes de suporte. Basta contactar-nos.<\/p>\n<h2>Smart Metals \u2013 para montagem no teto (s\u00e9rie de luzes) incl. suporte VESA 200<\/h2>\n<ul>\n<li>Comprimento m\u00e1ximo: 1000 mm<\/li>\n<li>Peso: 10,2 kg<\/li>\n<li>Cor: cinzento escuro e alum\u00ednio<\/li>\n<li>Carga m\u00e1xima: 30 kg<\/li>\n<li>Posi\u00e7\u00e3o do ecr\u00e3: Paisagem e Retrato<\/li>\n<li>Gama de polegadas: m\u00e1x. 55 polegadas<\/li>\n<li>Suporte \/ interface: inclu\u00eddo<\/li>\n<li>Tipo de montagem \/ interface: VESA<\/li>\n<li>\u00c2ngulo de alcance \/ interface: VESA 100, 200<\/li>\n<li>Fun\u00e7\u00e3o de inclina\u00e7\u00e3o: m\u00e1x. 15 \u00b0<\/li>\n<li>Fun\u00e7\u00e3o de inclina\u00e7\u00e3o do teto: +30 \u00b0 a -30 \u00b0<\/li>\n<li>Conduta de cabos: 35 x 15 mm<\/li>\n<\/ul>\n<p><a href=\"https:\/\/konferenztechnik.de\/wp-content\/uploads\/2013\/09\/0728100122_SmartMetals_productleafletEN.pdf\">Ficha de informa\u00e7\u00e3o do produto Smart Metals 072.8100-122 (Ingl\u00eas)<\/a><\/p>\n<h2>Smart Metals \u2013 montagem no teto (s\u00e9rie de luzes) incl. suporte VESA 400<\/h2>\n<p><a href=\"https:\/\/konferenztechnik.de\/wp-content\/uploads\/2013\/09\/smart-metals_ceiling-mount_0728100144.jpg\"><img loading=\"lazy\" decoding=\"async\" src=\"https:\/\/konferenztechnik.de\/wp-content\/uploads\/2013\/09\/smart-metals_ceiling-mount_0728100144-144x300.jpg\" alt=\"Suporte de teto Smart Metals 0728100144\" width=\"144\" height=\"300\" class=\"alignleft size-medium wp-image-4433\" title=\"\" srcset=\"https:\/\/konferenztechnik.de\/wp-content\/uploads\/2013\/09\/smart-metals_ceiling-mount_0728100144-144x300.jpg 144w, https:\/\/konferenztechnik.de\/wp-content\/uploads\/2013\/09\/smart-metals_ceiling-mount_0728100144.jpg 480w\" sizes=\"(max-width: 144px) 100vw, 144px\" \/><\/a><\/p>\n<p>Montagem no teto da S\u00e9rie Light para ecr\u00e3s. Os ecr\u00e3s podem ser montados nas posi\u00e7\u00f5es de paisagem e retrato.  O suporte \u00e9 fornecido com um suporte VESA 400. \u00c9 claro que est\u00e3o dispon\u00edveis outras variantes de suporte. Basta contactar-nos.<\/p>\n<h2>Smart Metals \u2013 montagem no teto (s\u00e9rie de luzes) incl. suporte VESA 400<\/h2>\n<ul>\n<li>Comprimento m\u00e1ximo: 1000 mm<\/li>\n<li>Peso: 12,3 kg<\/li>\n<li>Cor: cinzento escuro e alum\u00ednio<\/li>\n<li>Carga m\u00e1xima: 30 kg<\/li>\n<li>Posi\u00e7\u00e3o do ecr\u00e3: Paisagem e Retrato<\/li>\n<li>Gama de polegadas: m\u00e1x. 55 polegadas<\/li>\n<li>Suporte \/ interface: inclu\u00eddo<\/li>\n<li>Tipo de montagem \/ interface: VESA<\/li>\n<li>Fun\u00e7\u00e3o de inclina\u00e7\u00e3o: m\u00e1x. 15 \u00b0<\/li>\n<li>Fun\u00e7\u00e3o de inclina\u00e7\u00e3o do teto: +30 \u00b0 a -30 \u00b0<\/li>\n<li>Conduta de cabos: 35 x 15 mm<\/li>\n<\/ul>\n<p><a href=\"https:\/\/konferenztechnik.de\/wp-content\/uploads\/2013\/09\/0728100144_SmartMetals_productleafletEN.pdf\">0728100144_SmartMetals_productleafletEN<\/a>Ficha de informa\u00e7\u00e3o do produto Smart Metals 072.8100-144 (Ingl\u00eas)<\/p>\n<h2>Suporte de teto do projetor<\/h2>\n<p><a href=\"https:\/\/konferenztechnik.de\/wp-content\/uploads\/2013\/09\/Audipack_Konstruktionsklammer.jpg\"><img loading=\"lazy\" decoding=\"async\" width=\"792\" height=\"594\" src=\"https:\/\/konferenztechnik.de\/wp-content\/uploads\/2013\/09\/Audipack_Konstruktionsklammer.jpg\" alt=\"Suporte de teto do projetor\" class=\"alignleft size-full wp-image-2754\" title=\"\" srcset=\"https:\/\/konferenztechnik.de\/wp-content\/uploads\/2013\/09\/Audipack_Konstruktionsklammer.jpg 792w, https:\/\/konferenztechnik.de\/wp-content\/uploads\/2013\/09\/Audipack_Konstruktionsklammer-300x225.jpg 300w, https:\/\/konferenztechnik.de\/wp-content\/uploads\/2013\/09\/Audipack_Konstruktionsklammer-768x576.jpg 768w\" sizes=\"(max-width: 792px) 100vw, 792px\" \/><\/a><\/p>\n<p>Grampo para fixar projectores a vigas de a\u00e7o ou outras estruturas sem prejudicar a resist\u00eancia est\u00e1tica. O grampo pode ser utilizado sem um cabo de seguran\u00e7a e \u00e9 extremamente f\u00e1cil de instalar. Para projectores at\u00e9 50 kg.<\/p>\n<h2>Suporte de teto para rota\u00e7\u00e3o manual<\/h2>\n<p><a href=\"https:\/\/konferenztechnik.de\/wp-content\/uploads\/2013\/09\/Audipack_Deckenhalterung_ManuelleRotation.jpg\"><img loading=\"lazy\" decoding=\"async\" width=\"792\" height=\"594\" src=\"https:\/\/konferenztechnik.de\/wp-content\/uploads\/2013\/09\/Audipack_Deckenhalterung_ManuelleRotation.jpg\" alt=\"Suporte de teto para rota\u00e7\u00e3o manual\" class=\"alignleft size-full wp-image-2753\" title=\"\" srcset=\"https:\/\/konferenztechnik.de\/wp-content\/uploads\/2013\/09\/Audipack_Deckenhalterung_ManuelleRotation.jpg 792w, https:\/\/konferenztechnik.de\/wp-content\/uploads\/2013\/09\/Audipack_Deckenhalterung_ManuelleRotation-300x225.jpg 300w, https:\/\/konferenztechnik.de\/wp-content\/uploads\/2013\/09\/Audipack_Deckenhalterung_ManuelleRotation-768x576.jpg 768w\" sizes=\"(max-width: 792px) 100vw, 792px\" \/><\/a><\/p>\n<p>Placa de montagem rotativa manual para projectores. O projetor pode ser rodado no seu pr\u00f3prio eixo ap\u00f3s a montagem. Inclui junta esf\u00e9rica. Para projectores at\u00e9 50 kg.<\/p>\n<h2>Kit de espelhos Audipack<\/h2>\n<p><a href=\"https:\/\/konferenztechnik.de\/wp-content\/uploads\/2013\/09\/Audipack_MirrorKit.jpg\"><img loading=\"lazy\" decoding=\"async\" width=\"792\" height=\"594\" src=\"https:\/\/konferenztechnik.de\/wp-content\/uploads\/2013\/09\/Audipack_MirrorKit.jpg\" alt=\"Kit de espelhos Audipack\" class=\"alignleft size-full wp-image-2755\" title=\"\" srcset=\"https:\/\/konferenztechnik.de\/wp-content\/uploads\/2013\/09\/Audipack_MirrorKit.jpg 792w, https:\/\/konferenztechnik.de\/wp-content\/uploads\/2013\/09\/Audipack_MirrorKit-300x225.jpg 300w, https:\/\/konferenztechnik.de\/wp-content\/uploads\/2013\/09\/Audipack_MirrorKit-768x576.jpg 768w\" sizes=\"(max-width: 792px) 100vw, 792px\" \/><\/a><\/p>\n<p>Com o Mirror Kit, o projetor \u00e9 instalado no teto, a proje\u00e7\u00e3o \u00e9 desviada atrav\u00e9s de espelhos desdobr\u00e1veis e projectada na parede. Isto significa que o projetor n\u00e3o pode ser visto, \u00e9 mais silencioso e a sa\u00edda do teto s\u00f3 \u00e9 vis\u00edvel no tamanho do espelho. Esta fun\u00e7\u00e3o oferece muitas vantagens em salas onde \u00e9 particularmente importante ver o m\u00ednimo poss\u00edvel da tecnologia utilizada. Os kits de espelho est\u00e3o dispon\u00edveis em v\u00e1rios modelos para diferentes fabricantes e modelos.<\/p>\n<p>Est\u00e3o igualmente dispon\u00edveis outros modelos para instala\u00e7\u00e3o em mesas de confer\u00eancia. Basta contactar-nos para o aconselhar!<\/p>\n<h2>Audipack RotaKit<\/h2>\n<p><a href=\"https:\/\/konferenztechnik.de\/wp-content\/uploads\/2013\/09\/Audipack_RotaKit.jpg\"><img loading=\"lazy\" decoding=\"async\" width=\"792\" height=\"594\" src=\"https:\/\/konferenztechnik.de\/wp-content\/uploads\/2013\/09\/Audipack_RotaKit.jpg\" alt=\"Audipack RotaKit\" class=\"alignleft size-full wp-image-2758\" title=\"\" srcset=\"https:\/\/konferenztechnik.de\/wp-content\/uploads\/2013\/09\/Audipack_RotaKit.jpg 792w, https:\/\/konferenztechnik.de\/wp-content\/uploads\/2013\/09\/Audipack_RotaKit-300x225.jpg 300w, https:\/\/konferenztechnik.de\/wp-content\/uploads\/2013\/09\/Audipack_RotaKit-768x576.jpg 768w\" sizes=\"(max-width: 792px) 100vw, 792px\" \/><\/a><\/p>\n<p>Sistema el\u00e9trico com quatro predefini\u00e7\u00f5es program\u00e1veis para rodar e alinhar horizontalmente um projetor ou ecr\u00e3. Isto permite que quatro superf\u00edcies de proje\u00e7\u00e3o diferentes sejam iluminadas, por exemplo, em salas com posi\u00e7\u00f5es de palco vari\u00e1veis. Est\u00e3o dispon\u00edveis tr\u00eas modelos standard diferentes.<\/p>\n<h2>Audipack RotaKit<\/h2>\n<ul>\n<li>Rota\u00e7\u00e3o el\u00e9ctrica<\/li>\n<li>Pode ser controlado atrav\u00e9s de rel\u00e9 de contacto<\/li>\n<li>Projectores at\u00e9 20 kg, ecr\u00e3s at\u00e9 50 kg<\/li>\n<li>Fun\u00e7\u00e3o de arranque lento e paragem lenta<\/li>\n<\/ul>\n<p>A PCS GmbH \u00e9 o distribuidor oficial alem\u00e3o da Audipack. Oferecemos-lhe aconselhamento especializado e prazos de entrega r\u00e1pidos.<\/p>\n<p><img loading=\"lazy\" decoding=\"async\" src=\"https:\/\/konferenztechnik.de\/wp-content\/uploads\/2013\/09\/PCS-GmbH-Audipack-authorized-dealer-small.jpg\" alt=\"A PCS GmbH \u00e9 um revendedor autorizado da Audipack\" width=\"200\" height=\"81\" class=\"alignright size-full wp-image-5489\" title=\"\"><\/p>","protected":false},"excerpt":{"rendered":"<p>Suportes de teto Suporte de teto para projetor Audipack Suporte de teto para projetores e ecr\u00e3s at\u00e9 70 kg. Inclui junta esf\u00e9rica patenteada para um alinhamento ideal do projetor. Suporte de teto para projetor Audipack Peso muito reduzido Alinhamento flex\u00edvel do projetor Placa de montagem compat\u00edvel com todos os suportes para projetores Audipack Comprimento fixo de 165 mm Certificado pela T\u00dcV Artigo n.\u00ba: 390065 Suporte para projetor com cabe\u00e7a girat\u00f3ria de 90\u00b0 Suporte de teto para projetores e ecr\u00e3s at\u00e9 70 kg. A constru\u00e7\u00e3o telesc\u00f3pica [\u2026]<\/p>","protected":false},"author":1,"featured_media":45482,"parent":1221,"menu_order":128,"comment_status":"closed","ping_status":"open","template":"","meta":{"_acf_changed":false,"footnotes":""},"class_list":["post-2628","page","type-page","status-publish","has-post-thumbnail","hentry"],"acf":[],"_links":{"self":[{"href":"https:\/\/konferenztechnik.de\/pt\/wp-json\/wp\/v2\/pages\/2628","targetHints":{"allow":["GET"]}}],"collection":[{"href":"https:\/\/konferenztechnik.de\/pt\/wp-json\/wp\/v2\/pages"}],"about":[{"href":"https:\/\/konferenztechnik.de\/pt\/wp-json\/wp\/v2\/types\/page"}],"author":[{"embeddable":true,"href":"https:\/\/konferenztechnik.de\/pt\/wp-json\/wp\/v2\/users\/1"}],"replies":[{"embeddable":true,"href":"https:\/\/konferenztechnik.de\/pt\/wp-json\/wp\/v2\/comments?post=2628"}],"version-history":[{"count":0,"href":"https:\/\/konferenztechnik.de\/pt\/wp-json\/wp\/v2\/pages\/2628\/revisions"}],"up":[{"embeddable":true,"href":"https:\/\/konferenztechnik.de\/pt\/wp-json\/wp\/v2\/pages\/1221"}],"wp:featuredmedia":[{"embeddable":true,"href":"https:\/\/konferenztechnik.de\/pt\/wp-json\/wp\/v2\/media\/45482"}],"wp:attachment":[{"href":"https:\/\/konferenztechnik.de\/pt\/wp-json\/wp\/v2\/media?parent=2628"}],"curies":[{"name":"wp","href":"https:\/\/api.w.org\/{rel}","templated":true}]}}