{"id":3320,"date":"2013-09-30T18:05:22","date_gmt":"2013-09-30T16:05:22","guid":{"rendered":"https:\/\/konferenztechnik.de\/?page_id=3320"},"modified":"2025-03-03T13:13:20","modified_gmt":"2025-03-03T12:13:20","slug":"que-somos","status":"publish","type":"page","link":"https:\/\/konferenztechnik.de\/pt\/que-somos\/","title":{"rendered":"sobre n\u00f3s"},"content":{"rendered":"<div data-elementor-type=\"wp-page\" data-elementor-id=\"3320\" class=\"elementor elementor-3320\" data-elementor-post-type=\"page\">\n\t\t\t\t<div data-particle_enable=\"false\" data-particle-mobile-disabled=\"false\" class=\"elementor-element elementor-element-2fb1fdc e-flex e-con-boxed e-con e-parent\" data-id=\"2fb1fdc\" data-element_type=\"container\">\n\t\t\t\t\t<div class=\"e-con-inner\">\n\t\t<div data-particle_enable=\"false\" data-particle-mobile-disabled=\"false\" class=\"elementor-element elementor-element-a1dea13 e-flex e-con-boxed e-con e-child\" data-id=\"a1dea13\" data-element_type=\"container\">\n\t\t\t\t\t<div class=\"e-con-inner\">\n\t\t\t\t<div class=\"elementor-element elementor-element-225adb5 elementor-widget elementor-widget-heading\" data-id=\"225adb5\" data-element_type=\"widget\" data-widget_type=\"heading.default\">\n\t\t\t\t<div class=\"elementor-widget-container\">\n\t\t\t\t\t<h1 class=\"elementor-heading-title elementor-size-default\">Isto somos n\u00f3s<\/h1>\t\t\t\t<\/div>\n\t\t\t\t<\/div>\n\t\t\t\t<div class=\"elementor-element elementor-element-4781f5e elementor-widget elementor-widget-image\" data-id=\"4781f5e\" data-element_type=\"widget\" data-widget_type=\"image.default\">\n\t\t\t\t<div class=\"elementor-widget-container\">\n\t\t\t\t\t\t\t\t\t\t\t\t<figure class=\"wp-caption\">\n\t\t\t\t\t\t\t\t\t\t<img fetchpriority=\"high\" decoding=\"async\" width=\"1300\" height=\"704\" src=\"https:\/\/konferenztechnik.de\/wp-content\/uploads\/2024\/06\/teamspirit-pcs-konferenztechnik.jpg\" class=\"attachment-full size-full wp-image-45784\" alt=\"A tecnologia est\u00e1 configurada, um instant\u00e2neo r\u00e1pido para o s\u00edtio Web.\" srcset=\"https:\/\/konferenztechnik.de\/wp-content\/uploads\/2024\/06\/teamspirit-pcs-konferenztechnik.jpg 1300w, https:\/\/konferenztechnik.de\/wp-content\/uploads\/2024\/06\/teamspirit-pcs-konferenztechnik-300x162.jpg 300w, https:\/\/konferenztechnik.de\/wp-content\/uploads\/2024\/06\/teamspirit-pcs-konferenztechnik-1024x555.jpg 1024w, https:\/\/konferenztechnik.de\/wp-content\/uploads\/2024\/06\/teamspirit-pcs-konferenztechnik-768x416.jpg 768w, https:\/\/konferenztechnik.de\/wp-content\/uploads\/2024\/06\/teamspirit-pcs-konferenztechnik-18x10.jpg 18w\" sizes=\"(max-width: 1300px) 100vw, 1300px\" title=\"\">\t\t\t\t\t\t\t\t\t\t\t<figcaption class=\"widget-image-caption wp-caption-text\">A tecnologia est\u00e1 configurada, um instant\u00e2neo r\u00e1pido para o s\u00edtio Web.<\/figcaption>\n\t\t\t\t\t\t\t\t\t\t<\/figure>\n\t\t\t\t\t\t\t\t\t<\/div>\n\t\t\t\t<\/div>\n\t\t\t\t<div class=\"elementor-element elementor-element-446125b elementor-widget elementor-widget-image\" data-id=\"446125b\" data-element_type=\"widget\" data-widget_type=\"image.default\">\n\t\t\t\t<div class=\"elementor-widget-container\">\n\t\t\t\t\t\t\t\t\t\t\t\t<figure class=\"wp-caption\">\n\t\t\t\t\t\t\t\t\t\t<img decoding=\"async\" width=\"1300\" height=\"704\" src=\"https:\/\/konferenztechnik.de\/wp-content\/uploads\/2024\/06\/pcs-hoch-hinaus.jpg\" class=\"attachment-full size-full wp-image-45782\" alt=\"O t\u00e9cnico do PCS trabalha num empilhador\" srcset=\"https:\/\/konferenztechnik.de\/wp-content\/uploads\/2024\/06\/pcs-hoch-hinaus.jpg 1300w, https:\/\/konferenztechnik.de\/wp-content\/uploads\/2024\/06\/pcs-hoch-hinaus-300x162.jpg 300w, https:\/\/konferenztechnik.de\/wp-content\/uploads\/2024\/06\/pcs-hoch-hinaus-1024x555.jpg 1024w, https:\/\/konferenztechnik.de\/wp-content\/uploads\/2024\/06\/pcs-hoch-hinaus-768x416.jpg 768w, https:\/\/konferenztechnik.de\/wp-content\/uploads\/2024\/06\/pcs-hoch-hinaus-18x10.jpg 18w\" sizes=\"(max-width: 1300px) 100vw, 1300px\" title=\"\">\t\t\t\t\t\t\t\t\t\t\t<figcaption class=\"widget-image-caption wp-caption-text\">Olha, h\u00e1 tamb\u00e9m um t\u00e9cnico do PCS l\u00e1 em cima.<\/figcaption>\n\t\t\t\t\t\t\t\t\t\t<\/figure>\n\t\t\t\t\t\t\t\t\t<\/div>\n\t\t\t\t<\/div>\n\t\t\t\t<div class=\"elementor-element elementor-element-b63cf68 elementor-widget elementor-widget-image\" data-id=\"b63cf68\" data-element_type=\"widget\" data-widget_type=\"image.default\">\n\t\t\t\t<div class=\"elementor-widget-container\">\n\t\t\t\t\t\t\t\t\t\t\t\t<figure class=\"wp-caption\">\n\t\t\t\t\t\t\t\t\t\t<img decoding=\"async\" width=\"1300\" height=\"704\" src=\"https:\/\/konferenztechnik.de\/wp-content\/uploads\/2023\/05\/pcs-feueruebung.jpg\" class=\"attachment-full size-full wp-image-28530\" alt=\"J\u00f6rg, um dos nossos chefes, durante o exerc\u00edcio com o extintor. N\u00e3o, os outros n\u00e3o est\u00e3o aborrecidos nem c\u00e9pticos.\" srcset=\"https:\/\/konferenztechnik.de\/wp-content\/uploads\/2023\/05\/pcs-feueruebung.jpg 1300w, https:\/\/konferenztechnik.de\/wp-content\/uploads\/2023\/05\/pcs-feueruebung-300x162.jpg 300w, https:\/\/konferenztechnik.de\/wp-content\/uploads\/2023\/05\/pcs-feueruebung-1024x555.jpg 1024w, https:\/\/konferenztechnik.de\/wp-content\/uploads\/2023\/05\/pcs-feueruebung-768x416.jpg 768w, https:\/\/konferenztechnik.de\/wp-content\/uploads\/2023\/05\/pcs-feueruebung-18x10.jpg 18w\" sizes=\"(max-width: 1300px) 100vw, 1300px\" title=\"\">\t\t\t\t\t\t\t\t\t\t\t<figcaption class=\"widget-image-caption wp-caption-text\">J\u00f6rg, um dos nossos chefes, durante o exerc\u00edcio com o extintor. N\u00e3o, os outros n\u00e3o est\u00e3o aborrecidos nem c\u00e9pticos.<\/figcaption>\n\t\t\t\t\t\t\t\t\t\t<\/figure>\n\t\t\t\t\t\t\t\t\t<\/div>\n\t\t\t\t<\/div>\n\t\t\t\t<div class=\"elementor-element elementor-element-1afe949 elementor-widget elementor-widget-image\" data-id=\"1afe949\" data-element_type=\"widget\" data-widget_type=\"image.default\">\n\t\t\t\t<div class=\"elementor-widget-container\">\n\t\t\t\t\t\t\t\t\t\t\t\t<figure class=\"wp-caption\">\n\t\t\t\t\t\t\t\t\t\t<img loading=\"lazy\" decoding=\"async\" width=\"1300\" height=\"704\" src=\"https:\/\/konferenztechnik.de\/wp-content\/uploads\/2023\/05\/kamera-pcs.jpg\" class=\"attachment-full size-full wp-image-28558\" alt=\"Um operador de c\u00e2mara do PCS verifica as defini\u00e7\u00f5es da sua c\u00e2mara de alta qualidade\" srcset=\"https:\/\/konferenztechnik.de\/wp-content\/uploads\/2023\/05\/kamera-pcs.jpg 1300w, https:\/\/konferenztechnik.de\/wp-content\/uploads\/2023\/05\/kamera-pcs-300x162.jpg 300w, https:\/\/konferenztechnik.de\/wp-content\/uploads\/2023\/05\/kamera-pcs-1024x555.jpg 1024w, https:\/\/konferenztechnik.de\/wp-content\/uploads\/2023\/05\/kamera-pcs-768x416.jpg 768w, https:\/\/konferenztechnik.de\/wp-content\/uploads\/2023\/05\/kamera-pcs-18x10.jpg 18w\" sizes=\"(max-width: 1300px) 100vw, 1300px\" title=\"\">\t\t\t\t\t\t\t\t\t\t\t<figcaption class=\"widget-image-caption wp-caption-text\">A c\u00e2mara est\u00e1 ligada? A bateria est\u00e1 quase a acabar? Porqu\u00ea tanta cr\u00edtica?<\/figcaption>\n\t\t\t\t\t\t\t\t\t\t<\/figure>\n\t\t\t\t\t\t\t\t\t<\/div>\n\t\t\t\t<\/div>\n\t\t\t\t<div class=\"elementor-element elementor-element-1c78e0b elementor-widget elementor-widget-image\" data-id=\"1c78e0b\" data-element_type=\"widget\" data-widget_type=\"image.default\">\n\t\t\t\t<div class=\"elementor-widget-container\">\n\t\t\t\t\t\t\t\t\t\t\t\t<figure class=\"wp-caption\">\n\t\t\t\t\t\t\t\t\t\t<img loading=\"lazy\" decoding=\"async\" width=\"1300\" height=\"704\" src=\"https:\/\/konferenztechnik.de\/wp-content\/uploads\/2024\/06\/pcs-team-konferenztechnik-1.jpg\" class=\"attachment-full size-full wp-image-45777\" alt=\"Equipa PCS na Televic\" srcset=\"https:\/\/konferenztechnik.de\/wp-content\/uploads\/2024\/06\/pcs-team-konferenztechnik-1.jpg 1300w, https:\/\/konferenztechnik.de\/wp-content\/uploads\/2024\/06\/pcs-team-konferenztechnik-1-300x162.jpg 300w, https:\/\/konferenztechnik.de\/wp-content\/uploads\/2024\/06\/pcs-team-konferenztechnik-1-1024x555.jpg 1024w, https:\/\/konferenztechnik.de\/wp-content\/uploads\/2024\/06\/pcs-team-konferenztechnik-1-768x416.jpg 768w, https:\/\/konferenztechnik.de\/wp-content\/uploads\/2024\/06\/pcs-team-konferenztechnik-1-18x10.jpg 18w\" sizes=\"(max-width: 1300px) 100vw, 1300px\" title=\"\">\t\t\t\t\t\t\t\t\t\t\t<figcaption class=\"widget-image-caption wp-caption-text\">Sorriam todos, foto de equipa! \ud83d\ude42<\/figcaption>\n\t\t\t\t\t\t\t\t\t\t<\/figure>\n\t\t\t\t\t\t\t\t\t<\/div>\n\t\t\t\t<\/div>\n\t\t\t\t<div class=\"elementor-element elementor-element-1672317 elementor-widget elementor-widget-image\" data-id=\"1672317\" data-element_type=\"widget\" data-widget_type=\"image.default\">\n\t\t\t\t<div class=\"elementor-widget-container\">\n\t\t\t\t\t\t\t\t\t\t\t\t<figure class=\"wp-caption\">\n\t\t\t\t\t\t\t\t\t\t<img loading=\"lazy\" decoding=\"async\" width=\"1300\" height=\"704\" src=\"https:\/\/konferenztechnik.de\/wp-content\/uploads\/2023\/05\/blick-dolmetscherkabine.jpg\" class=\"attachment-full size-full wp-image-28562\" alt=\"Vista de um int\u00e9rprete ativo na cabina de interpreta\u00e7\u00e3o, uma apresenta\u00e7\u00e3o da confer\u00eancia reflectida no vidro da cabina\" srcset=\"https:\/\/konferenztechnik.de\/wp-content\/uploads\/2023\/05\/blick-dolmetscherkabine.jpg 1300w, https:\/\/konferenztechnik.de\/wp-content\/uploads\/2023\/05\/blick-dolmetscherkabine-300x162.jpg 300w, https:\/\/konferenztechnik.de\/wp-content\/uploads\/2023\/05\/blick-dolmetscherkabine-1024x555.jpg 1024w, https:\/\/konferenztechnik.de\/wp-content\/uploads\/2023\/05\/blick-dolmetscherkabine-768x416.jpg 768w, https:\/\/konferenztechnik.de\/wp-content\/uploads\/2023\/05\/blick-dolmetscherkabine-18x10.jpg 18w\" sizes=\"(max-width: 1300px) 100vw, 1300px\" title=\"\">\t\t\t\t\t\t\t\t\t\t\t<figcaption class=\"widget-image-caption wp-caption-text\">Vista da cabina de interpreta\u00e7\u00e3o. Achamos os eventos multilingues muito interessantes.<\/figcaption>\n\t\t\t\t\t\t\t\t\t\t<\/figure>\n\t\t\t\t\t\t\t\t\t<\/div>\n\t\t\t\t<\/div>\n\t\t\t\t<div class=\"elementor-element elementor-element-a6bb08a elementor-widget elementor-widget-image\" data-id=\"a6bb08a\" data-element_type=\"widget\" data-widget_type=\"image.default\">\n\t\t\t\t<div class=\"elementor-widget-container\">\n\t\t\t\t\t\t\t\t\t\t\t\t<figure class=\"wp-caption\">\n\t\t\t\t\t\t\t\t\t\t<img loading=\"lazy\" decoding=\"async\" width=\"1300\" height=\"704\" src=\"https:\/\/konferenztechnik.de\/wp-content\/uploads\/2023\/05\/hybrider-konferenzraum.jpg\" class=\"attachment-full size-full wp-image-28584\" alt=\"Conclus\u00e3o da instala\u00e7\u00e3o de uma sala de confer\u00eancias h\u00edbrida, uma mesa redonda para 20 pessoas, com unidades de microfone de secret\u00e1ria integradas, monitores e c\u00e2maras PTZ no centro da mesa redonda\" srcset=\"https:\/\/konferenztechnik.de\/wp-content\/uploads\/2023\/05\/hybrider-konferenzraum.jpg 1300w, https:\/\/konferenztechnik.de\/wp-content\/uploads\/2023\/05\/hybrider-konferenzraum-300x162.jpg 300w, https:\/\/konferenztechnik.de\/wp-content\/uploads\/2023\/05\/hybrider-konferenzraum-1024x555.jpg 1024w, https:\/\/konferenztechnik.de\/wp-content\/uploads\/2023\/05\/hybrider-konferenzraum-768x416.jpg 768w, https:\/\/konferenztechnik.de\/wp-content\/uploads\/2023\/05\/hybrider-konferenzraum-18x10.jpg 18w\" sizes=\"(max-width: 1300px) 100vw, 1300px\" title=\"\">\t\t\t\t\t\t\t\t\t\t\t<figcaption class=\"widget-image-caption wp-caption-text\">Instala\u00e7\u00e3o chique. Equipamento de tecnologia multim\u00e9dia para salas de confer\u00eancia.<\/figcaption>\n\t\t\t\t\t\t\t\t\t\t<\/figure>\n\t\t\t\t\t\t\t\t\t<\/div>\n\t\t\t\t<\/div>\n\t\t\t\t<div class=\"elementor-element elementor-element-97861b8 elementor-widget elementor-widget-image\" data-id=\"97861b8\" data-element_type=\"widget\" data-widget_type=\"image.default\">\n\t\t\t\t<div class=\"elementor-widget-container\">\n\t\t\t\t\t\t\t\t\t\t\t\t<figure class=\"wp-caption\">\n\t\t\t\t\t\t\t\t\t\t<img loading=\"lazy\" decoding=\"async\" width=\"1300\" height=\"704\" src=\"https:\/\/konferenztechnik.de\/wp-content\/uploads\/2024\/06\/pcs-konferenztechnik-team.jpg\" class=\"attachment-full size-full wp-image-45785\" alt=\"O t\u00e9cnico do PCS equipa o altifalante com um microfone.\" srcset=\"https:\/\/konferenztechnik.de\/wp-content\/uploads\/2024\/06\/pcs-konferenztechnik-team.jpg 1300w, https:\/\/konferenztechnik.de\/wp-content\/uploads\/2024\/06\/pcs-konferenztechnik-team-300x162.jpg 300w, https:\/\/konferenztechnik.de\/wp-content\/uploads\/2024\/06\/pcs-konferenztechnik-team-1024x555.jpg 1024w, https:\/\/konferenztechnik.de\/wp-content\/uploads\/2024\/06\/pcs-konferenztechnik-team-768x416.jpg 768w, https:\/\/konferenztechnik.de\/wp-content\/uploads\/2024\/06\/pcs-konferenztechnik-team-18x10.jpg 18w\" sizes=\"(max-width: 1300px) 100vw, 1300px\" title=\"\">\t\t\t\t\t\t\t\t\t\t\t<figcaption class=\"widget-image-caption wp-caption-text\">Um \u00faltimo olhar, o microfone est\u00e1 no lugar, vamos l\u00e1! <\/figcaption>\n\t\t\t\t\t\t\t\t\t\t<\/figure>\n\t\t\t\t\t\t\t\t\t<\/div>\n\t\t\t\t<\/div>\n\t\t\t\t<div class=\"elementor-element elementor-element-de2699e elementor-widget elementor-widget-image\" data-id=\"de2699e\" data-element_type=\"widget\" data-widget_type=\"image.default\">\n\t\t\t\t<div class=\"elementor-widget-container\">\n\t\t\t\t\t\t\t\t\t\t\t\t<figure class=\"wp-caption\">\n\t\t\t\t\t\t\t\t\t\t<img loading=\"lazy\" decoding=\"async\" width=\"1300\" height=\"704\" src=\"https:\/\/konferenztechnik.de\/wp-content\/uploads\/2023\/05\/pcs-ausflug.jpg\" class=\"attachment-full size-full wp-image-28554\" alt=\"Uma excurs\u00e3o interna do PCS ao centro de monitoriza\u00e7\u00e3o de sismos em G\u00f6ttingen - emocionante!\" srcset=\"https:\/\/konferenztechnik.de\/wp-content\/uploads\/2023\/05\/pcs-ausflug.jpg 1300w, https:\/\/konferenztechnik.de\/wp-content\/uploads\/2023\/05\/pcs-ausflug-300x162.jpg 300w, https:\/\/konferenztechnik.de\/wp-content\/uploads\/2023\/05\/pcs-ausflug-1024x555.jpg 1024w, https:\/\/konferenztechnik.de\/wp-content\/uploads\/2023\/05\/pcs-ausflug-768x416.jpg 768w, https:\/\/konferenztechnik.de\/wp-content\/uploads\/2023\/05\/pcs-ausflug-18x10.jpg 18w\" sizes=\"(max-width: 1300px) 100vw, 1300px\" title=\"\">\t\t\t\t\t\t\t\t\t\t\t<figcaption class=\"widget-image-caption wp-caption-text\">Sa\u00edda da empresa para o simulador de terramotos em G\u00f6ttingen.<\/figcaption>\n\t\t\t\t\t\t\t\t\t\t<\/figure>\n\t\t\t\t\t\t\t\t\t<\/div>\n\t\t\t\t<\/div>\n\t\t\t\t<div class=\"elementor-element elementor-element-b8e2cbd elementor-widget elementor-widget-image\" data-id=\"b8e2cbd\" data-element_type=\"widget\" data-widget_type=\"image.default\">\n\t\t\t\t<div class=\"elementor-widget-container\">\n\t\t\t\t\t\t\t\t\t\t\t\t<figure class=\"wp-caption\">\n\t\t\t\t\t\t\t\t\t\t<img loading=\"lazy\" decoding=\"async\" width=\"1300\" height=\"704\" src=\"https:\/\/konferenztechnik.de\/wp-content\/uploads\/2023\/05\/sprechstellen-einrichten.jpg\" class=\"attachment-full size-full wp-image-28566\" alt=\"Numa mesa de confer\u00eancia em forma de U, existem unidades de microfone para que todos os membros da delega\u00e7\u00e3o possam falar a partir do seu lugar\" srcset=\"https:\/\/konferenztechnik.de\/wp-content\/uploads\/2023\/05\/sprechstellen-einrichten.jpg 1300w, https:\/\/konferenztechnik.de\/wp-content\/uploads\/2023\/05\/sprechstellen-einrichten-300x162.jpg 300w, https:\/\/konferenztechnik.de\/wp-content\/uploads\/2023\/05\/sprechstellen-einrichten-1024x555.jpg 1024w, https:\/\/konferenztechnik.de\/wp-content\/uploads\/2023\/05\/sprechstellen-einrichten-768x416.jpg 768w, https:\/\/konferenztechnik.de\/wp-content\/uploads\/2023\/05\/sprechstellen-einrichten-18x10.jpg 18w\" sizes=\"(max-width: 1300px) 100vw, 1300px\" title=\"\">\t\t\t\t\t\t\t\t\t\t\t<figcaption class=\"widget-image-caption wp-caption-text\">Instala\u00e7\u00e3o de unidades de microfone. Discuss\u00f5es de alto n\u00edvel. Sim, este \u00e9 o PCS \u2013 konferenztechnik.de<\/figcaption>\n\t\t\t\t\t\t\t\t\t\t<\/figure>\n\t\t\t\t\t\t\t\t\t<\/div>\n\t\t\t\t<\/div>\n\t\t\t\t\t<\/div>\n\t\t\t\t<\/div>\n\t\t\t\t\t<\/div>\n\t\t\t\t<\/div>\n\t\t<div data-particle_enable=\"false\" data-particle-mobile-disabled=\"false\" class=\"elementor-element elementor-element-64fd920 e-flex e-con-boxed e-con e-parent\" data-id=\"64fd920\" data-element_type=\"container\">\n\t\t\t\t\t<div class=\"e-con-inner\">\n\t\t\t\t<div class=\"elementor-element elementor-element-99960e5 elementor-widget elementor-widget-shortcode\" data-id=\"99960e5\" data-element_type=\"widget\" data-widget_type=\"shortcode.default\">\n\t\t\t\t<div class=\"elementor-widget-container\">\n\t\t\t\t\t\t\t<div class=\"elementor-shortcode\">\t\t<div data-elementor-type=\"container\" data-elementor-id=\"29227\" class=\"elementor elementor-29227\" data-elementor-post-type=\"elementor_library\">\n\t\t\t\t<div data-particle_enable=\"false\" data-particle-mobile-disabled=\"false\" class=\"elementor-element elementor-element-1149edd e-flex e-con-boxed e-con e-parent\" data-id=\"1149edd\" data-element_type=\"container\">\n\t\t\t\t\t<div class=\"e-con-inner\">\n\t\t\t\t<div class=\"elementor-element elementor-element-637047c7 elementor-icon-list--layout-traditional elementor-list-item-link-full_width elementor-widget elementor-widget-icon-list\" data-id=\"637047c7\" data-element_type=\"widget\" data-widget_type=\"icon-list.default\">\n\t\t\t\t<div class=\"elementor-widget-container\">\n\t\t\t\t\t\t\t<ul class=\"elementor-icon-list-items\">\n\t\t\t\t\t\t\t<li class=\"elementor-icon-list-item\">\n\t\t\t\t\t\t\t\t\t\t\t<a href=\"\/pt\/empregos\/\">\n\n\t\t\t\t\t\t\t\t\t\t\t\t<span class=\"elementor-icon-list-icon\">\n\t\t\t\t\t\t\t<svg aria-hidden=\"true\" class=\"e-font-icon-svg e-fas-chevron-right\" viewbox=\"0 0 320 512\" xmlns=\"http:\/\/www.w3.org\/2000\/svg\"><path d=\"M285.476 272.971L91.132 467.314c-9.373 9.373-24.569 9.373-33.941 0l-22.667-22.667c-9.357-9.357-9.375-24.522-.04-33.901L188.505 256 34.484 101.255c-9.335-9.379-9.317-24.544.04-33.901l22.667-22.667c9.373-9.373 24.569-9.373 33.941 0L285.475 239.03c9.373 9.372 9.373 24.568.001 33.941z\"><\/path><\/svg>\t\t\t\t\t\t<\/span>\n\t\t\t\t\t\t\t\t\t\t<span class=\"elementor-icon-list-text\">empregos<\/span>\n\t\t\t\t\t\t\t\t\t\t\t<\/a>\n\t\t\t\t\t\t\t\t\t<\/li>\n\t\t\t\t\t\t\t\t<li class=\"elementor-icon-list-item\">\n\t\t\t\t\t\t\t\t\t\t\t<a href=\"\/pt\/educacao\/\">\n\n\t\t\t\t\t\t\t\t\t\t\t\t<span class=\"elementor-icon-list-icon\">\n\t\t\t\t\t\t\t<svg aria-hidden=\"true\" class=\"e-font-icon-svg e-fas-chevron-right\" viewbox=\"0 0 320 512\" xmlns=\"http:\/\/www.w3.org\/2000\/svg\"><path d=\"M285.476 272.971L91.132 467.314c-9.373 9.373-24.569 9.373-33.941 0l-22.667-22.667c-9.357-9.357-9.375-24.522-.04-33.901L188.505 256 34.484 101.255c-9.335-9.379-9.317-24.544.04-33.901l22.667-22.667c9.373-9.373 24.569-9.373 33.941 0L285.475 239.03c9.373 9.372 9.373 24.568.001 33.941z\"><\/path><\/svg>\t\t\t\t\t\t<\/span>\n\t\t\t\t\t\t\t\t\t\t<span class=\"elementor-icon-list-text\">Educa\u00e7\u00e3o<\/span>\n\t\t\t\t\t\t\t\t\t\t\t<\/a>\n\t\t\t\t\t\t\t\t\t<\/li>\n\t\t\t\t\t\t\t\t<li class=\"elementor-icon-list-item\">\n\t\t\t\t\t\t\t\t\t\t\t<a href=\"\/pt\/que-somos\/\">\n\n\t\t\t\t\t\t\t\t\t\t\t\t<span class=\"elementor-icon-list-icon\">\n\t\t\t\t\t\t\t<svg aria-hidden=\"true\" class=\"e-font-icon-svg e-fas-chevron-right\" viewbox=\"0 0 320 512\" xmlns=\"http:\/\/www.w3.org\/2000\/svg\"><path d=\"M285.476 272.971L91.132 467.314c-9.373 9.373-24.569 9.373-33.941 0l-22.667-22.667c-9.357-9.357-9.375-24.522-.04-33.901L188.505 256 34.484 101.255c-9.335-9.379-9.317-24.544.04-33.901l22.667-22.667c9.373-9.373 24.569-9.373 33.941 0L285.475 239.03c9.373 9.372 9.373 24.568.001 33.941z\"><\/path><\/svg>\t\t\t\t\t\t<\/span>\n\t\t\t\t\t\t\t\t\t\t<span class=\"elementor-icon-list-text\">Isto somos n\u00f3s<\/span>\n\t\t\t\t\t\t\t\t\t\t\t<\/a>\n\t\t\t\t\t\t\t\t\t<\/li>\n\t\t\t\t\t\t\t\t<li class=\"elementor-icon-list-item\">\n\t\t\t\t\t\t\t\t\t\t\t<a href=\"\/pt\/perfil-da-empresa\/\">\n\n\t\t\t\t\t\t\t\t\t\t\t\t<span class=\"elementor-icon-list-icon\">\n\t\t\t\t\t\t\t<svg aria-hidden=\"true\" class=\"e-font-icon-svg e-fas-chevron-right\" viewbox=\"0 0 320 512\" xmlns=\"http:\/\/www.w3.org\/2000\/svg\"><path d=\"M285.476 272.971L91.132 467.314c-9.373 9.373-24.569 9.373-33.941 0l-22.667-22.667c-9.357-9.357-9.375-24.522-.04-33.901L188.505 256 34.484 101.255c-9.335-9.379-9.317-24.544.04-33.901l22.667-22.667c9.373-9.373 24.569-9.373 33.941 0L285.475 239.03c9.373 9.372 9.373 24.568.001 33.941z\"><\/path><\/svg>\t\t\t\t\t\t<\/span>\n\t\t\t\t\t\t\t\t\t\t<span class=\"elementor-icon-list-text\">Perfil da empresa<\/span>\n\t\t\t\t\t\t\t\t\t\t\t<\/a>\n\t\t\t\t\t\t\t\t\t<\/li>\n\t\t\t\t\t\t\t\t<li class=\"elementor-icon-list-item\">\n\t\t\t\t\t\t\t\t\t\t\t<a href=\"\/pt\/10-boas-razoes-para-os-pcs\/\">\n\n\t\t\t\t\t\t\t\t\t\t\t\t<span class=\"elementor-icon-list-icon\">\n\t\t\t\t\t\t\t<svg aria-hidden=\"true\" class=\"e-font-icon-svg e-fas-chevron-right\" viewbox=\"0 0 320 512\" xmlns=\"http:\/\/www.w3.org\/2000\/svg\"><path d=\"M285.476 272.971L91.132 467.314c-9.373 9.373-24.569 9.373-33.941 0l-22.667-22.667c-9.357-9.357-9.375-24.522-.04-33.901L188.505 256 34.484 101.255c-9.335-9.379-9.317-24.544.04-33.901l22.667-22.667c9.373-9.373 24.569-9.373 33.941 0L285.475 239.03c9.373 9.372 9.373 24.568.001 33.941z\"><\/path><\/svg>\t\t\t\t\t\t<\/span>\n\t\t\t\t\t\t\t\t\t\t<span class=\"elementor-icon-list-text\">10 boas raz\u00f5es para o PCS<\/span>\n\t\t\t\t\t\t\t\t\t\t\t<\/a>\n\t\t\t\t\t\t\t\t\t<\/li>\n\t\t\t\t\t\t\t\t<li class=\"elementor-icon-list-item\">\n\t\t\t\t\t\t\t\t\t\t\t<a href=\"\/pt\/visao-sustentabilidade\/\">\n\n\t\t\t\t\t\t\t\t\t\t\t\t<span class=\"elementor-icon-list-icon\">\n\t\t\t\t\t\t\t<svg aria-hidden=\"true\" class=\"e-font-icon-svg e-fas-chevron-right\" viewbox=\"0 0 320 512\" xmlns=\"http:\/\/www.w3.org\/2000\/svg\"><path d=\"M285.476 272.971L91.132 467.314c-9.373 9.373-24.569 9.373-33.941 0l-22.667-22.667c-9.357-9.357-9.375-24.522-.04-33.901L188.505 256 34.484 101.255c-9.335-9.379-9.317-24.544.04-33.901l22.667-22.667c9.373-9.373 24.569-9.373 33.941 0L285.475 239.03c9.373 9.372 9.373 24.568.001 33.941z\"><\/path><\/svg>\t\t\t\t\t\t<\/span>\n\t\t\t\t\t\t\t\t\t\t<span class=\"elementor-icon-list-text\">Vis\u00e3o, sustentabilidade<\/span>\n\t\t\t\t\t\t\t\t\t\t\t<\/a>\n\t\t\t\t\t\t\t\t\t<\/li>\n\t\t\t\t\t\t\t\t<li class=\"elementor-icon-list-item\">\n\t\t\t\t\t\t\t\t\t\t\t<a href=\"\/pt\/diversidade\/\">\n\n\t\t\t\t\t\t\t\t\t\t\t\t<span class=\"elementor-icon-list-icon\">\n\t\t\t\t\t\t\t<svg aria-hidden=\"true\" class=\"e-font-icon-svg e-fas-chevron-right\" viewbox=\"0 0 320 512\" xmlns=\"http:\/\/www.w3.org\/2000\/svg\"><path d=\"M285.476 272.971L91.132 467.314c-9.373 9.373-24.569 9.373-33.941 0l-22.667-22.667c-9.357-9.357-9.375-24.522-.04-33.901L188.505 256 34.484 101.255c-9.335-9.379-9.317-24.544.04-33.901l22.667-22.667c9.373-9.373 24.569-9.373 33.941 0L285.475 239.03c9.373 9.372 9.373 24.568.001 33.941z\"><\/path><\/svg>\t\t\t\t\t\t<\/span>\n\t\t\t\t\t\t\t\t\t\t<span class=\"elementor-icon-list-text\">Variedade e diversidade<\/span>\n\t\t\t\t\t\t\t\t\t\t\t<\/a>\n\t\t\t\t\t\t\t\t\t<\/li>\n\t\t\t\t\t\t\t\t<li class=\"elementor-icon-list-item\">\n\t\t\t\t\t\t\t\t\t\t\t<a href=\"\/pt\/referencias\/\">\n\n\t\t\t\t\t\t\t\t\t\t\t\t<span class=\"elementor-icon-list-icon\">\n\t\t\t\t\t\t\t<svg aria-hidden=\"true\" class=\"e-font-icon-svg e-fas-chevron-right\" viewbox=\"0 0 320 512\" xmlns=\"http:\/\/www.w3.org\/2000\/svg\"><path d=\"M285.476 272.971L91.132 467.314c-9.373 9.373-24.569 9.373-33.941 0l-22.667-22.667c-9.357-9.357-9.375-24.522-.04-33.901L188.505 256 34.484 101.255c-9.335-9.379-9.317-24.544.04-33.901l22.667-22.667c9.373-9.373 24.569-9.373 33.941 0L285.475 239.03c9.373 9.372 9.373 24.568.001 33.941z\"><\/path><\/svg>\t\t\t\t\t\t<\/span>\n\t\t\t\t\t\t\t\t\t\t<span class=\"elementor-icon-list-text\">Projectos, Refer\u00eancias<\/span>\n\t\t\t\t\t\t\t\t\t\t\t<\/a>\n\t\t\t\t\t\t\t\t\t<\/li>\n\t\t\t\t\t\t\t\t<li class=\"elementor-icon-list-item\">\n\t\t\t\t\t\t\t\t\t\t\t<a href=\"\/pt\/testemunhos-de-clientes\/\">\n\n\t\t\t\t\t\t\t\t\t\t\t\t<span class=\"elementor-icon-list-icon\">\n\t\t\t\t\t\t\t<svg aria-hidden=\"true\" class=\"e-font-icon-svg e-fas-chevron-right\" viewbox=\"0 0 320 512\" xmlns=\"http:\/\/www.w3.org\/2000\/svg\"><path d=\"M285.476 272.971L91.132 467.314c-9.373 9.373-24.569 9.373-33.941 0l-22.667-22.667c-9.357-9.357-9.375-24.522-.04-33.901L188.505 256 34.484 101.255c-9.335-9.379-9.317-24.544.04-33.901l22.667-22.667c9.373-9.373 24.569-9.373 33.941 0L285.475 239.03c9.373 9.372 9.373 24.568.001 33.941z\"><\/path><\/svg>\t\t\t\t\t\t<\/span>\n\t\t\t\t\t\t\t\t\t\t<span class=\"elementor-icon-list-text\">Testemunhos de clientes<\/span>\n\t\t\t\t\t\t\t\t\t\t\t<\/a>\n\t\t\t\t\t\t\t\t\t<\/li>\n\t\t\t\t\t\t\t\t<li class=\"elementor-icon-list-item\">\n\t\t\t\t\t\t\t\t\t\t\t<a href=\"\/pt\/noticias\/\">\n\n\t\t\t\t\t\t\t\t\t\t\t\t<span class=\"elementor-icon-list-icon\">\n\t\t\t\t\t\t\t<svg aria-hidden=\"true\" class=\"e-font-icon-svg e-fas-chevron-right\" viewbox=\"0 0 320 512\" xmlns=\"http:\/\/www.w3.org\/2000\/svg\"><path d=\"M285.476 272.971L91.132 467.314c-9.373 9.373-24.569 9.373-33.941 0l-22.667-22.667c-9.357-9.357-9.375-24.522-.04-33.901L188.505 256 34.484 101.255c-9.335-9.379-9.317-24.544.04-33.901l22.667-22.667c9.373-9.373 24.569-9.373 33.941 0L285.475 239.03c9.373 9.372 9.373 24.568.001 33.941z\"><\/path><\/svg>\t\t\t\t\t\t<\/span>\n\t\t\t\t\t\t\t\t\t\t<span class=\"elementor-icon-list-text\">Not\u00edcias<\/span>\n\t\t\t\t\t\t\t\t\t\t\t<\/a>\n\t\t\t\t\t\t\t\t\t<\/li>\n\t\t\t\t\t\t<\/ul>\n\t\t\t\t\t\t<\/div>\n\t\t\t\t<\/div>\n\t\t\t\t\t<\/div>\n\t\t\t\t<\/div>\n\t\t\t\t<\/div>\n\t\t<\/div>\n\t\t\t\t\t\t<\/div>\n\t\t\t\t<\/div>\n\t\t\t\t\t<\/div>\n\t\t\t\t<\/div>\n\t\t\t\t<\/div>","protected":false},"excerpt":{"rendered":"<p>Somos n\u00f3s. A tecnologia est\u00e1 montada, uma imagem r\u00e1pida para o s\u00edtio Web. Olha, tamb\u00e9m est\u00e1 ali um t\u00e9cnico do PCS. J\u00f6rg, um dos nossos chefes, durante o exerc\u00edcio com o extintor. N\u00e3o, os outros n\u00e3o est\u00e3o aborrecidos nem c\u00e9pticos. A c\u00e2mara est\u00e1 ligada? A bateria est\u00e1 quase a acabar? Porqu\u00ea tanta cr\u00edtica? Sorriam todos, foto de equipa! \ud83d\ude42 Vejam [...]<\/p>","protected":false},"author":1,"featured_media":45482,"parent":0,"menu_order":119,"comment_status":"closed","ping_status":"open","template":"","meta":{"_acf_changed":false,"footnotes":""},"class_list":["post-3320","page","type-page","status-publish","has-post-thumbnail","hentry"],"acf":[],"_links":{"self":[{"href":"https:\/\/konferenztechnik.de\/pt\/wp-json\/wp\/v2\/pages\/3320","targetHints":{"allow":["GET"]}}],"collection":[{"href":"https:\/\/konferenztechnik.de\/pt\/wp-json\/wp\/v2\/pages"}],"about":[{"href":"https:\/\/konferenztechnik.de\/pt\/wp-json\/wp\/v2\/types\/page"}],"author":[{"embeddable":true,"href":"https:\/\/konferenztechnik.de\/pt\/wp-json\/wp\/v2\/users\/1"}],"replies":[{"embeddable":true,"href":"https:\/\/konferenztechnik.de\/pt\/wp-json\/wp\/v2\/comments?post=3320"}],"version-history":[{"count":0,"href":"https:\/\/konferenztechnik.de\/pt\/wp-json\/wp\/v2\/pages\/3320\/revisions"}],"wp:featuredmedia":[{"embeddable":true,"href":"https:\/\/konferenztechnik.de\/pt\/wp-json\/wp\/v2\/media\/45482"}],"wp:attachment":[{"href":"https:\/\/konferenztechnik.de\/pt\/wp-json\/wp\/v2\/media?parent=3320"}],"curies":[{"name":"wp","href":"https:\/\/api.w.org\/{rel}","templated":true}]}}